{"id":231904,"date":"2025-02-04T09:04:19","date_gmt":"2025-02-04T09:04:19","guid":{"rendered":"https:\/\/linkxa.es\/contratacion\/producto\/telefono-motorola-ct202-blanco-con-display\/"},"modified":"2025-08-01T22:28:54","modified_gmt":"2025-08-01T22:28:54","slug":"telefono-motorola-ct202-blanco-con-display","status":"publish","type":"product","link":"https:\/\/linkxa.es\/linkshop\/producto\/telefono-motorola-ct202-blanco-con-display\/","title":{"rendered":"Telefono motorola ct202 blanco con display"},"content":{"rendered":"<p>ESPECIFICACIONES T\u00c9CNICAS<\/p>\n<p>Caracter\u00edsticas del tel\u00e9fono<br \/>Altavoz<br \/>Si<br \/>Grupo VIP con icono\/melod\u00eda propios<br \/>Si<br \/>Exhibici\u00f3n<br \/>N\u00famero de l\u00edneas en pantalla<br \/>7 l\u00edneas<br \/>N\u00famero de colores de la pantalla<br \/>Monocromo<br \/>Pantalla incorporada<br \/>Si<br \/>Pantalla<br \/>LCD<br \/>Caracter\u00edsticas de administraci\u00f3n<br \/>Alarma<br \/>Si<br \/>Control de volumen<br \/>Digital<br \/>Indicaci\u00f3n<br \/>Indicadores LED<br \/>Si<\/p>\n<p>Contenido del embalaje<br \/>N\u00famero de tel\u00e9fonos m\u00f3viles incluidos<br \/>1<br \/>Gesti\u00f3n de llamadas<br \/>Capacidad de lista de llamadas<br \/>5<br \/>Identificador de llamadas<br \/>Si<br \/>Llamada en espera<br \/>Si<br \/>Remarcado<br \/>Si<br \/>Tiempo de la llamada<br \/>Si<br \/>Dise\u00f1o<br \/>Tel\u00e9fono Ancianos<br \/>No<br \/>Color del producto<br \/>Blanco<br \/>Tipo de montaje<br \/>Escritorio<br \/>Desempe\u00f1o<br \/>Contestador autom\u00e1tico<br \/>No<br \/>N\u00famero de melod\u00edas<br \/>24<br \/>Tipo<br \/>Tel\u00e9fono anal\u00f3gico<br \/>Tipo de auricular<br \/>Terminal con conexi\u00f3n por cable<\/p>\n","protected":false},"excerpt":{"rendered":"<p>Telefono motorola ct202 blanco con display<\/p>\n","protected":false},"featured_media":230677,"comment_status":"closed","ping_status":"open","template":"","meta":{"_et_pb_use_builder":"","_et_pb_old_content":"","_et_gb_content_width":""},"product_brand":[2081],"product_cat":[2058,2062,2312],"product_tag":[2068,2082,2066,2346,2315],"class_list":{"0":"post-231904","1":"product","2":"type-product","3":"status-publish","4":"has-post-thumbnail","6":"product_brand-motorola","7":"product_cat-dispositivos","8":"product_cat-telefonia","9":"product_cat-telefonos-fijos","10":"product_tag-dispositivos","11":"product_tag-motorola","12":"product_tag-telefonia","13":"product_tag-telefono-motorola-ct202-blanco-con-display","14":"product_tag-telefonos-fijos","15":"product_shipping_class-2059","17":"first","18":"instock","19":"taxable","20":"shipping-taxable","21":"purchasable","22":"product-type-simple"},"_links":{"self":[{"href":"https:\/\/linkxa.es\/linkshop\/wp-json\/wp\/v2\/product\/231904","targetHints":{"allow":["GET"]}}],"collection":[{"href":"https:\/\/linkxa.es\/linkshop\/wp-json\/wp\/v2\/product"}],"about":[{"href":"https:\/\/linkxa.es\/linkshop\/wp-json\/wp\/v2\/types\/product"}],"replies":[{"embeddable":true,"href":"https:\/\/linkxa.es\/linkshop\/wp-json\/wp\/v2\/comments?post=231904"}],"wp:featuredmedia":[{"embeddable":true,"href":"https:\/\/linkxa.es\/linkshop\/wp-json\/wp\/v2\/media\/230677"}],"wp:attachment":[{"href":"https:\/\/linkxa.es\/linkshop\/wp-json\/wp\/v2\/media?parent=231904"}],"wp:term":[{"taxonomy":"product_brand","embeddable":true,"href":"https:\/\/linkxa.es\/linkshop\/wp-json\/wp\/v2\/product_brand?post=231904"},{"taxonomy":"product_cat","embeddable":true,"href":"https:\/\/linkxa.es\/linkshop\/wp-json\/wp\/v2\/product_cat?post=231904"},{"taxonomy":"product_tag","embeddable":true,"href":"https:\/\/linkxa.es\/linkshop\/wp-json\/wp\/v2\/product_tag?post=231904"}],"curies":[{"name":"wp","href":"https:\/\/api.w.org\/{rel}","templated":true}]}}