{"id":231952,"date":"2025-01-19T05:21:58","date_gmt":"2025-01-19T05:21:58","guid":{"rendered":"https:\/\/linkxa.es\/contratacion\/producto\/telefono-movil-myphone-6410-2-4-pulgadas-4g\/"},"modified":"2025-08-01T22:32:15","modified_gmt":"2025-08-01T22:32:15","slug":"telefono-movil-myphone-6410-2-4-pulgadas-4g","status":"publish","type":"product","link":"https:\/\/linkxa.es\/linkshop\/producto\/telefono-movil-myphone-6410-2-4-pulgadas-4g\/","title":{"rendered":"Telefono movil myphone 6410 2.4 pulgadas 4g"},"content":{"rendered":"<p>myPhone 6410 LTE: La fusi\u00f3n entre lo cl\u00e1sico y lo moderno<\/p>\n<p>Su avanzada tecnolog\u00eda 4G LTE y una bater\u00eda de 1400 mAh garantizan una calidad y duraci\u00f3n excepcionales para tus llamadas.<\/p>\n<p>Con su puerto USB-C universal,ofrece una carga sumamente pr\u00e1ctica.<\/p>\n<p>La interfaz del tel\u00e9fono ha sido dise\u00f1ada para ser simple e intuitiva.<\/p>\n<p>Gracias a su bater\u00eda de alta capacidad de 1400 mAh, disfruta de horas de conversaci\u00f3n ininterrumpida.<\/p>\n<p>La pantalla de 2.4 pulgadas garantiza una excelente legibilidad<\/p>\n<p>Equipado con todas las herramientas esenciales que necesitas en tu d\u00eda a d\u00eda.<\/p>\n<p>Encontrar\u00e1s una pr\u00e1ctica c\u00e1mara, linterna, radio FM, calendario, despertador y temporizador.<\/p>\n<p>\u00a1Descubre el myPhone 6410 LTE y experimenta la fusi\u00f3n perfecta entre lo cl\u00e1sico y lo moderno en la palma de tu mano!<br \/>myPhone 6410 LTE: La fusi\u00f3n entre lo cl\u00e1sico y lo moderno<\/p>\n<p>\u00a1La fusi\u00f3n perfecta de lo cl\u00e1sico y lo moderno!<\/p>\n<p>El myPhone 6410 LTE es un tel\u00e9fono cl\u00e1sico que abraza audazmente soluciones modernas.<\/p>\n<p>Su avanzada tecnolog\u00eda 4G LTE y una bater\u00eda de 1400 mAh garantizan una calidad y duraci\u00f3n excepcionales para tus llamadas.<\/p>\n<p>La combinaci\u00f3n ideal se logra gracias a su pantalla n\u00edtida de 2.4 pulgadas y su interfaz intuitiva.<\/p>\n<p>Experimenta llamadas de excelente calidad gracias a la tecnolog\u00eda 4G LTE, que ofrece una claridad excepcional en las conversaciones.<\/p>\n<p>Con su puerto USB-C universal, el myPhone 6410 LTE ofrece una carga sumamente pr\u00e1ctica.<\/p>\n<p>\u00a1Olv\u00eddate de preocuparte por la orientaci\u00f3n del enchufe! Sea cual sea el lado que elijas, \u00a1siempre funcionar\u00e1!<\/p>\n<p>La interfaz del tel\u00e9fono ha sido dise\u00f1ada para ser simple e intuitiva.<\/p>\n<p>Con su dise\u00f1o compacto, el myPhone 6410 LTE se adapta c\u00f3modamente a cualquier bolso o bolsillo, brind\u00e1ndote facilidad de uso en cualquier lugar.<\/p>\n<p>Gracias a su bater\u00eda de alta capacidad de 1400 mAh, disfruta de horas de conversaci\u00f3n ininterrumpida sin tener que preocuparte por cargar el tel\u00e9fono constantemente.<\/p>\n<p>La pantalla espaciosa y contrastante de 2.4 pulgadas garantiza una excelente legibilidad de todos los mensajes y un uso fluido del men\u00fa del tel\u00e9fono.<\/p>\n<p>El myPhone 6410 LTE est\u00e1 equipado con todas las herramientas esenciales que necesitas en tu d\u00eda a d\u00eda.<\/p>\n<p>Entre ellas, encontrar\u00e1s una pr\u00e1ctica c\u00e1mara, linterna, radio FM, calendario, despertador y temporizador.<\/p>\n<p>\u00a1Descubre el myPhone 6410 LTE y experimenta la fusi\u00f3n perfecta entre lo cl\u00e1sico y lo moderno en la palma de tu mano!<\/p>\n<p>Pantalla tama\u00f1o 2.4&#8243;<br \/>Tecnolog\u00eda de visualizaci\u00f3n TFT (64K)<br \/>Resoluci\u00f3n 240 x 320px (167ppi)<br \/>Redes<br \/>2G 850\/900\/1800\/1900 MHz<br \/>3G 900\/2100 MHz<br \/>4G LTE 800\/900\/1800\/2100\/2600 MHz<br \/>Chipset: Unisoc T107 UMS9117<br \/>CPU Tipo #1: ARM Cortex-A7<br \/>Frecuencia de CPU #1.: 1000.0 MHz (N\u00facleo 1)<br \/>Memoria RAM 64 MB, interna 128 MB,<br \/>Slot tarjeta de memoria SD m\u00e1xima 32 GB<br \/>Conector de carga y datos USB-C<br \/>Procesador Unisoc T107<br \/>Bater\u00eda extra\u00edble<br \/>Bater\u00eda 1400 mAh Iones de litio, 3.7V.<br \/>Autonom\u00eda en reposo hasta 7 d\u00edas<br \/>Autonom\u00eda en llamada hasta 4 horas<br \/>Dual-SIM modo de espera doble<br \/>Tama\u00f1o tarjeta SIM 1 Nano<br \/>Tama\u00f1o tarjeta SIM 2 Nano<br \/>Conector para auriculares de 3,5 mm<br \/>Bluetooth<br \/>Reproductor MP3<br \/>Reloj<br \/>Alarma<br \/>Cronometro<br \/>Despertador<br \/>Dict\u00e1fono<br \/>Calendario<br \/>Calculadora<br \/>Linterna<br \/>Teclas retroiluminadas<br \/>Tonos polifon\u00edcos<br \/>Radio FM<br \/>Funci\u00f3n manos libres<br \/>Vibraci\u00f3n<br \/>Zoom digital<br \/>Grabaci\u00f3n de video<br \/>Dimensiones 126 x 54,6 x 14,2 mm<br \/>Peso 79 g.<br \/>Normas de seguridad CE, RoHS<br \/>EAN 5902983622741<\/p>\n","protected":false},"excerpt":{"rendered":"<p>Telefono movil myphone 6410 2.4 pulgadas &#8211;  4g &#8211;  negro<\/p>\n","protected":false},"featured_media":230154,"comment_status":"closed","ping_status":"open","template":"","meta":{"_et_pb_use_builder":"","_et_pb_old_content":"","_et_gb_content_width":""},"product_brand":[2114],"product_cat":[2058,2063,2062],"product_tag":[2068,2115,2067,2066,2142],"class_list":{"0":"post-231952","1":"product","2":"type-product","3":"status-publish","4":"has-post-thumbnail","6":"product_brand-myphone","7":"product_cat-dispositivos","8":"product_cat-smartphones","9":"product_cat-telefonia","10":"product_tag-dispositivos","11":"product_tag-myphone","12":"product_tag-smartphones","13":"product_tag-telefonia","14":"product_tag-telefono-movil-myphone-6410-2-4-pulgadas-4g","15":"product_shipping_class-2059","16":"pa_canon-digital-incluida-2141","18":"first","19":"instock","20":"taxable","21":"shipping-taxable","22":"purchasable","23":"product-type-simple"},"_links":{"self":[{"href":"https:\/\/linkxa.es\/linkshop\/wp-json\/wp\/v2\/product\/231952","targetHints":{"allow":["GET"]}}],"collection":[{"href":"https:\/\/linkxa.es\/linkshop\/wp-json\/wp\/v2\/product"}],"about":[{"href":"https:\/\/linkxa.es\/linkshop\/wp-json\/wp\/v2\/types\/product"}],"replies":[{"embeddable":true,"href":"https:\/\/linkxa.es\/linkshop\/wp-json\/wp\/v2\/comments?post=231952"}],"wp:featuredmedia":[{"embeddable":true,"href":"https:\/\/linkxa.es\/linkshop\/wp-json\/wp\/v2\/media\/230154"}],"wp:attachment":[{"href":"https:\/\/linkxa.es\/linkshop\/wp-json\/wp\/v2\/media?parent=231952"}],"wp:term":[{"taxonomy":"product_brand","embeddable":true,"href":"https:\/\/linkxa.es\/linkshop\/wp-json\/wp\/v2\/product_brand?post=231952"},{"taxonomy":"product_cat","embeddable":true,"href":"https:\/\/linkxa.es\/linkshop\/wp-json\/wp\/v2\/product_cat?post=231952"},{"taxonomy":"product_tag","embeddable":true,"href":"https:\/\/linkxa.es\/linkshop\/wp-json\/wp\/v2\/product_tag?post=231952"}],"curies":[{"name":"wp","href":"https:\/\/api.w.org\/{rel}","templated":true}]}}