{"id":231961,"date":"2024-12-01T01:08:41","date_gmt":"2024-12-01T01:08:41","guid":{"rendered":"https:\/\/linkxa.es\/contratacion\/producto\/movil-samsung-galaxy-s24-8-128gb\/"},"modified":"2025-08-01T22:32:29","modified_gmt":"2025-08-01T22:32:29","slug":"movil-samsung-galaxy-s24-8-128gb","status":"publish","type":"product","link":"https:\/\/linkxa.es\/linkshop\/producto\/movil-samsung-galaxy-s24-8-128gb\/","title":{"rendered":"Movil samsung galaxy s24 8 128gb"},"content":{"rendered":"<p>Samsung Galaxy S24 6.2&#8243; FHD+ 128GB 8GB Black<br \/>Marca Samsung<br \/>Modelo SM-S921BZKDEUB<br \/>Procesador &#8211; Velocidad CPU: 3.2GHz, 2.9GHz, 2.6GHz, 1.95GHz<br \/>&#8211; Tipo CPU: Deca-Core<br \/>Sistema operativo &#8211; Android<br \/>Memoria &#8211; RAM: 8 GB<br \/>&#8211; Memoria Interna: 128 GB<br \/>&#8211; Memoria Disponible: 231.2 GB<br \/>Pantalla &#8211; 6.2&#8243; (156.4mm)<br \/>&#8211; Resoluci\u00f3n: 2340 x 1080 (FHD+)<br \/>&#8211; Tecnolog\u00eda: Dynamic AMOLED 2X<br \/>&#8211; N\u00famero de colores: 16M<br \/>&#8211; Tasa de refresco m\u00e1x: 120 Hz<br \/>C\u00e1mara C\u00e1mara principal<br \/>&#8211; Resoluci\u00f3n (M\u00faltiple): 50.0 MP + 10.0 MP + 12.0 MP<br \/>&#8211; Apertura (M\u00faltiple): F1.8 , F2.4 , F2.2<br \/>&#8211; Autofocus<br \/>&#8211; C\u00e1mara principal &#8211; OIS<br \/>&#8211; C\u00e1mara principal &#8211; Zoom<br \/>Optical Zoom 3x<br \/>Optical quality Zoom 2x (Enabled by Adaptive Pixel sensor)<br \/>Digital Zoom up to 30x<br \/>&#8211; Flash<br \/>C\u00e1mara frontal<br \/>&#8211; Resoluci\u00f3n: 12.0 MP<br \/>&#8211; Apertura: F2.2<br \/>&#8211; Autoenfoque<br \/>&#8211; Flash<br \/>Slow Motion<br \/>&#8211; 240fps @FHD, 120fps @UHD<br \/>V\u00eddeo<br \/>&#8211; Resoluci\u00f3n de grabaci\u00f3n de v\u00eddeo: UHD 8K (7680 x 4320)@30fps<br \/>Conectividad &#8211; Interfaz USB: USB Tipo C<br \/>&#8211; Versi\u00f3n USB: USB 3.2 Gen 1<br \/>&#8211; Localizaci\u00f3n: GPS, Glonass, Beidou, Galileo, QZSS<br \/>&#8211; Auriculares: 3.5mm Stereo<br \/>&#8211; Wi-Fi: 802.11a\/b\/g\/n\/ac\/ax 2.4GHz+5GHz+6GHz, HE160, MIMO, 1024-QAM<br \/>&#8211; Wi-Fi Direct<br \/>&#8211; Versi\u00f3n Bluetooth: Bluetooth v5.3<br \/>&#8211; NFC<br \/>&#8211; PC Sync: Smart Switch (PC version)<br \/>Redes\/Bandas &#8211; N\u00famero de SIM: Dual-SIM<br \/>&#8211; Tipo de SIM: Nano-SIM (4FF), SIM embebida<br \/>&#8211; Tipo de bandeja de SIM: SIM 1 + SIM 2 \/ SIM 1 + eSIM \/ Dual eSIM<br \/>&#8211; Infra: 2G GSM, 3G WCDMA, 4G LTE FDD, 4G LTE TDD, 5G Sub6 FDD, 5G Sub6 TDD, 5G Sub6 SDL<br \/>&#8211; 2G GSM: GSM850, GSM900, DCS1800, PCS1900<br \/>&#8211; 3G UMTS: B1(2100), B2(1900), B4(AWS), B5(850), B8(900)<br \/>&#8211; 4G FDD LTE: B1(2100), B2(1900), B3(1800), B4(AWS), B5(850), B7(2600), B8(900), B12(700), B13(700), B17(700), B18(800), B19(800), B20(800), B25(1900), B26(850), B28(700), B32(1500), B66(AWS-3)<br \/>&#8211; 4G TDD LTE: B38(2600), B39(1900), B40(2300), B41(2500)<br \/>&#8211; 5G FDD Sub6: N1(2100), N2(1900), N3(1800), N5(850), N7(2600), N8(900), N12(700), N20(800), N25(1900), N26(850), N28(700), N66(AWS-3)<br \/>&#8211; 5G TDD Sub6: N38(2600), N40(2300), N41(2500), N77(3700), N78(3500)<br \/>&#8211; 5G SDL Sub6: N75(1500+)<br \/>Otras<br \/>caracter\u00edsticas Sensores<br \/>&#8211; Aceler\u00f3metro<br \/>&#8211; Bar\u00f3metro<br \/>&#8211; Sensor de huella dactilar<br \/>&#8211; Hall<br \/>&#8211; Giroscopio<br \/>&#8211; Geomagn\u00e9tico<br \/>&#8211; Luminosidad<br \/>&#8211; Sensor de proximidad<br \/>Bater\u00eda<br \/>&#8211; Capacidad: 4000 mAh<br \/>&#8211; Bater\u00eda extra\u00edble: No<br \/>Dimensiones y peso<br \/>&#8211; 147.0 x 70.6 x 7.6 mm<br \/>&#8211; 167 g<\/p>\n","protected":false},"excerpt":{"rendered":"<p>Movil samsung galaxy s24 8 &#8211; 128gb black<\/p>\n","protected":false},"featured_media":230156,"comment_status":"closed","ping_status":"open","template":"","meta":{"_et_pb_use_builder":"","_et_pb_old_content":"","_et_gb_content_width":""},"product_brand":[2072],"product_cat":[2058,2063,2062],"product_tag":[2068,2143,2073,2067,2066],"class_list":{"0":"post-231961","1":"product","2":"type-product","3":"status-publish","4":"has-post-thumbnail","6":"product_brand-samsung","7":"product_cat-dispositivos","8":"product_cat-smartphones","9":"product_cat-telefonia","10":"product_tag-dispositivos","11":"product_tag-movil-samsung-galaxy-s24-8-128gb","12":"product_tag-samsung","13":"product_tag-smartphones","14":"product_tag-telefonia","15":"product_shipping_class-2059","16":"pa_canon-digital-incluida-2060","18":"first","19":"instock","20":"taxable","21":"shipping-taxable","22":"purchasable","23":"product-type-simple"},"_links":{"self":[{"href":"https:\/\/linkxa.es\/linkshop\/wp-json\/wp\/v2\/product\/231961","targetHints":{"allow":["GET"]}}],"collection":[{"href":"https:\/\/linkxa.es\/linkshop\/wp-json\/wp\/v2\/product"}],"about":[{"href":"https:\/\/linkxa.es\/linkshop\/wp-json\/wp\/v2\/types\/product"}],"replies":[{"embeddable":true,"href":"https:\/\/linkxa.es\/linkshop\/wp-json\/wp\/v2\/comments?post=231961"}],"wp:featuredmedia":[{"embeddable":true,"href":"https:\/\/linkxa.es\/linkshop\/wp-json\/wp\/v2\/media\/230156"}],"wp:attachment":[{"href":"https:\/\/linkxa.es\/linkshop\/wp-json\/wp\/v2\/media?parent=231961"}],"wp:term":[{"taxonomy":"product_brand","embeddable":true,"href":"https:\/\/linkxa.es\/linkshop\/wp-json\/wp\/v2\/product_brand?post=231961"},{"taxonomy":"product_cat","embeddable":true,"href":"https:\/\/linkxa.es\/linkshop\/wp-json\/wp\/v2\/product_cat?post=231961"},{"taxonomy":"product_tag","embeddable":true,"href":"https:\/\/linkxa.es\/linkshop\/wp-json\/wp\/v2\/product_tag?post=231961"}],"curies":[{"name":"wp","href":"https:\/\/api.w.org\/{rel}","templated":true}]}}