{"id":231985,"date":"2024-12-06T06:03:21","date_gmt":"2024-12-06T06:03:21","guid":{"rendered":"https:\/\/linkxa.es\/contratacion\/producto\/apple-iphone-13-pro-max-128gb\/"},"modified":"2025-08-01T22:42:48","modified_gmt":"2025-08-01T22:42:48","slug":"apple-iphone-13-pro-max-128gb","status":"publish","type":"product","link":"https:\/\/linkxa.es\/linkshop\/producto\/apple-iphone-13-pro-max-128gb\/","title":{"rendered":"Apple iphone 13 pro max 128gb"},"content":{"rendered":"<p>Capacidad 128 GB Procesador Chip A15 Bionic CPU de 6 n\u00facleos con 2 n\u00facleos de rendimiento y 4 de eficiencia GPU de 5 n\u00facleos Neural Engine de 16 n\u00facleos Pantalla Pantalla Super Retina XDR con ProMotion Pantalla OLED de 6,7 pulgadas (16,95 cm) en diagonal Resoluci\u00f3n de 2.778 por 1.284 p\u00edxeles a 458 p\/p Tecnolog\u00eda ProMotion con frecuencia de actualizaci\u00f3n adaptativa de hasta 120 Hz Pantalla HDR True Tone Gama crom\u00e1tica amplia (P3) Respuesta h\u00e1ptica Contraste de 2.000.000:1 (t\u00edpico) Brillo m\u00e1ximo de 1.000 nits (t\u00edpico) o de 1.200 nits (HDR) Cubierta ole\u00f3fuga antihuellas Compatible con la presentaci\u00f3n simult\u00e1nea de m\u00faltiples idiomas y grupos de caracteres La pantalla del iPhone 13 Pro Max tiene esquinas redondeadas que rematan el dise\u00f1o curvo del dispositivo, y esas esquinas se encuentran dentro de un rect\u00e1ngulo est\u00e1ndar. Si se mide el rect\u00e1ngulo est\u00e1ndar en diagonal, la pantalla tiene 6,68 pulgadas (la superficie real de visi\u00f3n es inferior). Resistencia a las salpicaduras, el agua y el polvo Calificaci\u00f3n IP68 seg\u00fan la norma IEC 60529 (hasta 6 metros de profundidad durante un m\u00e1ximo de 30 minutos)3 Bater\u00eda y alimentaci\u00f3n Reproducci\u00f3n de v\u00eddeo: hasta 28 horas13 Streaming de v\u00eddeo: hasta 25 horas13 Reproducci\u00f3n de audio: hasta 95 horas13 Bater\u00eda recargable integrada de iones de litio Carga r\u00e1pida: Hasta un 50 % de carga en 30 minutos14 con un adaptador de 20 W o superior (se vende por separado) Carga inal\u00e1mbrica con cargadores MagSafe de hasta 15 W15 Carga inal\u00e1mbrica con cargadores Qi de hasta 7,5 W15 Carga por conexi\u00f3n USB con un ordenador o adaptador de corriente MagSafe Carga inal\u00e1mbrica de hasta 15 W15 Conjunto de imanes Im\u00e1n de alineaci\u00f3n NFC para la identificaci\u00f3n de accesorios Magnet\u00f3metro Entradas y salidas C\u00e1mara frontal Bot\u00f3n lateral Conector Lightning Ranura para SIM Botones de volumen Sonido\/silencio C\u00e1maras traseras Flash Esc\u00e1ner LiDAR Tarjeta SIM Doble SIM (Nano SIM y eSIM)8 Compatible con doble eSIM El iPhone 13 Pro y el iPhone 13 Pro Max no son compatibles con las tarjetas Micro SIM. La tarjeta eSIM no es compatible en todas las regiones. M\u00e1s informaci\u00f3n sobre la tarjeta eSIM para el iPhone en https:\/\/support.apple.com\/es-es\/HT212780. Videollamadas Videollamadas FaceTime v\u00eda wifi o red m\u00f3vil9 Videollamadas FaceTime HD (1080p) v\u00eda wifi o redes 5G SharePlay en llamadas FaceTime para disfrutar de pel\u00edculas, series, m\u00fasica y apps en compa\u00f1\u00eda Pantalla compartida Modo Retrato en videollamadas FaceTime Audio espacial Modos de micr\u00f3fono Aislamiento de Voz y Sonido de Fondo Zoom \u00f3ptico en la c\u00e1mara trasera Llamadas de voz Llamadas de voz con FaceTime9 Voz por LTE (VoLTE)10 Llamadas v\u00eda wifi10 SharePlay en llamadas FaceTime para disfrutar de pel\u00edculas, series, m\u00fasica y apps en compa\u00f1\u00eda Pantalla compartida Audio espacial Modos de micr\u00f3fono Aislamiento de Voz y Sonido de Fondo Audio Formatos compatibles: AAC, MP3, Apple Lossless, FLAC, Dolby Digital, Dolby Digital Plus y Dolby Atmos (entre otros) Reproducci\u00f3n de audio espacial L\u00edmite de volumen configurable por el usuario Sensores Aceler\u00f3metro Sensor de luz ambiental Bar\u00f3metro Face ID Esc\u00e1ner LiDAR Sensor de proximidad Giroscopio de 3 ejes C\u00e1mara FaceTime HD C\u00e1mara de 12 Mpx Apertura de \/2,2 Modo Retrato con efecto bokeh avanzado y Control de Profundidad Iluminaci\u00f3n de Retratos con seis efectos (Luz Natural, Luz de Estudio, Luz de Contorno, Luz de Escenario, Luz de Escenario Mono y Luz en Clave Alta Mono) Animoji y Memoji Modo Noche Deep Fusion HDR Inteligente 4 Estilos Fotogr\u00e1ficos Apple ProRAW Modo Cine para grabar v\u00eddeos con poca profundidad de campo (1080p a 30 f\/s) Grabaci\u00f3n de v\u00eddeo en HDR con Dolby Vision hasta 4K a 60 f\/s Grabaci\u00f3n de v\u00eddeo en 4K a 24, 25, 30 o 60 f\/s Grabaci\u00f3n de v\u00eddeo en 1080p HD a 25, 30 o 60 f\/s Grabaci\u00f3n de v\u00eddeo ProRes hasta 4K a 30 f\/s (1080p a 30 f\/s en los modelos con 128 GB de capacidad) V\u00eddeo a c\u00e1mara lenta en 1080p a 120 f\/s Timelapse con estabilizaci\u00f3n Time-lapse con modo Noche Estabilizaci\u00f3n de v\u00eddeo con calidad de cine (4K, 1080p y 720p) V\u00eddeo QuickTake Gama crom\u00e1tica amplia para fotos y Live Photos Correcci\u00f3n del objetivo Retina Flash Estabilizaci\u00f3n autom\u00e1tica de imagen Modo r\u00e1faga C\u00e1mara Sistema de c\u00e1maras Pro de 12 Mpx: teleobjetivo, gran angular y ultra gran angular Teleobjetivo: apertura de \/2,8 Gran angular: apertura de \/1,5 Ultra gran angular: apertura de \/1,8 y campo de visi\u00f3n de 120 Zoom \u00f3ptico de acercamiento x3, zoom \u00f3ptico de alejamiento x2 y rango de zoom \u00f3ptico x6 Zoom digital hasta x15 Retratos en modo Noche con esc\u00e1ner LiDAR Modo Retrato con efecto bokeh avanzado y Control de Profundidad Iluminaci\u00f3n de Retratos con seis efectos (Luz Natural, Luz de Estudio, Luz de Contorno, Luz de Escenario, Luz de Escenario Mono y Luz en Clave Alta Mono) Doble estabilizaci\u00f3n \u00f3ptica de imagen (teleobjetivo y gran angular) Estabilizaci\u00f3n \u00f3ptica de imagen por desplazamiento del sensor (gran angular) Lente de seis elementos (teleobjetivo y ultra gran angular) y lente de siete elementos (gran angular) Flash True Tone con sincronizaci\u00f3n lenta Fotos panor\u00e1micas (hasta 63 Mpx) Cubierta de la lente de cristal de zafiro 100 % Focus Pixels (gran angular) Modo Noche Deep Fusion HDR Inteligente 4 Estilos Fotogr\u00e1ficos Fotograf\u00eda macro Apple ProRAW Gama crom\u00e1tica amplia para fotos y Live Photos Correcci\u00f3n del objetivo (ultra gran angular) Correcci\u00f3n de ojos rojos avanzada Estabilizaci\u00f3n autom\u00e1tica de imagen Modo r\u00e1faga Geoetiquetado de fotos Captura de imagen en formato HEIF y JPEG Grabaci\u00f3n de v\u00eddeo Modo Cine para grabar v\u00eddeos con poca profundidad de campo (1080p a 30 f\/s) Grabaci\u00f3n de v\u00eddeo en HDR con Dolby Vision hasta 4K a 60 f\/s Grabaci\u00f3n de v\u00eddeo en 4K a 24, 25, 30 o 60 f\/s Grabaci\u00f3n de v\u00eddeo en 1080p HD a 25, 30 o 60 f\/s Grabaci\u00f3n de v\u00eddeo en 720p HD a 30 f\/s Grabaci\u00f3n de v\u00eddeo ProRes hasta 4K a 30 f\/s (1080p a 30 f\/s en los modelos con 128 GB de capacidad) Grabaci\u00f3n de v\u00eddeo macro, a c\u00e1mara lenta y en timelapse Doble estabilizaci\u00f3n \u00f3ptica de imagen para v\u00eddeo (teleobjetivo y gran angular) Estabilizaci\u00f3n \u00f3ptica de imagen por desplazamiento del sensor para v\u00eddeo (gran angular) Zoom \u00f3ptico de acercamiento x3, zoom \u00f3ptico de alejamiento x2 y rango de zoom \u00f3ptico x6 Zoom digital hasta x9 Zoom de audio Flash True Tone V\u00eddeo QuickTake V\u00eddeo a c\u00e1mara lenta en 1080p a 120 o 240 f\/s V\u00eddeo en timelapse con estabilizaci\u00f3n Time-lapse con modo Noche Estabilizaci\u00f3n de v\u00eddeo con calidad de cine (4K, 1080p y 720p) Enfoque autom\u00e1tico continuo Permite sacar fotos de 8 Mpx mientras grabas v\u00eddeo en 4K Reproducci\u00f3n con zoom Grabaci\u00f3n de v\u00eddeo en formato HEVC, H.264 y ProRes Grabaci\u00f3n en est\u00e9reo Face ID Reconocimiento facial mediante la c\u00e1mara TrueDepth Apple Pay Usa Face ID para pagar en tiendas, apps y p\u00e1ginas web con tu iPhone Env\u00eda y recibe dinero a trav\u00e9s de Mensajes con Apple Cash Confirma las compras realizadas con Apple Pay en el Mac Paga en el transporte p\u00fablico con Express Transit Redes m\u00f3viles e inal\u00e1mbricas Modelo A26431 5G NR (bandas n1, n2, n3, n5, n7, n8, n12, n20, n25, n28, n30, n38, n40, n41, n48, n66, n77, n78 y n79) FDD-LTE (bandas 1, 2, 3, 4, 5, 7, 8, 12, 13, 17, 18, 19, 20, 25, 26, 28, 30, 32 y 66) TD-LTE (bandas 34, 38, 39, 40, 41, 42, 46 y 48) UMTS\/HSPA+\/DCHSDPA (850, 900, 1.700\/2.100, 1.900 y 2.100 MHz) GSM\/EDGE (850, 900, 1.800 y 1.900 MHz) 5G (sub6 GHz) con MIMO 4&#215;45 LTE Gigabit con MIMO 4&#215;4 y LAA5 Wifi 802.11ax (6.\u00aa gen.) con MIMO 2&#215;2 Tecnolog\u00eda inal\u00e1mbrica Bluetooth 5.0 Chip de banda ultraancha para la detecci\u00f3n espacial6 NFC con modo de lectura Tarjetas expr\u00e9s con reserva de bater\u00eda\u00bb Para obtener m\u00e1s informaci\u00f3n sobre la compatibilidad con redes 5G y LTE, ponte en contacto con tu operador y consulta la p\u00e1gina apple.com\/es\/iphone\/cellular Reproducci\u00f3n de v\u00eddeo Formatos de v\u00eddeo compatibles: HEVC, H.264 y ProRes HDR con Dolby Vision, HDR10 y HLG AirPlay hasta 4K HDR para duplicaci\u00f3n de pantalla y salida de fotos y v\u00eddeo a trav\u00e9s del Apple TV (2.\u00aa generaci\u00f3n o posterior) o de un televisor inteligente con AirPlay 211 Compatibilidad con v\u00eddeo en espejo y salida de v\u00eddeo: hasta 1080p a trav\u00e9s del adaptador de conector Lightning a AV digital y el adaptador de conector Lightning a VGA (se venden por separado)11 Ayudante inteligente Siri12: env\u00eda mensajes, a\u00f1ade recordatorios y mucho m\u00e1s con tu voz Act\u00edvalo con solo decir Oye Siri Usa tu voz para activar atajos en tus apps favoritas Adjuntos de correo compatibles .jpg, .tiff y .gif (im\u00e1genes), .doc y .docx (Microsoft Word), .htm y .html (p\u00e1ginas web), .key (Keynote), .numbers (Numbers), .pages (Pages), .pdf (Vista Previa y Adobe Acrobat), .ppt y .pptx (Microsoft PowerPoint), .txt (texto), .rtf (formato de texto enriquecido), .vcf (informaci\u00f3n de contacto), .xls y .xlsx (Microsoft Excel), .zip, .ics y .usdz (USDZ Universal) Idiomas Idiomas compatibles: alem\u00e1n, \u00e1rabe, catal\u00e1n, checo, chino (simplificado, tradicional y de Hong Kong), coreano, croata, dan\u00e9s, eslovaco, espa\u00f1ol (de Espa\u00f1a y Latinoam\u00e9rica), fin\u00e9s, franc\u00e9s (de Canad\u00e1 y Francia), griego, hebreo, hindi, h\u00fangaro, indonesio, ingl\u00e9s (de Australia, Estados Unidos y Reino Unido), italiano, japon\u00e9s, malayo, neerland\u00e9s, noruego, polaco, portugu\u00e9s (de Brasil y Portugal), rumano, ruso, sueco, tailand\u00e9s, turco, ucraniano y vietnamita Idiomas compatibles con el teclado QuickType: ainu, alban\u00e9s, alem\u00e1n (de Alemania, Austria y Suiza), am\u00e1rico, \u00e1rabe (est\u00e1ndar moderno y najd\u00ed), armenio, asam\u00e9s, asirio, azer\u00ed, bengal\u00ed, bielorruso, birmano, bodo, b\u00falgaro, cachemir (\u00e1rabe y devanagari), canar\u00e9s, canton\u00e9s tradicional (cangjie, manual, sucheng y wubihua), catal\u00e1n, checo, cheroqui, chino simplificado (manual, pinyin de 10 teclas, pinyin QWERTY, shuangpin y wubihua), chino tradicional (cangjie, manual, pinyin de 10 teclas, pinyin QWERTY, shuangpin, sucheng, wubihua y zhuyin), cingal\u00e9s, coreano (est\u00e1ndar y de 10 teclas), croata, dan\u00e9s, divehi, dogri, emoji, eslovaco, esloveno, espa\u00f1ol (de Espa\u00f1a, Latinoam\u00e9rica y M\u00e9xico), estonio, fero\u00e9s, filipino, fin\u00e9s, flamenco, franc\u00e9s (de B\u00e9lgica, Canad\u00e1, Francia y Suiza), fula (adlam), ga\u00e9lico irland\u00e9s, gal\u00e9s, georgiano, griego, gujarati, hawaiano, hebreo, hindi (devanagari, latino y transliteraci\u00f3n), h\u00fangaro, igbo, indonesio, ingl\u00e9s (de Australia, Canad\u00e1, Estados Unidos, India, Reino Unido y Singapur), island\u00e9s, italiano, japon\u00e9s (kana y romaji), jemer, kazajo, kirgu\u00eds, konkan\u00ed (devanagari), kurdo (\u00e1rabe y latino), laosiano, let\u00f3n, lituano, macedonio, maithili, malayalam, malayo (\u00e1rabe y latino), malt\u00e9s, manipur\u00ed (bengal\u00ed y alfabeto meetei), maor\u00ed, marat\u00ed, mongol, navajo, neerland\u00e9s, nepal\u00ed, noruego (bokml y nynorsk), oriya, past\u00fan, persa, persa (de Afganist\u00e1n), polaco, portugu\u00e9s (de Brasil y Portugal), punyab\u00ed, rohiny\u00e1, rumano, ruso, s\u00e1nscrito, santali (alfabeto Ol Chiki y devanagari), serbio (cir\u00edlico y latino), sindi (\u00e1rabe y devanagari), suajili, sueco, tailand\u00e9s, tamil (anjal y tamil 99), tayiko, telugu, tibetano, tongano, turco, turcomano, ucraniano, uigur, urdu, uzbeko (\u00e1rabe, cir\u00edlico y latino) y vietnamita Idiomas compatibles con el teclado QuickType y el autocorrector: alem\u00e1n (de Alemania, Austria y Suiza), \u00e1rabe (est\u00e1ndar moderno y najd\u00ed), bengal\u00ed, b\u00falgaro, catal\u00e1n, checo, cheroqui, chino simplificado (pinyin QWERTY), chino tradicional (pinyin QWERTY y zhuyin), coreano (est\u00e1ndar), croata, dan\u00e9s, eslovaco, esloveno, espa\u00f1ol (de Espa\u00f1a, Latinoam\u00e9rica y M\u00e9xico), estonio, filipino, fin\u00e9s, franc\u00e9s (de B\u00e9lgica, Canad\u00e1, Francia y Suiza), ga\u00e9lico irland\u00e9s, griego, gujarati, hawaiano, hebreo, hindi (devanagari y transliteraci\u00f3n), h\u00fangaro, indonesio, ingl\u00e9s (de Australia, Canad\u00e1, Estados Unidos, India, Jap\u00f3n, Reino Unido y Singapur), island\u00e9s, italiano, japon\u00e9s (kana y romaji), let\u00f3n, lituano, macedonio, malayo, marat\u00ed, neerland\u00e9s, neerland\u00e9s (de B\u00e9lgica), noruego (bokml y nynorsk), persa, persa (de Afganist\u00e1n), polaco, portugu\u00e9s (de Brasil y Portugal), punyab\u00ed, rumano, ruso, serbio (cir\u00edlico y latino), sueco, tailand\u00e9s, tamil (anjal y tamil 99), telugu, turco, ucraniano, urdu y vietnamita Idiomas compatibles con el teclado QuickType y la entrada predictiva: alem\u00e1n (de Alemania, Austria y Suiza), \u00e1rabe (est\u00e1ndar moderno y najd\u00ed), canton\u00e9s (tradicional), chino (simplificado y tradicional), coreano, espa\u00f1ol (de Espa\u00f1a, Latinoam\u00e9rica y M\u00e9xico), franc\u00e9s (de B\u00e9lgica, Canad\u00e1, Francia y Suiza), hindi (devanagari y latino), ingl\u00e9s (de Australia, Canad\u00e1, Estados Unidos, India, Reino Unido y Singapur), italiano, japon\u00e9s, neerland\u00e9s, portugu\u00e9s (de Brasil y Portugal), ruso, sueco, tailand\u00e9s, turco y vietnamita Idiomas compatibles con el teclado QuickType y la entrada multilinge: alem\u00e1n (de Alemania, Austria y Suiza), chino simplificado (pinyin), chino tradicional (pinyin), espa\u00f1ol (de Espa\u00f1a, Latinoam\u00e9rica y M\u00e9xico), franc\u00e9s (de B\u00e9lgica, Canad\u00e1, Francia y Suiza), hindi (latino), ingl\u00e9s (de Australia, Canad\u00e1, Estados Unidos, India, Reino Unido y Singapur), italiano, japon\u00e9s (romaji), neerland\u00e9s (de B\u00e9lgica y Pa\u00edses Bajos) y portugu\u00e9s (de Brasil y Portugal) Idiomas compatibles con el teclado QuickType y las sugerencias contextuales: alem\u00e1n (de Alemania, Austria y Suiza), \u00e1rabe (est\u00e1ndar moderno y najd\u00ed), chino (simplificado), espa\u00f1ol (de Espa\u00f1a, Latinoam\u00e9rica y M\u00e9xico), franc\u00e9s (de B\u00e9lgica, Canad\u00e1, Francia y Suiza), hindi (devanagari y latino), ingl\u00e9s (de Australia, Canad\u00e1, Estados Unidos, India, Reino Unido y Singapur), italiano, neerland\u00e9s (de B\u00e9lgica y Pa\u00edses Bajos), portugu\u00e9s (de Brasil), ruso, sueco, turco y vietnamita Idiomas compatibles con el teclado QuickPath: alem\u00e1n (de Alemania, Austria y Suiza), chino simplificado, espa\u00f1ol (de Espa\u00f1a, Latinoam\u00e9rica y M\u00e9xico), franc\u00e9s (de Canad\u00e1, Francia y Suiza), ingl\u00e9s (de Australia, Canad\u00e1, Estados Unidos, India, Reino Unido y Singapur), italiano, neerland\u00e9s (de B\u00e9lgica y Pa\u00edses Bajos), portugu\u00e9s (de Brasil y Portugal), sueco y vietnamita Idiomas de Siri: alem\u00e1n (de Alemania, Austria y Suiza), \u00e1rabe (de Arabia Saud\u00ed y Emiratos \u00c1rabes Unidos), coreano (de Corea del Sur), canton\u00e9s (de China continental y Hong Kong), chino mandar\u00edn (de China continental y Taiw\u00e1n), dan\u00e9s (de Dinamarca), espa\u00f1ol (de Chile, Espa\u00f1a, Estados Unidos y M\u00e9xico), fin\u00e9s (de Finlandia), franc\u00e9s (de B\u00e9lgica, Canad\u00e1, Francia y Suiza), hebreo (de Israel), ingl\u00e9s (de Australia, Canad\u00e1, Estados Unidos, India, Irlanda, Nueva Zelanda, Reino Unido, Singapur y Sud\u00e1frica), italiano (de Italia y Suiza), japon\u00e9s (de Jap\u00f3n), malayo (de Malasia), neerland\u00e9s (de B\u00e9lgica y Pa\u00edses Bajos), noruego (de Noruega), portugu\u00e9s (de Brasil), ruso (de Rusia), sueco (de Suecia), tailand\u00e9s (de Tailandia) y turco (de Turqu\u00eda) Idiomas de Dictado: alem\u00e1n (de Alemania, Austria, Luxemburgo y Suiza), \u00e1rabe (de Arabia Saud\u00ed, Catar, Emiratos \u00c1rabes Unidos y Kuwait), catal\u00e1n, checo, canton\u00e9s (de China continental, Hong Kong y Macao), chino mandar\u00edn (de China continental y Taiw\u00e1n), coreano, croata, dan\u00e9s, eslovaco, espa\u00f1ol (de Argentina, Chile, Colombia, Costa Rica, Ecuador, El Salvador, Espa\u00f1a, Estados Unidos, Guatemala, Honduras, M\u00e9xico, Panam\u00e1, Paraguay, Per\u00fa, Rep\u00fablica Dominicana y Uruguay), fin\u00e9s, franc\u00e9s (de B\u00e9lgica, Canad\u00e1, Francia, Luxemburgo y Suiza), griego, hebreo, hindi (de India), h\u00fangaro, indonesio, ingl\u00e9s (de Arabia Saud\u00ed, Australia, Canad\u00e1, Emiratos \u00c1rabes Unidos, Estados Unidos, Filipinas, India, Indonesia, Irlanda, Malasia, Nueva Zelanda, Reino Unido, Singapur y Sud\u00e1frica), italiano (de Italia y Suiza), japon\u00e9s, malayo, neerland\u00e9s (de B\u00e9lgica y Pa\u00edses Bajos), noruego, polaco, portugu\u00e9s (de Brasil y Portugal), rumano, ruso, shanghain\u00e9s (de China continental), sueco, tailand\u00e9s, turco, ucraniano y vietnamita Idiomas compatibles con el diccionario de definiciones: alem\u00e1n, chino (simplificado y tradicional), coreano, dan\u00e9s, espa\u00f1ol, franc\u00e9s, hebreo, hindi, ingl\u00e9s (de Estados Unidos y Reino Unido), italiano, japon\u00e9s, neerland\u00e9s, noruego, portugu\u00e9s, ruso, sueco, tailand\u00e9s y turco Sin\u00f3nimos: chino simplificado, ingl\u00e9s (de Estados Unidos y Reino Unido) Idiomas compatibles con el diccionario bilinge: de alem\u00e1n a ingl\u00e9s, de \u00e1rabe a ingl\u00e9s, de chino (simplificado) a ingl\u00e9s, de chino (tradicional) a ingl\u00e9s, de coreano a ingl\u00e9s, de espa\u00f1ol a ingl\u00e9s, de franc\u00e9s a ingl\u00e9s y alem\u00e1n, de gujarati a ingl\u00e9s, de hindi a ingl\u00e9s, de indonesio a ingl\u00e9s, de italiano a ingl\u00e9s, de japon\u00e9s a ingl\u00e9s y chino (simplificado), de neerland\u00e9s a ingl\u00e9s, de polaco a ingl\u00e9s, de portugu\u00e9s a ingl\u00e9s, de ruso a ingl\u00e9s, de tailand\u00e9s a ingl\u00e9s, de tamil a ingl\u00e9s, de telugu a ingl\u00e9s, de urdu a ingl\u00e9s y de vietnamita a ingl\u00e9s Revisi\u00f3n ortogr\u00e1fica: alem\u00e1n, \u00e1rabe (najd\u00ed y est\u00e1ndar moderno), coreano, dan\u00e9s, espa\u00f1ol, fin\u00e9s, franc\u00e9s, ingl\u00e9s, italiano, neerland\u00e9s, noruego, polaco, portugu\u00e9s, ruso, sueco y turco Pa\u00edses compatibles con Apple Pay: Alemania, Arabia Saud\u00ed, Australia, Austria, Bielorrusia, B\u00e9lgica, Brasil, Bulgaria, Canad\u00e1, Catar, China continental,15 Chipre, Ciudad del Vaticano, Croacia, Dinamarca, Emiratos \u00c1rabes Unidos, Eslovaquia, Eslovenia, Espa\u00f1a, Estados Unidos, Estonia, Finlandia, Francia, Georgia, Grecia, Groenlandia, Guernsey, Hong Kong, Hungr\u00eda, Irlanda, Isla de Man, Islandia, Islas Feroe, Israel, Italia, Jap\u00f3n, Jersey, Kazajist\u00e1n, Letonia, Liechtenstein, Lituania, Luxemburgo, Macao, Malta, M\u00e9xico, M\u00f3naco, Montenegro, Noruega, Nueva Zelanda, Pa\u00edses Bajos, Polonia, Portugal, Reino Unido, Rep\u00fablica Checa, Ruman\u00eda, Rusia, San Marino, Serbia, Singapur, Sud\u00e1frica, Suecia, Suiza, Taiw\u00e1n y Ucrania Ubicaci\u00f3n GPS, GLONASS, Galileo, QZSS y BeiDou integrados Telefon\u00eda m\u00f3vil Br\u00fajula digital Microubicaci\u00f3n iBeacon Wi-Fi Accesibilidad Prestaciones de accesibilidad integradas para que las personas con problemas de visi\u00f3n, audici\u00f3n, motricidad y aprendizaje le saquen todo el partido al iPhone. Prestaciones incluidas: Control por Voz VoiceOver Zoom Lupa Compatibilidad con RTT y TTY Siri y Dictado Escribir a Siri Control por Bot\u00f3n Subt\u00edtulos opcionales AssistiveTouch Contenido Le\u00eddo Tocar Atr\u00e1s Tama\u00f1o y peso Alto: 16,08 cm16 Ancho: 7,81 cm16 Fondo: 0,76 cm16 Peso: 240 g16<\/p>\n","protected":false},"excerpt":{"rendered":"<p>Apple iphone 13 pro max 128gb oro reacondicionado<\/p>\n","protected":false},"featured_media":230185,"comment_status":"closed","ping_status":"open","template":"","meta":{"_et_pb_use_builder":"","_et_pb_old_content":"","_et_gb_content_width":""},"product_brand":[2146],"product_cat":[2058,2147,2062],"product_tag":[2149,2068,2148,2150,2066],"class_list":{"0":"post-231985","1":"product","2":"type-product","3":"status-publish","4":"has-post-thumbnail","6":"product_brand-reware","7":"product_cat-dispositivos","8":"product_cat-smartphones-reacondicionados","9":"product_cat-telefonia","10":"product_tag-apple-iphone-13-pro-max-128gb","11":"product_tag-dispositivos","12":"product_tag-reware","13":"product_tag-smartphones-reacondicionados","14":"product_tag-telefonia","15":"product_shipping_class-2088","16":"pa_canon-digital-incluida-2060","18":"first","19":"instock","20":"taxable","21":"shipping-taxable","22":"purchasable","23":"product-type-simple"},"_links":{"self":[{"href":"https:\/\/linkxa.es\/linkshop\/wp-json\/wp\/v2\/product\/231985","targetHints":{"allow":["GET"]}}],"collection":[{"href":"https:\/\/linkxa.es\/linkshop\/wp-json\/wp\/v2\/product"}],"about":[{"href":"https:\/\/linkxa.es\/linkshop\/wp-json\/wp\/v2\/types\/product"}],"replies":[{"embeddable":true,"href":"https:\/\/linkxa.es\/linkshop\/wp-json\/wp\/v2\/comments?post=231985"}],"wp:featuredmedia":[{"embeddable":true,"href":"https:\/\/linkxa.es\/linkshop\/wp-json\/wp\/v2\/media\/230185"}],"wp:attachment":[{"href":"https:\/\/linkxa.es\/linkshop\/wp-json\/wp\/v2\/media?parent=231985"}],"wp:term":[{"taxonomy":"product_brand","embeddable":true,"href":"https:\/\/linkxa.es\/linkshop\/wp-json\/wp\/v2\/product_brand?post=231985"},{"taxonomy":"product_cat","embeddable":true,"href":"https:\/\/linkxa.es\/linkshop\/wp-json\/wp\/v2\/product_cat?post=231985"},{"taxonomy":"product_tag","embeddable":true,"href":"https:\/\/linkxa.es\/linkshop\/wp-json\/wp\/v2\/product_tag?post=231985"}],"curies":[{"name":"wp","href":"https:\/\/api.w.org\/{rel}","templated":true}]}}