{"id":231991,"date":"2025-05-26T08:29:31","date_gmt":"2025-05-26T08:29:31","guid":{"rendered":"https:\/\/linkxa.es\/contratacion\/producto\/movil-smartphone-oppo-a40-4-128gb\/"},"modified":"2025-08-01T22:34:40","modified_gmt":"2025-08-01T22:34:40","slug":"movil-smartphone-oppo-a40-4-128gb","status":"publish","type":"product","link":"https:\/\/linkxa.es\/linkshop\/producto\/movil-smartphone-oppo-a40-4-128gb\/","title":{"rendered":"Movil smartphone oppo a40 4 128gb"},"content":{"rendered":"<p>OPPO A40: Un paso adelante. Gran resistencia a los golpes, resistencia a l\u00edquidos, pantalla ultrabrillo de 1000 nits y carga r\u00e1pida SUPERVOOC de 45 W<\/p>\n<p>Caracter\u00edsticas<br \/>Gran resistencia a los golpes: Olv\u00eddate por completo de las ca\u00eddas y de los golpes del d\u00eda a d\u00eda. Este tel\u00e9fono ha pasado exigentes pruebas de durabilidad, entre ellas de resistencia a los golpes y a las<br \/>ca\u00eddas.<br \/>Mojado, pero relajado: Te ha ca\u00eddo un chaparr\u00f3n? Se te ha derramado la sopa o el t\u00e9? Que no cunda el p\u00e1nico. Este tel\u00e9fono resiste a diferentes tipos de l\u00edquidos, por lo que no sufrir\u00e1 ning\u00fan da\u00f1o<br \/>funcional, le caiga lo que le caiga.<br \/>Brilla m\u00e1s que el sol: Tanto si est\u00e1s leyendo, como sacando fotos o viendo tus redes, esta pantalla ultrabrillo de 1000 nits se mantendr\u00e1 visible incluso bajo la luz del sol m\u00e1s brillante.<br \/>Sensibilidad a prueba de salpicaduras: Con la funci\u00f3n Splash Touch, el tel\u00e9fono seguir\u00e1 respondiendo aunque tengas las manos mojadas o hayan ca\u00eddo gotitas en la pantalla.<br \/>M\u00e1s sonido: Hay ni\u00f1os gritando, el tren va lleno de gente o la obra est\u00e1 en pleno auge? El modo de volumen ultra te permite escuchar las llamadas con claridad, incluso cuando haya mucho ruido de<br \/>fondo, con hasta un 300 % m\u00e1s de volumen.<br \/>Carga en minutos, no en horas: Del 0 % al 50 % en solo 30 minutos, con total seguridad.9 Esta carga r\u00e1pida SUPERVOOC de 45 W es m\u00e1s que r\u00e1pida, m\u00e1s que veloz y supersegura. Nuestra<br \/>tecnolog\u00eda \u00fanica SUPERVOOC detecta de forma autom\u00e1tica la compatibilidad de los cables y los adaptadores para que puedas cargar el tel\u00e9fono tranquilamente.<br \/>\u00a1Feliz cuarto cumplea\u00f1os, bater\u00eda! Esta bater\u00eda de 5100 mAh no solo es grande. Tambi\u00e9n dura, funciona al menos al 80 % de la capacidad de una nueva despu\u00e9s de m\u00e1s de cuatro de a\u00f1os de uso. \u00a1Eso<br \/>hay que celebrarlo!<br \/>Chips de la pr\u00f3xima generaci\u00f3n? Genial: Cuando necesitas un funcionamiento fiable, necesitas una plataforma m\u00f3vil a la par. La nueva plataforma m\u00f3vil Snapdragon 6s 4G Gen1 mejorar\u00e1 tu<br \/>experiencia en todo momento con este tel\u00e9fono.<br \/>\u00danete a la revoluci\u00f3n RAM: Este tel\u00e9fono te ofrece un rendimiento m\u00e1s r\u00e1pido y m\u00e1s fluido gracias a la expansi\u00f3n de memoria RAM m\u00e1gica que coge prestado espacio de almacenamiento que no se<br \/>utiliza a modo de memoria de funcionamiento para mantenerte en sinton\u00eda.<br \/>Sistema fluido: Sigue el ritmo a la vez que tu tel\u00e9fono se lo sigue a tu actividad, hagas lo que hagas. La funci\u00f3n exclusiva de OPPO Trinity Engine mantiene la fluidez y la estabilidad, incluso bajo presi\u00f3n.<br \/>Fluidez garantizada durante 36 meses: Este tel\u00e9fono ha superado rigurosas pruebas de fluidez durante 36 meses en laboratorios OPPO, y se mantiene \u00abcomo nuevo\u00bb incluso despu\u00e9s de tres a\u00f1os de<br \/>uso continuo.<br \/>Sobrecarga tus fotos: La c\u00e1mara ultran\u00edtida de 50 MP tiene un modo predeterminado de 12,5 MP para fotos ultran\u00edtidas con una fotosensibilidad excelente. Adem\u00e1s, aprovechar\u00e1s al m\u00e1ximo el espacio de<br \/>almacenamiento. Quieres fotos con m\u00e1s resoluci\u00f3n? Pues c\u00e1mbiate a la de 50 MP.<br \/>Realza tu belleza natural: La funci\u00f3n de retoques de im\u00e1genes superinteligente con IA mejora las fotos que hagas con la c\u00e1mara frontal de 5 MP en una escala ajustable, para que controles por completo<br \/>tu aspecto y puedas retocar tu apariencia como quieras.<br \/>Aumenta al doble tu creatividad en v\u00eddeo: Graba desde las c\u00e1maras frontal y trasera al mismo tiempo y gracias a Dual-View Video se unir\u00e1n autom\u00e1ticamente en un v\u00eddeo \u00fanico, lo que te permitir\u00e1<br \/>compartir m\u00e1s puntos de vista.<br \/>Piloto nocturno: Vuelves a casa de noche? La superlinterna aumenta el brillo de la linterna hasta el 200 %, para que puedas ver por d\u00f3nde vas con m\u00e1s claridad.<br \/>Paga desde cualquier \u00e1ngulo: Pulsa la parte superior o pasa las tarjetas por cualquier lado. La antena NFC 360 ha sido estructurada para que puedas usar m\u00e1s superficies para acceder a las tarjetas<br \/>que tengas almacenadas en el tel\u00e9fono, para que disfrutes de una experiencia de pago m\u00e1s sencilla y moderna.<\/p>\n<p>Especificaciones OPPO A40<br \/>Sistema operativo ColorOS 14.0 (Basado en Android 14)<br \/>Procesador Qualcomm Snapdragon 6s 4G Gen1 Octa-Core<br \/>GPU Adreno 610 @ 1050 MHz<br \/>Pantalla 6,67&#8243; LCD, HD+ (1604 720), 90 Hz de refresco<br \/>Relaci\u00f3n de pantalla, 89,9 %<br \/>Frecuencia de muestreo t\u00e1ctil:<br \/>M\u00e1xima: 180 Hz<br \/>Predeterminada: 120 Hz<br \/>Gama de colores:<br \/>Modo v\u00edvido: 83 % de NTSC<br \/>Modo suave: 71 % de NTSC<br \/>Profundidad de color: 16,7 mil millones de colores (8 bit)<br \/>Densidad de p\u00edxeles: 264 PPI<br \/>Brillo: M\u00e1ximo brillo bajo el sol: 1000 nits<br \/>Material de la cubierta:<br \/>China Southern Glass (doble reforzado)<br \/>Panda (doble reforzado)<br \/>SIM<br \/>Dual Nano-SIM (Nano-SIM, Nano-USIM)<br \/>Memoria<br \/>RAM: 4 GB LPDDR4x (+4 GB con expansi\u00f3n de RAM = 8 GB)<br \/>Almacenamiento interno: 128 GB eMMC 5.1 (Ampliable con tarjeta microSD)<br \/>C\u00e1maras<br \/>Principal: 50 MP, f\/1.8, FOV 76, video hasta 1080p@30 fps<br \/>Frontal: 5 MP, f\/2.2, video hasta 1080p@30 fps<br \/>Audio<br \/>Jack de 3,5 mm<br \/>Redes<br \/>GSM: 850\/900\/1800\/1900 MHz<br \/>WCDMA: 1\/5\/8<br \/>LTE FDD: 1\/3\/5\/7\/8\/20\/28<br \/>LTE TDD: 38\/40\/41<br \/>Conectividad<br \/>Bluetooth 5.0<br \/>WiFi 5 (802.11ac)<br \/>NFC<br \/>USB-C<br \/>Navegaci\u00f3n y posicionamiento<br \/>Beidou<br \/>GPS<br \/>GLONASS<br \/>Galileo<br \/>QZSS<br \/>Datos biom\u00e9tricos<br \/>Huella digital<br \/>Reconocimiento facial<br \/>Sensores<br \/>Sensor geomagn\u00e9tico<br \/>Sensor de luz ambiental<br \/>Sensor de proximidad<br \/>Aceler\u00f3metro<br \/>Giroscopio<br \/>Dimensiones y peso<br \/>Dimensiones: 165,77 mm x 76,08 mm x 7,68 mm<br \/>Peso: 186 g<br \/>Bater\u00eda<br \/>5100 mAh<br \/>SUPERVOOC 2.0 de 45 W (11V\/4.1A), PPS, 45 W (11V\/4.1A) (solo compatible en la UE)<br \/>Contenido del paquete<br \/>Tel\u00e9fono OPPO A40<br \/>Cable USB<br \/>Herramienta para SIM<br \/>Gu\u00eda r\u00e1pida<br \/>Gu\u00eda de seguridad<\/p>\n","protected":false},"excerpt":{"rendered":"<p>Movil smartphone oppo a40 4 &#8211; 128gb negro<\/p>\n","protected":false},"featured_media":230166,"comment_status":"closed","ping_status":"open","template":"","meta":{"_et_pb_use_builder":"","_et_pb_old_content":"","_et_gb_content_width":""},"product_brand":[2089],"product_cat":[2058,2063,2062],"product_tag":[2068,2152,2090,2067,2066],"class_list":{"0":"post-231991","1":"product","2":"type-product","3":"status-publish","4":"has-post-thumbnail","6":"product_brand-oppo","7":"product_cat-dispositivos","8":"product_cat-smartphones","9":"product_cat-telefonia","10":"product_tag-dispositivos","11":"product_tag-movil-smartphone-oppo-a40-4-128gb","12":"product_tag-oppo","13":"product_tag-smartphones","14":"product_tag-telefonia","15":"product_shipping_class-2088","16":"pa_canon-digital-incluida-2060","18":"first","19":"instock","20":"taxable","21":"shipping-taxable","22":"purchasable","23":"product-type-simple"},"_links":{"self":[{"href":"https:\/\/linkxa.es\/linkshop\/wp-json\/wp\/v2\/product\/231991","targetHints":{"allow":["GET"]}}],"collection":[{"href":"https:\/\/linkxa.es\/linkshop\/wp-json\/wp\/v2\/product"}],"about":[{"href":"https:\/\/linkxa.es\/linkshop\/wp-json\/wp\/v2\/types\/product"}],"replies":[{"embeddable":true,"href":"https:\/\/linkxa.es\/linkshop\/wp-json\/wp\/v2\/comments?post=231991"}],"wp:featuredmedia":[{"embeddable":true,"href":"https:\/\/linkxa.es\/linkshop\/wp-json\/wp\/v2\/media\/230166"}],"wp:attachment":[{"href":"https:\/\/linkxa.es\/linkshop\/wp-json\/wp\/v2\/media?parent=231991"}],"wp:term":[{"taxonomy":"product_brand","embeddable":true,"href":"https:\/\/linkxa.es\/linkshop\/wp-json\/wp\/v2\/product_brand?post=231991"},{"taxonomy":"product_cat","embeddable":true,"href":"https:\/\/linkxa.es\/linkshop\/wp-json\/wp\/v2\/product_cat?post=231991"},{"taxonomy":"product_tag","embeddable":true,"href":"https:\/\/linkxa.es\/linkshop\/wp-json\/wp\/v2\/product_tag?post=231991"}],"curies":[{"name":"wp","href":"https:\/\/api.w.org\/{rel}","templated":true}]}}