{"id":231996,"date":"2025-07-22T03:10:23","date_gmt":"2025-07-22T03:10:23","guid":{"rendered":"https:\/\/linkxa.es\/contratacion\/producto\/movil-xiaomi-redmi-14c-4-128gb\/"},"modified":"2025-08-01T22:35:01","modified_gmt":"2025-08-01T22:35:01","slug":"movil-xiaomi-redmi-14c-4-128gb","status":"publish","type":"product","link":"https:\/\/linkxa.es\/linkshop\/producto\/movil-xiaomi-redmi-14c-4-128gb\/","title":{"rendered":"Movil xiaomi redmi 14c 4 128gb"},"content":{"rendered":"<p>El dise\u00f1o redondeado del smartphone Redmi 14C es como una estrella brillante en el cielo nocturno, que sobresale del cuerpo del dispositivo y crea una sensaci\u00f3n de armon\u00eda visual y elegancia.<br \/>Inspirado en la serena tranquilidad de la naturaleza y elaborado con exquisito arte, lleve la belleza en la palma de su mano en todo momento.<\/p>\n<p>Disfruta de la primera pantalla de 6,88&#8243; de la serie Redmi, que ofrece una vista m\u00e1s cinematogr\u00e1fica e inmersiva de tu contenido favorito. Junto con su alta frecuencia de actualizaci\u00f3n con ajuste<br \/>autom\u00e1tico de hasta 120 Hz, Redmi 14C lleva tu experiencia visual al siguiente nivel.<\/p>\n<p>Caracter\u00edsticas<br \/>Dos certificaciones TV Rheinland: Pantalla de luz azul baja de \u00faltima generaci\u00f3n. Con atenuaci\u00f3n de CC constante, luz azul baja, sin parpadeo visible y modo oscuro, tanto el software como el hardware<br \/>brindan doble protecci\u00f3n para sus ojos, reduciendo eficazmente la fatiga visual y el da\u00f1o a los ojos por el uso prolongado.<br \/>Im\u00e1genes ultra claras de 50 MP: Potente sistema de c\u00e1mara dual con IA. Captura cada fotograma con un nivel de detalle asombroso gracias a una c\u00e1mara principal de resoluci\u00f3n ultraalta. En<br \/>combinaci\u00f3n con el potente motor de im\u00e1genes Xiaomi, optimiza la calidad y la velocidad de la imagen con la tecnolog\u00eda subyacente para darle vida a cada momento.<br \/>C\u00e1mara de cine: Fotos y v\u00eddeos con estilo. Los filtros no son solo para fotos, el modo de video ahora tambi\u00e9n ofrece filtros texturizados, de pel\u00edcula cl\u00e1sica y LUT Pro, lo que le permite amplificar su<br \/>narraci\u00f3n con una variedad de opciones creativas.<br \/>C\u00e1mara frontal mejorada de 13 MP. Fotograf\u00edas fant\u00e1sticas en modo embellecer y nocturno.<br \/>Modo nocturno: La c\u00e1mara frontal se ha mejorado a 13 MP con soporte para modo nocturno, lo que garantiza selfies brillantes y n\u00edtidos incluso en condiciones de poca luz. El anillo de luz suave mejora la<br \/>calidad de los selfies en diversos entornos.<br \/>Nuevo modo embellecer: Los nuevos algoritmos de embellecimiento mejoran tus selfies en todos los frentes, no solo al suavizarlas, con funciones que incluyen efectos de tono, esbeltez y ojos grandes.<br \/>Bater\u00eda masiva de 5160 mAh (t\u00edpica): Carga r\u00e1pida de 18 W. Una combinaci\u00f3n perfecta de bater\u00eda enorme y carga r\u00e1pida. Redmi 14C tambi\u00e9n cuenta con Smart Charging Engine y tecnolog\u00eda de bater\u00eda<br \/>segura, lo que garantiza una bater\u00eda duradera y saludable.<br \/>Hasta 16 GB de RAM: Ampliaci\u00f3n de memoria. Con la tecnolog\u00eda de extensi\u00f3n de memoria, la RAM se puede ampliar hasta 16 GB. Disfrute de un rendimiento m\u00e1s fluido del sistema, una carga r\u00e1pida de<br \/>aplicaciones y un cambio sin problemas entre operaciones. *La RAM de 16 GB con extensi\u00f3n de memoria se basa en la versi\u00f3n de RAM de 8 GB. La RAM adicional ocupar\u00e1 una cantidad correspondiente<br \/>de almacenamiento de ROM. La extensi\u00f3n de memoria solo est\u00e1 disponible cuando hay suficiente espacio de almacenamiento en el dispositivo. La extensi\u00f3n real de la capacidad de almacenamiento de<br \/>RAM var\u00eda seg\u00fan los diferentes modelos.<br \/>Helio G81-Ultra: Potente procesador octa-core. El nuevo MediaTek Helio G81-Ultra se caracteriza por su bajo consumo de energ\u00eda y su alto rendimiento. Con sus extraordinarias capacidades, ofrece una<br \/>mayor duraci\u00f3n de la bater\u00eda, menos retrasos y una experiencia de usuario excepcional.<br \/>Xiaomi HyperOS. Con un profundo ajuste de Xiaomi HyperOS y optimizaciones exclusivas, Redmi 14C ofrece una experiencia de usuario cotidiana fluida, fluida y estable.<br \/>Desbloqueo mediante huella dactilar de montaje lateral. Dise\u00f1o minimalista para un desbloqueo eficiente.<br \/>Conector para auriculares de 3,5 mm. Mantiene un dise\u00f1o cl\u00e1sico de conector para auriculares.<br \/>Especificaciones Xiaomi Redmi 14C<br \/>Sistema operativo Xiaomi HyperOS<br \/>Procesador MediaTek Helio G81-Ultra (Cortex-A75 + Cortex-A55, 2,0 GHz)<br \/>GPU Mali-G52 MC2<br \/>Pantalla 6.88&#8243; Dot Drop 1640*720, 260 ppp<br \/>Relaci\u00f3n de contraste: 1500:1<br \/>Profundidad de color: 8 bits, 16,7 millones de colores<br \/>Gama de colores: 70% NTSC<br \/>Brillo: 450 nits (t\u00edpico), 600 nits HBM<br \/>Frecuencia de actualizaci\u00f3n: hasta 120 Hz<br \/>Frecuencia de muestreo t\u00e1ctil: hasta 240 Hz<br \/>Admite modo de lectura<br \/>TV Rheinland Luz azul baja (soluci\u00f3n de software)<br \/>TV Rheinland sin parpadeos<br \/>DC dimming<br \/>Relaci\u00f3n pantalla-cuerpo: 89,7 % (AA\/CG)<br \/>SIM<br \/>Doble SIM + microSD<br \/>Memoria<br \/>RAM: 4 GB LPDDR4X (Ampliable con extensi\u00f3n de memoria hasta 16 GB)<br \/>Almacenamiento interno: 128 GB eMMC 5.1 (Ampliable con tarjeta microSD hasta 1 TB)<br \/>C\u00e1maras<br \/>C\u00e1mara principal de 50MP:<br \/>Lente 5P, f\/1.8<br \/>Lente auxiliar<br \/>C\u00e1mara de pel\u00edcula | Modo HDR | Modo nocturno | Modo retrato | Modo 50MP | Lapso de tiempo<br \/>Grabaci\u00f3n de v\u00eddeo:<br \/>1080P 1920&#215;1080 30 fps<br \/>720P 1280&#215;720 30 fps<br \/>C\u00e1mara frontal de 13 MP:<br \/>f\/2.0<br \/>C\u00e1mara de pel\u00edcula | Modo HDR | Anillo de luz suave | Modo retrato | Time-lapse | Modo noche<br \/>Grabaci\u00f3n de v\u00eddeo:<br \/>Grabaci\u00f3n de video HD de 1080p (1920 x 1080) a 30 fps<br \/>Grabaci\u00f3n de video HD de 720p (1280&#215;720) a 30 fps<br \/>Audio<br \/>Conector de 3,5 mm<br \/>Conectividad<br \/>Wi-Fi 2.4 GHz\/5 GHz<br \/>Bluetooth 5.4<br \/>NFC<br \/>USB tipo C<br \/>Navegaci\u00f3n y posicionamiento<br \/>GPS<br \/>Glonass<br \/>Galileo<br \/>Beidou<br \/>Seguridad<br \/>Sensor de huellas dactilares lateral<br \/>Desbloqueo facial por IA<br \/>Sensores<br \/>Sensor de proximidad virtual<br \/>Sensor de luz ambiental<br \/>Aceler\u00f3metro<br \/>Br\u00fajula electr\u00f3nica<br \/>Dimensiones y peso<br \/>Altura: 171,88 mm<br \/>Ancho: 77,8 mm<br \/>Espesor: 8,22 mm<br \/>Peso: Negro, morado: 211 g, azul: 204 g, verde: 207 g<br \/>Bater\u00eda<br \/>5160 mAh (t\u00edpico)<br \/>Admite carga r\u00e1pida de 18 W<br \/>Contenido del paquete<br \/>Redmi 14C<br \/>Cable USB tipo C<br \/>Gu\u00eda de inicio r\u00e1pido<br \/>Tarjeta de garant\u00eda<br \/>Herramienta de extracci\u00f3n de SIM<br \/>Informaci\u00f3n de seguridad<\/p>\n","protected":false},"excerpt":{"rendered":"<p>Movil xiaomi redmi 14c 4 &#8211; 128gb verde<\/p>\n","protected":false},"featured_media":230168,"comment_status":"closed","ping_status":"open","template":"","meta":{"_et_pb_use_builder":"","_et_pb_old_content":"","_et_gb_content_width":""},"product_brand":[2092],"product_cat":[2058,2063,2062],"product_tag":[2068,2153,2067,2066,2093],"class_list":{"0":"post-231996","1":"product","2":"type-product","3":"status-publish","4":"has-post-thumbnail","6":"product_brand-xiaomi","7":"product_cat-dispositivos","8":"product_cat-smartphones","9":"product_cat-telefonia","10":"product_tag-dispositivos","11":"product_tag-movil-xiaomi-redmi-14c-4-128gb","12":"product_tag-smartphones","13":"product_tag-telefonia","14":"product_tag-xiaomi","15":"product_shipping_class-2088","16":"pa_canon-digital-incluida-2060","18":"first","19":"instock","20":"taxable","21":"shipping-taxable","22":"purchasable","23":"product-type-simple"},"_links":{"self":[{"href":"https:\/\/linkxa.es\/linkshop\/wp-json\/wp\/v2\/product\/231996","targetHints":{"allow":["GET"]}}],"collection":[{"href":"https:\/\/linkxa.es\/linkshop\/wp-json\/wp\/v2\/product"}],"about":[{"href":"https:\/\/linkxa.es\/linkshop\/wp-json\/wp\/v2\/types\/product"}],"replies":[{"embeddable":true,"href":"https:\/\/linkxa.es\/linkshop\/wp-json\/wp\/v2\/comments?post=231996"}],"wp:featuredmedia":[{"embeddable":true,"href":"https:\/\/linkxa.es\/linkshop\/wp-json\/wp\/v2\/media\/230168"}],"wp:attachment":[{"href":"https:\/\/linkxa.es\/linkshop\/wp-json\/wp\/v2\/media?parent=231996"}],"wp:term":[{"taxonomy":"product_brand","embeddable":true,"href":"https:\/\/linkxa.es\/linkshop\/wp-json\/wp\/v2\/product_brand?post=231996"},{"taxonomy":"product_cat","embeddable":true,"href":"https:\/\/linkxa.es\/linkshop\/wp-json\/wp\/v2\/product_cat?post=231996"},{"taxonomy":"product_tag","embeddable":true,"href":"https:\/\/linkxa.es\/linkshop\/wp-json\/wp\/v2\/product_tag?post=231996"}],"curies":[{"name":"wp","href":"https:\/\/api.w.org\/{rel}","templated":true}]}}