{"id":232013,"date":"2025-03-19T19:29:27","date_gmt":"2025-03-19T19:29:27","guid":{"rendered":"https:\/\/linkxa.es\/contratacion\/producto\/telefono-motorola-cd4001-wireless-inalambrico-negro\/"},"modified":"2025-08-01T22:35:56","modified_gmt":"2025-08-01T22:35:56","slug":"telefono-motorola-cd4001-wireless-inalambrico-negro","status":"publish","type":"product","link":"https:\/\/linkxa.es\/linkshop\/producto\/telefono-motorola-cd4001-wireless-inalambrico-negro\/","title":{"rendered":"Telefono motorola cd4001 wireless inalambrico negro"},"content":{"rendered":"<p>DESCRIPCI\u00d3N<br \/>conversaciones, f\u00e1ciles El Motorola CD4001 es perfecto para las llamadas diarias.<br \/>Un tel\u00e9fono f\u00e1cil de usar de dise\u00f1o nuevo, incluye gran variedad de funciones<br \/>incluyendo una lista negra de 10 n\u00fameros de llamadas molestas con tecla dedicada<br \/>para acceder directamente al men\u00fa de Bloqueo de llamadas. Tambi\u00e9n incluye un<br \/>potente altavoz para liberar sus manos cuando lo necesite y una agenda de 50<br \/>nombres y n\u00fameros. para un ma\u00f1ana mejor Nos esforzamos al m\u00e1ximo con nuestro<br \/>dise\u00f1o, investigaci\u00f3n, ingenier\u00eda y gesti\u00f3n de la cadena de distribuci\u00f3n para crear<br \/>productos mejores para todos, centr\u00e1ndonos en la responsabilidad social y<br \/>ambiental.<br \/>ESPECIFICACIONES T\u00c9CNICAS<\/p>\n<p>Caracter\u00edsticas del tel\u00e9fono<br \/>Altavoz<br \/>Si<br \/>Capacidad de lista de direcciones<br \/>50 entradas<br \/>Micr\u00f3fono mudo<br \/>Si<br \/>Exhibici\u00f3n<br \/>Diagonal de la pantalla<br \/>4,57 cm (1.8&#8243;)<br \/>Monitor con luz de fondo<br \/>Si<br \/>Pantalla incorporada<br \/>Si<br \/>Pantalla<br \/>LCD<br \/>Resoluci\u00f3n de la pantalla<br \/>128 x 160 Pixeles<br \/>Contenido del embalaje<br \/>N\u00famero de tel\u00e9fonos m\u00f3viles incluidos<br \/>1<\/p>\n<p>Gesti\u00f3n de llamadas<br \/>Bloqueo de llamadas<br \/>Si<br \/>Identificador de llamadas<br \/>Si<br \/>Dise\u00f1o<br \/>Tel\u00e9fono Ancianos<br \/>No<br \/>Botones retroiluminados<br \/>Si<br \/>Color del producto<br \/>Negro<br \/>Desempe\u00f1o<br \/>Tiempo de grabaci\u00f3n<br \/>25 min<br \/>Tipo<br \/>Tel\u00e9fono DECT<br \/>Tipo de auricular<br \/>Terminal inal\u00e1mbrico<\/p>\n","protected":false},"excerpt":{"rendered":"<p>Telefono motorola cd4001 wireless inalambrico negro<\/p>\n","protected":false},"featured_media":230701,"comment_status":"closed","ping_status":"open","template":"","meta":{"_et_pb_use_builder":"","_et_pb_old_content":"","_et_gb_content_width":""},"product_brand":[2081],"product_cat":[2058,2062,2312],"product_tag":[2068,2082,2066,2355,2315],"class_list":{"0":"post-232013","1":"product","2":"type-product","3":"status-publish","4":"has-post-thumbnail","6":"product_brand-motorola","7":"product_cat-dispositivos","8":"product_cat-telefonia","9":"product_cat-telefonos-fijos","10":"product_tag-dispositivos","11":"product_tag-motorola","12":"product_tag-telefonia","13":"product_tag-telefono-motorola-cd4001-wireless-inalambrico-negro","14":"product_tag-telefonos-fijos","15":"product_shipping_class-2059","17":"first","18":"instock","19":"taxable","20":"shipping-taxable","21":"purchasable","22":"product-type-simple"},"_links":{"self":[{"href":"https:\/\/linkxa.es\/linkshop\/wp-json\/wp\/v2\/product\/232013","targetHints":{"allow":["GET"]}}],"collection":[{"href":"https:\/\/linkxa.es\/linkshop\/wp-json\/wp\/v2\/product"}],"about":[{"href":"https:\/\/linkxa.es\/linkshop\/wp-json\/wp\/v2\/types\/product"}],"replies":[{"embeddable":true,"href":"https:\/\/linkxa.es\/linkshop\/wp-json\/wp\/v2\/comments?post=232013"}],"wp:featuredmedia":[{"embeddable":true,"href":"https:\/\/linkxa.es\/linkshop\/wp-json\/wp\/v2\/media\/230701"}],"wp:attachment":[{"href":"https:\/\/linkxa.es\/linkshop\/wp-json\/wp\/v2\/media?parent=232013"}],"wp:term":[{"taxonomy":"product_brand","embeddable":true,"href":"https:\/\/linkxa.es\/linkshop\/wp-json\/wp\/v2\/product_brand?post=232013"},{"taxonomy":"product_cat","embeddable":true,"href":"https:\/\/linkxa.es\/linkshop\/wp-json\/wp\/v2\/product_cat?post=232013"},{"taxonomy":"product_tag","embeddable":true,"href":"https:\/\/linkxa.es\/linkshop\/wp-json\/wp\/v2\/product_tag?post=232013"}],"curies":[{"name":"wp","href":"https:\/\/api.w.org\/{rel}","templated":true}]}}