{"id":232062,"date":"2025-06-05T21:05:31","date_gmt":"2025-06-05T21:05:31","guid":{"rendered":"https:\/\/linkxa.es\/contratacion\/producto\/movil-xiaomi-redmi-14c-6-128gb\/"},"modified":"2025-08-01T22:39:36","modified_gmt":"2025-08-01T22:39:36","slug":"movil-xiaomi-redmi-14c-6-128gb","status":"publish","type":"product","link":"https:\/\/linkxa.es\/linkshop\/producto\/movil-xiaomi-redmi-14c-6-128gb\/","title":{"rendered":"Movil xiaomi redmi 14c 6 128gb"},"content":{"rendered":"<p>Procesador<br \/>Procesador MediaTek Helio G81-UltraCPU: Cortex-A75+Cortex-A55Frecuencia m\u00e1xima de CPU: 2,0 GHzGPU: Mali-G52 MC2<br \/>Almacenamiento y RAM<br \/>6 GB + 128 GB LPDDR4X + eMMC 5.1Admite ampliaci\u00f3n de memoria: Hasta 16 GB*Las configuraciones disponibles pueden variar seg\u00fan la regi\u00f3n. El almacenamiento y la RAM disponibles son inferiores a la memoria<br \/>total debido al almacenamiento del sistema operativo y el software preinstalado en el dispositivo.<br \/>*La RAM de 16 GB con ampliaci\u00f3n de memoria se basa en la versi\u00f3n de 8 GB de RAM. La RAM adicional ocupar\u00e1 la cantidad correspondiente de almacenamiento de ROM. La ampliaci\u00f3n de memoria solo est\u00e1 disponible<br \/>cuando hay suficiente espacio de almacenamiento en el dispositivo. La ampliaci\u00f3n de la capacidad de almacenamiento de RAM real var\u00eda en funci\u00f3n del modelo.<br \/>Dimensiones<br \/>Altura: 171,88 mmAnchura: 77,8 mmGrosor: 8,22 mmPeso: Negro medianoche, Morado: 211 g, Azul: 204 g, Verde: 207 g*Datos obtenidos de los laboratorios internos de Xiaomi. Los m\u00e9todos de medici\u00f3n del sector<br \/>pueden variar y, por tanto, es posible que los resultados reales difieran.<br \/>Pantalla<br \/>Pantalla con gota de agua de 6,88&#8243;1640 x 720, 260 pppRelaci\u00f3n de contraste: 1500:1Profundidad de color: 8 bits, 16,7 millones de coloresGama de colores: 70 % NTSCBrillo: 450 nits (t\u00edp.), 600 nits (HBM)Frecuencia de<br \/>actualizaci\u00f3n: hasta 120 HzFrecuencia de muestreo t\u00e1ctil: Hasta 240 HzCompatible con el modo lecturaLuz azul reducida (soluci\u00f3n de software) de TV RheinlandTecnolog\u00eda sin parpadeos de TV RheinlandAtenuaci\u00f3n de<br \/>CCRelaci\u00f3n de pantalla a cuerpo: 89,7 % (AA\/CG)<br \/>C\u00e1mara trasera<br \/>C\u00e1mara principal de 50 MPLente de 5 elementos, f\/1,8Objetivo auxiliarfilmCamera | Modo HDR | Modo nocturnoModo retrato | Modo 50 MP | Time-lapseGrabaci\u00f3n de v\u00eddeo de la c\u00e1mara trasera1080p 1920 x 1080 30 fps720p<br \/>1280 x 720 30 fps<br \/>C\u00e1mara frontal<br \/>C\u00e1mara frontal de 13 MPf\/2,0filmCamera | Modo HDR | Anillo de luz suave<br \/>Modo retrato | Time-lapse | Modo nocturnoGrabaci\u00f3n de v\u00eddeo de la c\u00e1mara frontalGrabaci\u00f3n de v\u00eddeo HD 1080p (1920 x 1080) a 30 fpsGrabaci\u00f3n de v\u00eddeo HD 720p (1280 x 720) a 30 fps<br \/>Bater\u00eda y carga<br \/>5160 mAh (t\u00edp.)Admite carga r\u00e1pida de 18 W<br \/>*En la caja no se incluye un adaptador de corriente. Se recomienda utilizar un adaptador de corriente de 18 W compatible con la carga PD.USB tipo C<br \/>Seguridad<br \/>Sensor de huella dactilar lateralDesbloqueo facial por IA<br \/>NFC<br \/>S\u00ed**La funcionalidad NFC puede variar en algunos mercados.<br \/>Red y conectividad<br \/>SIM doble + microSDBandas de red:Compatible con 4G\/3G\/2G2G: GSM: 2\/3\/5\/8<br \/>3G: WCDMA: 1\/5\/8<br \/>4G: LTE FDD: 1\/3\/5\/7\/8\/20\/28<br \/>4G: LTE TDD: 38\/40\/41*La conectividad y las bandas de red pueden variar seg\u00fan la disponibilidad en la regi\u00f3n y la compatibilidad del operador local.Redes inal\u00e1mbricasWi-Fi: 2,4 GHz | 5 GHzCompatible con radio FM (con<br \/>conector para auriculares)Bluetooth 5.4Compatible con AAC\/SBC<br \/>Navegaci\u00f3n y posicionamiento<br \/>GPS | Glonass | Galileo | Beidou<br \/>Audio<br \/>Conector para auriculares de 3,5 mm<br \/>Reproducci\u00f3n de audio<br \/>aac, m4a, mp4, 3gp, ts, amr, awb, mid, midi, smf, rttf, xmf, rtx, ota, imy, mp3, ogg, oga, wav, flac, mkv (opus), m4a<br \/>Reproducci\u00f3n de v\u00eddeo<br \/>adf, ts, mp4, 3gp, mkv, webm, MPEG2, H.263, MPEG4, H.264, H.265, VP8, VP9, VC1, AV1<br \/>Sensores<br \/>Sensor de proximidad virtual | Sensor de luz ambiental | Aceler\u00f3metro | Br\u00fajula electr\u00f3nica<br \/>Sistema operativo<br \/>Xiaomi HyperOS<br \/>*La disponibilidad de las funciones, las aplicaciones y los servicios de Xiaomi HyperOS puede variar en funci\u00f3n de la versi\u00f3n de software y el modelo de tel\u00e9fono.<br \/>Contenido del paquete<br \/>Redmi 14C | Cable USB tipo C | Gu\u00eda de inicio r\u00e1pido y tarjeta de garant\u00eda | Extractor de SIM | Informaci\u00f3n de seguridad*El contenido del paquete puede variar seg\u00fan las regiones.<\/p>\n","protected":false},"excerpt":{"rendered":"<p>Movil xiaomi redmi 14c 6 &#8211; 128gb negro<\/p>\n","protected":false},"featured_media":230177,"comment_status":"closed","ping_status":"open","template":"","meta":{"_et_pb_use_builder":"","_et_pb_old_content":"","_et_gb_content_width":""},"product_brand":[2092],"product_cat":[2058,2063,2062],"product_tag":[2068,2155,2067,2066,2093],"class_list":{"0":"post-232062","1":"product","2":"type-product","3":"status-publish","4":"has-post-thumbnail","6":"product_brand-xiaomi","7":"product_cat-dispositivos","8":"product_cat-smartphones","9":"product_cat-telefonia","10":"product_tag-dispositivos","11":"product_tag-movil-xiaomi-redmi-14c-6-128gb","12":"product_tag-smartphones","13":"product_tag-telefonia","14":"product_tag-xiaomi","15":"product_shipping_class-2059","16":"pa_canon-digital-incluida-2060","18":"first","19":"instock","20":"taxable","21":"shipping-taxable","22":"purchasable","23":"product-type-simple"},"_links":{"self":[{"href":"https:\/\/linkxa.es\/linkshop\/wp-json\/wp\/v2\/product\/232062","targetHints":{"allow":["GET"]}}],"collection":[{"href":"https:\/\/linkxa.es\/linkshop\/wp-json\/wp\/v2\/product"}],"about":[{"href":"https:\/\/linkxa.es\/linkshop\/wp-json\/wp\/v2\/types\/product"}],"replies":[{"embeddable":true,"href":"https:\/\/linkxa.es\/linkshop\/wp-json\/wp\/v2\/comments?post=232062"}],"wp:featuredmedia":[{"embeddable":true,"href":"https:\/\/linkxa.es\/linkshop\/wp-json\/wp\/v2\/media\/230177"}],"wp:attachment":[{"href":"https:\/\/linkxa.es\/linkshop\/wp-json\/wp\/v2\/media?parent=232062"}],"wp:term":[{"taxonomy":"product_brand","embeddable":true,"href":"https:\/\/linkxa.es\/linkshop\/wp-json\/wp\/v2\/product_brand?post=232062"},{"taxonomy":"product_cat","embeddable":true,"href":"https:\/\/linkxa.es\/linkshop\/wp-json\/wp\/v2\/product_cat?post=232062"},{"taxonomy":"product_tag","embeddable":true,"href":"https:\/\/linkxa.es\/linkshop\/wp-json\/wp\/v2\/product_tag?post=232062"}],"curies":[{"name":"wp","href":"https:\/\/api.w.org\/{rel}","templated":true}]}}