{"id":232092,"date":"2025-01-20T09:19:28","date_gmt":"2025-01-20T09:19:28","guid":{"rendered":"https:\/\/linkxa.es\/contratacion\/producto\/reloj-smartwatch-myphone-adventure-beige\/"},"modified":"2025-08-01T22:40:49","modified_gmt":"2025-08-01T22:40:49","slug":"reloj-smartwatch-myphone-adventure-beige","status":"publish","type":"product","link":"https:\/\/linkxa.es\/linkshop\/producto\/reloj-smartwatch-myphone-adventure-beige\/","title":{"rendered":"Reloj smartwatch myphone adventure beige"},"content":{"rendered":"<p>Smartwatch para cualquier camino El myPhone Watch Adventure es tu compa\u00f1ero ideal para senderismo, entrenamiento urbano y actividades deportivas. Con GPS integrado y pantalla AMOLED, ofrece m\u00e1s de 50 modos deportivos y una bater\u00eda de 370 mAh para mantenerte siempre en marcha. Registra tus rutas y mide tus actividades al aire libre con precisi\u00f3n, con todos los datos disponibles en la app Fitbeing. Pantalla AMOLED de 1,43&#8242; de alta resoluci\u00f3n, clara y legible en cualquier condici\u00f3n. Bater\u00eda de 370 mAh hasta 14 d\u00edas de funcionamiento continuo con una sola carga. Llamadas Bluetooth con\u00e9ctate a tu smartphone v\u00eda Bluetooth 5.3 para recibir llamadas directamente en el reloj. Compatible con Android e iOS. CARACTERISTICAS Localizador GPS incorporado Ubicaci\u00f3n GPS medir\u00e1 con precisi\u00f3n la distancia recorrida, la velocidad y el ritmo, y todos los datos se guardar\u00e1n en la aplicaci\u00f3n Fitbeing El reloj inteligente est\u00e1 equipado con GPS, que medir\u00e1 con precisi\u00f3n la distancia recorrida, la velocidad y el ritmo, y todos los datos se guardar\u00e1n en la aplicaci\u00f3n Fitbeing. Una vez que hayas terminado de entrenar, caminar, correr o andar en bicicleta, puedes consultar f\u00e1cilmente la ruta exacta y analizar tu rendimiento. Ori\u00e9ntate en la zona y mantente al d\u00eda de las condiciones meteorol\u00f3gicas. Esto se ver\u00e1 facilitado por una br\u00fajula y un bar\u00f3metro, gracias a los cuales pocas cosas podr\u00e1n sorprenderte. Y si te encuentras en una emergencia, el bot\u00f3n SOS te ayudar\u00e1. Pantalla AMOLED de 1,43&#8243; con resoluci\u00f3n 466466 px y 329 PPI Construcci\u00f3n en aluminio con correa de silicona Sensores avanzados de frecuencia card\u00edaca y saturaci\u00f3n de ox\u00edgeno Resistencia al agua 3ATM (30 metros) Bater\u00eda de 370 mAh con autonom\u00eda de 5-7 d\u00edas Conectividad Bluetooth 5.3 Funciones de monitoreo de salud: medici\u00f3n del sue\u00f1o, respiraci\u00f3n y estr\u00e9s, as\u00ed como medir la VFC (variabilidad de la frecuencia card\u00edaca), lo que sin duda complacer\u00e1 a los entusiastas de los deportes de resistencia. Registro y revisi\u00f3n del historial de ejercicio mas de 50 modos deportivos Funciones adicionales: fecha y hora, contador de pasos, contador de calor\u00edas, alarma, minutero, y b\u00fasqueda de tel\u00e9fono Compatibilidad con Android 7.0+ y iOS 12.0+ Aplicaci\u00f3n m\u00f3vil: Fitbeing Dimensiones: 46,3 x 10,8 mm Peso: 31,5 g (sin correa) Ancho de la correa: 22 mm Longitud de la correa: 228 mm<\/p>\n","protected":false},"excerpt":{"rendered":"<p>Reloj smartwatch myphone adventure beige<\/p>\n","protected":false},"featured_media":230717,"comment_status":"closed","ping_status":"open","template":"","meta":{"_et_pb_use_builder":"","_et_pb_old_content":"","_et_gb_content_width":""},"product_brand":[2114],"product_cat":[2058,2316,2062],"product_tag":[2068,2115,2361,2318,2066],"class_list":{"0":"post-232092","1":"product","2":"type-product","3":"status-publish","4":"has-post-thumbnail","6":"product_brand-myphone","7":"product_cat-dispositivos","8":"product_cat-smartwatches","9":"product_cat-telefonia","10":"product_tag-dispositivos","11":"product_tag-myphone","12":"product_tag-reloj-smartwatch-myphone-adventure-beige","13":"product_tag-smartwatches","14":"product_tag-telefonia","15":"product_shipping_class-2059","17":"first","18":"instock","19":"taxable","20":"shipping-taxable","21":"purchasable","22":"product-type-simple"},"_links":{"self":[{"href":"https:\/\/linkxa.es\/linkshop\/wp-json\/wp\/v2\/product\/232092","targetHints":{"allow":["GET"]}}],"collection":[{"href":"https:\/\/linkxa.es\/linkshop\/wp-json\/wp\/v2\/product"}],"about":[{"href":"https:\/\/linkxa.es\/linkshop\/wp-json\/wp\/v2\/types\/product"}],"replies":[{"embeddable":true,"href":"https:\/\/linkxa.es\/linkshop\/wp-json\/wp\/v2\/comments?post=232092"}],"wp:featuredmedia":[{"embeddable":true,"href":"https:\/\/linkxa.es\/linkshop\/wp-json\/wp\/v2\/media\/230717"}],"wp:attachment":[{"href":"https:\/\/linkxa.es\/linkshop\/wp-json\/wp\/v2\/media?parent=232092"}],"wp:term":[{"taxonomy":"product_brand","embeddable":true,"href":"https:\/\/linkxa.es\/linkshop\/wp-json\/wp\/v2\/product_brand?post=232092"},{"taxonomy":"product_cat","embeddable":true,"href":"https:\/\/linkxa.es\/linkshop\/wp-json\/wp\/v2\/product_cat?post=232092"},{"taxonomy":"product_tag","embeddable":true,"href":"https:\/\/linkxa.es\/linkshop\/wp-json\/wp\/v2\/product_tag?post=232092"}],"curies":[{"name":"wp","href":"https:\/\/api.w.org\/{rel}","templated":true}]}}