{"id":232119,"date":"2025-02-20T17:38:19","date_gmt":"2025-02-20T17:38:19","guid":{"rendered":"https:\/\/linkxa.es\/contratacion\/producto\/telefono-inalambrico-spc-dect-keops-negro\/"},"modified":"2025-08-01T22:42:05","modified_gmt":"2025-08-01T22:42:05","slug":"telefono-inalambrico-spc-dect-keops-negro","status":"publish","type":"product","link":"https:\/\/linkxa.es\/linkshop\/producto\/telefono-inalambrico-spc-dect-keops-negro\/","title":{"rendered":"Telefono inalambrico spc dect keops negro"},"content":{"rendered":"<p>Especificaciones SPC 7608N Telefono DECT KEOPS Negro<br \/>Lo bueno, sin complicaciones, dos veces bueno<br \/>SPC KEOPS es un tel\u00e9fono inal\u00e1mbrico robusto y elegante que siempre est\u00e1 cerca<br \/>cuando lo necesitas. F\u00e1cil de usar, tan solo tienes que sacarlo de su base de carga y<br \/>marcar para empezar a hablar, a escuchar y a compartir.<\/p>\n<p>Hogar ecol\u00f3gico, hogar feliz<br \/>El tel\u00e9fono no emite ninguna radiaci\u00f3n cuando est\u00e1 en modo standby. Y durante una<br \/>llamada, su tecnolog\u00eda respetuosa con el medioambiente ajusta la transmisi\u00f3n de<br \/>energ\u00eda a la distancia entre la estaci\u00f3n base y el terminal.<\/p>\n<p>Marca SPC<br \/>Modelo 7334N<br \/>Caracter\u00edsticas Pantalla<br \/>&#8211; Pantalla iluminada: S\u00ed. Luz de fondo \u00e1mbar<br \/>&#8211; Nombre del port\u00e1til: Configurable<br \/>&#8211; Indicadores en pantalla: Tiempo de conversaci\u00f3n. Estado de la bater\u00eda. Cobertura.<br \/>Identificaci\u00f3n de llamada<br \/>&#8211; Identificaci\u00f3n de llamada: s\u00ed<br \/>&#8211; Agenda: 50 nombres y n\u00fameros<br \/>&#8211; Listado de llamadas recibidas: 20<br \/>&#8211; Listado de llamadas realizadas: 10<br \/>&#8211; Rellamada al \u00faltimo n\u00famero marcado: s\u00ed<br \/>Teclado<br \/>&#8211; Marcaci\u00f3n en colgado: S\u00ed<br \/>&#8211; Bloqueo de teclado: S\u00ed<br \/>&#8211; Descolgado autom\u00e1tico: Configurable<br \/>&#8211; Teclado sonoro: Configurable<br \/>&#8211; Tecla R: Configurable<br \/>&#8211; Tecla de encendido y apagado del port\u00e1til: S\u00ed<br \/>Sonido<br \/>&#8211; Melod\u00edas de timbre: 5<br \/>&#8211; Niveles de volumen de auricular: 5<br \/>&#8211; Niveles de volumen de timbre: 6 (incluido silencio)<br \/>Funcionalidades GAP<br \/>&#8211; Compatible con GAP: S\u00ed<br \/>&#8211; N\u00ba de port\u00e1tiles que una base puede soportar: Hasta 4<br \/>&#8211; Transferencia de llamada entre port\u00e1tiles: S\u00ed<br \/>&#8211; Llamadas internas desde port\u00e1tiles: S\u00ed<br \/>&#8211; Conferencia A 3: 2 internas y 1 externa<br \/>Otras funcionalidades<br \/>&#8211; Modo ECO: S\u00ed<br \/>&#8211; Funci\u00f3n alarma: S\u00ed<br \/>&#8211; Ajuste de fecha y hora: S\u00ed<br \/>&#8211; N\u00famero PIN: Configurable<br \/>&#8211; B\u00fasqueda del port\u00e1til desde la base: S\u00ed<br \/>&#8211; Tipo de marcaci\u00f3n: Tonos o pulsos<br \/>&#8211; Conexi\u00f3n telef\u00f3nica RJ11: S\u00ed<br \/>&#8211; Compatible con las redes an\u00e1logicas espa\u00f1olas: S\u00ed<br \/>Medidas<br \/>&#8211; Alto: 153,5 mm<br \/>&#8211; Ancho: 50,5 mm<br \/>&#8211; Fondo: 24,5 mm<br \/>&#8211; Peso: 103 g<br \/>Contiene<br \/>&#8211; Tel\u00e9fono<br \/>&#8211; Base cargadora<br \/>&#8211; Alimentador<br \/>&#8211; Bater\u00edas<br \/>&#8211; Manual de usuario.<\/p>\n","protected":false},"excerpt":{"rendered":"<p>Telefono inalambrico spc dect keops negro &#8211;  50 contactos<\/p>\n","protected":false},"featured_media":230721,"comment_status":"closed","ping_status":"open","template":"","meta":{"_et_pb_use_builder":"","_et_pb_old_content":"","_et_gb_content_width":""},"product_brand":[2127],"product_cat":[2058,2062,2312],"product_tag":[2068,2128,2066,2363,2315],"class_list":{"0":"post-232119","1":"product","2":"type-product","3":"status-publish","4":"has-post-thumbnail","6":"product_brand-spc","7":"product_cat-dispositivos","8":"product_cat-telefonia","9":"product_cat-telefonos-fijos","10":"product_tag-dispositivos","11":"product_tag-spc","12":"product_tag-telefonia","13":"product_tag-telefono-inalambrico-spc-dect-keops-negro","14":"product_tag-telefonos-fijos","15":"product_shipping_class-2059","17":"first","18":"instock","19":"taxable","20":"shipping-taxable","21":"purchasable","22":"product-type-simple"},"_links":{"self":[{"href":"https:\/\/linkxa.es\/linkshop\/wp-json\/wp\/v2\/product\/232119","targetHints":{"allow":["GET"]}}],"collection":[{"href":"https:\/\/linkxa.es\/linkshop\/wp-json\/wp\/v2\/product"}],"about":[{"href":"https:\/\/linkxa.es\/linkshop\/wp-json\/wp\/v2\/types\/product"}],"replies":[{"embeddable":true,"href":"https:\/\/linkxa.es\/linkshop\/wp-json\/wp\/v2\/comments?post=232119"}],"wp:featuredmedia":[{"embeddable":true,"href":"https:\/\/linkxa.es\/linkshop\/wp-json\/wp\/v2\/media\/230721"}],"wp:attachment":[{"href":"https:\/\/linkxa.es\/linkshop\/wp-json\/wp\/v2\/media?parent=232119"}],"wp:term":[{"taxonomy":"product_brand","embeddable":true,"href":"https:\/\/linkxa.es\/linkshop\/wp-json\/wp\/v2\/product_brand?post=232119"},{"taxonomy":"product_cat","embeddable":true,"href":"https:\/\/linkxa.es\/linkshop\/wp-json\/wp\/v2\/product_cat?post=232119"},{"taxonomy":"product_tag","embeddable":true,"href":"https:\/\/linkxa.es\/linkshop\/wp-json\/wp\/v2\/product_tag?post=232119"}],"curies":[{"name":"wp","href":"https:\/\/api.w.org\/{rel}","templated":true}]}}