{"id":232131,"date":"2025-05-15T02:33:41","date_gmt":"2025-05-15T02:33:41","guid":{"rendered":"https:\/\/linkxa.es\/contratacion\/producto\/movil-xiaomi-redmi-note-14-pro-2\/"},"modified":"2025-08-01T22:48:27","modified_gmt":"2025-08-01T22:48:27","slug":"movil-xiaomi-redmi-note-14-pro-2","status":"publish","type":"product","link":"https:\/\/linkxa.es\/linkshop\/producto\/movil-xiaomi-redmi-note-14-pro-2\/","title":{"rendered":"Movil xiaomi redmi note 14 pro+"},"content":{"rendered":"<p>Redmi Note 14 Pro+ 5G: Iconic shots, AI crafted. C\u00e1mara con IA de 200 MP. Durabilidad All-Star.<\/p>\n<p>El Redmi Note 14 Pro+ 5G est\u00e1 equipado con una c\u00e1mara principal insignia de 200 MP, un potente hardware y estabilizaci\u00f3n \u00f3ptica de imagen (OIS) para ofrecer detalles m\u00e1s claros y tomas nocturnas m\u00e1s n\u00edtidas.<\/p>\n<p>La pantalla insignia CrystalRes AMOLED de 6,67&#8243; y 1,5K ofrece unos colores magn\u00edficos y una experiencia visual envolvente, con un brillo m\u00e1ximo de 3000 nits.<\/p>\n<p>Caracter\u00edsticas<br \/>Xiaomi Imaging Engine: Algoritmo mejorado con IA. Captura im\u00e1genes ultran\u00edtidas en 200 MP con incre\u00edble detalle e intensos colores gracias a la potencia de los algoritmos de remosaico IA de extremo a extremo que mejoran en gran medida la velocidad de procesamiento y la calidad de la imagen.<br \/>Zoom \u00f3ptico de 4x sin p\u00e9rdidas. Con el zoom \u00f3ptico sin p\u00e9rdidas de 2x y 4x, puedes cambiar f\u00e1cilmente entre diferentes longitudes focales para encuadrar la toma sin que haya un p\u00edxel fuera de lugar.<br \/>Incre\u00edbles fotos nocturnas: Haz brillar tus momentos ic\u00f3nicos. Los algoritmos RAW se han perfeccionado a\u00fan m\u00e1s para conservar m\u00e1s detalles de la imagen, lo que hace que las fotograf\u00edas nocturnas sean a\u00fan m\u00e1s impresionantes.<br \/>Alto rango din\u00e1mico: Claridad en las luces y las sombras. Con Smart-ISO Pro, el Redmi Note 14 Pro+ 5G ajusta autom\u00e1ticamente la c\u00e1mara del tel\u00e9fono para capturar todos los detalles tanto en las \u00e1reas oscuras como en las brillantes de cada escena y conseguir incre\u00edbles fotos HDR. Evita la sobreexposici\u00f3n y aclara las \u00e1reas oscuras, lo que mejora el equilibrio de luces y sombras.<br \/>C\u00e1mara selfie de 20 MP: Selfies impresionantes. La c\u00e1mara frontal ultran\u00edtida de 0,8x ofrece una visi\u00f3n m\u00e1s amplia para selfies de grupo.<br \/>Resistencia IP68 al polvo y al agua. El Redmi Note 14 Pro+ 5G est\u00e1 equipado con protecci\u00f3n IP68 de gama alta, lo que significa que se ha probado para soportar hasta 30 minutos de inmersi\u00f3n en hasta 1,5 metros de agua.<br \/>Tecnolog\u00eda t\u00e1ctil con agua: La misma respuesta r\u00e1pida. Disfruta de una conexi\u00f3n sin interrupciones y de un desplazamiento fluido, incluso con los dedos h\u00famedos, aceitosos o jabonosos.<br \/>Alta resistencia: Marco de compuesto de aluminio. Con un marco compuesto de aluminio de alta resistencia, la rigidez general del dispositivo aumenta un 10 % en comparaci\u00f3n con la generaci\u00f3n anterior.<br \/>Refuerzo interno en las cuatro esquinas. Refuerza significativamente la integridad estructural general y garantiza que el dispositivo est\u00e9 protegido contra ca\u00eddas accidentales diarias.<br \/>Material amortiguador de pol\u00edmero. La espuma que absorbe energ\u00eda y el material amortiguador de pol\u00edmero garantizan un aterrizaje suave de la pantalla al dispersar las fuerzas de impacto.<br \/>N\u00facleo interior reforzado. El dise\u00f1o entrecruzado reforzado con acero y la placa base gruesa mejoran la resistencia a los impactos.<br \/>Redmi Note 14 Series con Google Gemini: Experiencias de IA precisas y eficientes. Habla con Gemini, un asistente de IA personal de Google muy \u00fatil, para llevar tus ideas al siguiente nivel.<br \/>Pantalla curva insignia en 3D: Se adapta a la perfecci\u00f3n a tu mano. La curvatura de la pantalla se adapta a la forma de la palma de la mano, lo que mejora el c\u00f3modo agarre del Redmi Note 14 Pro+ 5G.<br \/>Dise\u00f1o de la c\u00e1mara central: Filosof\u00eda de dise\u00f1o est\u00e9tica. Con un aspecto elegante y un dise\u00f1o de c\u00e1mara elaborada con precisi\u00f3n, el Redmi Note 14 Pro+ 5G luce una apariencia de primera calidad.<br \/>Primera piel vegana de Redmi Note: Exquisita y elegante. La piel vegana ofrece un aspecto de primera calidad, comodidad y una excelente resistencia a las huellas dactilares. *Modelo color Violeta Lavanda.<br \/>Pantalla con gran capacidad de respuesta: M\u00e1s fluido y emocionante. Disfruta de la suavidad y la emoci\u00f3n con el modo turbo del juego activado.<br \/>Efectos audiovisuales profesionales: Un cine en el bolsillo. Experimenta el brillo de una pantalla cinematogr\u00e1fica que mejora tu viaje visual con un brillo excepcional y un espectro de colores ricos e intensos que dan vida a cada detalle con una claridad asombrosa. Combinado con el potente sonido envolvente de los altavoces duales, este cine de bolsillo ofrece una experiencia sensorial completa al alcance de tu mano.<br \/>Snapdragon\u00ae 7s Gen 3: Procesador de 4 nm TSMC. El procesador Qualcomm Snapdragon utiliza la arquitectura ARM V9.2. Actualizado a 4 n\u00facleos grandes de A720 y 4 n\u00facleos peque\u00f1os de A520, ofrece un rendimiento multin\u00facleo m\u00e1s potente y mejores capacidades generales.<br \/>\u00c1rea impresionantemente grande: Mejor rendimiento de refrigeraci\u00f3n. Con una refrigeraci\u00f3n de vapor tradicional que cubre casi 5000 mm\u00b2, gestiona sin esfuerzo situaciones de gran carga, como juegos y v\u00eddeos de alta resoluci\u00f3n.<br \/>Bater\u00eda de gran capacidad de 5110 mAh con HyperCharge de 120 W. La gran capacidad de la bater\u00eda del Redmi Note 14 Pro+ 5G permite que tu smartphone funcione durante m\u00e1s tiempo con una sola carga, lo que reduce la frecuencia de carga.<br \/>Protecci\u00f3n contra el fr\u00edo: Funciona bien incluso en entornos de baja temperatura. Disfruta de 4,9 horas m\u00e1s de uso con una bater\u00eda de alta densidad mejorada, probada para soportar temperaturas de hasta -20 \u00b0C. Gracias a la tecnolog\u00eda de carga a baja temperatura mejorada, el Redmi Note 14 Pro+ 5G se puede cargar sin problemas, incluso a temperaturas de -20 \u00b0C.<br \/>Sistema de gesti\u00f3n de bater\u00edas Xiaomi Surge: Carga eficiente y vida \u00fatil de la bater\u00eda. El algoritmo de gesti\u00f3n de la vida \u00fatil de la bater\u00eda aprende de tus h\u00e1bitos de carga diarios y ajusta la tensi\u00f3n y la corriente en tiempo real para ralentizar la degradaci\u00f3n de la bater\u00eda de forma eficaz. Conserva el 80 % de la vida \u00fatil de la bater\u00eda despu\u00e9s de 1600 ciclos de carga, lo que equivale aproximadamente a 4 a\u00f1os de uso normal, para disfrutar de un uso a largo plazo.<\/p>\n<p>Especificaciones Xiaomi Redmi Note 14 Pro+ 5G<\/p>\n<p>Sistema operativo Xiaomi HyperOS<br \/>Procesador Snapdragon\u00ae 7s Gen 3<br \/>Proceso de fabricaci\u00f3n de 4 nm<br \/>CPU: Procesador de ocho n\u00facleos, hasta 2,5 GHz<br \/>GPU: GPU Adreno<br \/>Pantalla CrystalRes AMOLED de 6,67&#8243;<br \/>Resoluci\u00f3n: 2712 x 1220 (resoluci\u00f3n de 1,5K)<br \/>Frecuencia de actualizaci\u00f3n: Hasta 120 Hz<br \/>Frecuencia de muestreo t\u00e1ctil: Hasta 480 Hz<br \/>Brillo m\u00e1ximo: 3000 nits<br \/>Profundidad de color: 12 bits<br \/>Relaci\u00f3n de contraste: 5 000 000:1<br \/>Gama de colores: Amplia gama DCI-P3<br \/>Protecci\u00f3n: Corning\u00ae Gorilla\u00ae Glass Victus\u00ae 2<br \/>Compatible con Dolby Vision\u00ae<br \/>Modo de lectura<br \/>Atenuaci\u00f3n PWM de 1920 Hz<br \/>Ajuste de brillo con 20 000 niveles<br \/>HDR10+<br \/>Certificaci\u00f3n de luz azul reducida de T\u00dcV Rheinland (soluci\u00f3n de software)<br \/>Certificaci\u00f3n de tecnolog\u00eda sin parpadeos de T\u00dcV Rheinland<br \/>Certificaci\u00f3n de compatibilidad con ritmos circadianos de T\u00dcV Rheinland<br \/>SIM<br \/>Doble SIM (nano SIM + nano SIM o nano SIM + eSIM)<br \/>Memoria<br \/>RAM: 8 GB LPDDR4X<br \/>Almacenamiento interno: 256 GB UFS 2.2<br \/>C\u00e1maras<br \/>C\u00e1mara trasera:<br \/>C\u00e1mara principal de 200 MP<br \/>OIS<br \/>f\/1,65<br \/>Agrupamiento 16 en 1 en un gran p\u00edxel de 2,24 ?m<br \/>Tama\u00f1o del sensor de 1\/1,4&#8243;<br \/>Lente de 7 elementos<br \/>C\u00e1mara ultra gran angular de 8 MP, f\/2,2<br \/>C\u00e1mara macro de 2 MP, f\/2,4<br \/>Grabaci\u00f3n de v\u00eddeo de la c\u00e1mara trasera: 4K a 24\/30 fps, 1080p a 30\/60 fps, 720p a 30 fps, C\u00e1mara lenta: 1080p a 120 fps, C\u00e1mara lenta: 720p a 120\/240 fps<br \/>C\u00e1mara frontal:<br \/>C\u00e1mara frontal de 20 MP, f\/2,2<br \/>Grabaci\u00f3n de v\u00eddeo: 1080p a 30\/60 fps, 720p a 30 fps<br \/>Audio<br \/>Dos altavoces<br \/>Dolby Atmos\u00ae<br \/>Redes<br \/>2G: GSM: 850, 900, 1800, 1900 MHz<br \/>3G: WCDMA: 1\/2\/4\/5\/6\/8\/19<br \/>4G: LTE FDD: 1\/2\/3\/4\/5\/7\/8\/12\/13\/17\/18\/19\/20\/26\/28\/32\/66<br \/>4G: LTE TDD: 38\/40\/41\/42\/48<br \/>5G: n1\/2\/3\/5\/7\/8\/12\/20\/26\/28\/38\/40\/41\/48\/66\/77\/78<br \/>Conectividad<br \/>Wi-Fi 6 (Compatible con MIMO 2&#215;2, Wi-Fi Direct)<br \/>Bluetooth 5.4<br \/>NFC<br \/>Navegaci\u00f3n y posicionamiento<br \/>Beidou: B1I\/B1c<br \/>GPS: L1<br \/>Galileo: E1<br \/>GLONASS: G1<br \/>QZSS: L1<br \/>Posicionamiento suplementario A-GPS<br \/>Seguridad<br \/>Sensor de huellas dactilares en pantalla<br \/>Desbloqueo facial por IA<br \/>Sensores<br \/>Sensor de proximidad<br \/>Sensor de luz ambiental<br \/>Aceler\u00f3metro<br \/>Br\u00fajula electr\u00f3nica<br \/>Emisor de infrarrojos<br \/>Sensor de parpadeo<br \/>Giroscopio<br \/>Motor lineal de eje X<br \/>Resistencia al agua y al polvo<br \/>IP68<br \/>Dimensiones y peso<br \/>Altura: 162,53 mm<br \/>Anchura: 74,67 mm<br \/>Grosor: Negro Medianoche y Azul Hielo: 8,75 mm, Violeta Lavanda: 8,85 mm<br \/>Peso: Negro Medianoche y Azul Hielo: 210,14 g, Violeta Lavanda: 205,13 g<br \/>Bater\u00eda<br \/>5110 mAh (t\u00edp.)<br \/>HyperCharge de 120 W<\/p>\n","protected":false},"excerpt":{"rendered":"<p>Movil xiaomi redmi note 14 pro+ 5g 8 &#8211; 256gb negro<\/p>\n","protected":false},"featured_media":230198,"comment_status":"closed","ping_status":"open","template":"","meta":{"_et_pb_use_builder":"","_et_pb_old_content":"","_et_gb_content_width":""},"product_brand":[2092],"product_cat":[2058,2063,2062],"product_tag":[2068,2121,2067,2066,2093],"class_list":{"0":"post-232131","1":"product","2":"type-product","3":"status-publish","4":"has-post-thumbnail","6":"product_brand-xiaomi","7":"product_cat-dispositivos","8":"product_cat-smartphones","9":"product_cat-telefonia","10":"product_tag-dispositivos","11":"product_tag-movil-xiaomi-redmi-note-14-pro","12":"product_tag-smartphones","13":"product_tag-telefonia","14":"product_tag-xiaomi","15":"product_shipping_class-2059","16":"pa_canon-digital-incluida-2060","18":"first","19":"instock","20":"taxable","21":"shipping-taxable","22":"purchasable","23":"product-type-simple"},"_links":{"self":[{"href":"https:\/\/linkxa.es\/linkshop\/wp-json\/wp\/v2\/product\/232131","targetHints":{"allow":["GET"]}}],"collection":[{"href":"https:\/\/linkxa.es\/linkshop\/wp-json\/wp\/v2\/product"}],"about":[{"href":"https:\/\/linkxa.es\/linkshop\/wp-json\/wp\/v2\/types\/product"}],"replies":[{"embeddable":true,"href":"https:\/\/linkxa.es\/linkshop\/wp-json\/wp\/v2\/comments?post=232131"}],"wp:featuredmedia":[{"embeddable":true,"href":"https:\/\/linkxa.es\/linkshop\/wp-json\/wp\/v2\/media\/230198"}],"wp:attachment":[{"href":"https:\/\/linkxa.es\/linkshop\/wp-json\/wp\/v2\/media?parent=232131"}],"wp:term":[{"taxonomy":"product_brand","embeddable":true,"href":"https:\/\/linkxa.es\/linkshop\/wp-json\/wp\/v2\/product_brand?post=232131"},{"taxonomy":"product_cat","embeddable":true,"href":"https:\/\/linkxa.es\/linkshop\/wp-json\/wp\/v2\/product_cat?post=232131"},{"taxonomy":"product_tag","embeddable":true,"href":"https:\/\/linkxa.es\/linkshop\/wp-json\/wp\/v2\/product_tag?post=232131"}],"curies":[{"name":"wp","href":"https:\/\/api.w.org\/{rel}","templated":true}]}}