{"id":232136,"date":"2024-12-12T01:19:49","date_gmt":"2024-12-12T01:19:49","guid":{"rendered":"https:\/\/linkxa.es\/contratacion\/producto\/telefono-fijo-inalambrico-gigaset-a170-marron\/"},"modified":"2025-08-01T22:43:37","modified_gmt":"2025-08-01T22:43:37","slug":"telefono-fijo-inalambrico-gigaset-a170-marron","status":"publish","type":"product","link":"https:\/\/linkxa.es\/linkshop\/producto\/telefono-fijo-inalambrico-gigaset-a170-marron\/","title":{"rendered":"Telefono fijo inalambrico gigaset a170 marron"},"content":{"rendered":"<p>Caracter\u00edsticas:<br \/>Lista de llamadas de hasta 25 entradas<br \/>Remarcaci\u00f3n de los \u00faltimos 10 n\u00fameros<br \/>Indica la fecha y hora adem\u00e1s de la funci\u00f3n de alarma<br \/>Teclas f\u00e1ciles de usar con puntos sensibles a la presi\u00f3n<br \/>Visualizaci\u00f3n de llamada con n\u00famero o nombre<br \/>ECO DECT<br \/>Especificaciones Gigaset A170:<br \/>Caracter\u00edsticas generales<br \/>Conexi\u00f3n: Anal\u00f3gico<br \/>N\u00famero de tel\u00e9fono (anal\u00f3gica): 1<br \/>N\u00famero de conversaciones simult\u00e1neas (anal\u00f3gica): 1<br \/>Est\u00e1ndares DECT: DECT<br \/>ECO DECT: Reducci\u00f3n autom\u00e1tica de transmisi\u00f3n de energ\u00eda, Libre de<br \/>radiaci\u00f3n en modo standby, Bajo consumo de energ\u00eda<br \/>Caracter\u00edsticas adicionales<br \/>Tiempo en modo en espera: hasta 200 horas<br \/>Tiempo de conversaci\u00f3n: hasta 18 horas<br \/>N\u00famero de registros en agenda telef\u00f3nica (nombre\/n\u00famero): 50<br \/>Funci\u00f3n de alarma: Si<br \/>Se\u00f1alizaci\u00f3n \u00f3ptica de llamada (pantalla iluminada)<br \/>Pantalla iluminada<br \/>Llamadas internas gratuitas: Si<br \/>Transferencia de tel\u00e9fonos\/libreta de direcciones interna a trav\u00e9s de<br \/>DECT (de terminal a terminal): Si<br \/>Transferencia interna de llamadas externas, llamada de conferencia,<br \/>devoluci\u00f3n de llamada: Si<br \/>Caracter\u00edsticas de sonido<br \/>Volumen ajustable: Mediante el Men\u00fa<br \/>N\u00famero de tonos: 10<br \/>Caracter\u00edsticas de la pantalla<br \/>Tipo de pantalla: Alfanum\u00e9rica blanco y negro<br \/>Dimensiones (alt. x anch.): 22 x 34 mm<br \/>Diagonal: 1,5 pulgadas<br \/>Resoluci\u00f3n: 70 x 8 px<br \/>Visualizaci\u00f3n del llamante en pantalla Indicaci\u00f3n del n\u00famero de tel\u00e9fono<br \/>llamante (CLIP)<br \/>Lista de las \u00faltimas llamadas perdidas (n\u00famero) con hora y fecha: 25<br \/>Men\u00fa en varios idiomas (varios idiomas de pantalla): Si<br \/>Tiempo\/Fecha mostrada: Si<br \/>N\u00famero de idiomas: 24<br \/>Caracter\u00edsticas del teclado<br \/>Manejo sencillo con teclas de navegaci\u00f3n: Si<\/p>\n","protected":false},"excerpt":{"rendered":"<p>Telefono fijo inalambrico gigaset a170 marron 50 numeros agenda &#8211;  10 tonos<\/p>\n","protected":false},"featured_media":230725,"comment_status":"closed","ping_status":"open","template":"","meta":{"_et_pb_use_builder":"","_et_pb_old_content":"","_et_gb_content_width":""},"product_brand":[2311],"product_cat":[2058,2062,2312],"product_tag":[2068,2313,2066,2364,2315],"class_list":{"0":"post-232136","1":"product","2":"type-product","3":"status-publish","4":"has-post-thumbnail","6":"product_brand-gigaset","7":"product_cat-dispositivos","8":"product_cat-telefonia","9":"product_cat-telefonos-fijos","10":"product_tag-dispositivos","11":"product_tag-gigaset","12":"product_tag-telefonia","13":"product_tag-telefono-fijo-inalambrico-gigaset-a170-marron","14":"product_tag-telefonos-fijos","15":"product_shipping_class-2059","17":"first","18":"instock","19":"taxable","20":"shipping-taxable","21":"purchasable","22":"product-type-simple"},"_links":{"self":[{"href":"https:\/\/linkxa.es\/linkshop\/wp-json\/wp\/v2\/product\/232136","targetHints":{"allow":["GET"]}}],"collection":[{"href":"https:\/\/linkxa.es\/linkshop\/wp-json\/wp\/v2\/product"}],"about":[{"href":"https:\/\/linkxa.es\/linkshop\/wp-json\/wp\/v2\/types\/product"}],"replies":[{"embeddable":true,"href":"https:\/\/linkxa.es\/linkshop\/wp-json\/wp\/v2\/comments?post=232136"}],"wp:featuredmedia":[{"embeddable":true,"href":"https:\/\/linkxa.es\/linkshop\/wp-json\/wp\/v2\/media\/230725"}],"wp:attachment":[{"href":"https:\/\/linkxa.es\/linkshop\/wp-json\/wp\/v2\/media?parent=232136"}],"wp:term":[{"taxonomy":"product_brand","embeddable":true,"href":"https:\/\/linkxa.es\/linkshop\/wp-json\/wp\/v2\/product_brand?post=232136"},{"taxonomy":"product_cat","embeddable":true,"href":"https:\/\/linkxa.es\/linkshop\/wp-json\/wp\/v2\/product_cat?post=232136"},{"taxonomy":"product_tag","embeddable":true,"href":"https:\/\/linkxa.es\/linkshop\/wp-json\/wp\/v2\/product_tag?post=232136"}],"curies":[{"name":"wp","href":"https:\/\/api.w.org\/{rel}","templated":true}]}}