{"id":232144,"date":"2025-01-11T06:32:00","date_gmt":"2025-01-11T06:32:00","guid":{"rendered":"https:\/\/linkxa.es\/contratacion\/producto\/telefono-fijo-motorola-inalambrico-s1201-negro\/"},"modified":"2025-08-01T22:44:53","modified_gmt":"2025-08-01T22:44:53","slug":"telefono-fijo-motorola-inalambrico-s1201-negro","status":"publish","type":"product","link":"https:\/\/linkxa.es\/linkshop\/producto\/telefono-fijo-motorola-inalambrico-s1201-negro\/","title":{"rendered":"Telefono fijo motorola inalambrico s1201 negro"},"content":{"rendered":"<p>Especificaciones MOTOROLA S1201 Telefono DECT Negro<\/p>\n<p>El Motorola S12 es perfecto para sus necesidades en llamadas residenciales, viene equipado con una gran pantalla, manos libres y la opci\u00f3n de contestador autom\u00e1tico. El Motorola S12 tambi\u00e9n est\u00e1 disponible en una atrevida variedad de<br \/>colores a juego con su gran pantalla. Motorola dar\u00e1 un toque de color a su casa.<\/p>\n<p>Marca Motorola<br \/>Modelo C69000D48O1AES03<br \/>Caracter\u00edsticas General<br \/>&#8211; Compatible GAB<br \/>&#8211; Hasta 4 bases, ampliable hasta 5 terminales<br \/>&#8211; Estaci\u00f3n base \/ seguridad del terminal<br \/>&#8211; Alcance interior\/exterior &#8211; hasta 50m \/ 300m<br \/>&#8211; Modo de marcaci\u00f3n &#8211; tono y pulso<br \/>&#8211; B\u00fasqueda de terminales<br \/>&#8211; Aviso de fuera de alcance<br \/>&#8211; Encendido\/apagado del tel\u00e9fono<br \/>&#8211; Posibilidad de poner nombre a los terminales<br \/>&#8211; Bloqueo del teclado<br \/>Pantalla<br \/>&#8211; 1 l\u00ednea blanco y negro alfanum\u00e9rico &#8211; pantalla 14 segmentos<br \/>&#8211; Pantalla retroiluminada brillante &#8211; para fijar un color<br \/>&#8211; Reloj \/ Alarma<br \/>&#8211; Cron\u00f3metro de duraci\u00f3n de llamada<br \/>&#8211; ECO reduce el consumo de energ\u00edar<br \/>&#8211; 17 idiomas a elegir<br \/>Sonido \/ Audio<br \/>&#8211; Altavoz manos libres<br \/>&#8211; 5 melod\u00edas de timbre polif\u00f3nicas<br \/>&#8211; 5 melod\u00edas de timbre monof\u00f3nicas<br \/>&#8211; Ajuste del volumen de la base 5 niveles y silencio<br \/>&#8211; Ajuste del volumen del terminal- 5 niveles y silencio<br \/>&#8211; Volumen del auricular del tel\u00e9fono &#8211; 5 niveles<br \/>&#8211; Tono de teclado on\/off<br \/>Llamadas<br \/>&#8211; Agenda para 50 nombres y n\u00fameros<br \/>&#8211; Aparecen los nombres de la agenda en las llamadas entrantes<br \/>&#8211; Identificaci\u00f3n de llamadas &#8211; tipo I \/ tipo II<br \/>&#8211; Lista de llamadas entrantes &#8211; 402<br \/>&#8211; D\u00eda y hora de la lista de llamadas<br \/>&#8211; Memorias de rellamada &#8211; 10 entradas<br \/>&#8211; Copiar identificaci\u00f3n de n\u00famero entrante a la agenda<br \/>&#8211; Copiar n\u00famero en memoria de rellamada a la agenda<br \/>&#8211; Modo MUTE<br \/>&#8211; Auto-Talk(respuesta autom\u00e1tica) \/ Standby<br \/>&#8211; Rellamada<br \/>&#8211; Pre-marcaci\u00f3n posible<br \/>&#8211; Conferencia a 3<br \/>&#8211; Transferencia de llamadas entre telefonos<br \/>&#8211; Comunicaci\u00f3n entre terminales<br \/>&#8211; Longitud m\u00e1xima de n\u00famero de rellamada &#8211; 32 cifras<br \/>&#8211; Longitud m\u00e1xima de nombre en agenda &#8211; 12 caracteres<br \/>&#8211; Longitud m\u00e1xima de n\u00famero en memoria &#8211; 24 cifras<br \/>&#8211; Longitud m\u00e1xima de nombre de terminal &#8211; 10 caracteres<br \/>Energ\u00eda<br \/>&#8211; Alimentaci\u00f3n eficiente de energ\u00eda<br \/>&#8211; 2 bater\u00edas recargables AAA de NiMH<br \/>&#8211; Advertencia de bater\u00eda baja<br \/>&#8211; Tiempo en conversaci\u00f3n y tiempo en espera &#8211; hasta 10hrs \/ 200hrs<\/p>\n","protected":false},"excerpt":{"rendered":"<p>Telefono fijo motorola inalambrico s1201 negro<\/p>\n","protected":false},"featured_media":230731,"comment_status":"closed","ping_status":"open","template":"","meta":{"_et_pb_use_builder":"","_et_pb_old_content":"","_et_gb_content_width":""},"product_brand":[2081],"product_cat":[2058,2062,2312],"product_tag":[2068,2082,2066,2367,2315],"class_list":{"0":"post-232144","1":"product","2":"type-product","3":"status-publish","4":"has-post-thumbnail","6":"product_brand-motorola","7":"product_cat-dispositivos","8":"product_cat-telefonia","9":"product_cat-telefonos-fijos","10":"product_tag-dispositivos","11":"product_tag-motorola","12":"product_tag-telefonia","13":"product_tag-telefono-fijo-motorola-inalambrico-s1201-negro","14":"product_tag-telefonos-fijos","15":"product_shipping_class-2059","17":"first","18":"instock","19":"taxable","20":"shipping-taxable","21":"purchasable","22":"product-type-simple"},"_links":{"self":[{"href":"https:\/\/linkxa.es\/linkshop\/wp-json\/wp\/v2\/product\/232144","targetHints":{"allow":["GET"]}}],"collection":[{"href":"https:\/\/linkxa.es\/linkshop\/wp-json\/wp\/v2\/product"}],"about":[{"href":"https:\/\/linkxa.es\/linkshop\/wp-json\/wp\/v2\/types\/product"}],"replies":[{"embeddable":true,"href":"https:\/\/linkxa.es\/linkshop\/wp-json\/wp\/v2\/comments?post=232144"}],"wp:featuredmedia":[{"embeddable":true,"href":"https:\/\/linkxa.es\/linkshop\/wp-json\/wp\/v2\/media\/230731"}],"wp:attachment":[{"href":"https:\/\/linkxa.es\/linkshop\/wp-json\/wp\/v2\/media?parent=232144"}],"wp:term":[{"taxonomy":"product_brand","embeddable":true,"href":"https:\/\/linkxa.es\/linkshop\/wp-json\/wp\/v2\/product_brand?post=232144"},{"taxonomy":"product_cat","embeddable":true,"href":"https:\/\/linkxa.es\/linkshop\/wp-json\/wp\/v2\/product_cat?post=232144"},{"taxonomy":"product_tag","embeddable":true,"href":"https:\/\/linkxa.es\/linkshop\/wp-json\/wp\/v2\/product_tag?post=232144"}],"curies":[{"name":"wp","href":"https:\/\/api.w.org\/{rel}","templated":true}]}}