{"id":232155,"date":"2025-02-14T14:49:37","date_gmt":"2025-02-14T14:49:37","guid":{"rendered":"https:\/\/linkxa.es\/contratacion\/producto\/movil-apple-iphone-16e-512gb-white\/"},"modified":"2025-08-01T22:46:37","modified_gmt":"2025-08-01T22:46:37","slug":"movil-apple-iphone-16e-512gb-white","status":"publish","type":"product","link":"https:\/\/linkxa.es\/linkshop\/producto\/movil-apple-iphone-16e-512gb-white\/","title":{"rendered":"Movil apple iphone 16e 512gb white"},"content":{"rendered":"<p>-NOMBRE DEL PRODUCTO\u00a0<br \/>Smartphone Apple A3409 512 GB Blanco\u00a0<\/p>\n<p>-MODELO\u00a0<br \/>A3409\u00a0<\/p>\n<p>-COLOR\u00a0<br \/>Blanco\u00a0<\/p>\n<p>-MATERIAL DEL CUERPO\u00a0<br \/>Vidrio y aluminio de grado aeroespacial\u00a0<\/p>\n<p>-DIMENSIONES Y PESO\u00a0<br \/>Altura: 146.7 mm\u00a0<br \/>Anchura: 71.5 mm\u00a0<br \/>Profundidad: 7.8 mm\u00a0<br \/>Peso: 167 g\u00a0<\/p>\n<p>-PROTECCI\u00d3N\u00a0<br \/>Resistente al agua (hasta 6 m), polvo y salpicaduras (certificaci\u00f3n IP68 &#8211; IEC 60529)\u00a0<\/p>\n<p>-MEMORIA INTERNA\u00a0<br \/>512 GB\u00a0<\/p>\n<p>-PANTALLA\u00a0<br \/>Tipo: OLED\u00a0<br \/>Tama\u00f1o: 6.1 pulgadas\u00a0<br \/>Resoluci\u00f3n: 2532 x 1170 p\u00edxeles\u00a0<br \/>Tecnolog\u00eda: Super Retina XDR\u00a0<br \/>Densidad de p\u00edxeles: 460 ppi\u00a0<br \/>Contraste: 2,000,000:1\u00a0<br \/>Brillo m\u00e1ximo: 800 nits (HDR hasta 1200 nits)\u00a0<br \/>HDR: Dolby Vision, HDR10, HLG\u00a0<br \/>Protecci\u00f3n: Ceramic Shield y revestimiento oleof\u00f3bico\u00a0<br \/>Funciones: True Tone, Display Zoom, Haptic Touch, amplia gama de colores (P3)\u00a0<\/p>\n<p>-PROCESADOR\u00a0<br \/>Apple A18\u00a0<br \/>6 n\u00facleos\u00a0<br \/>M\u00f3dem Apple C1\u00a0<\/p>\n<p>-SISTEMA OPERATIVO\u00a0<br \/>iOS 18\u00a0<\/p>\n<p>-CONECTIVIDAD\u00a0<br \/>Wi-Fi 6 (802.11ax)\u00a0<br \/>Bluetooth 5.3\u00a0<br \/>NFC\u00a0<br \/>USB-C (24 pines)\u00a0<br \/>Tecnolog\u00eda MIMO\u00a0<br \/>Apple Pay\u00a0<\/p>\n<p>-COMPATIBILIDAD DE RED\u00a0<br \/>2G, 3G, 4G LTE y 5G NR\u00a0<br \/>Dual SIM: Nano SIM + eSIM\u00a0<br \/>Soporte para bandas globales, incluidas LTE y 5G\u00a0<\/p>\n<p>-NAVEGACI\u00d3N\u00a0<br \/>GPS, GLONASS, Galileo, QZSS, BeiDou, NavIC\u00a0<\/p>\n<p>-SEGURIDAD\u00a0<br \/>Reconocimiento facial (Face ID)\u00a0<\/p>\n<p>-SENSORES\u00a0<br \/>Aceler\u00f3metro de alta g\u00a0<br \/>Giroscopio de alto rango din\u00e1mico\u00a0<br \/>Sensor de proximidad\u00a0<br \/>Bar\u00f3metro\u00a0<br \/>Br\u00fajula digital\u00a0<br \/>Sensor de luz ambiente dual\u00a0<\/p>\n<p>-BATER\u00cdA\u00a0<br \/>Tipo: Ion de litio\u00a0<br \/>Carga r\u00e1pida: Compatible\u00a0<br \/>Carga inal\u00e1mbrica: S\u00ed (Qi)\u00a0<br \/>Autonom\u00eda:\u00a0<br \/>&#8211; Hasta 90 h (audio)\u00a0<br \/>&#8211; Hasta 26 h (video)\u00a0<br \/>&#8211; Hasta 21 h (video en streaming)\u00a0<\/p>\n<p>-C\u00c1MARA PRINCIPAL\u00a0<br \/>Resoluci\u00f3n: 48 MP\u00a0<br \/>Apertura: f\/1.6\u00a0<br \/>Zoom \u00f3ptico: 2x\u00a0<br \/>Zoom digital: 10x\u00a0<br \/>Modos: Retrato, Panor\u00e1mica, Noche, R\u00e1faga, HDR Smart 5\u00a0<br \/>V\u00eddeo: 4K hasta 60 fps, 1080p hasta 240 fps\u00a0<br \/>Funciones: Deep Fusion, Photonic Engine, Estabilizaci\u00f3n \u00f3ptica (OIS), grabaci\u00f3n en est\u00e9reo, Dolby Vision, HEVC, Audio espacial\u00a0<\/p>\n<p>-C\u00c1MARA FRONTAL\u00a0<br \/>Resoluci\u00f3n: 12 MP\u00a0<br \/>Apertura: f\/1.9\u00a0<br \/>Modos: Retrato, Noche, HDR Smart 5\u00a0<br \/>V\u00eddeo: 4K hasta 60 fps, 1080p hasta 120 fps\u00a0<br \/>Flash Retina\u00a0<\/p>\n<p>-ASISTENTE INTELIGENTE\u00a0<br \/>Siri\u00a0<\/p>\n<p>-FUNCIONES ADICIONALES\u00a0<br \/>Bot\u00f3n de acci\u00f3n\u00a0<br \/>Llamadas v\u00eda Wi-Fi\u00a0<br \/>Audio de FaceTime\u00a0<br \/>Detecci\u00f3n de ca\u00eddas\u00a0<br \/>SOS de emergencia v\u00eda sat\u00e9lite\u00a0<br \/>SharePlay, Zoom con c\u00e1mara trasera, Live Speech, Personal Voice\u00a0<br \/>Accesibilidad: VoiceOver, Zoom, Magnifier, AssistiveTouch, Closed Captions, entre otras\u00a0<\/p>\n<p>-IDIOMAS DE PANTALLA\u00a0<br \/>Compatible con m\u00e1s de 30 idiomas, incluidos Espa\u00f1ol, Ingl\u00e9s, Franc\u00e9s, Alem\u00e1n, Italiano, Portugu\u00e9s, Japon\u00e9s, Chino, \u00c1rabe, entre otros\u00a0<\/p>\n<p>-ACCESORIOS INCLUIDOS\u00a0<br \/>Cable USB-C a USB-C (1 metro)\u00a0<\/p>\n<p>-CERTIFICACIONES Y SOSTENIBILIDAD\u00a0<br \/>IP68 (IEC 60529), RoHS, CE, FCC, UKCA\u00a0<br \/>Nivel EPEAT: Gold\u00a0<br \/>Material reciclado: 30 % del producto y 100 % del embalaje\u00a0<br \/>Huella de carbono: 62 kg CO?\u00a0<br \/>\u00a0<\/p>\n<p>-GARANT\u00cdA\u00a0<br \/>Garant\u00eda limitada: 1 a\u00f1o\u00a0<br \/>Soporte t\u00e9cnico: 90 d\u00edas\u00a0<\/p>\n","protected":false},"excerpt":{"rendered":"<p>Movil apple iphone 16e 512gb white<\/p>\n","protected":false},"featured_media":230192,"comment_status":"closed","ping_status":"open","template":"","meta":{"_et_pb_use_builder":"","_et_pb_old_content":"","_et_gb_content_width":""},"product_brand":[2061],"product_cat":[2058,2063,2062],"product_tag":[2064,2068,2159,2067,2066],"class_list":{"0":"post-232155","1":"product","2":"type-product","3":"status-publish","4":"has-post-thumbnail","6":"product_brand-apple","7":"product_cat-dispositivos","8":"product_cat-smartphones","9":"product_cat-telefonia","10":"product_tag-apple","11":"product_tag-dispositivos","12":"product_tag-movil-apple-iphone-16e-512gb-white","13":"product_tag-smartphones","14":"product_tag-telefonia","15":"product_shipping_class-2059","16":"pa_canon-digital-incluida-2060","18":"first","19":"instock","20":"taxable","21":"shipping-taxable","22":"purchasable","23":"product-type-simple"},"_links":{"self":[{"href":"https:\/\/linkxa.es\/linkshop\/wp-json\/wp\/v2\/product\/232155","targetHints":{"allow":["GET"]}}],"collection":[{"href":"https:\/\/linkxa.es\/linkshop\/wp-json\/wp\/v2\/product"}],"about":[{"href":"https:\/\/linkxa.es\/linkshop\/wp-json\/wp\/v2\/types\/product"}],"replies":[{"embeddable":true,"href":"https:\/\/linkxa.es\/linkshop\/wp-json\/wp\/v2\/comments?post=232155"}],"wp:featuredmedia":[{"embeddable":true,"href":"https:\/\/linkxa.es\/linkshop\/wp-json\/wp\/v2\/media\/230192"}],"wp:attachment":[{"href":"https:\/\/linkxa.es\/linkshop\/wp-json\/wp\/v2\/media?parent=232155"}],"wp:term":[{"taxonomy":"product_brand","embeddable":true,"href":"https:\/\/linkxa.es\/linkshop\/wp-json\/wp\/v2\/product_brand?post=232155"},{"taxonomy":"product_cat","embeddable":true,"href":"https:\/\/linkxa.es\/linkshop\/wp-json\/wp\/v2\/product_cat?post=232155"},{"taxonomy":"product_tag","embeddable":true,"href":"https:\/\/linkxa.es\/linkshop\/wp-json\/wp\/v2\/product_tag?post=232155"}],"curies":[{"name":"wp","href":"https:\/\/api.w.org\/{rel}","templated":true}]}}