{"id":232188,"date":"2024-12-04T08:43:59","date_gmt":"2024-12-04T08:43:59","guid":{"rendered":"https:\/\/linkxa.es\/contratacion\/producto\/movil-tcl-605-4-128gb-azul\/"},"modified":"2025-08-01T22:49:04","modified_gmt":"2025-08-01T22:49:04","slug":"movil-tcl-605-4-128gb-azul","status":"publish","type":"product","link":"https:\/\/linkxa.es\/linkshop\/producto\/movil-tcl-605-4-128gb-azul\/","title":{"rendered":"Movil tcl 605 4 128gb azul"},"content":{"rendered":"<p>-DIMENSIONES Y PESO<\/p>\n<p>Dimensiones: 165,6 x 76,2 x 8,34 mm\u00a0<br \/>Peso: 190 g\u00a0<br \/>Teclas laterales: 2 (Volumen, Potencia)\u00a0<br \/>Clasificaci\u00f3n: IP54, dise\u00f1o ecol\u00f3gico\u00a0<\/p>\n<p>-PANTALLA<\/p>\n<p>Tama\u00f1o: 6,7&#8243;\u00a0<br \/>Resoluci\u00f3n: HD+ (720 x 1600 p\u00edxeles), 263 ppi\u00a0<br \/>Frecuencia de actualizaci\u00f3n: 90 Hz\u00a0<br \/>Brillo: 480 nits (t\u00edpico)\u00a0<br \/>Relaci\u00f3n de aspecto: 20:9\u00a0<br \/>Relaci\u00f3n de contraste: 1500:1 (t\u00edpico)\u00a0<br \/>Tipo de vidrio: Pantalla perforada de vidrio 2.5D\u00a0<br \/>Recubrimiento antihuellas: S\u00ed\u00a0<br \/>Gama de colores: NTSC 69,3 % (t\u00edpico)\u00a0<br \/>Relaci\u00f3n pantalla-cuerpo: VA:TP = 91% , VA:BD = 86%\u00a0<\/p>\n<p>-BATER\u00cdA Y CARGA<\/p>\n<p>Capacidad: 5200 mAh (t\u00edpico)\u00a0<br \/>Carga r\u00e1pida: 18 W\u00a0<br \/>Puerto de carga: USB tipo C 2.0\u00a0<br \/>Tiempo de carga estimado: 2.3 h\u00a0<br \/>Duraci\u00f3n de uso (DOU): 16 h\u00a0<\/p>\n<p>-SISTEMA OPERATIVO Y RENDIMIENTO<\/p>\n<p>Versi\u00f3n: Android 15\u00a0<br \/>Chipset: MediaTek G81\u00a0<br \/>CPU: Octa-Core (2 x A75 a 2,0 GHz + 6 x A55 a 1,7 GHz)\u00a0<br \/>GPU: ARM G52 MC2\u00a0<\/p>\n<p>-MEMORIA Y ALMACENAMIENTO<\/p>\n<p>RAM: 4 GB + expansi\u00f3n de 10 GB\u00a0<br \/>Almacenamiento interno: 128 GB\u00a0<br \/>Almacenamiento externo: MicroSD hasta 2 TB\u00a0<\/p>\n<p>-C\u00c1MARAS<\/p>\n<p>C\u00e1mara principal:\u00a0<br \/>\u00a0 50 MP PDAF\u00a0<br \/>\u00a0 Sensor: 1\/2,55&#8243;, p\u00edxel 0,7 ?m\u00a0<br \/>\u00a0 Apertura: F1.8\u00a0<br \/>\u00a0 Campo de visi\u00f3n: 79,4\u00b0\u00a0<br \/>\u00a0 Lente: 5P\u00a0<\/p>\n<p>C\u00e1mara secundaria:\u00a0<br \/>\u00a0 5 MP FF\u00a0<br \/>\u00a0 Sensor: 1\/5&#8243;, p\u00edxel 1,12 ?m\u00a0<br \/>\u00a0 Apertura: F2.2\u00a0<br \/>\u00a0 Lente: 3P\u00a0<\/p>\n<p>Captura de video: 1080P a 30 fps\u00a0<br \/>Funciones: Linterna, HDR, Panorama, Detecci\u00f3n de rostro, Detecci\u00f3n de escenas con IA, Disparo en r\u00e1faga, Eliminaci\u00f3n de ruido MFNR, Modo Pro, Rastreo de luz, Embellecimiento facial, Selfie grupal, Captura autom\u00e1tica\u00a0<\/p>\n<p>-CONECTIVIDAD<\/p>\n<p>Red m\u00f3vil:\u00a0<br \/>\u00a0 4G Cat 4: DL 150 Mbps \/ UL 50 Mbps\u00a0<br \/>\u00a0 3G HSPA+: DL 42 Mbps \/ UL 11 Mbps\u00a0<br \/>\u00a0 2G GPRS\/EDGE\u00a0<\/p>\n<p>Bandas 4G: B1\/2\/3\/4\/5\/7\/8\/12\/13\/17\/26\/28\/38\/40\/66\/41 (2496-2690 MHz)\u00a0<br \/>Bandas 3G: B1\/2\/4\/5\/8\u00a0<br \/>Bandas 2G: 850\/900\/1800\/1900\u00a0<\/p>\n<p>Wi-Fi: 802.11 a\/b\/g\/n\/ac, 2,4 GHz y 5 GHz, Wi-Fi Direct, pantalla Wi-Fi\u00a0<br \/>Bluetooth: 5.1\u00a0<br \/>NFC: S\u00ed\u00a0<br \/>Conector de audio: S\u00ed\u00a0<br \/>SIM: Doble SIM (SIM1 + SIM2 + Tarjeta TF)\u00a0<\/p>\n<p>-AUTENTICACI\u00d3N Y UBICACI\u00d3N<\/p>\n<p>Autenticaci\u00f3n: Desbloqueo facial, Sensor de huella (lateral)\u00a0<br \/>Sistemas de ubicaci\u00f3n: GPS, Glonass, Beidou, Galileo, A-GPS\u00a0<\/p>\n<p>-SENSORES<\/p>\n<p>Aceler\u00f3metro (sensor G)\u00a0<br \/>Sensor de proximidad (por software)\u00a0<\/p>\n<p>-SONIDO Y MULTIMEDIA<\/p>\n<p>Altavoces: 2\u00a0<br \/>Caracter\u00edsticas de audio: Gran volumen, Est\u00e9reo\u00a0<br \/>Formatos de audio: AAC, HE-AAC v1, HE-AAC v2, AMR, AWB, MIDI, MP3, OGG VORBIS, WAV (Alaw\/Ulaw), WAV (sin procesar), FLAC, OPUS\u00a0<br \/>Formatos de video: H.263, MPEG2, MPEG4, H.264, H.265, VP8, VP9\u00a0<\/p>\n<p>-FUNCIONES DESTACADAS<\/p>\n<p>Pantalla inmersiva de 6,7? con frecuencia de 90 Hz\u00a0<br \/>Altavoces est\u00e9reo duales para experiencia audiovisual envolvente\u00a0<br \/>Expansi\u00f3n de RAM para multitarea fluida\u00a0<br \/>Procesador eficiente MediaTek G81\u00a0<br \/>C\u00e1mara principal de 50 MP con tecnolog\u00eda quad bayer y modo macro\u00a0<br \/>Detecci\u00f3n de escenas con IA y captura por gestos\u00a0<br \/>Modo HDR para fotos m\u00e1s equilibradas\u00a0<br \/>Dise\u00f1o estilizado con resistencia IP54\u00a0<\/p>\n","protected":false},"excerpt":{"rendered":"<p>Movil tcl 605 4 &#8211; 128gb azul<\/p>\n","protected":false},"featured_media":230202,"comment_status":"closed","ping_status":"open","template":"","meta":{"_et_pb_use_builder":"","_et_pb_old_content":"","_et_gb_content_width":""},"product_brand":[2132],"product_cat":[2058,2063,2062],"product_tag":[2068,2163,2067,2133,2066],"class_list":{"0":"post-232188","1":"product","2":"type-product","3":"status-publish","4":"has-post-thumbnail","6":"product_brand-tcl","7":"product_cat-dispositivos","8":"product_cat-smartphones","9":"product_cat-telefonia","10":"product_tag-dispositivos","11":"product_tag-movil-tcl-605-4-128gb-azul","12":"product_tag-smartphones","13":"product_tag-tcl","14":"product_tag-telefonia","15":"product_shipping_class-2088","16":"pa_canon-digital-incluida-2060","18":"first","19":"instock","20":"taxable","21":"shipping-taxable","22":"purchasable","23":"product-type-simple"},"_links":{"self":[{"href":"https:\/\/linkxa.es\/linkshop\/wp-json\/wp\/v2\/product\/232188","targetHints":{"allow":["GET"]}}],"collection":[{"href":"https:\/\/linkxa.es\/linkshop\/wp-json\/wp\/v2\/product"}],"about":[{"href":"https:\/\/linkxa.es\/linkshop\/wp-json\/wp\/v2\/types\/product"}],"replies":[{"embeddable":true,"href":"https:\/\/linkxa.es\/linkshop\/wp-json\/wp\/v2\/comments?post=232188"}],"wp:featuredmedia":[{"embeddable":true,"href":"https:\/\/linkxa.es\/linkshop\/wp-json\/wp\/v2\/media\/230202"}],"wp:attachment":[{"href":"https:\/\/linkxa.es\/linkshop\/wp-json\/wp\/v2\/media?parent=232188"}],"wp:term":[{"taxonomy":"product_brand","embeddable":true,"href":"https:\/\/linkxa.es\/linkshop\/wp-json\/wp\/v2\/product_brand?post=232188"},{"taxonomy":"product_cat","embeddable":true,"href":"https:\/\/linkxa.es\/linkshop\/wp-json\/wp\/v2\/product_cat?post=232188"},{"taxonomy":"product_tag","embeddable":true,"href":"https:\/\/linkxa.es\/linkshop\/wp-json\/wp\/v2\/product_tag?post=232188"}],"curies":[{"name":"wp","href":"https:\/\/api.w.org\/{rel}","templated":true}]}}