{"id":232232,"date":"2025-03-15T21:45:45","date_gmt":"2025-03-15T21:45:45","guid":{"rendered":"https:\/\/linkxa.es\/contratacion\/producto\/movil-iphone-15-512gb-black\/"},"modified":"2025-08-01T22:52:58","modified_gmt":"2025-08-01T22:52:58","slug":"movil-iphone-15-512gb-black","status":"publish","type":"product","link":"https:\/\/linkxa.es\/linkshop\/producto\/movil-iphone-15-512gb-black\/","title":{"rendered":"Movil iphone 15 512gb black"},"content":{"rendered":"<p>Ficha T\u00e9cnica<br \/>General<br \/>Tipo de producto Tel\u00e9fono inteligente<br \/>N\u00famero del modelo de fabricante A3090<br \/>Factor de forma Toque<br \/>Protecci\u00f3n Impermeable,resistente a salpicaduras,resistente al polvo<br \/>Anchura 71.6 mm<br \/>Profundidad 7.8 mm<br \/>Altura 147.6 mm<br \/>Peso 171 g<br \/>Color del cuerpo Negro<br \/>Material del cuerpo Vidrio,aluminio de grado aeroespacial<br \/>Celular<br \/>Tecnolog\u00eda WCDMA (UMTS) \/ GSM<br \/>Generaci\u00f3n de banda ancha 5G<br \/>Proveedor de servicios Sin especificar<br \/>Sistema operativo iOS 17<br \/>Asistente inteligente Siri<br \/>Navegaci\u00f3n GPS,GLONASS,BeiDou,Galileo,QZSS<br \/>Tipo de tarjeta SIM Nano SIM,tarjeta SIM electr\u00f3nica (e-SIM)<br \/>N.\u00bade tarjetas SIM SIM doble<br \/>Tecnolog\u00eda de pago Apple Pay<br \/>Dispositivo de entrada Multitoque<br \/>Comunicaciones<br \/>Transmisi\u00f3n de datos EDGE,HSPA+,DC-HSDPA,VoLTE,FDD-LTE,LTE gigabit,LAA,5G NR FR1,TD-LTE<br \/>Banda 2G 850 GSM,900 GSM,1800 GSM,1900 GSM<br \/>Banda 3G UMTS Banda 1,Banda 2,Banda 5,Banda 8,Banda 10<br \/>Frecuencia 3G UMTS 2100,1900,850,900,1700 EAWS<br \/>Banda 4G LTE Banda 1,Banda 2,Banda 3,Banda 4,Banda 5,Banda 7,Banda 8,Banda 12,Banda 13,Banda 17,Banda 18,Banda 19,Banda 20,Banda 25,Banda 26,Banda 28,Banda 30,Banda 32,Banda<br \/>34,Banda 38,Banda 39,Banda 40,Banda 41,Banda 42,Banda 46,Banda 48,Banda 66,banda 53<br \/>Frecuencia 4G LTE FDD 2100,FDD 1900 PCS,FDD 1800+,FDD 1700 &#8211; 2110 AWS,FDD 850,FDD 2600,FDD 900,FDD 700a,FDD 700c,FDD 700b,FDD 800 inferior,FDD 800 superior,FDD 800 DD,FDD 1900+,FDD<br \/>850+,FDD 700 APT,FDD 2300 WCS,FDD 1500 L,TDD 2000,TDD 2600,TDD 1900,TDD 2300,TDD 2500,TDD 3500,TDD 5150,TDD 3600,FDD 1700 &#8211; 2110 AWS-3,banda 53<br \/>Banda NR 5G N1,n2,n3,n5,n7,n8,n20,n28,n38,n41,n66,n70,n75,n76,n77,n78,n79,n40,n25,n12,n48,n26,n30,n53<br \/>Frecuencia NR 5G FDD 2100,FDD 1900PCS,FDD 1800,FDD 850,FDD 2600,FDD 900,FDD 800,FDD 700APT,TDD TD 2600,TDD TD 2500,FDD AWS-3,FDD AWS-4,SDL DL 1500+,SDL DL 1500-,TDD TD<br \/>3700,TDD TD 3500,TDD TD 4500,TDD 2300,FDD 1900,n12,TDD 3500,FDD 850,FDD 2300,n53<br \/>Interfaz inal\u00e1mbrica NFC,IEEE 802.11ax,Ultra-Wideband (UWB),Bluetooth 5.3<br \/>Caracter\u00edsticas del tel\u00e9fono<br \/>Sensores Aceler\u00f3metro,sensor de proximidad,br\u00fajula digital,bar\u00f3metro,magnet\u00f3metro,sensor dual de luz de ambiente,gyroscope with high dynamic range<br \/>Dispositivos de seguridad Reconocimiento facial<br \/>Tecnolog\u00eda de seguridad ID facial<br \/>Caracter\u00edsticas adicionales Tecnolog\u00eda MIMO,Llamada Wi-Fi,microubicaci\u00f3n iBeacon,teclado QuickType,Soporte Apple TV (2\u00aa generaci\u00f3n y posterior),transmisi\u00f3n inal\u00e1mbrica AirPlay 2,audio de FaceTime,Apple<br \/>MagSafe,tarjetas Express Transit con reserva de energ\u00eda,AirPlay Mirroring HDR en 4K,FaceTime HD (1080p),compatible con RTT\/TTY,aislamiento de voz,motor neural de 16 n\u00facleos,Zoom con c\u00e1mara<br \/>trasera,modo de micr\u00f3fono de amplio espectro,SharePlay,Compartir pantalla,modo retrato con v\u00eddeo en FaceTime,admite eSIM dual,llamada FaceTime con SharePlay,Detecci\u00f3n de golpes,conjunto<br \/>magn\u00e9tico,im\u00e1n de alineaci\u00f3n,NFC de identificaci\u00f3n de accesorio,Emergency SOS via satellite,StandBy,second-generation Ultra Wideband chip<br \/>Reproductor de medios<br \/>Normas de audio digital admitidas AAC,MP3,FLAC,Apple Lossless,Dolby Atmos,Dolby Digital,Dolby Digital Plus<br \/>Normas de v\u00eddeo digital compatibles H.264,HEVC,ProRes<br \/>Mejoras de v\u00eddeo HDR con Dolby Vision,HDR10,Hybrid Log-Gamma (HLG)<br \/>Mejoras de sonido Sonido Dolby Digital Plus,tecnolog\u00eda de sonido Dolby Atmos,sonido Dolby Digital,audio Spatial<br \/>Procesador<br \/>Tipo Apple A16 Bionic<br \/>N\u00famero de n\u00facleos de procesador 6 n\u00facleos<br \/>Memoria<br \/>Capacidad de memoria interna 512 GB<br \/>C\u00e1mara frontal<br \/>Resoluci\u00f3n del sensor 12 Megap\u00edxeles<br \/>Apertura del objetivo F\/1.9<br \/>Ajuste del enfoque Autom\u00e1tico<br \/>Modo HDR Smart HDR 5<br \/>Efectos especiales Estilos fotogr\u00e1ficos<br \/>Detecci\u00f3n de cara Reconocimiento facial<br \/>Modos de c\u00e1mara Modo R\u00e1faga,modo nocturno,modo retrato,Live Photos,iluminaci\u00f3n para retrato,captura a todo color y fotos en directo,C\u00e1mara r\u00e1pida (modo noche)<br \/>Resoluciones de v\u00eddeo 1920 x 1080 (1080p) at 30 fps,1920 x 1080 (1080p) a 60 fps,v\u00eddeo a c\u00e1mara lenta 1920 x 1080 (1080p) a 120 fps,3840 x 2160 (4K) at 30 fps,3840 x 2160 (4K) a 60 fps,3840 x 2160<br \/>(4K) a 24 fps,1920 x 1080 (1080p) a 25 fps,3840 x 2160 (4K) a 25 fps<br \/>Fuente de luz Flash Retina<br \/>Caracter\u00edsticas Estabilizaci\u00f3n de imagen autom\u00e1tica,Animoji,Memoji,c\u00e1mara TrueDepth,estabilizaci\u00f3n de v\u00eddeo Cinematic,v\u00eddeo QuickTake,v\u00eddeo a c\u00e1mara r\u00e1pida con estabilizaci\u00f3n,correcci\u00f3n de lente,Deep<br \/>Fusion,grabaci\u00f3n de video Dolby Vision HDR de hasta 4K a 60 fps,Enfoque autom\u00e1tico con p\u00edxeles de enfoque,Photonic Engine,Modo de cine hasta 4K HDR a 30 fps<br \/>C\u00e1mara principal<br \/>Resoluci\u00f3n del sensor 48 megap\u00edxeles<br \/>Estabilizador de imagen \u00f3ptico OIS (estabilizaci\u00f3n de imagen \u00f3ptica) con desplazamiento del sensor<br \/>Apertura de la lente F\/1.6<br \/>Longitud focal m\u00ednima 26 mm<br \/>Tama\u00f1o del pixel 2 m<br \/>Ajuste de enfoque Autom\u00e1tico<br \/>Zoom \u00f3ptico 2x<br \/>Zoom digital 10x<br \/>Efectos especiales Estilos fotogr\u00e1ficos<br \/>Modos de c\u00e1mara Modo R\u00e1faga,v\u00eddeo en c\u00e1mara lenta,Panor\u00e1mica,Modo de lapso de tiempo,modo nocturno,Live Photos,iluminaci\u00f3n para retrato,captura a todo color y fotos en directo,Modo<br \/>cine,macrov\u00eddeo,C\u00e1mara r\u00e1pida (modo noche)<br \/>Detecci\u00f3n de cara Reconocimiento facial<br \/>Modo HDR Smart HDR 5<br \/>Fuente de luz Flash LED True Tone<br \/>Resoluciones de v\u00eddeo 1920 x 1080 (1080p) at 30 fps,1920 x 1080 (1080p) a 60 fps,1280 x 720 (720p) a 30 fps,v\u00eddeo a c\u00e1mara lenta 1920 x 1080 (1080p) a 120 fps,3840 x 2160 (4K) at 30 fps,3840 x 2160<br \/>(4K) a 60 fps,3840 x 2160 (4K) a 24 fps,1920 x 1080 (1080p) a 25 fps,v\u00eddeo a c\u00e1mara lenta 1920 x 1080 (1080p) a 240 fps,3840 x 2160 (4K) a 25 fps<br \/>Caracter\u00edsticas Tapa de objetivo de cristal de zafiro,estabilizaci\u00f3n de v\u00eddeo Cinematic,Estabilizaci\u00f3n de imagen autom\u00e1tica,Zoom de reproducci\u00f3n,geoetiquetado,Grabaci\u00f3n en est\u00e9reo,V\u00eddeo con enfoque<br \/>autom\u00e1tico continuo,fotos de 8 MP y grabaci\u00f3n de v\u00eddeo 4K,v\u00eddeo de tiempo transcurrido con estabilizaci\u00f3n,correcci\u00f3n de ojos rojos avanzada,Panorama (hasta 63 MP),captura de imagen en formato HEIF,zoom<br \/>de audio,100% Focus Pixels,Zoom digital de hasta 3x para v\u00eddeos,v\u00eddeo QuickTake,HEVC (codificaci\u00f3n de v\u00eddeo de alta eficiencia),Deep Fusion,estabilizaci\u00f3n de imagen \u00f3ptica con desplazamiento del sensor<br \/>para v\u00eddeo,Zoom digital de hasta 6x para v\u00eddeos,grabaci\u00f3n de v\u00eddeo Dolby Vision HDR de hasta 4K a 60 fps,2x disminuciones de zoom \u00f3ptico,Modo de cine hasta 4K HDR a 30 fps,Modo de acci\u00f3n hasta 2.8K a 60<br \/>fps,Photonic Engine,rango de 4x de zoom \u00f3ptico,2x aumentos de zoom \u00f3ptico<br \/>Segunda c\u00e1mara<br \/>Resoluci\u00f3n del sensor 12 megap\u00edxeles<br \/>Tipo de lente Lente de \u00e1ngulo amplio<br \/>Apertura del objetivo F\/2.4<br \/>Longitud focal m\u00ednima 13 mm<br \/>Campo de visi\u00f3n (FoV) 120 grados<br \/>Caracter\u00edsticas Correcci\u00f3n de lente,P\u00edxeles de enfoque 100 %,Quad Pixel sensor<br \/>Visualizador<br \/>Tipo Pantalla OLED<br \/>Tecnolog\u00eda Super Retina XDR Display<br \/>Tama\u00f1o en diagonal 6.1&#8243;<br \/>Resoluci\u00f3n de pantalla 2556 x 1179 p\u00edxeles<br \/>Densidad de p\u00edxeles 460 ppi<br \/>Brillo m\u00e1ximo 1000 cd\/m<br \/>HDR S\u00ed<br \/>Tecnolog\u00eda HDR HDR10<br \/>Tecnolog\u00eda de mejora Dolby Vision<br \/>Relaci\u00f3n de contraste 2000000:1<br \/>Protecci\u00f3n Revestimiento oleof\u00f3bico resistente a las huellas dactilares,Ceramic Shield<br \/>Idiomas de pantalla Dan\u00e9s,Indio,Hebreo,h\u00fangaro,checo,croata,indonesio,tailand\u00e9s,eslovaco,Chino (tradicional),Chino (simplificado),Vietnamita,Ucraniano,Portugu\u00e9s<br \/>brasile\u00f1o,Ingl\u00e9s,Alem\u00e1n,Franc\u00e9s,Italiano,Noruego,Portugu\u00e9s,Polaco,Finland\u00e9s,Sueco,Ruso,Espa\u00f1ol,Holand\u00e9s,Griego,Turco,\u00c1rabe,Rumano,Catal\u00e1n,Japon\u00e9s,Coreano,malayo,UK English,Ingl\u00e9s de EE.<br \/>UU.,Australian English,French Canadian,Espa\u00f1ol (Latinoam\u00e9rica),chino (tradicional,Hong Kong),espa\u00f1ol (M\u00e9xico)<br \/>Caracter\u00edsticas Pantalla True Tone,pantalla de amplia gama de colores (P3),pantalla total,Haptic touch,Hybrid Log-Gamma (HLG),Dynamic Island,brillo de 1600 nits m\u00e1ximo (HDR),brillo m\u00e1x. de 2000 nits<br \/>(exterior)<br \/>Conexiones<br \/>Tipo de conector USB Type-C &#8211; 24 pin USB-C<br \/>Bater\u00eda<br \/>Tecnolog\u00eda Ion de litio<br \/>Tecnolog\u00eda de carga r\u00e1pida Carga inal\u00e1mbrica Apple MagSafe<br \/>Carga inal\u00e1mbrica S\u00ed<br \/>Est\u00e1ndares de carga inal\u00e1mbrica Qi<br \/>Datos de tiempo de ejecuci\u00f3n Reproducci\u00f3n (v\u00eddeo):hasta 20 horas<br \/>Reproducci\u00f3n (v\u00eddeo que se ha transmitido):hasta 16 horas<br \/>Reproducci\u00f3n (audio):hasta 80 horas<br \/>Diverso<br \/>Cumplimiento de normas IEC 60529 IP68,sin BFR,PVC-free,Beryllium-free,sin mercurio,HEARING AID M3\/T4,sin ars\u00e9nico<br \/>Accesorios incluidos Cable USB-C a USB-C (1 m)<br \/>Informaci\u00f3n de sostenibilidad<br \/>De acuerdo con EPEAT S\u00ed<br \/>Nivel EPEAT EPEAT Gold<br \/>Huella de carbono 74 kg de emisiones de carbono<br \/>Materiales de tierras raras 100 % elementos reciclados de tierras raras<br \/>Contenido reciclado del producto 23 % &#8211; recycled or renewable content<br \/>Contenido reciclado del paquete 99 % &#8211; recycled fibre<br \/>Par\u00e1metros de entorno<br \/>Profundidad m\u00e1x. de resistencia al agua 6 m<br \/>Temperatura m\u00ednima de funcionamiento 0 C<br \/>Temperatura m\u00e1xima de funcionamiento 35 C<br \/>\u00c1mbito de humedad de funcionamiento 5 &#8211; 95% (sin condensaci\u00f3n)<\/p>\n","protected":false},"excerpt":{"rendered":"<p>Movil iphone 15 512gb black<\/p>\n","protected":false},"featured_media":230209,"comment_status":"closed","ping_status":"open","template":"","meta":{"_et_pb_use_builder":"","_et_pb_old_content":"","_et_gb_content_width":""},"product_brand":[2061],"product_cat":[2058,2063,2062],"product_tag":[2064,2068,2166,2067,2066],"class_list":{"0":"post-232232","1":"product","2":"type-product","3":"status-publish","4":"has-post-thumbnail","6":"product_brand-apple","7":"product_cat-dispositivos","8":"product_cat-smartphones","9":"product_cat-telefonia","10":"product_tag-apple","11":"product_tag-dispositivos","12":"product_tag-movil-iphone-15-512gb-black","13":"product_tag-smartphones","14":"product_tag-telefonia","15":"product_shipping_class-2059","16":"pa_canon-digital-incluida-2060","18":"first","19":"instock","20":"taxable","21":"shipping-taxable","22":"purchasable","23":"product-type-simple"},"_links":{"self":[{"href":"https:\/\/linkxa.es\/linkshop\/wp-json\/wp\/v2\/product\/232232","targetHints":{"allow":["GET"]}}],"collection":[{"href":"https:\/\/linkxa.es\/linkshop\/wp-json\/wp\/v2\/product"}],"about":[{"href":"https:\/\/linkxa.es\/linkshop\/wp-json\/wp\/v2\/types\/product"}],"replies":[{"embeddable":true,"href":"https:\/\/linkxa.es\/linkshop\/wp-json\/wp\/v2\/comments?post=232232"}],"wp:featuredmedia":[{"embeddable":true,"href":"https:\/\/linkxa.es\/linkshop\/wp-json\/wp\/v2\/media\/230209"}],"wp:attachment":[{"href":"https:\/\/linkxa.es\/linkshop\/wp-json\/wp\/v2\/media?parent=232232"}],"wp:term":[{"taxonomy":"product_brand","embeddable":true,"href":"https:\/\/linkxa.es\/linkshop\/wp-json\/wp\/v2\/product_brand?post=232232"},{"taxonomy":"product_cat","embeddable":true,"href":"https:\/\/linkxa.es\/linkshop\/wp-json\/wp\/v2\/product_cat?post=232232"},{"taxonomy":"product_tag","embeddable":true,"href":"https:\/\/linkxa.es\/linkshop\/wp-json\/wp\/v2\/product_tag?post=232232"}],"curies":[{"name":"wp","href":"https:\/\/api.w.org\/{rel}","templated":true}]}}