{"id":232259,"date":"2025-03-31T09:37:18","date_gmt":"2025-03-31T09:37:18","guid":{"rendered":"https:\/\/linkxa.es\/contratacion\/producto\/telefono-fijo-inalambrico-gigaset-a170-verde\/"},"modified":"2025-08-01T22:56:13","modified_gmt":"2025-08-01T22:56:13","slug":"telefono-fijo-inalambrico-gigaset-a170-verde","status":"publish","type":"product","link":"https:\/\/linkxa.es\/linkshop\/producto\/telefono-fijo-inalambrico-gigaset-a170-verde\/","title":{"rendered":"Telefono fijo inalambrico gigaset a170 verde"},"content":{"rendered":"<p>Prestaciones telef\u00f3nicas esenciales<br \/>Agenda y marcaci\u00f3n<br \/>Agenda para 50 contactos (nombre y n\u00famero).<br \/>Identificaci\u00f3n del llamante en llamadas entrantes, lista de<br \/>llamadas perdidas y lista de rellamada.<br \/>Re-llamada a los \u00faltimos 10 n\u00fameros marcados.<br \/>Marcaci\u00f3n abreviada (en las teclas 2 a 9) programable.<br \/>Admite tanto marcaci\u00f3n multi-frecuencia (DTMF) como por<br \/>impulsos.<br \/>Recepci\u00f3n de llamadas<br \/>Identificaci\u00f3n del abonado llamante en pantalla por CLIP y<br \/>CNIP(1).<br \/>Indicaci\u00f3n visual en pantalla de llamada entrante.<br \/>10 melod\u00edas de llamada con 5 niveles y opci\u00f3n de<br \/>silenciamiento y volumen creciente.<br \/>Melod\u00eda espec\u00edfica para llamadas internas.<br \/>Llamadas perdidas<br \/>Indicaci\u00f3n en pantalla de las nuevas llamadas perdidas.<br \/>Lista de las \u00faltimas 25 llamadas con identificaci\u00f3n del<br \/>llamante y fecha\/hora.<br \/>Respuesta directa desde la lista de llamadas (tecla de<br \/>llamada).<br \/>Alcance<br \/>En interiores: hasta 50 metros<br \/>En exteriores: hasta 300 metros<br \/>Autonom\u00eda<br \/>En conversaci\u00f3n: hasta 18 horas<br \/>En reposo: hasta 200 horas<br \/>Ajustes y calidad de sonido<br \/>Volumen ajustable (5 niveles).<br \/>Silenciamiento de la se\u00f1al de llamada mediante la tecla *.<br \/>Tonos de aviso (confirmaci\u00f3n de pulsaci\u00f3n, bater\u00eda baja y<br \/>carga).<br \/>Pantalla y prestaciones generales<br \/>del men\u00fa<br \/>Pantalla<br \/>Pantalla gr\u00e1fica retro-iluminada de 1,5.<br \/>Iluminaci\u00f3n de la pantalla en \u00e1mbar.<br \/>Reposo<br \/>Fecha y hora.<br \/>Estado de carga de la bater\u00eda.<br \/>Softkeys para el acceso r\u00e1pido a funciones.<br \/>Texto indicativo de nuevos mensajes\/llamadas.<br \/>Hora establecida para la alarma\/despertador.<br \/>En llamada<br \/>Duraci\u00f3n de la llamada en curso.<br \/>Funcionalidades del teclado<br \/>12 teclas num\u00e9ricas mas 5 teclas de funci\u00f3n.<br \/>Teclas de navegaci\u00f3n de men\u00fa de 2 v\u00edas (Navikey).<br \/>Bloqueo del teclado con pulsaci\u00f3n prolongada de la tecla<br \/>#.<br \/>Tecla R (Flash, con pulsaci\u00f3n prolongada es pausa (P).<br \/>Silenciado de la melod\u00eda de llamada con la tecla *.<br \/>Especificaciones t\u00e9cnicas<br \/>Terminal inal\u00e1mbrico<br \/>Bater\u00edas: 2 x AAA (NiMH).<br \/>Dimensiones: 159 mm x 48 mm x 32 mm \/ 109 g.<br \/>Estaci\u00f3n base<br \/>Fuente de alimentaci\u00f3n 230V, con adaptador enchufable.<br \/>Dimensiones: 97 mm x 81 mm x 55 mm \/ 69 g.<br \/>Contenidos en el paquete<br \/>1 estaci\u00f3n base.<br \/>1 terminal inal\u00e1mbrico.<br \/>2 bater\u00eda est\u00e1ndar AAA (NiHM).<br \/>1 tapa para el compartimento de bater\u00edas.<br \/>1 alimentador adaptador de 230V.<br \/>1 cable de conexi\u00f3n telef\u00f3nica.<br \/>1 manual de usuario.<\/p>\n","protected":false},"excerpt":{"rendered":"<p>Telefono fijo inalambrico gigaset a170 verde 50 numeros agenda &#8211;  10 tonos<\/p>\n","protected":false},"featured_media":230764,"comment_status":"closed","ping_status":"open","template":"","meta":{"_et_pb_use_builder":"","_et_pb_old_content":"","_et_gb_content_width":""},"product_brand":[2311],"product_cat":[2058,2062,2312],"product_tag":[2068,2313,2066,2376,2315],"class_list":{"0":"post-232259","1":"product","2":"type-product","3":"status-publish","4":"has-post-thumbnail","6":"product_brand-gigaset","7":"product_cat-dispositivos","8":"product_cat-telefonia","9":"product_cat-telefonos-fijos","10":"product_tag-dispositivos","11":"product_tag-gigaset","12":"product_tag-telefonia","13":"product_tag-telefono-fijo-inalambrico-gigaset-a170-verde","14":"product_tag-telefonos-fijos","15":"product_shipping_class-2088","17":"first","18":"instock","19":"taxable","20":"shipping-taxable","21":"purchasable","22":"product-type-simple"},"_links":{"self":[{"href":"https:\/\/linkxa.es\/linkshop\/wp-json\/wp\/v2\/product\/232259","targetHints":{"allow":["GET"]}}],"collection":[{"href":"https:\/\/linkxa.es\/linkshop\/wp-json\/wp\/v2\/product"}],"about":[{"href":"https:\/\/linkxa.es\/linkshop\/wp-json\/wp\/v2\/types\/product"}],"replies":[{"embeddable":true,"href":"https:\/\/linkxa.es\/linkshop\/wp-json\/wp\/v2\/comments?post=232259"}],"wp:featuredmedia":[{"embeddable":true,"href":"https:\/\/linkxa.es\/linkshop\/wp-json\/wp\/v2\/media\/230764"}],"wp:attachment":[{"href":"https:\/\/linkxa.es\/linkshop\/wp-json\/wp\/v2\/media?parent=232259"}],"wp:term":[{"taxonomy":"product_brand","embeddable":true,"href":"https:\/\/linkxa.es\/linkshop\/wp-json\/wp\/v2\/product_brand?post=232259"},{"taxonomy":"product_cat","embeddable":true,"href":"https:\/\/linkxa.es\/linkshop\/wp-json\/wp\/v2\/product_cat?post=232259"},{"taxonomy":"product_tag","embeddable":true,"href":"https:\/\/linkxa.es\/linkshop\/wp-json\/wp\/v2\/product_tag?post=232259"}],"curies":[{"name":"wp","href":"https:\/\/api.w.org\/{rel}","templated":true}]}}