{"id":232264,"date":"2025-03-06T13:10:19","date_gmt":"2025-03-06T13:10:19","guid":{"rendered":"https:\/\/linkxa.es\/contratacion\/producto\/telefono-motorola-duo-c1002-gris\/"},"modified":"2025-08-01T22:56:37","modified_gmt":"2025-08-01T22:56:37","slug":"telefono-motorola-duo-c1002-gris","status":"publish","type":"product","link":"https:\/\/linkxa.es\/linkshop\/producto\/telefono-motorola-duo-c1002-gris\/","title":{"rendered":"Telefono motorola duo c1002 gris"},"content":{"rendered":"<p>DESCRIPCI\u00d3N<br \/>Motorola C1002. Tipo: Tel\u00e9fono DECT. Capacidad de lista de direcciones: 50 entradas.<br \/>Identificador de llamadas. Color del producto: Gris. N\u00famero de tel\u00e9fonos m\u00f3viles<br \/>incluidos: 2<br \/>ESPECIFICACIONES T\u00c9CNICAS<\/p>\n<p>Caracter\u00edsticas del tel\u00e9fono<br \/>Altavoz<br \/>No<br \/>Capacidad de lista de direcciones<br \/>50 entradas<br \/>Exhibici\u00f3n<br \/>Pantalla incorporada<br \/>Si<br \/>Pantalla<br \/>LCD<br \/>Control de energ\u00eda<br \/>Tecnolog\u00eda de bater\u00eda<br \/>N\u00edquel-metal hidruro (NiMH)<br \/>Tiempo de conversaci\u00f3n<br \/>10 h<br \/>Tiempo de reposo<br \/>200 h<br \/>Puertos e Interfaces<br \/>Enchufe de entrada de CC<br \/>Si<br \/>Conexi\u00f3n inal\u00e1mbrica<br \/>Si<br \/>Caracter\u00edsticas de administraci\u00f3n<br \/>Control de volumen<br \/>Digital<br \/>Tecla de navegaci\u00f3n<br \/>Si<\/p>\n<p>Indicaci\u00f3n<br \/>Indicador de capacidad de bater\u00eda<br \/>Si<br \/>Indicador de carga de la bater\u00eda<br \/>Si<br \/>Contenido del embalaje<br \/>Manual de usuario<br \/>Si<br \/>N\u00famero de tel\u00e9fonos m\u00f3viles incluidos<br \/>2<br \/>Gesti\u00f3n de llamadas<br \/>Capacidad de lista de llamadas<br \/>10<br \/>Identificador de llamadas<br \/>Si<br \/>Llamada en espera<br \/>Si<br \/>Dise\u00f1o<br \/>Tel\u00e9fono Ancianos<br \/>No<br \/>Cantidad de botones<br \/>21<br \/>Color del producto<br \/>Gris<br \/>Tipo de montaje<br \/>Escritorio<br \/>Desempe\u00f1o<br \/>Contestador autom\u00e1tico<br \/>No<br \/>Intercomunicador<br \/>No<br \/>Tipo<br \/>Tel\u00e9fono DECT<\/p>\n","protected":false},"excerpt":{"rendered":"<p>Telefono motorola duo c1002 gris<\/p>\n","protected":false},"featured_media":230766,"comment_status":"closed","ping_status":"open","template":"","meta":{"_et_pb_use_builder":"","_et_pb_old_content":"","_et_gb_content_width":""},"product_brand":[2081],"product_cat":[2058,2062,2312],"product_tag":[2068,2082,2066,2377,2315],"class_list":{"0":"post-232264","1":"product","2":"type-product","3":"status-publish","4":"has-post-thumbnail","6":"product_brand-motorola","7":"product_cat-dispositivos","8":"product_cat-telefonia","9":"product_cat-telefonos-fijos","10":"product_tag-dispositivos","11":"product_tag-motorola","12":"product_tag-telefonia","13":"product_tag-telefono-motorola-duo-c1002-gris","14":"product_tag-telefonos-fijos","15":"product_shipping_class-2059","17":"first","18":"instock","19":"taxable","20":"shipping-taxable","21":"purchasable","22":"product-type-simple"},"_links":{"self":[{"href":"https:\/\/linkxa.es\/linkshop\/wp-json\/wp\/v2\/product\/232264","targetHints":{"allow":["GET"]}}],"collection":[{"href":"https:\/\/linkxa.es\/linkshop\/wp-json\/wp\/v2\/product"}],"about":[{"href":"https:\/\/linkxa.es\/linkshop\/wp-json\/wp\/v2\/types\/product"}],"replies":[{"embeddable":true,"href":"https:\/\/linkxa.es\/linkshop\/wp-json\/wp\/v2\/comments?post=232264"}],"wp:featuredmedia":[{"embeddable":true,"href":"https:\/\/linkxa.es\/linkshop\/wp-json\/wp\/v2\/media\/230766"}],"wp:attachment":[{"href":"https:\/\/linkxa.es\/linkshop\/wp-json\/wp\/v2\/media?parent=232264"}],"wp:term":[{"taxonomy":"product_brand","embeddable":true,"href":"https:\/\/linkxa.es\/linkshop\/wp-json\/wp\/v2\/product_brand?post=232264"},{"taxonomy":"product_cat","embeddable":true,"href":"https:\/\/linkxa.es\/linkshop\/wp-json\/wp\/v2\/product_cat?post=232264"},{"taxonomy":"product_tag","embeddable":true,"href":"https:\/\/linkxa.es\/linkshop\/wp-json\/wp\/v2\/product_tag?post=232264"}],"curies":[{"name":"wp","href":"https:\/\/api.w.org\/{rel}","templated":true}]}}