{"id":232319,"date":"2025-06-06T19:52:58","date_gmt":"2025-06-06T19:52:58","guid":{"rendered":"https:\/\/linkxa.es\/contratacion\/producto\/telefono-fijo-inalambrico-spc-air-blanco\/"},"modified":"2025-08-01T23:01:05","modified_gmt":"2025-08-01T23:01:05","slug":"telefono-fijo-inalambrico-spc-air-blanco","status":"publish","type":"product","link":"https:\/\/linkxa.es\/linkshop\/producto\/telefono-fijo-inalambrico-spc-air-blanco\/","title":{"rendered":"Telefono fijo inalambrico spc air blanco"},"content":{"rendered":"<p>SPC 7300NS Telefono Inal\u00e1mbrico AIR Blanco<br \/>Marca SPC<br \/>Modelo 7300AS<br \/>Caracter\u00edsticas Pantalla<br \/>&#8211; Pantalla iluminada: luz de fondo \u00e1mbar<br \/>&#8211; Nombre del port\u00e1til configurable<br \/>&#8211; Indicadores en pantalla: tiempo de conversaci\u00f3n. estado de la bater\u00eda. cobertura<br \/>Identificaci\u00f3n de llamada<br \/>&#8211; Identificaci\u00f3n de llamada<br \/>&#8211; Identificaci\u00f3n de llamada en espera<br \/>&#8211; Agenda &#8211; 20 nombres y n\u00fameros<br \/>&#8211; Melod\u00eda asociada a contacto<br \/>&#8211; Listado de llamadas recibidas: 10<br \/>&#8211; Listado de llamadas realizadas: 10<br \/>Teclado<br \/>&#8211; Bloqueo de teclado<br \/>&#8211; Teclado sonoro: Configurable<br \/>&#8211; Mute\/Silenciado del micr\u00f3fono<br \/>&#8211; Descolgado autom\u00e1tico: Configurable<br \/>&#8211; Tecla R &#8211; Configurable<br \/>&#8211; Tecla de encendido y apagado del port\u00e1til<br \/>&#8211; Marcaci\u00f3n en colgado<br \/>&#8211; Rellamada al \u00faltimo n\u00famero marcado<br \/>Sonido<br \/>&#8211; Melod\u00edas de timbre: 5<br \/>&#8211; Niveles de volumen de auricular: 5<br \/>&#8211; Niveles de volumen de timbre: 6 (incluido silencio)<br \/>Funcionalidades<br \/>&#8211; Compatible con gap<br \/>&#8211; N\u00ba de port\u00e1tiles que una base puede soportar: hasta 5<br \/>&#8211; Transferencia de llamada entre port\u00e1tiles<br \/>&#8211; Llamadas internas desde port\u00e1tiles<br \/>&#8211; Conferencia a 3: 2 internas y 1 externa<br \/>Otras funcionalidades<br \/>&#8211; Modo eco<br \/>&#8211; Idiomas:<br \/>Espa\u00f1ol, Portugu\u00e9s, Cesky, ?, Pycckn\u00f1,<br \/>Svenska, Dansk\/Norsk, Nederlands, Suomi, Magyar<br \/>Polski, English, Deutsch, Francais, Italiano, Turkce<br \/>&#8211; Funci\u00f3n alarma<br \/>&#8211; Montaje: Sobremesa<br \/>&#8211; Ajuste de fecha y hora<br \/>&#8211; N\u00famero pin configurable<br \/>&#8211; B\u00fasqueda del port\u00e1til desde la base<br \/>&#8211; Tipo de marcaci\u00f3n tonos o pulsos<br \/>&#8211; Conexi\u00f3n telef\u00f3nica RJ11<br \/>Dimensiones y peso<br \/>&#8211; 147 x 48 x 28 mm<br \/>&#8211; 105 g<br \/>Contiene<br \/>&#8211; Tel\u00e9fono<br \/>&#8211; Base cargadora<br \/>&#8211; Alimentador<br \/>&#8211; Bater\u00edas<br \/>&#8211; Manual de usuario<br \/>&#8211; Cable de alimentaci\u00f3n<\/p>\n","protected":false},"excerpt":{"rendered":"<p>Telefono fijo inalambrico spc air blanco<\/p>\n","protected":false},"featured_media":230776,"comment_status":"closed","ping_status":"open","template":"","meta":{"_et_pb_use_builder":"","_et_pb_old_content":"","_et_gb_content_width":""},"product_brand":[2127],"product_cat":[2058,2062,2312],"product_tag":[2068,2128,2066,2381,2315],"class_list":{"0":"post-232319","1":"product","2":"type-product","3":"status-publish","4":"has-post-thumbnail","6":"product_brand-spc","7":"product_cat-dispositivos","8":"product_cat-telefonia","9":"product_cat-telefonos-fijos","10":"product_tag-dispositivos","11":"product_tag-spc","12":"product_tag-telefonia","13":"product_tag-telefono-fijo-inalambrico-spc-air-blanco","14":"product_tag-telefonos-fijos","15":"product_shipping_class-2059","17":"first","18":"instock","19":"taxable","20":"shipping-taxable","21":"purchasable","22":"product-type-simple"},"_links":{"self":[{"href":"https:\/\/linkxa.es\/linkshop\/wp-json\/wp\/v2\/product\/232319","targetHints":{"allow":["GET"]}}],"collection":[{"href":"https:\/\/linkxa.es\/linkshop\/wp-json\/wp\/v2\/product"}],"about":[{"href":"https:\/\/linkxa.es\/linkshop\/wp-json\/wp\/v2\/types\/product"}],"replies":[{"embeddable":true,"href":"https:\/\/linkxa.es\/linkshop\/wp-json\/wp\/v2\/comments?post=232319"}],"wp:featuredmedia":[{"embeddable":true,"href":"https:\/\/linkxa.es\/linkshop\/wp-json\/wp\/v2\/media\/230776"}],"wp:attachment":[{"href":"https:\/\/linkxa.es\/linkshop\/wp-json\/wp\/v2\/media?parent=232319"}],"wp:term":[{"taxonomy":"product_brand","embeddable":true,"href":"https:\/\/linkxa.es\/linkshop\/wp-json\/wp\/v2\/product_brand?post=232319"},{"taxonomy":"product_cat","embeddable":true,"href":"https:\/\/linkxa.es\/linkshop\/wp-json\/wp\/v2\/product_cat?post=232319"},{"taxonomy":"product_tag","embeddable":true,"href":"https:\/\/linkxa.es\/linkshop\/wp-json\/wp\/v2\/product_tag?post=232319"}],"curies":[{"name":"wp","href":"https:\/\/api.w.org\/{rel}","templated":true}]}}