{"id":232436,"date":"2025-02-06T13:55:10","date_gmt":"2025-02-06T13:55:10","guid":{"rendered":"https:\/\/linkxa.es\/contratacion\/producto\/portatil-reacondicionado-hp-elitebook-840-g5\/"},"modified":"2025-08-01T23:08:40","modified_gmt":"2025-08-01T23:08:40","slug":"portatil-reacondicionado-hp-elitebook-840-g5","status":"publish","type":"product","link":"https:\/\/linkxa.es\/linkshop\/producto\/portatil-reacondicionado-hp-elitebook-840-g5\/","title":{"rendered":"Portatil reacondicionado hp elitebook 840 g5"},"content":{"rendered":"<p>IMPORTANTE: algunas unidades pueden presentar marcas o signos de uso t\u00edpicas de un producto REACONDICIONADO. Estos signos no interfieren en el uso, funcionamiento o garant\u00eda del producto seg\u00fan condiciones descritas a continuaci\u00f3n. Port\u00e1til Reacondicionado HP Elitebook 840 G5 14&#8243; \/ i5-8th \/ 8Gb \/ 250Gb SSD \/ Windows 10 Pro \/ Teclado Espa\u00f1ol Marca: HP Modelo: EliteBook 840 G5 Pantalla: 14&#8243; Procesador: i5-8th Memoria Ram: 8 GB Almacenamiento: 250 Gb SSD Teclado: Teclado en espa\u00f1ol Sistema operativo (Licencia f\u00edsica incluida en el equipo o embebida en BIOS): Windows 10 Pro Equipos revisados y sometidos a rigurosos test de estr\u00e9s para garantizar siempre la m\u00e1xima calidad posible. IMPORTANTE: GARANT\u00cdA LIMITADA EN BATER\u00cdA (3 MESES). No se considerar\u00e1 como defecto de bater\u00eda, si la duraci\u00f3n en un uso normal (ofim\u00e1tica, con brillo medio de pantalla y conexi\u00f3n a internet) es superior a 20 -30 minutos. IMPORTANTE: GARANT\u00cdA LIMITADA EN CARGADOR (6 MESES)<\/p>\n","protected":false},"excerpt":{"rendered":"<p>Portatil reacondicionado hp elitebook 840 g5 14 pulgadas  &#8211; i5 &#8211; 8th &#8211; 8gb &#8211; 250gb ssd &#8211; windows 10 pro &#8211; teclado espa\u00f1ol<\/p>\n","protected":false},"featured_media":232437,"comment_status":"closed","ping_status":"open","template":"","meta":{"_et_pb_use_builder":"","_et_pb_old_content":"","_et_gb_content_width":""},"product_brand":[2536],"product_cat":[2058,2520,2519],"product_tag":[2068,2537,2524,2547,2523],"class_list":{"0":"post-232436","1":"product","2":"type-product","3":"status-publish","4":"has-post-thumbnail","6":"product_brand-hp","7":"product_cat-dispositivos","8":"product_cat-pc-portatiles","9":"product_cat-portatiles","10":"product_tag-dispositivos","11":"product_tag-hp","12":"product_tag-pc-portatiles","13":"product_tag-portatil-reacondicionado-hp-elitebook-840-g5","14":"product_tag-portatiles","15":"product_shipping_class-2059","16":"pa_canon-digital-incluida-2517","18":"first","19":"instock","20":"taxable","21":"shipping-taxable","22":"purchasable","23":"product-type-simple"},"_links":{"self":[{"href":"https:\/\/linkxa.es\/linkshop\/wp-json\/wp\/v2\/product\/232436","targetHints":{"allow":["GET"]}}],"collection":[{"href":"https:\/\/linkxa.es\/linkshop\/wp-json\/wp\/v2\/product"}],"about":[{"href":"https:\/\/linkxa.es\/linkshop\/wp-json\/wp\/v2\/types\/product"}],"replies":[{"embeddable":true,"href":"https:\/\/linkxa.es\/linkshop\/wp-json\/wp\/v2\/comments?post=232436"}],"wp:featuredmedia":[{"embeddable":true,"href":"https:\/\/linkxa.es\/linkshop\/wp-json\/wp\/v2\/media\/232437"}],"wp:attachment":[{"href":"https:\/\/linkxa.es\/linkshop\/wp-json\/wp\/v2\/media?parent=232436"}],"wp:term":[{"taxonomy":"product_brand","embeddable":true,"href":"https:\/\/linkxa.es\/linkshop\/wp-json\/wp\/v2\/product_brand?post=232436"},{"taxonomy":"product_cat","embeddable":true,"href":"https:\/\/linkxa.es\/linkshop\/wp-json\/wp\/v2\/product_cat?post=232436"},{"taxonomy":"product_tag","embeddable":true,"href":"https:\/\/linkxa.es\/linkshop\/wp-json\/wp\/v2\/product_tag?post=232436"}],"curies":[{"name":"wp","href":"https:\/\/api.w.org\/{rel}","templated":true}]}}