{"id":232440,"date":"2025-03-06T17:47:38","date_gmt":"2025-03-06T17:47:38","guid":{"rendered":"https:\/\/linkxa.es\/contratacion\/producto\/portatil-acer-tmp215-55-tco-i5-1334u-16gb-ssd\/"},"modified":"2025-08-01T23:09:11","modified_gmt":"2025-08-01T23:09:11","slug":"portatil-acer-tmp215-55-tco-i5-1334u-16gb-ssd","status":"publish","type":"product","link":"https:\/\/linkxa.es\/linkshop\/producto\/portatil-acer-tmp215-55-tco-i5-1334u-16gb-ssd\/","title":{"rendered":"Portatil acer tmp215 &#8211; 55 &#8211; tco i5 &#8211; 1334u 16gb ssd"},"content":{"rendered":"<p>-GENERAL\u00a0<br \/>Tipo de producto: Ordenador port\u00e1til\u00a0<br \/>Sistema operativo: Windows 11 Pro\u00a0<br \/>Color: Plata pura\u00a0<br \/>Material de carcasa: Policarbonato, pl\u00e1stico ABS\u00a0<br \/>Acabado de superficie: Pintura\u00a0<br \/>Caracter\u00edsticas adicionales: Contrase\u00f1a de administrador, contrase\u00f1a de sistema\u00a0<br \/>Protecci\u00f3n antirrobo: Ranura de seguridad nano Kensington (candado no incluido)\u00a0<br \/>Localizaci\u00f3n: Regi\u00f3n Espa\u00f1a\u00a0<br \/>Cumplimiento de normas: TCO Certified 9.0\u00a0<br \/>Tasa de absorci\u00f3n espec\u00edfica (SAR):\u00a0<br \/>&#8211; Cabeza: 1.14 W\/kg\u00a0<br \/>&#8211; Cuerpo: 1.14 W\/kg\u00a0<br \/>&#8211; Extremidad: 1.14 W\/kg\u00a0<\/p>\n<p>-PROCESADOR \/ CHIPSET\u00a0<br \/>CPU: Intel Core i5 13\u00aa Gen i5-1334U \/ 1.3 GHz\u00a0<br \/>Velocidad turbo m\u00e1xima: 4.6 GHz\u00a0<br \/>N\u00famero de n\u00facleos: 10 n\u00facleos\u00a0<br \/>Cach\u00e9: L3 &#8211; 12 MB\u00a0<br \/>Procesador gr\u00e1fico: Intel Iris Xe Graphics\u00a0<br \/>Propiedades de v\u00eddeo: Funciona como gr\u00e1ficos Intel UHD (en configuraci\u00f3n de memoria de canal \u00fanico)\u00a0<\/p>\n<p>-MEMORIA\u00a0<br \/>RAM instalada: 16 GB (1 x 16 GB) DDR5 SDRAM\u00a0<br \/>Velocidad: 2600 MHz (nominal: 2800 MHz)\u00a0<br \/>Factor de forma: SO DIMM de 262 contactos\u00a0<br \/>Ranuras totales: 2\u00a0<br \/>Ranuras vac\u00edas: 1\u00a0<br \/>RAM m\u00e1xima soportada: 64 GB\u00a0<\/p>\n<p>-ALMACENAMIENTO\u00a0<br \/>Unidad: 512 GB SSD M.2 2280 PCIe (Samsung)\u00a0<\/p>\n<p>-PANTALLA\u00a0<br \/>Tama\u00f1o: 15.6&#8243;\u00a0<br \/>Resoluci\u00f3n: 1920 x 1080 (Full HD)\u00a0<br \/>Pantalla panor\u00e1mica: S\u00ed\u00a0<br \/>Caracter\u00edsticas: Tecnolog\u00eda Acer BluelightShield\u00a0<\/p>\n<p>-C\u00c1MARA\u00a0<br \/>Resoluci\u00f3n: Full HD\u00a0<br \/>Propiedades: Persiana de privacidad, Temporal Noise Reduction\u00a0<\/p>\n<p>-ENTRADA\u00a0<br \/>Tipo: Teclado, touchpad\u00a0<br \/>Disposici\u00f3n del teclado: Espa\u00f1ol\u00a0<br \/>Teclado num\u00e9rico: S\u00ed\u00a0<br \/>Retroiluminaci\u00f3n del teclado: S\u00ed\u00a0<br \/>Caracter\u00edsticas: Tecla TravelMate Sense, zona t\u00e1ctil de precisi\u00f3n, panel t\u00e1ctil multigesto\u00a0<\/p>\n<p>-AUDIO &#038; V\u00cdDEO\u00a0<br \/>Sonido: Altavoces estereof\u00f3nicos, dos micr\u00f3fonos\u00a0<\/p>\n<p>-CONECTIVIDAD\u00a0<br \/>Wi-Fi: 802.11a\/b\/g\/n\/ac\/ax (Wi-Fi 6E)\u00a0<br \/>Bluetooth: S\u00ed\u00a0<br \/>Red cableada: Gigabit Ethernet\u00a0<br \/>Caracter\u00edsticas inal\u00e1mbricas: Secuencia doble (2&#215;2)\u00a0<\/p>\n<p>-CONEXIONES &#038; EXPANSI\u00d3N\u00a0<br \/>1 x HDMI\u00a0<br \/>2 x USB-C (Thunderbolt 4, DisplayPort Alt Mode, suministro de energ\u00eda combo)\u00a0<br \/>1 x USB 3.2 Gen 1 (con carga en apagado)\u00a0<br \/>1 x USB 3.2 Gen 1\u00a0<br \/>1 x LAN\u00a0<br \/>1 x toma combinada auriculares\/micr\u00f3fono\u00a0<br \/>1 x lector de tarjetas microSD\u00a0<\/p>\n<p>-BATER\u00cdA\u00a0<br \/>Capacidad: 53 Wh\u00a0<\/p>\n<p>-ALIMENTACI\u00d3N\u00a0<br \/>Adaptador de corriente: Incluido\u00a0<br \/>Salida: 65 W\u00a0<\/p>\n<p>-DIMENSIONES Y PESO\u00a0<br \/>Dimensiones: 36.126 cm x 24.275 cm x 2.035 cm\u00a0<br \/>Peso: 1.659 kg\u00a0<\/p>\n<p>-SEGURIDAD\u00a0<br \/>Lector de huellas dactilares: S\u00ed\u00a0<\/p>\n<p>-ACCESORIOS INCLUIDOS\u00a0<br \/>Adaptador de USB-C con alimentaci\u00f3n\u00a0<\/p>\n<p>-GARANT\u00cdA\u00a0<br \/>Garant\u00eda limitada: 1 a\u00f1o\u00a0<br \/>Garant\u00eda para viajeros internacionales: 1 a\u00f1o<\/p>\n","protected":false},"excerpt":{"rendered":"<p>Portatil acer tmp215 &#8211; 55 &#8211; tco i5 &#8211; 1334u 16gb ssd 512gb 15.6 pulgadas<\/p>\n","protected":false},"featured_media":232441,"comment_status":"closed","ping_status":"open","template":"","meta":{"_et_pb_use_builder":"","_et_pb_old_content":"","_et_gb_content_width":""},"product_brand":[2518],"product_cat":[2058,2520,2519],"product_tag":[2521,2068,2524,2548,2523],"class_list":{"0":"post-232440","1":"product","2":"type-product","3":"status-publish","4":"has-post-thumbnail","6":"product_brand-acer","7":"product_cat-dispositivos","8":"product_cat-pc-portatiles","9":"product_cat-portatiles","10":"product_tag-acer","11":"product_tag-dispositivos","12":"product_tag-pc-portatiles","13":"product_tag-portatil-acer-tmp215-55-tco-i5-1334u-16gb-ssd","14":"product_tag-portatiles","15":"product_shipping_class-2059","16":"pa_canon-digital-incluida-2517","18":"first","19":"instock","20":"taxable","21":"shipping-taxable","22":"purchasable","23":"product-type-simple"},"_links":{"self":[{"href":"https:\/\/linkxa.es\/linkshop\/wp-json\/wp\/v2\/product\/232440","targetHints":{"allow":["GET"]}}],"collection":[{"href":"https:\/\/linkxa.es\/linkshop\/wp-json\/wp\/v2\/product"}],"about":[{"href":"https:\/\/linkxa.es\/linkshop\/wp-json\/wp\/v2\/types\/product"}],"replies":[{"embeddable":true,"href":"https:\/\/linkxa.es\/linkshop\/wp-json\/wp\/v2\/comments?post=232440"}],"wp:featuredmedia":[{"embeddable":true,"href":"https:\/\/linkxa.es\/linkshop\/wp-json\/wp\/v2\/media\/232441"}],"wp:attachment":[{"href":"https:\/\/linkxa.es\/linkshop\/wp-json\/wp\/v2\/media?parent=232440"}],"wp:term":[{"taxonomy":"product_brand","embeddable":true,"href":"https:\/\/linkxa.es\/linkshop\/wp-json\/wp\/v2\/product_brand?post=232440"},{"taxonomy":"product_cat","embeddable":true,"href":"https:\/\/linkxa.es\/linkshop\/wp-json\/wp\/v2\/product_cat?post=232440"},{"taxonomy":"product_tag","embeddable":true,"href":"https:\/\/linkxa.es\/linkshop\/wp-json\/wp\/v2\/product_tag?post=232440"}],"curies":[{"name":"wp","href":"https:\/\/api.w.org\/{rel}","templated":true}]}}