{"id":232540,"date":"2025-02-21T10:37:49","date_gmt":"2025-02-21T10:37:49","guid":{"rendered":"https:\/\/linkxa.es\/contratacion\/producto\/portatil-reacondicionado-microsoft-surface-laptop-3\/"},"modified":"2025-08-01T23:14:19","modified_gmt":"2025-08-01T23:14:19","slug":"portatil-reacondicionado-microsoft-surface-laptop-3","status":"publish","type":"product","link":"https:\/\/linkxa.es\/linkshop\/producto\/portatil-reacondicionado-microsoft-surface-laptop-3\/","title":{"rendered":"Portatil reacondicionado microsoft surface laptop 3"},"content":{"rendered":"<p>IMPORTANTE: algunas unidades pueden presentar marcas o signos de uso t\u00edpicas de un producto REACONDICIONADO. Estos signos no interfieren en el uso, funcionamiento o garant\u00eda del producto seg\u00fan<br \/>condiciones descritas a continuaci\u00f3n. Equipos revisados y sometidos a rigurosos test de estr\u00e9s para garantizar siempre la m\u00e1xima calidad posible. Los ordenadores, monitores y ordenadores All In One no<br \/>adjuntan ningun tipo de cable. Solo los pot\u00e1tiles van acompa\u00f1ados del cargador.<\/p>\n<p>IMPORTANTE: Teclado con idioma extranjero. Incluimos kit de pegatinas de conversi\u00f3n a espa\u00f1ol.<\/p>\n<p>Port\u00e1til Reacondicionado MICROSOFT Surface Laptop 3 13.5&#8243; \/ i5-10th \/ 8gb \/ 256gb Ssd NVME \/ Win 10 Pro \/ Teclado kit de pegatinas de conversi\u00f3n \/ Negra<\/p>\n<p>Marca: Microsoft<\/p>\n<p>Modelo: Surface Laptop 3<\/p>\n<p>Pantalla: 13.5&#8243;<\/p>\n<p>Procesador: i5-10th<\/p>\n<p>Memoria Ram: 8gb<\/p>\n<p>Almacenamiento: 256gb Ssd NVME<\/p>\n<p>Teclado: Teclado con idioma extranjero. Incluimos kit de pegatinas de conversi\u00f3n a espa\u00f1ol<\/p>\n<p>Sistema operativo (Licencia f\u00edsica incluida en el equipo o embebida en BIOS): Win 10 Pro<\/p>\n<p>IMPORTANTE: GARANT\u00cdA LIMITADA EN BATER\u00cdA (3 MESES). No se considerar\u00e1 como defecto de bater\u00eda, si la duraci\u00f3n en un uso normal (ofim\u00e1tica, con brillo medio de pantalla y conexi\u00f3n a internet) es<br \/>superior a 20-30 minutos.<\/p>\n<p>IMPORTANTE: GARANT\u00cdA LIMITADA EN CARGADOR (6 MESES)<\/p>\n","protected":false},"excerpt":{"rendered":"<p>Portatil reacondicionado microsoft surface laptop 3 13.5 pulgadas &#8211; i5 &#8211; 10th &#8211; 8gb &#8211; 256gb ssd nvme &#8211; win 10 pro &#8211; teclado kit de pegatinas de conversion &#8211; negra<\/p>\n","protected":false},"featured_media":232541,"comment_status":"closed","ping_status":"open","template":"","meta":{"_et_pb_use_builder":"","_et_pb_old_content":"","_et_gb_content_width":""},"product_brand":[2549],"product_cat":[2058,2520,2519],"product_tag":[2068,2550,2524,2570,2523],"class_list":{"0":"post-232540","1":"product","2":"type-product","3":"status-publish","4":"has-post-thumbnail","6":"product_brand-microsoft","7":"product_cat-dispositivos","8":"product_cat-pc-portatiles","9":"product_cat-portatiles","10":"product_tag-dispositivos","11":"product_tag-microsoft","12":"product_tag-pc-portatiles","13":"product_tag-portatil-reacondicionado-microsoft-surface-laptop-3","14":"product_tag-portatiles","15":"product_shipping_class-2059","16":"pa_canon-digital-incluida-2517","18":"first","19":"instock","20":"taxable","21":"shipping-taxable","22":"purchasable","23":"product-type-simple"},"_links":{"self":[{"href":"https:\/\/linkxa.es\/linkshop\/wp-json\/wp\/v2\/product\/232540","targetHints":{"allow":["GET"]}}],"collection":[{"href":"https:\/\/linkxa.es\/linkshop\/wp-json\/wp\/v2\/product"}],"about":[{"href":"https:\/\/linkxa.es\/linkshop\/wp-json\/wp\/v2\/types\/product"}],"replies":[{"embeddable":true,"href":"https:\/\/linkxa.es\/linkshop\/wp-json\/wp\/v2\/comments?post=232540"}],"wp:featuredmedia":[{"embeddable":true,"href":"https:\/\/linkxa.es\/linkshop\/wp-json\/wp\/v2\/media\/232541"}],"wp:attachment":[{"href":"https:\/\/linkxa.es\/linkshop\/wp-json\/wp\/v2\/media?parent=232540"}],"wp:term":[{"taxonomy":"product_brand","embeddable":true,"href":"https:\/\/linkxa.es\/linkshop\/wp-json\/wp\/v2\/product_brand?post=232540"},{"taxonomy":"product_cat","embeddable":true,"href":"https:\/\/linkxa.es\/linkshop\/wp-json\/wp\/v2\/product_cat?post=232540"},{"taxonomy":"product_tag","embeddable":true,"href":"https:\/\/linkxa.es\/linkshop\/wp-json\/wp\/v2\/product_tag?post=232540"}],"curies":[{"name":"wp","href":"https:\/\/api.w.org\/{rel}","templated":true}]}}