{"id":232559,"date":"2025-03-18T15:06:07","date_gmt":"2025-03-18T15:06:07","guid":{"rendered":"https:\/\/linkxa.es\/contratacion\/producto\/portatil-acer-tmp216-51-g2-tco-i5-120u-16gb-ssd-2\/"},"modified":"2025-08-01T23:45:20","modified_gmt":"2025-08-01T23:45:20","slug":"portatil-acer-tmp216-51-g2-tco-i5-120u-16gb-ssd-512gb-16-pulgadas","status":"publish","type":"product","link":"https:\/\/linkxa.es\/linkshop\/producto\/portatil-acer-tmp216-51-g2-tco-i5-120u-16gb-ssd-512gb-16-pulgadas\/","title":{"rendered":"Portatil acer tmp216 &#8211; 51 &#8211; g2 &#8211; tco i5 &#8211; 120u 16gb ssd 512gb 16 pulgadas"},"content":{"rendered":"<p><strong>Acer\u00a0 Portatiles<\/strong><\/p>\n<p>\u00ab`<br \/>&#8211; GENERAL<\/p>\n<p>Sistemas operativos\u00a0<br \/>Windows 11 Pro<\/p>\n<p>Tipo de producto\u00a0<br \/>Ordenador port\u00e1til &#8211; dise\u00f1o de bisagra en 180 grados<\/p>\n<p>&#8211; MEMORIA<\/p>\n<p>Ranuras vac\u00edas\u00a0<br \/>1<\/p>\n<p>Cantidad de ranuras\u00a0<br \/>2<\/p>\n<p>RAM m\u00e1xima soportada\u00a0<br \/>64 GB<\/p>\n<p>Velocidad\u00a0<br \/>2600 MHz<\/p>\n<p>Velocidad nominal\u00a0<br \/>2600 MHz<\/p>\n<p>RAM\u00a0<br \/>16 GB (1 x 16 GB)<\/p>\n<p>Tecnolog\u00eda\u00a0<br \/>DDR5 SDRAM<\/p>\n<p>Factor de forma\u00a0<br \/>SO DIMM de 262 contactos<\/p>\n<p>&#8211; GARANT\u00cdA DEL FABRICANTE<\/p>\n<p>Servicio y mantenimiento\u00a0<br \/>Garant\u00eda limitada &#8211; 1 a\u00f1o &#8211; introducir\u00a0<br \/>Garant\u00eda para viajeros internacionales &#8211; 1 a\u00f1o<\/p>\n<p>&#8211; DIVERSO<\/p>\n<p>Accesorios incluidos\u00a0<br \/>Adaptador de corriente<\/p>\n<p>Material de carcasa\u00a0<br \/>Policarbonato, pl\u00e1stico ABS<\/p>\n<p>Color\u00a0<br \/>Gris metalizado<\/p>\n<p>Acabado de la superficie\u00a0<br \/>Pintura<\/p>\n<p>Protecci\u00f3n contra robos\/intrusiones\u00a0<br \/>Ranura de bloqueo de seguridad (candado con cable vendido por separado)<\/p>\n<p>Tipo de ranura de seguridad\u00a0<br \/>Ranura de seguridad Kensington<\/p>\n<p>Localizaci\u00f3n\u00a0<br \/>Regi\u00f3n: Espa\u00f1a<\/p>\n<p>Caracter\u00edsticas\u00a0<br \/>Contrase\u00f1a de administrador, contrase\u00f1a de sistema, tecnolog\u00eda Acer Purified.Voice<\/p>\n<p>Seguridad\u00a0<br \/>Discrete Trusted Platform Module (TPM) solution, lector de huellas dactilares<\/p>\n<p>Cumplimiento de normas\u00a0<br \/>TCO Certified 9.0<\/p>\n<p>Tasa de absorci\u00f3n espec\u00edfica (SAR)\u00a0<br \/>1.14 W\/kg (head)\u00a0<br \/>1.14 W\/kg (body)\u00a0<br \/>1.14 W\/kg (extremidad)<\/p>\n<p>&#8211; ALMACENAMIENTO<\/p>\n<p>Almacenamiento principal\u00a0<br \/>512 GB SSD M.2 PCIe 4.0 &#8211; NVM Express (NVMe) &#8211; Micron<\/p>\n<p>&#8211; SOFTWARE<\/p>\n<p>Software incluido\u00a0<br \/>Acer ProShield Plus Security Manager<\/p>\n<p>&#8211; DISPLAY<\/p>\n<p>Velocidad de sincronizaci\u00f3n vertical a la resoluci\u00f3n m\u00e1xima\u00a0<br \/>60 Hz<\/p>\n<p>Pantalla panor\u00e1mica\u00a0<br \/>S\u00ed<\/p>\n<p>Coeficiente del aspecto de imagen\u00a0<br \/>16:10<\/p>\n<p>Resoluci\u00f3n\u00a0<br \/>1920 x 1200 (WUXGA)<\/p>\n<p>Brillo de imagen\u00a0<br \/>300 cd\/m\u00b2<\/p>\n<p>Tipo\u00a0<br \/>16&#8243; &#8211; IPS<\/p>\n<p>Gama de colores\u00a0<br \/>45% NTSC<\/p>\n<p>Caracter\u00edsticas\u00a0<br \/>HDCP, ComfyView, mate<\/p>\n<p>&#8211; BATER\u00cdA<\/p>\n<p>Tecnolog\u00eda\u00a0<br \/>Litio-pol\u00edmero<\/p>\n<p>Capacidad\u00a0<br \/>53 Wh<\/p>\n<p>Tiempo de funcionamiento\u00a0<br \/>Hasta 26 horas<\/p>\n<p>&#8211; COMUNICACIONES<\/p>\n<p>Interfaz de red\u00a0<br \/>Gigabit Ethernet<\/p>\n<p>Caracter\u00edsticas\u00a0<br \/>Secuencia doble (2&#215;2)<\/p>\n<p>Inal\u00e1mbrico\u00a0<br \/>802.11a\/b\/g\/n\/ac\/ax (Wi-Fi 6E), Bluetooth<\/p>\n<p>&#8211; DIMENSIONES Y PESO<\/p>\n<p>Peso\u00a0<br \/>1.74 kg<\/p>\n<p>Dimensiones (Ancho x Profundidad x Altura)\u00a0<br \/>35.93 cm x 26.11 cm x 2.295 cm<\/p>\n<p>&#8211; PROCESADOR \/ CHIPSET<\/p>\n<p>Velocidad turbo m\u00e1x.\u00a0<br \/>5 GHz<\/p>\n<p>Cach\u00e9\u00a0<br \/>L3 &#8211; 12 MB<\/p>\n<p>N\u00famero de n\u00facleos\u00a0<br \/>10 n\u00facleos<\/p>\n<p>CPU\u00a0<br \/>Intel Core 5 (Serie 1) 120U \/ 1.4 GHz<\/p>\n<p>&#8211; AUDIO &#038; V\u00cdDEO<\/p>\n<p>Resoluciones de v\u00eddeo\u00a0<br \/>1280 x 720<\/p>\n<p>Cumplimiento de normas\u00a0<br \/>DTS Sound<\/p>\n<p>C\u00e1mara\u00a0<br \/>S\u00ed &#8211; HD<\/p>\n<p>Sonido\u00a0<br \/>Altavoces estereof\u00f3nicos, dos micr\u00f3fonos<\/p>\n<p>Funciones de audio\u00a0<br \/>Salida: Acer TrueHarmony technology\u00a0<br \/>Entrada: reducci\u00f3n del ruido con IA<\/p>\n<p>Procesador gr\u00e1fico\u00a0<br \/>Intel Graphics<\/p>\n<p>Propiedades de c\u00e1mara\u00a0<br \/>Persiana de privacidad, 30 fotogramas por segundo, Temporal Noise Reduction<\/p>\n<p>&#8211; ENTRADA<\/p>\n<p>Tipo\u00a0<br \/>Teclado, touchpad<\/p>\n<p>Disposici\u00f3n del teclado\u00a0<br \/>Espa\u00f1ol<\/p>\n<p>Teclado num\u00e9rico\u00a0<br \/>S\u00ed<\/p>\n<p>Retroiluminaci\u00f3n del teclado\u00a0<br \/>S\u00ed (blanco)<\/p>\n<p>Caracter\u00edsticas\u00a0<br \/>Panel t\u00e1ctil multigesto, Windows Hello, panel t\u00e1ctil OceanGlass, zona t\u00e1ctil de precisi\u00f3n, tecla de Copilot<\/p>\n<p>&#8211; CONEXIONES &#038; EXPANSI\u00d3N<\/p>\n<p>Lector de tarjetas de memoria\u00a0<br \/>S\u00ed (microSD)<\/p>\n<p>Detalles de las interfaces\u00a0<br \/>HDMI\u00a0<br \/>2 x USB-C (supports Thunderbolt 4, DisplayPort Alt Mode) (suministro de energ\u00eda CC-En combo)\u00a0<br \/>USB 3.2 Gen 1 (con carga en apagado)\u00a0<br \/>USB 3.2 Gen 1\u00a0<br \/>LAN\u00a0<br \/>Toma combinada de auriculares\/micr\u00f3fono\u00a0<br \/>Transformador de CA<\/p>\n<p>Salida\u00a0<br \/>65 vatios<\/p>\n<p>&#8211; INFORMACI\u00d3N DE SOSTENIBILIDAD<\/p>\n<p>Versi\u00f3n PAIA\u00a0<br \/>1.4.0<\/p>\n<p>Desviaci\u00f3n est\u00e1ndar de CF total\/unidad (kg CO2e)\u00a0<br \/>66<\/p>\n<p>Certificado TCO\u00a0<br \/>&#8211;<\/p>\n<p>Huella de carbono\u00a0<br \/>313 kg carbon emissions<br \/>\u00ab`<\/p>\n","protected":false},"excerpt":{"rendered":"<p>Portatil acer tmp216 &#8211; 51 &#8211; g2 &#8211; tco i5 &#8211; 120u 16gb ssd<\/p>\n","protected":false},"featured_media":232343,"comment_status":"closed","ping_status":"open","template":"","meta":{"_et_pb_use_builder":"","_et_pb_old_content":"","_et_gb_content_width":""},"product_brand":[2518],"product_cat":[2058,2520,2519],"product_tag":[2521,2068,2524,2522,2523],"class_list":{"0":"post-232559","1":"product","2":"type-product","3":"status-publish","4":"has-post-thumbnail","6":"product_brand-acer","7":"product_cat-dispositivos","8":"product_cat-pc-portatiles","9":"product_cat-portatiles","10":"product_tag-acer","11":"product_tag-dispositivos","12":"product_tag-pc-portatiles","13":"product_tag-portatil-acer-tmp216-51-g2-tco-i5-120u-16gb-ssd","14":"product_tag-portatiles","15":"product_shipping_class-2059","16":"pa_canon-digital-incluida-533-e-incluidos","18":"first","19":"instock","20":"taxable","21":"shipping-taxable","22":"purchasable","23":"product-type-simple"},"_links":{"self":[{"href":"https:\/\/linkxa.es\/linkshop\/wp-json\/wp\/v2\/product\/232559","targetHints":{"allow":["GET"]}}],"collection":[{"href":"https:\/\/linkxa.es\/linkshop\/wp-json\/wp\/v2\/product"}],"about":[{"href":"https:\/\/linkxa.es\/linkshop\/wp-json\/wp\/v2\/types\/product"}],"replies":[{"embeddable":true,"href":"https:\/\/linkxa.es\/linkshop\/wp-json\/wp\/v2\/comments?post=232559"}],"wp:featuredmedia":[{"embeddable":true,"href":"https:\/\/linkxa.es\/linkshop\/wp-json\/wp\/v2\/media\/232343"}],"wp:attachment":[{"href":"https:\/\/linkxa.es\/linkshop\/wp-json\/wp\/v2\/media?parent=232559"}],"wp:term":[{"taxonomy":"product_brand","embeddable":true,"href":"https:\/\/linkxa.es\/linkshop\/wp-json\/wp\/v2\/product_brand?post=232559"},{"taxonomy":"product_cat","embeddable":true,"href":"https:\/\/linkxa.es\/linkshop\/wp-json\/wp\/v2\/product_cat?post=232559"},{"taxonomy":"product_tag","embeddable":true,"href":"https:\/\/linkxa.es\/linkshop\/wp-json\/wp\/v2\/product_tag?post=232559"}],"curies":[{"name":"wp","href":"https:\/\/api.w.org\/{rel}","templated":true}]}}