{"id":232560,"date":"2025-05-24T19:21:11","date_gmt":"2025-05-24T19:21:11","guid":{"rendered":"https:\/\/linkxa.es\/contratacion\/producto\/portatil-medion-e15433-md62671-i5-1235u-16gb-2\/"},"modified":"2025-08-01T23:45:49","modified_gmt":"2025-08-01T23:45:49","slug":"portatil-medion-e15433-md62671-i5-1235u-16gb-ssd512gb-w11-15-6-pulgadas","status":"publish","type":"product","link":"https:\/\/linkxa.es\/linkshop\/producto\/portatil-medion-e15433-md62671-i5-1235u-16gb-ssd512gb-w11-15-6-pulgadas\/","title":{"rendered":"Portatil medion e15433 md62671 i5 &#8211; 1235u 16gb ssd512gb w11 15.6 pulgadas"},"content":{"rendered":"<p><strong>Medion\u00a0 Portatiles<\/strong><\/p>\n<p>Core? i5<br \/>Hasta gr\u00e1ficos Intel\u00ae Xe<br \/>\u00a0Pantalla Full HD de 39,6 cm (15,6&#8243;) con una<br \/>resoluci\u00f3n de 1920 x 1080 p\u00edxeles<br \/>\u00a0SSD 512 GB<br \/>16 GB de memoria DDR4<br \/>\u00a0Intel Wireless AC 9461 con<br \/>Funci\u00f3n Bluetooth\u00ae 5.1 integrada<br \/>Modo de privacidad : protecci\u00f3n de la privacidad<br \/>simplificada: un control deslizante<br \/>f\u00e1cil de usar en el lateral de la computadora<br \/>port\u00e1til desactiva la c\u00e1mara y el micr\u00f3fono<br \/>Dise\u00f1o delgado<br \/>C\u00e1mara web integrada de 1 MP y micr\u00f3fono<br \/>de matriz dual<br \/>Teclado con teclado num\u00e9rico<br \/>Dimensiones (An x Al x Pr)\/Peso<br \/>Sin patas de goma: 35,9<br \/>x 2,06 x 24,0 cm \/ 1,81 kg ( bater\u00eda incluida )<br \/>Conexiones<br \/>1x lector de tarjetas microSD3<br \/>2x USB 3.2 Gen 1 Tipo A<br \/>1x USB 2.0 Tipo C<br \/>1x USB 2.0 Tipo A<br \/>1x salida HDMI<br \/>\u00a01x Combo de audio<br \/>1x entrada de CC<br \/>Software (versiones OEM preinstaladas)<br \/>\u00a0Inicio de Windows 11<br \/>\u00a0Versi\u00f3n de prueba gratuita de Microsoft 365:<br \/>En esta PC est\u00e1 preinstalada una versi\u00f3n<br \/>de prueba de 30 d\u00edas de<br \/>Microsoft 365 para nuevos clientes (m\u00e1s<br \/>adelante se aplicar\u00e1n cargos adicionales)<br \/>\u00a0McAfee LiveSafe : versi\u00f3n de prueba gratuita de<br \/>30 d\u00edas preinstalada (m\u00e1s adelante<br \/>se aplicar\u00e1n cargos adicionales)<br \/>Xbox Game Pass por tres meses<br \/>Ultimate gratis2 : recibe acceso sin<br \/>restricciones a m\u00e1s de 100 juegos de alta<br \/>calidad para consolas, PC y dispositivos con<br \/>capacidad para la nube, adem\u00e1s de una<br \/>membres\u00eda Xbox Live Gold<\/p>\n<p><\/p>\n","protected":false},"excerpt":{"rendered":"<p>Portatil medion e15433 md62671 i5 &#8211; 1235u 16gb<\/p>\n","protected":false},"featured_media":232345,"comment_status":"closed","ping_status":"open","template":"","meta":{"_et_pb_use_builder":"","_et_pb_old_content":"","_et_gb_content_width":""},"product_brand":[2525],"product_cat":[2058,2520,2519],"product_tag":[2068,2526,2524,2527,2523],"class_list":{"0":"post-232560","1":"product","2":"type-product","3":"status-publish","4":"has-post-thumbnail","6":"product_brand-medion","7":"product_cat-dispositivos","8":"product_cat-pc-portatiles","9":"product_cat-portatiles","10":"product_tag-dispositivos","11":"product_tag-medion","12":"product_tag-pc-portatiles","13":"product_tag-portatil-medion-e15433-md62671-i5-1235u-16gb","14":"product_tag-portatiles","15":"product_shipping_class-2088","16":"pa_canon-digital-incluida-533-e-incluidos","18":"first","19":"instock","20":"taxable","21":"shipping-taxable","22":"purchasable","23":"product-type-simple"},"_links":{"self":[{"href":"https:\/\/linkxa.es\/linkshop\/wp-json\/wp\/v2\/product\/232560","targetHints":{"allow":["GET"]}}],"collection":[{"href":"https:\/\/linkxa.es\/linkshop\/wp-json\/wp\/v2\/product"}],"about":[{"href":"https:\/\/linkxa.es\/linkshop\/wp-json\/wp\/v2\/types\/product"}],"replies":[{"embeddable":true,"href":"https:\/\/linkxa.es\/linkshop\/wp-json\/wp\/v2\/comments?post=232560"}],"wp:featuredmedia":[{"embeddable":true,"href":"https:\/\/linkxa.es\/linkshop\/wp-json\/wp\/v2\/media\/232345"}],"wp:attachment":[{"href":"https:\/\/linkxa.es\/linkshop\/wp-json\/wp\/v2\/media?parent=232560"}],"wp:term":[{"taxonomy":"product_brand","embeddable":true,"href":"https:\/\/linkxa.es\/linkshop\/wp-json\/wp\/v2\/product_brand?post=232560"},{"taxonomy":"product_cat","embeddable":true,"href":"https:\/\/linkxa.es\/linkshop\/wp-json\/wp\/v2\/product_cat?post=232560"},{"taxonomy":"product_tag","embeddable":true,"href":"https:\/\/linkxa.es\/linkshop\/wp-json\/wp\/v2\/product_tag?post=232560"}],"curies":[{"name":"wp","href":"https:\/\/api.w.org\/{rel}","templated":true}]}}