{"id":232561,"date":"2025-03-08T02:03:31","date_gmt":"2025-03-08T02:03:31","guid":{"rendered":"https:\/\/linkxa.es\/contratacion\/producto\/tablet-acer-iconia-p11-p11-11-11-pulgadas-2\/"},"modified":"2025-08-01T23:46:14","modified_gmt":"2025-08-01T23:46:14","slug":"tablet-acer-iconia-p11-p11-11-11-pulgadas-8ggb-128gb-wifi-gris","status":"publish","type":"product","link":"https:\/\/linkxa.es\/linkshop\/producto\/tablet-acer-iconia-p11-p11-11-11-pulgadas-8ggb-128gb-wifi-gris\/","title":{"rendered":"Tablet acer iconia p11 p11 &#8211; 11 11 pulgadas 8ggb 128gb wifi gris"},"content":{"rendered":"<p><strong>Acer\u00a0 Portatiles<\/strong><\/p>\n<p>-GENERAL\u00a0<br \/>Tipo de producto: Tableta\u00a0<br \/>Sistema operativo: Android\u00a0<br \/>Color: Gris hierro\u00a0<br \/>Material de carcasa: Policarbonato, pl\u00e1stico ABS\u00a0<br \/>Caracter\u00edsticas adicionales: Control de volumen\u00a0<br \/>Sensores: Aceler\u00f3metro, sensor de luz ambiental\u00a0<br \/>Localizaci\u00f3n: Espa\u00f1a\u00a0<br \/>Cumplimiento de normas: RoHS, WEEE\u00a0<br \/>Tasa de absorci\u00f3n espec\u00edfica (SAR):\u00a0<br \/>&#8211; Cabeza: 1.598 W\/kg\u00a0<br \/>&#8211; Cuerpo: 1.598 W\/kg\u00a0<br \/>&#8211; Extremidad: 1.598 W\/kg\u00a0<\/p>\n<p>-PROCESADOR\u00a0<br \/>Modelo: MediaTek Helio G99 MT8781\u00a0<br \/>N\u00famero de n\u00facleos: 8 n\u00facleos\u00a0<br \/>Velocidad del reloj: 2.2 GHz\u00a0<br \/>Procesador gr\u00e1fico: ARM Mali-G57 MC2\u00a0<\/p>\n<p>-MEMORIA\u00a0<br \/>RAM: 8 GB LPDDR4X SDRAM\u00a0<br \/>Almacenamiento interno: 128 GB (UFS card)\u00a0<br \/>Ranura de expansi\u00f3n: 1 x microSD\u00a0<br \/>Capacidad m\u00e1xima soportada por microSD: 512 GB\u00a0<\/p>\n<p>-PANTALLA\u00a0<br \/>Tama\u00f1o: 11&#8243;\u00a0<br \/>Tipo: IPS TFT con retroiluminaci\u00f3n LED\u00a0<br \/>Resoluci\u00f3n: 1920 x 1200\u00a0<br \/>Relaci\u00f3n de aspecto: 16:10\u00a0<br \/>Pantalla t\u00e1ctil: Multit\u00e1ctil\u00a0<br \/>Brillo: 400 cd\/m\u00b2\u00a0<br \/>Gama de colores: 102% NTSC\u00a0<br \/>Frecuencia de actualizaci\u00f3n: 60 Hz\u00a0<br \/>Tiempo de respuesta: 30 ms\u00a0<br \/>Tecnolog\u00edas: In-cell Touch, antirreflejo\u00a0<\/p>\n<p>-C\u00c1MARA FRONTAL\u00a0<br \/>Resoluci\u00f3n del sensor: 5 MP\u00a0<br \/>Resoluciones de v\u00eddeo: 2592 x 1944\u00a0<\/p>\n<p>-C\u00c1MARA TRASERA\u00a0<br \/>Resoluci\u00f3n del sensor: 13 MP\u00a0<br \/>Resoluciones de v\u00eddeo: 4224 x 3166\u00a0<\/p>\n<p>-AUDIO Y MULTIMEDIA\u00a0<br \/>Altavoces: Cuatro\u00a0<br \/>Micr\u00f3fonos: Dos\u00a0<\/p>\n<p>-CONECTIVIDAD\u00a0<br \/>Wi-Fi: 802.11a\/b\/g\/n\/ac\u00a0<br \/>Bluetooth: 5.2\u00a0<br \/>Interfaces:\u00a0<br \/>&#8211; 1 x USB-C\u00a0<br \/>&#8211; 1 x salida de auriculares (minijack 3,5 mm)\u00a0<\/p>\n<p>-BATER\u00cdA\u00a0<br \/>Tecnolog\u00eda: Ion de litio\u00a0<br \/>Capacidad: 30.4 Wh\u00a0<br \/>Tiempo de funcionamiento: Hasta 13 horas\u00a0<br \/>Uso estimado: Reproducci\u00f3n de v\u00eddeo hasta 13 horas\u00a0<\/p>\n<p>-PAR\u00c1METROS DE ENTORNO\u00a0<br \/>Temperatura de funcionamiento: 0 \u00b0C a 35 \u00b0C\u00a0<br \/>Temperatura de almacenamiento: -20 \u00b0C a 60 \u00b0C\u00a0<br \/>Humedad de funcionamiento: 20% &#8211; 80% (sin condensaci\u00f3n)\u00a0<\/p>\n<p>-DIMENSIONES Y PESO\u00a0<br \/>Anchura: 16.98 cm\u00a0<br \/>Altura: 26.52 cm\u00a0<br \/>Profundidad: 0.81 cm\u00a0<br \/>Peso: 550 g\u00a0<\/p>\n<p>-ACCESORIOS INCLUIDOS\u00a0<br \/>Adaptador de corriente\u00a0<br \/>Funda de portafolio\u00a0<\/p>\n<p>-GARANT\u00cdA\u00a0<br \/>Garant\u00eda limitada: 1 a\u00f1o\u00a0<br \/>Garant\u00eda para viajeros internacionales: 1 a\u00f1o<\/p>\n","protected":false},"excerpt":{"rendered":"<p>Tablet acer iconia p11 p11 &#8211; 11 11 pulgadas<\/p>\n","protected":false},"featured_media":232348,"comment_status":"closed","ping_status":"open","template":"","meta":{"_et_pb_use_builder":"","_et_pb_old_content":"","_et_gb_content_width":""},"product_brand":[2518],"product_cat":[2058,2519,2529],"product_tag":[2521,2068,2523,2530,2531],"class_list":{"0":"post-232561","1":"product","2":"type-product","3":"status-publish","4":"has-post-thumbnail","6":"product_brand-acer","7":"product_cat-dispositivos","8":"product_cat-portatiles","9":"product_cat-tablets","10":"product_tag-acer","11":"product_tag-dispositivos","12":"product_tag-portatiles","13":"product_tag-tablet-acer-iconia-p11-p11-11-11-pulgadas","14":"product_tag-tablets","15":"product_shipping_class-2059","16":"pa_canon-digital-incluida-375-e-incluidos","18":"first","19":"instock","20":"taxable","21":"shipping-taxable","22":"purchasable","23":"product-type-simple"},"_links":{"self":[{"href":"https:\/\/linkxa.es\/linkshop\/wp-json\/wp\/v2\/product\/232561","targetHints":{"allow":["GET"]}}],"collection":[{"href":"https:\/\/linkxa.es\/linkshop\/wp-json\/wp\/v2\/product"}],"about":[{"href":"https:\/\/linkxa.es\/linkshop\/wp-json\/wp\/v2\/types\/product"}],"replies":[{"embeddable":true,"href":"https:\/\/linkxa.es\/linkshop\/wp-json\/wp\/v2\/comments?post=232561"}],"wp:featuredmedia":[{"embeddable":true,"href":"https:\/\/linkxa.es\/linkshop\/wp-json\/wp\/v2\/media\/232348"}],"wp:attachment":[{"href":"https:\/\/linkxa.es\/linkshop\/wp-json\/wp\/v2\/media?parent=232561"}],"wp:term":[{"taxonomy":"product_brand","embeddable":true,"href":"https:\/\/linkxa.es\/linkshop\/wp-json\/wp\/v2\/product_brand?post=232561"},{"taxonomy":"product_cat","embeddable":true,"href":"https:\/\/linkxa.es\/linkshop\/wp-json\/wp\/v2\/product_cat?post=232561"},{"taxonomy":"product_tag","embeddable":true,"href":"https:\/\/linkxa.es\/linkshop\/wp-json\/wp\/v2\/product_tag?post=232561"}],"curies":[{"name":"wp","href":"https:\/\/api.w.org\/{rel}","templated":true}]}}