{"id":232566,"date":"2025-04-08T13:44:26","date_gmt":"2025-04-08T13:44:26","guid":{"rendered":"https:\/\/linkxa.es\/contratacion\/producto\/portatil-hp-15-fd0220ns-15-6-pulgadas-i5-1334u-8gb-2\/"},"modified":"2025-08-01T23:46:47","modified_gmt":"2025-08-01T23:46:47","slug":"portatil-hp-15-fd0220ns-15-6-pulgadas-i5-1334u-8gb-ssd-512gb-w11-plata","status":"publish","type":"product","link":"https:\/\/linkxa.es\/linkshop\/producto\/portatil-hp-15-fd0220ns-15-6-pulgadas-i5-1334u-8gb-ssd-512gb-w11-plata\/","title":{"rendered":"Port\u00e1til hp 15 &#8211; fd0220ns 15.6 pulgadas i5 &#8211; 1334u &#8211; \u00a08gb &#8211;  ssd\u00a0512gb &#8211;  w11 &#8211;  plata"},"content":{"rendered":"<p><strong>Hp\u00a0 Portatiles<\/strong><\/p>\n<p>-MARCA\u00a0<br \/>HP\u00a0<\/p>\n<p>-MODELO\u00a0<br \/>HP 15-fd0220ns\u00a0<\/p>\n<p>-PANTALLA\u00a0<br \/>Tama\u00f1o: 15.6&#8243;\u00a0<br \/>Resoluci\u00f3n: No especificada (habitualmente Full HD en este modelo)\u00a0<br \/>Tipo de pantalla: Antirreflejo (seg\u00fan configuraci\u00f3n est\u00e1ndar HP)\u00a0<\/p>\n<p>-PROCESADOR\u00a0<br \/>Intel Core i5-1334U\u00a0<br \/>Arquitectura: 10 n\u00facleos (2 de rendimiento + 8 de eficiencia)\u00a0<br \/>Frecuencia base y turbo: seg\u00fan configuraci\u00f3n oficial del modelo\u00a0<\/p>\n<p>-MEMORIA\u00a0<br \/>RAM: 8 GB\u00a0<br \/>Tipo: DDR4 o LPDDR4x (dependiendo de la configuraci\u00f3n)\u00a0<\/p>\n<p>-ALMACENAMIENTO\u00a0<br \/>Unidad SSD: 512 GB\u00a0<br \/>Tipo de almacenamiento: SSD NVMe\u00a0<\/p>\n<p>-SISTEMA OPERATIVO\u00a0<br \/>Windows 11\u00a0<\/p>\n<p>-TARJETA GR\u00c1FICA\u00a0<br \/>Gr\u00e1ficos integrados: Intel Iris Xe Graphics\u00a0<\/p>\n<p>-CONECTIVIDAD\u00a0<br \/>Wi-Fi: Integrado (802.11ac o superior)\u00a0<br \/>Bluetooth: S\u00ed (versi\u00f3n 5.0 o superior)\u00a0<\/p>\n<p>-PUERTOS\u00a0<br \/>USB: M\u00faltiples puertos USB-A y USB-C\u00a0<br \/>HDMI: S\u00ed\u00a0<br \/>Conector de audio: Jack 3.5 mm\u00a0<br \/>Lector de tarjetas SD: En algunos modelos\u00a0<\/p>\n<p>-AUDIO\u00a0<br \/>Altavoces est\u00e9reo integrados\u00a0<\/p>\n<p>-BATER\u00cdA\u00a0<br \/>Tipo: Bater\u00eda de ion de litio\u00a0<br \/>Duraci\u00f3n estimada: Variable seg\u00fan uso (habitualmente entre 6-10 h)\u00a0<br \/>Carga r\u00e1pida: S\u00ed (seg\u00fan configuraci\u00f3n oficial HP)\u00a0<\/p>\n<p>-DISE\u00d1O\u00a0<br \/>Color: Plata\u00a0<br \/>Teclado: Tama\u00f1o completo con teclado num\u00e9rico\u00a0<\/p>\n<p>-DIMENSIONES Y PESO\u00a0<br \/>Dimensiones: Aproximadamente 35.8 x 24.2 x 1.79 cm (seg\u00fan modelo est\u00e1ndar)\u00a0<br \/>Peso: Aproximadamente 1.7 kg\u00a0<\/p>\n<p>-BENEFICIOS\u00a0<br \/>Ideal para productividad, estudios y uso cotidiano\u00a0<br \/>Procesador de 13.\u00aa generaci\u00f3n con buen rendimiento multitarea\u00a0<br \/>Almacenamiento r\u00e1pido y amplio\u00a0<br \/>Dise\u00f1o delgado y elegante para mayor portabilidad\u00a0<\/p>\n","protected":false},"excerpt":{"rendered":"<p>Port\u00e1til hp 15 &#8211; fd0220ns 15.6 pulgadas i5 &#8211; 1334u \u00a08gb<\/p>\n","protected":false},"featured_media":232393,"comment_status":"closed","ping_status":"open","template":"","meta":{"_et_pb_use_builder":"","_et_pb_old_content":"","_et_gb_content_width":""},"product_brand":[2536],"product_cat":[2058,2520,2519],"product_tag":[2068,2537,2524,2540,2523],"class_list":{"0":"post-232566","1":"product","2":"type-product","3":"status-publish","4":"has-post-thumbnail","6":"product_brand-hp","7":"product_cat-dispositivos","8":"product_cat-pc-portatiles","9":"product_cat-portatiles","10":"product_tag-dispositivos","11":"product_tag-hp","12":"product_tag-pc-portatiles","13":"product_tag-portatil-hp-15-fd0220ns-15-6-pulgadas-i5-1334u-8gb","14":"product_tag-portatiles","15":"product_shipping_class-2088","16":"pa_canon-digital-incluida-533-e-incluidos","18":"first","19":"instock","20":"taxable","21":"shipping-taxable","22":"purchasable","23":"product-type-simple"},"_links":{"self":[{"href":"https:\/\/linkxa.es\/linkshop\/wp-json\/wp\/v2\/product\/232566","targetHints":{"allow":["GET"]}}],"collection":[{"href":"https:\/\/linkxa.es\/linkshop\/wp-json\/wp\/v2\/product"}],"about":[{"href":"https:\/\/linkxa.es\/linkshop\/wp-json\/wp\/v2\/types\/product"}],"replies":[{"embeddable":true,"href":"https:\/\/linkxa.es\/linkshop\/wp-json\/wp\/v2\/comments?post=232566"}],"wp:featuredmedia":[{"embeddable":true,"href":"https:\/\/linkxa.es\/linkshop\/wp-json\/wp\/v2\/media\/232393"}],"wp:attachment":[{"href":"https:\/\/linkxa.es\/linkshop\/wp-json\/wp\/v2\/media?parent=232566"}],"wp:term":[{"taxonomy":"product_brand","embeddable":true,"href":"https:\/\/linkxa.es\/linkshop\/wp-json\/wp\/v2\/product_brand?post=232566"},{"taxonomy":"product_cat","embeddable":true,"href":"https:\/\/linkxa.es\/linkshop\/wp-json\/wp\/v2\/product_cat?post=232566"},{"taxonomy":"product_tag","embeddable":true,"href":"https:\/\/linkxa.es\/linkshop\/wp-json\/wp\/v2\/product_tag?post=232566"}],"curies":[{"name":"wp","href":"https:\/\/api.w.org\/{rel}","templated":true}]}}