{"id":232567,"date":"2024-12-13T06:49:08","date_gmt":"2024-12-13T06:49:08","guid":{"rendered":"https:\/\/linkxa.es\/contratacion\/producto\/portatil-apple-macbook-air-13-apple-2\/"},"modified":"2025-08-01T23:50:36","modified_gmt":"2025-08-01T23:50:36","slug":"portatil-apple-macbook-air-13-apple-m2-16gb-ssd-256gb-13-6-pulgadas","status":"publish","type":"product","link":"https:\/\/linkxa.es\/linkshop\/producto\/portatil-apple-macbook-air-13-apple-m2-16gb-ssd-256gb-13-6-pulgadas\/","title":{"rendered":"Portatil apple macbook air 13 apple m2 16gb ssd 256gb 13.6 pulgadas"},"content":{"rendered":"<p><strong>Apple\u00a0 Portatiles<\/strong><\/p>\n<p>Ficha T\u00e9cnica<br \/>General<br \/>Tipo de producto<br \/>Ordenador port\u00e1til<br \/>Sistemas operativos<br \/>Apple macOS Sequoia 15.0<br \/>Memoria<br \/>RAM<br \/>16 GB (memoria unificada)<br \/>Garant\u00eda del fabricante<br \/>Servicio y mantenimiento<br \/>Garant\u00eda limitada &#8211; 1 a\u00f1o<br \/>Soporte t\u00e9cnico &#8211; asesoramiento telef\u00f3nico &#8211; 90 d\u00edas<br \/>Diverso<br \/>Material de carcasa<br \/>Aluminio<br \/>Opciones integradas<br \/>Sensor de luz ambiental<br \/>Color<br \/>Medianoche<br \/>Seguridad<br \/>Lector de huellas dactilares<br \/>Accesorios incluidos<br \/>Adaptador de USB-C con alimentaci\u00f3n, cable de carga de USB-C a MagSafe 3 (2 m)<br \/>Tasa de absorci\u00f3n espec\u00edfica (SAR)<br \/>0.83 W\/kg (body)<br \/>0.83 W\/kg (extremidad)<br \/>Caracter\u00edsticas<br \/>Voice Control, lector de pantalla VoiceOver, aumento de contraste, Reducir el movimiento, Dictado, Switch Control, Closed Captions, Subt\u00edtulos en directo<br \/>Almacenamiento<br \/>Almacenamiento principal<br \/>256 GB SSD integrada en placa<br \/>Par\u00e1metros de entorno<br \/>Temperatura m\u00ednima de funcionamiento<br \/>10 C<br \/>Temperatura m\u00e1xima de funcionamiento<br \/>35 C<br \/>\u00c1mbito de humedad de funcionamiento<br \/>0 &#8211; 90% (sin condensaci\u00f3n)<br \/>Software<br \/>Software incluido<br \/>App Store, Apple Books, Calendario, Contactos, Apple FaceTime, Find My, Apple Freeform, Apple GarageBand, Home, Apple iMovie, Espejo del iPhone, Apple Keynote, Correo, Mapas, Messages, M\u00fasica, News, Notas, Apple<br \/>Numbers, Apple Pages, Photo Booth, Fotos, Podcasts, Apple Preview, Apple QuickTime Player, Recordatorios, Apple Safari, Apple Shortcuts, Acciones, Apple Time Machine, Apple TV, Voice Memos, Estado del tiempo, Siri<br \/>Display<br \/>Pantalla panor\u00e1mica<br \/>S\u00ed<br \/>Densidad de p\u00edxeles (ppi)<br \/>224<br \/>Admisi\u00f3n de color<br \/>Mil millones de colores<br \/>Tipo<br \/>13.6&#8243; &#8211; IPS<br \/>Brillo de imagen<br \/>500 cd\/m<br \/>Nombre de teclado<br \/>Apple Magic Keyboard with Touch ID<br \/>Resoluci\u00f3n<br \/>2560 x 1664 (WQXGA)<br \/>Caracter\u00edsticas<br \/>Pantalla de retina l\u00edquida, tecnolog\u00eda True Tone, P3 Wide Color Gamut, cristal sin ars\u00e9nico, Sin mercurio, sin BFR\/PVC, sin berilio, cumplimiento HDR, compatible con HGR10, gamma HLG, Zoom<br \/>Bater\u00eda<br \/>Tecnolog\u00eda<br \/>Litio-pol\u00edmero<br \/>Tiempo de funcionamiento<br \/>Hasta 18 horas<br \/>Capacidad<br \/>52.6 Wh<br \/>Tiempo de funcionamiento de la bater\u00eda<br \/>Reproducci\u00f3n de v\u00eddeo: hasta 18 horas<br \/>Navegaci\u00f3n Web en Wi-Fi: hasta 15 horas<br \/>Comunicaciones<br \/>Inal\u00e1mbrico<br \/>802.11a\/b\/g\/n\/ac\/ax, Bluetooth 5.3<br \/>Dimensiones y peso<br \/>Peso<br \/>1.24 kg<br \/>Dimensiones (Ancho x Profundidad x Altura)<br \/>30.41 cm x 21.5 cm x 1.13 cm<br \/>Procesador \/ Chipset<br \/>N\u00famero de n\u00facleos<br \/>8 n\u00facleos<br \/>CPU<br \/>Apple M2<br \/>Caracter\u00edsticas<br \/>Motor neural de 16 n\u00facleos, compatible con Apple Intelligence<br \/>Audio &#038; V\u00eddeo<br \/>C\u00e1mara<br \/>S\u00ed &#8211; 1080p<br \/>Cumplimiento de normas<br \/>Dolby Digital, Dolby Digital Plus, Dolby Atmos<br \/>Propiedades de c\u00e1mara<br \/>C\u00e1mara HD FaceTime, procesador de se\u00f1al de imagen avanzada (ISP)<br \/>Monitores m\u00e1x. admitidos<br \/>1 monitores externos<br \/>Propiedades del sistema de v\u00eddeo<br \/>H.264 acelerado por hardware, HEVC, ProRes y ProRes RAW, motor de decodificaci\u00f3n de v\u00eddeo, motor de codificaci\u00f3n y decodificaci\u00f3n ProRes, motor de codificaci\u00f3n de v\u00eddeo<br \/>Procesador gr\u00e1fico<br \/>Apple M2 8-core<br \/>Funciones de audio<br \/>Salida: admite Spatial Audio, Entrada: modo de aislamiento de voz, modo de micr\u00f3fono de amplio espectro<br \/>Sonido<br \/>Cuatro altavoces, array de micr\u00f3fono con 3 formaci\u00f3n de haz<br \/>Entrada<br \/>Retroiluminaci\u00f3n del teclado<br \/>S\u00ed<br \/>Tipo<br \/>Teclado, trackpad Force Touch<br \/>Caracter\u00edsticas<br \/>Sensor de ID t\u00e1ctil, sensibilidad a la presi\u00f3n, clic fuerte, Multi-Touch Gesture Recognition, touchpad multit\u00e1ctil<br \/>Conexiones &#038; Expansi\u00f3n<br \/>Detalles de las interfaces<br \/>2 x USB4\/Thunderbolt 3\/DisplayPort (carga)<br \/>Salida de auriculares<br \/>Transformador de CA<br \/>Salida<br \/>30 vatios<br \/>Entrada<br \/>CA 100-240 V (50\/60 Hz)<br \/>Informaci\u00f3n de sostenibilidad<br \/>Certificaci\u00f3n ENERGY STAR<br \/>S\u00ed<br \/>Certificado TCO<br \/>&#8211;<br \/>Materiales de tierras raras<br \/>98 % elementos reciclados de tierras raras<br \/>Huella de carbono<br \/>147 kg de emisiones de carbono<br \/>Contenido reciclado del producto<br \/>40 % &#8211; materiales reciclados<br \/>Contenido reciclado del paquete<br \/>45 % &#8211; fibra reciclada<\/p>\n","protected":false},"excerpt":{"rendered":"<p>Portatil apple macbook air 13 apple<\/p>\n","protected":false},"featured_media":232499,"comment_status":"closed","ping_status":"open","template":"","meta":{"_et_pb_use_builder":"","_et_pb_old_content":"","_et_gb_content_width":""},"product_brand":[2061],"product_cat":[2058,2520,2519],"product_tag":[2064,2068,2524,2541,2523],"class_list":{"0":"post-232567","1":"product","2":"type-product","3":"status-publish","4":"has-post-thumbnail","6":"product_brand-apple","7":"product_cat-dispositivos","8":"product_cat-pc-portatiles","9":"product_cat-portatiles","10":"product_tag-apple","11":"product_tag-dispositivos","12":"product_tag-pc-portatiles","13":"product_tag-portatil-apple-macbook-air-13-apple","14":"product_tag-portatiles","15":"product_shipping_class-2059","16":"pa_canon-digital-incluida-533-e-incluidos","18":"first","19":"instock","20":"taxable","21":"shipping-taxable","22":"purchasable","23":"product-type-simple"},"_links":{"self":[{"href":"https:\/\/linkxa.es\/linkshop\/wp-json\/wp\/v2\/product\/232567","targetHints":{"allow":["GET"]}}],"collection":[{"href":"https:\/\/linkxa.es\/linkshop\/wp-json\/wp\/v2\/product"}],"about":[{"href":"https:\/\/linkxa.es\/linkshop\/wp-json\/wp\/v2\/types\/product"}],"replies":[{"embeddable":true,"href":"https:\/\/linkxa.es\/linkshop\/wp-json\/wp\/v2\/comments?post=232567"}],"wp:featuredmedia":[{"embeddable":true,"href":"https:\/\/linkxa.es\/linkshop\/wp-json\/wp\/v2\/media\/232499"}],"wp:attachment":[{"href":"https:\/\/linkxa.es\/linkshop\/wp-json\/wp\/v2\/media?parent=232567"}],"wp:term":[{"taxonomy":"product_brand","embeddable":true,"href":"https:\/\/linkxa.es\/linkshop\/wp-json\/wp\/v2\/product_brand?post=232567"},{"taxonomy":"product_cat","embeddable":true,"href":"https:\/\/linkxa.es\/linkshop\/wp-json\/wp\/v2\/product_cat?post=232567"},{"taxonomy":"product_tag","embeddable":true,"href":"https:\/\/linkxa.es\/linkshop\/wp-json\/wp\/v2\/product_tag?post=232567"}],"curies":[{"name":"wp","href":"https:\/\/api.w.org\/{rel}","templated":true}]}}