{"id":232568,"date":"2025-05-20T11:21:59","date_gmt":"2025-05-20T11:21:59","guid":{"rendered":"https:\/\/linkxa.es\/contratacion\/producto\/portatil-medion-akoya-e15433-md62630-i7-1255u-2\/"},"modified":"2025-08-01T23:47:37","modified_gmt":"2025-08-01T23:47:37","slug":"portatil-medion-akoya-e15433-md62630-i7-1255u-15-6-pulgadas-16gb-ssd1tb-w11","status":"publish","type":"product","link":"https:\/\/linkxa.es\/linkshop\/producto\/portatil-medion-akoya-e15433-md62630-i7-1255u-15-6-pulgadas-16gb-ssd1tb-w11\/","title":{"rendered":"Portatil medion akoya e15433 md62630 i7 &#8211; 1255u 15.6 pulgadas 16gb ssd1tb w11"},"content":{"rendered":"<p><strong>Medion\u00a0 Portatiles<\/strong><\/p>\n<p>Hardware<br \/>\u00a0Procesador Intel\u00ae 12.\u00aa generaci\u00f3n Core? i7-1255U<br \/>Hasta gr\u00e1ficos Intel\u00ae Xe<br \/>Pantalla Full HD de 39,6 cm (15,6&#8243;) con una<br \/>resoluci\u00f3n de 1920 x 1080 p\u00edxeles<br \/>SSD 1000 GB<br \/>16 GB de memoria DDR4 (m\u00f3dulo 2x<br \/>Intel Wireless AC 9461 con Funci\u00f3n Bluetooth\u00ae 5.1 integrada<br \/>Modo de privacidad : protecci\u00f3n de la privacidad<br \/>simplificada: un control deslizante<br \/>f\u00e1cil de usar en el lateral de la computadora<br \/>port\u00e1til desactiva la c\u00e1mara y el micr\u00f3fono.<br \/>Dise\u00f1o delgado<br \/>C\u00e1mara web integrada de 1 MP y micr\u00f3fono<br \/>de matriz dual<br \/>Teclado con teclado num\u00e9rico<br \/>Cortana con soporte de voz1<br \/>Software<br \/>Inicio de Windows 11<br \/>Versi\u00f3n de prueba gratuita de Microsoft 365:<br \/>McAfee LiveSafe : versi\u00f3n de prueba gratuita de<br \/>30 d\u00edas preinstalada (m\u00e1s adelante<br \/>se aplicar\u00e1n cargos adicionales)<br \/>Dimensiones (An x Al x Pr)\/Peso<br \/>Sin patas de goma: 35,9<br \/>x 2,06 x 24,0 cm \/ 1,81 kg ( bater\u00eda incluida )<br \/>Conexiones<br \/>1x lector de tarjetas microSD3<br \/>2x USB 3.2 Gen 1 Tipo A<br \/>1x USB 2.0 Tipo C<br \/>1x USB 2.0 Tipo A<br \/>1x salida HDM<br \/>1x Combo de audio<\/p>\n","protected":false},"excerpt":{"rendered":"<p>Portatil medion akoya e15433 md62630 i7 &#8211; 1255u<\/p>\n","protected":false},"featured_media":232399,"comment_status":"closed","ping_status":"open","template":"","meta":{"_et_pb_use_builder":"","_et_pb_old_content":"","_et_gb_content_width":""},"product_brand":[2525],"product_cat":[2058,2520,2519],"product_tag":[2068,2526,2524,2542,2523],"class_list":{"0":"post-232568","1":"product","2":"type-product","3":"status-publish","4":"has-post-thumbnail","6":"product_brand-medion","7":"product_cat-dispositivos","8":"product_cat-pc-portatiles","9":"product_cat-portatiles","10":"product_tag-dispositivos","11":"product_tag-medion","12":"product_tag-pc-portatiles","13":"product_tag-portatil-medion-akoya-e15433-md62630-i7-1255u","14":"product_tag-portatiles","15":"product_shipping_class-2088","16":"pa_canon-digital-incluida-533-e-incluidos","18":"first","19":"instock","20":"taxable","21":"shipping-taxable","22":"purchasable","23":"product-type-simple"},"_links":{"self":[{"href":"https:\/\/linkxa.es\/linkshop\/wp-json\/wp\/v2\/product\/232568","targetHints":{"allow":["GET"]}}],"collection":[{"href":"https:\/\/linkxa.es\/linkshop\/wp-json\/wp\/v2\/product"}],"about":[{"href":"https:\/\/linkxa.es\/linkshop\/wp-json\/wp\/v2\/types\/product"}],"replies":[{"embeddable":true,"href":"https:\/\/linkxa.es\/linkshop\/wp-json\/wp\/v2\/comments?post=232568"}],"wp:featuredmedia":[{"embeddable":true,"href":"https:\/\/linkxa.es\/linkshop\/wp-json\/wp\/v2\/media\/232399"}],"wp:attachment":[{"href":"https:\/\/linkxa.es\/linkshop\/wp-json\/wp\/v2\/media?parent=232568"}],"wp:term":[{"taxonomy":"product_brand","embeddable":true,"href":"https:\/\/linkxa.es\/linkshop\/wp-json\/wp\/v2\/product_brand?post=232568"},{"taxonomy":"product_cat","embeddable":true,"href":"https:\/\/linkxa.es\/linkshop\/wp-json\/wp\/v2\/product_cat?post=232568"},{"taxonomy":"product_tag","embeddable":true,"href":"https:\/\/linkxa.es\/linkshop\/wp-json\/wp\/v2\/product_tag?post=232568"}],"curies":[{"name":"wp","href":"https:\/\/api.w.org\/{rel}","templated":true}]}}