{"id":232575,"date":"2025-05-04T20:48:30","date_gmt":"2025-05-04T20:48:30","guid":{"rendered":"https:\/\/linkxa.es\/contratacion\/producto\/portatil-tablet-microsoft-xgt-00005-8gb-ssd-2\/"},"modified":"2025-08-01T23:49:02","modified_gmt":"2025-08-01T23:49:02","slug":"portatil-tablet-microsoft-xgt-00005-8gb-ssd-64gb-10-5-pulgadas","status":"publish","type":"product","link":"https:\/\/linkxa.es\/linkshop\/producto\/portatil-tablet-microsoft-xgt-00005-8gb-ssd-64gb-10-5-pulgadas\/","title":{"rendered":"Portatil tablet microsoft xgt &#8211; 00005 8gb ssd 64gb 10.5 pulgadas"},"content":{"rendered":"<p><strong>Microsoft\u00a0 Portatiles<\/strong><\/p>\n<p>Ficha T\u00e9cnica<br \/>General<br \/>Tipo de producto Tableta &#8211; sin teclado<br \/>Sistemas operativos Windows 11 Pro<br \/>Procesador \/ Chipset<br \/>CPU Intel N-series N200<br \/>Velocidad turbo m\u00e1x. 3.7 GHz<br \/>N\u00famero de n\u00facleos Quad-Core<br \/>Cach\u00e9 6 MB<br \/>Memoria<br \/>RAM 8 GB<br \/>Tecnolog\u00eda LPDDR5 SDRAM<br \/>Almacenamiento<br \/>Almacenamiento principal 64 GB SSD &#8211; UFS<br \/>Display<br \/>Tipo 10.5&#8243;<br \/>Pantalla t\u00e1ctil S\u00ed (multit\u00e1ctil de 10 puntos)<br \/>Resoluci\u00f3n 1920 x 1080 (Full HD)<br \/>Pantalla panor\u00e1mica S\u00ed<br \/>Densidad de p\u00edxeles (ppi) 200<br \/>Coeficientedel aspecto de imagen 3:2<br \/>Brillo de imagen 350 cd\/m<br \/>Caracter\u00edsticas Cristal Corning Gorilla 3,PixelSense,sRGB Mode,sensor NFC,enhanced color<br \/>Audio &#038; V\u00eddeo<br \/>Procesador gr\u00e1fico Intel UHD Graphics<br \/>C\u00e1mara S\u00ed &#8211; Full HD (frontal),Full HD (trasera)<br \/>Resoluci\u00f3n 8 megap\u00edxeles (trasero)<br \/>Propiedades de c\u00e1mara Windows Hello<br \/>Sonido Altavoces estereof\u00f3nicos,micr\u00f3fonos de estudio duales de campo lejano<br \/>Cumplimiento de normas Dolby Audio Premium<br \/>Comunicaciones<br \/>Inal\u00e1mbrico Bluetooth 5.1,802.11a\/b\/g\/n\/ac\/ax (Wi-Fi 6E)<br \/>Bater\u00eda<br \/>Tiempo de funcionamiento Hasta 12.5 horas<br \/>Transformador de CA<br \/>Salida 24 vatios<br \/>Conexiones &#038; Expansi\u00f3n<br \/>Interfaces USB-C 3.1 (supports DisplayPort Alt Mode) (carga\/datos)<br \/>SurfaceConnect<br \/>Puerto Surface Type Cover<br \/>Salida de auriculares (mini-phone de 3.5 mm)<br \/>Lector de tarjetas de memoria S\u00ed (microSDXC)<br \/>Software<br \/>Software incluido MS BitLocker,Microsoft 365 Apps,Microsoft 365 Business Standard,Business Premium o Aplicaciones de Microsoft 365 (prueba de 30 d\u00edas)<br \/>Diverso<br \/>Color Platino<br \/>Material de carcasa Aluminio<br \/>Opciones integradas Aceler\u00f3metro,magnet\u00f3metro,giroscopio,sensor del color del ambiente<br \/>Apilable S\u00ed<br \/>Seguridad Trusted Platform Module (TPM 2.0) Security Chip<br \/>Caracter\u00edsticas Control de volumen,soporte integrado,PC con n\u00facleo seguro<br \/>Accesorios incluidos Adaptador de corriente<br \/>Dimensiones y peso<br \/>Dimensiones (Ancho x Profundidad x Altura) 17.5 cm x 24.5 cm x 0.83 cm<br \/>Peso 521 g<\/p>\n","protected":false},"excerpt":{"rendered":"<p>Portatil tablet microsoft xgt &#8211; 00005 8gb ssd<\/p>\n","protected":false},"featured_media":232452,"comment_status":"closed","ping_status":"open","template":"","meta":{"_et_pb_use_builder":"","_et_pb_old_content":"","_et_gb_content_width":""},"product_brand":[2549],"product_cat":[2058,2520,2519],"product_tag":[2068,2550,2524,2551,2523],"class_list":{"0":"post-232575","1":"product","2":"type-product","3":"status-publish","4":"has-post-thumbnail","6":"product_brand-microsoft","7":"product_cat-dispositivos","8":"product_cat-pc-portatiles","9":"product_cat-portatiles","10":"product_tag-dispositivos","11":"product_tag-microsoft","12":"product_tag-pc-portatiles","13":"product_tag-portatil-tablet-microsoft-xgt-00005-8gb-ssd","14":"product_tag-portatiles","15":"product_shipping_class-2059","16":"pa_canon-digital-incluida-533-e-incluidos","18":"first","19":"instock","20":"taxable","21":"shipping-taxable","22":"purchasable","23":"product-type-simple"},"_links":{"self":[{"href":"https:\/\/linkxa.es\/linkshop\/wp-json\/wp\/v2\/product\/232575","targetHints":{"allow":["GET"]}}],"collection":[{"href":"https:\/\/linkxa.es\/linkshop\/wp-json\/wp\/v2\/product"}],"about":[{"href":"https:\/\/linkxa.es\/linkshop\/wp-json\/wp\/v2\/types\/product"}],"replies":[{"embeddable":true,"href":"https:\/\/linkxa.es\/linkshop\/wp-json\/wp\/v2\/comments?post=232575"}],"wp:featuredmedia":[{"embeddable":true,"href":"https:\/\/linkxa.es\/linkshop\/wp-json\/wp\/v2\/media\/232452"}],"wp:attachment":[{"href":"https:\/\/linkxa.es\/linkshop\/wp-json\/wp\/v2\/media?parent=232575"}],"wp:term":[{"taxonomy":"product_brand","embeddable":true,"href":"https:\/\/linkxa.es\/linkshop\/wp-json\/wp\/v2\/product_brand?post=232575"},{"taxonomy":"product_cat","embeddable":true,"href":"https:\/\/linkxa.es\/linkshop\/wp-json\/wp\/v2\/product_cat?post=232575"},{"taxonomy":"product_tag","embeddable":true,"href":"https:\/\/linkxa.es\/linkshop\/wp-json\/wp\/v2\/product_tag?post=232575"}],"curies":[{"name":"wp","href":"https:\/\/api.w.org\/{rel}","templated":true}]}}