{"id":232580,"date":"2025-04-10T07:08:07","date_gmt":"2025-04-10T07:08:07","guid":{"rendered":"https:\/\/linkxa.es\/contratacion\/producto\/portatil-dell-m0y1v-r7-7730u-16gb-ssd-2\/"},"modified":"2025-08-01T23:50:04","modified_gmt":"2025-08-01T23:50:04","slug":"portatil-dell-m0y1v-r7-7730u-16gb-ssd-512gb-15-6-pulgadas","status":"publish","type":"product","link":"https:\/\/linkxa.es\/linkshop\/producto\/portatil-dell-m0y1v-r7-7730u-16gb-ssd-512gb-15-6-pulgadas\/","title":{"rendered":"Portatil dell m0y1v r7 &#8211; 7730u 16gb ssd 512gb 15.6 pulgadas"},"content":{"rendered":"<p><strong>Dell\u00a0 Portatiles<\/strong><\/p>\n<p>&#8211; GENERAL\u00a0<br \/>Tipo de producto: Ordenador port\u00e1til\u00a0<br \/>Sistema operativo: Windows 11 Pro (ingl\u00e9s, franc\u00e9s, espa\u00f1ol, portugu\u00e9s, italiano)\u00a0<\/p>\n<p>&#8211; PROCESADOR \/ CHIPSET\u00a0<br \/>CPU: AMD Ryzen 7 7730U \/ 2 GHz\u00a0<br \/>N\u00famero de n\u00facleos: 8 n\u00facleos\u00a0<br \/>Cach\u00e9: L3 &#8211; 16 MB\u00a0<br \/>Velocidad turbo m\u00e1x.: 4.5 GHz\u00a0<\/p>\n<p>&#8211; MEMORIA\u00a0<br \/>Cantidad de ranuras: 2\u00a0<br \/>Ranuras vac\u00edas: 0\u00a0<br \/>RAM m\u00e1xima soportada: 16 GB\u00a0<br \/>Tecnolog\u00eda: DDR4 SDRAM\u00a0<br \/>Velocidad: 1600 MHz\u00a0<br \/>Factor de forma: SO-DIMM de 260 contactos\u00a0<br \/>RAM instalada: 16 GB (2 x 8 GB)\u00a0<\/p>\n<p>&#8211; ALMACENAMIENTO\u00a0<br \/>Almacenamiento principal: 512 GB SSD M.2 PCIe &#8211; NVM Express (NVMe)\u00a0<\/p>\n<p>&#8211; DISPLAY\u00a0<br \/>Tama\u00f1o de pantalla: 15.6&#8243; &#8211; IPS\u00a0<br \/>Resoluci\u00f3n: 1920 x 1080 (Full HD)\u00a0<br \/>Brillo: 250 cd\/m\u00b2\u00a0<br \/>Gama de colores: 45% NTSC\u00a0<br \/>Pantalla panor\u00e1mica: S\u00ed\u00a0<br \/>\u00c1ngulo de visi\u00f3n horizontal: +80 \/ -80\u00a0<br \/>\u00c1ngulo de visi\u00f3n vertical: +80 \/ -80\u00a0<br \/>Velocidad de sincronizaci\u00f3n vertical a resoluci\u00f3n m\u00e1xima: 120 Hz\u00a0<br \/>Densidad de p\u00edxeles: 141 ppi\u00a0<br \/>Caracter\u00edsticas: Anti-reflejo, gran \u00e1ngulo de visualizaci\u00f3n, pantalla con borde estrecho, velocidad de respuesta de 35 ms, distancia entre p\u00edxeles de 0.17925 mm\u00a0<\/p>\n<p>&#8211; AUDIO &#038; V\u00cdDEO\u00a0<br \/>Procesador gr\u00e1fico: AMD Radeon Graphics\u00a0<br \/>C\u00e1mara: S\u00ed &#8211; HD\u00a0<br \/>Resoluci\u00f3n de la c\u00e1mara: 0.92 megap\u00edxeles\u00a0<br \/>Resoluciones de v\u00eddeo: 1280 x 720\u00a0<br \/>Frecuencia de fotogramas: 30 fps\u00a0<br \/>Tipo de sensor de imagen: CMOS\u00a0<br \/>Propiedades de c\u00e1mara: 78,6 grados, c\u00e1mara RGB\u00a0<br \/>Sonido: Altavoces estereof\u00f3nicos, micr\u00f3fono\u00a0<br \/>C\u00f3dec de audio: Realtek ALC3204\u00a0<br \/>Cumplimiento de normas: Audio de alta definici\u00f3n\u00a0<\/p>\n<p>&#8211; ENTRADA\u00a0<br \/>Tipo: Teclado, touchpad\u00a0<br \/>Teclado num\u00e9rico: S\u00ed\u00a0<\/p>\n<p>&#8211; CONEXIONES &#038; EXPANSI\u00d3N\u00a0<br \/>Detalles de interfaces:\u00a0<br \/>&#8211; HDMI\u00a0<br \/>&#8211; USB 3.2 Gen 1\u00a0<br \/>&#8211; USB 2.0\u00a0<br \/>&#8211; USB-C 3.2 Gen 1\u00a0<br \/>&#8211; Toma combinada de auriculares\/micr\u00f3fono\u00a0<br \/>Lector de tarjetas de memoria: S\u00ed (Tarjeta SD, Tarjeta SDHC, Tarjeta SDXC, tarjeta SD 3.0)\u00a0<\/p>\n<p>&#8211; COMUNICACIONES\u00a0<br \/>Conectividad inal\u00e1mbrica: Bluetooth, 802.11a\/b\/g\/n\/ac\u00a0<br \/>Controlador inal\u00e1mbrico: Realtek RTL8821CE\u00a0<br \/>Caracter\u00edsticas: Transmisi\u00f3n \u00fanica (1&#215;1), MU-MIMO\u00a0<\/p>\n<p>&#8211; BATER\u00cdA\u00a0<br \/>Tecnolog\u00eda: 3 celdas litio-pol\u00edmero\u00a0<br \/>Capacidad: 41 Wh\u00a0<br \/>Peso: 176 g\u00a0<\/p>\n<p>&#8211; TRANSFORMADOR DE CA\u00a0<br \/>Entrada: CA 100-240 V (50\/60 Hz)\u00a0<br \/>Salida: 65 vatios, 19.5 V, 3.34 A\u00a0<\/p>\n<p>&#8211; DIMENSIONES Y PESO\u00a0<br \/>Dimensiones (Ancho x Profundidad x Altura): 35.85 cm x 23.56 cm x 1.899 cm\u00a0<br \/>Peso: 1.66 kg\u00a0<\/p>\n<p>&#8211; GARANT\u00cdA DEL FABRICANTE\u00a0<br \/>Servicios integrados: 1 a\u00f1o de Basic Onsite\u00a0<\/p>\n<p>&#8211; SOFTWARE INCLUIDO\u00a0<br \/>McAfee Business Protection (1 a\u00f1o)\u00a0<br \/>Prueba de 30 d\u00edas de Microsoft 365\u00a0<\/p>\n<p>&#8211; DIVERSO\u00a0<br \/>Accesorios incluidos: Adaptador de corriente\u00a0<br \/>Material de carcasa: Pl\u00e1stico\u00a0<br \/>Color: Negro carb\u00f3n\u00a0<br \/>Tipo de precios: Build To Stock (BTS)\u00a0<br \/>Programa de venta del fabricante: Dell Smart Selection\u00a0<\/p>\n<p>&#8211; PAR\u00c1METROS DE ENTORNO\u00a0<br \/>Temperatura m\u00ednima de funcionamiento: 0 \u00b0C\u00a0<br \/>Temperatura m\u00e1xima de funcionamiento: 35 \u00b0C\u00a0<br \/>\u00c1mbito de humedad de funcionamiento: 10 al 90 % (sin condensaci\u00f3n)\u00a0<br \/>Tolerancia a las vibraciones (operativo): 0.66 g @ RMS (random)\u00a0<br \/>Tolerancia a las vibraciones (no operativo): 1.3 g @ RMS (random)\u00a0<br \/>Tolerancia a golpes (operativo): 110 g @ pulso de medio seno de 2 ms\u00a0<br \/>Tolerancia a golpes (no operativo): 160 g @ pulso de medio seno de 2 ms\u00a0<\/p>\n<p>&#8211; INFORMACI\u00d3N DE SOSTENIBILIDAD\u00a0<br \/>Certificaci\u00f3n ENERGY STAR: S\u00ed\u00a0<br \/>Certificado TCO: No\u00a0<br \/>EOL (kg CO2e): 2\u00a0<br \/>Log\u00edstica (kg CO2e): 12\u00a0<br \/>Uso (kg CO2e): 41\u00a0<br \/>Fabricaci\u00f3n (kg CO2e): 240\u00a0<br \/>Carbono total sin fase de uso (kg CO2e): 254\u00a0<br \/>Desviaci\u00f3n est\u00e1ndar de CF total\/unidad (kg CO2e): 66\u00a0<br \/>Versi\u00f3n PAIA: 1.3.2\u00a0<br \/>Huella de carbono: 295 kg de emisiones de carbono<\/p>\n","protected":false},"excerpt":{"rendered":"<p>Portatil dell m0y1v r7 &#8211; 7730u 16gb ssd<\/p>\n","protected":false},"featured_media":232488,"comment_status":"closed","ping_status":"open","template":"","meta":{"_et_pb_use_builder":"","_et_pb_old_content":"","_et_gb_content_width":""},"product_brand":[2558],"product_cat":[2058,2520,2519],"product_tag":[2559,2068,2524,2560,2523],"class_list":{"0":"post-232580","1":"product","2":"type-product","3":"status-publish","4":"has-post-thumbnail","6":"product_brand-dell","7":"product_cat-dispositivos","8":"product_cat-pc-portatiles","9":"product_cat-portatiles","10":"product_tag-dell","11":"product_tag-dispositivos","12":"product_tag-pc-portatiles","13":"product_tag-portatil-dell-m0y1v-r7-7730u-16gb-ssd","14":"product_tag-portatiles","15":"product_shipping_class-2059","16":"pa_canon-digital-incluida-533-e-incluidos","18":"first","19":"instock","20":"taxable","21":"shipping-taxable","22":"purchasable","23":"product-type-simple"},"_links":{"self":[{"href":"https:\/\/linkxa.es\/linkshop\/wp-json\/wp\/v2\/product\/232580","targetHints":{"allow":["GET"]}}],"collection":[{"href":"https:\/\/linkxa.es\/linkshop\/wp-json\/wp\/v2\/product"}],"about":[{"href":"https:\/\/linkxa.es\/linkshop\/wp-json\/wp\/v2\/types\/product"}],"replies":[{"embeddable":true,"href":"https:\/\/linkxa.es\/linkshop\/wp-json\/wp\/v2\/comments?post=232580"}],"wp:featuredmedia":[{"embeddable":true,"href":"https:\/\/linkxa.es\/linkshop\/wp-json\/wp\/v2\/media\/232488"}],"wp:attachment":[{"href":"https:\/\/linkxa.es\/linkshop\/wp-json\/wp\/v2\/media?parent=232580"}],"wp:term":[{"taxonomy":"product_brand","embeddable":true,"href":"https:\/\/linkxa.es\/linkshop\/wp-json\/wp\/v2\/product_brand?post=232580"},{"taxonomy":"product_cat","embeddable":true,"href":"https:\/\/linkxa.es\/linkshop\/wp-json\/wp\/v2\/product_cat?post=232580"},{"taxonomy":"product_tag","embeddable":true,"href":"https:\/\/linkxa.es\/linkshop\/wp-json\/wp\/v2\/product_tag?post=232580"}],"curies":[{"name":"wp","href":"https:\/\/api.w.org\/{rel}","templated":true}]}}