{"id":232586,"date":"2025-01-20T04:27:26","date_gmt":"2025-01-20T04:27:26","guid":{"rendered":"https:\/\/linkxa.es\/contratacion\/producto\/portatil-hp-250r-g9-i5-1335u-16gb-2\/"},"modified":"2025-08-01T23:51:46","modified_gmt":"2025-08-01T23:51:46","slug":"portatil-hp-250r-g9-i5-1335u-16gb-ssd-512gb-15-6-pulgadas","status":"publish","type":"product","link":"https:\/\/linkxa.es\/linkshop\/producto\/portatil-hp-250r-g9-i5-1335u-16gb-ssd-512gb-15-6-pulgadas\/","title":{"rendered":"Portatil hp 250r g9 i5 &#8211; 1335u 16gb ssd 512gb 15.6 pulgadas"},"content":{"rendered":"<p><strong>Hp\u00a0 Portatiles<\/strong><\/p>\n<p>&#8211; **FICHA T\u00c9CNICA**\u00a0<\/p>\n<p>&#8211; **GENERAL**\u00a0<br \/>\u00a0 Tipo de producto: Ordenador port\u00e1til\u00a0<br \/>\u00a0 Sistemas operativos: Windows 11 Pro (ingl\u00e9s\/espa\u00f1ol)\u00a0<\/p>\n<p>&#8211; **MEMORIA**\u00a0<br \/>\u00a0 Ranuras vac\u00edas: 1\u00a0<br \/>\u00a0 Cantidad de ranuras: 2\u00a0<br \/>\u00a0 RAM m\u00e1xima soportada: 32 GB\u00a0<br \/>\u00a0 Velocidad: 1600 MHz\u00a0<br \/>\u00a0 Velocidad nominal: 1600 MHz\u00a0<br \/>\u00a0 Tecnolog\u00eda: DDR4 SDRAM\u00a0<br \/>\u00a0 RAM: 16 GB (1 x 16 GB, no accesible\/mejorable para el cliente)\u00a0<\/p>\n<p>&#8211; **DIVERSO**\u00a0<br \/>\u00a0 Programa de venta del fabricante: HP Smart Buy\u00a0<br \/>\u00a0 Seguridad: Trusted Platform Module (TPM 2.0) Security Chip\u00a0<br \/>\u00a0 Caracter\u00edsticas: HP Fast Charge\u00a0<br \/>\u00a0 Color: Plata ceniza oscuro\u00a0<br \/>\u00a0 Localizaci\u00f3n: Idioma: Espa\u00f1ol \/ Regi\u00f3n: Espa\u00f1a\u00a0<br \/>\u00a0 Accesorios incluidos: Adaptador de CA inteligente HP de 45 vatios\u00a0<br \/>\u00a0 Cumplimiento de normas:\u00a0<br \/>\u00a0 &#8211; UL, VCCI, BSMI, GS, SABS, CCC, FCC, A-Tick, ICES, KC, EAC\u00a0<br \/>\u00a0 &#8211; Hal\u00f3geno de bajo consumo, CU, ICCP, RED\u00a0<\/p>\n<p>&#8211; **ALMACENAMIENTO**\u00a0<br \/>\u00a0 Almacenamiento principal: 512 GB SSD PCIe &#8211; NVM Express (NVMe)\u00a0<\/p>\n<p>&#8211; **PAR\u00c1METROS DE ENTORNO**\u00a0<br \/>\u00a0 Temperatura m\u00ednima de funcionamiento: 0 \u00b0C\u00a0<br \/>\u00a0 Temperatura m\u00e1xima de funcionamiento: 35 \u00b0C\u00a0<br \/>\u00a0 \u00c1mbito de humedad de funcionamiento: 10 &#8211; 90 % (sin condensaci\u00f3n)\u00a0<br \/>\u00a0 Tolerancia a las vibraciones (operativo): 0.75 g @ RMS (random)\u00a0<br \/>\u00a0 Tolerancia a las vibraciones (no operativo): 1.5 g @ RMS (random)\u00a0<br \/>\u00a0 Tolerancia a golpes (operativo): 40 g @ media onda senoidal de 2 ms\u00a0<br \/>\u00a0 Tolerancia a golpes (no operativo): 200 g @ media onda senoidal de 2 ms\u00a0<\/p>\n<p>&#8211; **SOFTWARE**\u00a0<br \/>\u00a0 Software incluido:\u00a0<br \/>\u00a0 &#8211; sMedio True DVD, HP QuickDrop, ExpressVPN\u00a0<br \/>\u00a0 &#8211; McAfee Security (30 d\u00edas de prueba), HP Smart Health\u00a0<br \/>\u00a0 &#8211; Dropbox Promotion, E-QR Code, Amazon offers\u00a0<\/p>\n<p>&#8211; **DISPLAY**\u00a0<br \/>\u00a0 Velocidad de sincronizaci\u00f3n vertical a la resoluci\u00f3n m\u00e1xima: 60 Hz\u00a0<br \/>\u00a0 Pantalla panor\u00e1mica: S\u00ed\u00a0<br \/>\u00a0 Coeficiente del aspecto de imagen: 16:9\u00a0<br \/>\u00a0 Tecnolog\u00eda de retroiluminaci\u00f3n de LCD: Luz trasera WLED\u00a0<br \/>\u00a0 Brillo de imagen: 250 cd\/m\u00b2\u00a0<br \/>\u00a0 Resoluci\u00f3n: 1920 x 1080 (Full HD)\u00a0<br \/>\u00a0 Tipo: 15.6&#8243; &#8211; SVA\u00a0<br \/>\u00a0 Gama de colores: 45% NTSC\u00a0<br \/>\u00a0 Caracter\u00edsticas:\u00a0<br \/>\u00a0 &#8211; \u00c1ngulo de visi\u00f3n panor\u00e1mica Full HD (UWVA) eDP antirreflejos\u00a0<br \/>\u00a0 &#8211; Dise\u00f1o de bisel estrecho\u00a0<br \/>\u00a0 &#8211; Proporci\u00f3n del 80.69 % de la pantalla respecto al cuerpo\u00a0<\/p>\n<p>&#8211; **BATER\u00cdA**\u00a0<br \/>\u00a0 Tecnolog\u00eda: 3 celdas litio-pol\u00edmero\u00a0<br \/>\u00a0 Capacidad: 41 Wh\u00a0<\/p>\n<p>&#8211; **COMUNICACIONES**\u00a0<br \/>\u00a0 Interfaz de red: Gigabit Ethernet\u00a0<br \/>\u00a0 Protocolo de gesti\u00f3n remota: SNMP 2\u00a0<br \/>\u00a0 Clase Bluetooth: Clase 2\u00a0<br \/>\u00a0 Controlador Ethernet: Realtek RTL8111HSH\u00a0<br \/>\u00a0 Cumplimiento de normas: IEEE 802.11d, IEEE 802.11i, CERTIFICACI\u00d3N WI-FI, IEEE 802.11h, IEEE 802.11e, IEEE 802.11k, IEEE 802.11r, IEEE 802.11v\u00a0<br \/>\u00a0 Controlador inal\u00e1mbrico: Intel Wi-Fi 6 AX 201 &#8211; PCI Express Mini Card (M.2)\u00a0<br \/>\u00a0 Caracter\u00edsticas: Miracast, Wake-on-LAN (WOL), secuencia doble (2&#215;2), MU-MIMO\u00a0<br \/>\u00a0 Inal\u00e1mbrico: 802.11a\/b\/g\/n\/ac\/ax, Bluetooth 5.2\u00a0<\/p>\n<p>&#8211; **DIMENSIONES Y PESO**\u00a0<br \/>\u00a0 Peso: 1.74 kg\u00a0<br \/>\u00a0 Dimensiones de embalaje (Ancho x Fondo x Altura) \/ Peso: 6.9 cm x 48.3 cm x 30.5 cm\u00a0<br \/>\u00a0 Dimensiones (Ancho x Profundidad x Altura): 35.8 cm x 24.2 cm x 1.48 cm\u00a0<\/p>\n<p>&#8211; **PROCESADOR \/ CHIPSET**\u00a0<br \/>\u00a0 Cach\u00e9: L3 &#8211; 12 MB\u00a0<br \/>\u00a0 Velocidad turbo m\u00e1x.: 4.6 GHz\u00a0<br \/>\u00a0 N\u00famero de n\u00facleos: 10 n\u00facleos\u00a0<br \/>\u00a0 Caracter\u00edsticas:\u00a0<br \/>\u00a0 &#8211; Tecnolog\u00eda Hyper-Threading\u00a0<br \/>\u00a0 &#8211; Intel Turbo Boost Technology\u00a0<br \/>\u00a0 &#8211; Intel Smart Cache\u00a0<br \/>\u00a0 CPU: Intel Core i5 13\u00aa Gen 1335U \/ 1.3 GHz\u00a0<\/p>\n<p>&#8211; **AUDIO &#038; V\u00cdDEO**\u00a0<br \/>\u00a0 Resoluciones de v\u00eddeo: 720p\u00a0<br \/>\u00a0 C\u00e1mara: S\u00ed &#8211; HD\u00a0<br \/>\u00a0 Propiedades de c\u00e1mara: Temporal Noise Reduction\u00a0<br \/>\u00a0 Sonido: Altavoces duales est\u00e9reos, micr\u00f3fono de matriz doble\u00a0<br \/>\u00a0 C\u00f3dec: Realtek ALC3247\u00a0<br \/>\u00a0 Propiedades del sistema de v\u00eddeo: Funciona como los gr\u00e1ficos de Intel UHD (para un \u00fanico canal de memoria)\u00a0<br \/>\u00a0 Procesador gr\u00e1fico: Iris Xe Graphics de Intel\u00a0<\/p>\n<p>&#8211; **ENTRADA**\u00a0<br \/>\u00a0 Tipo: Teclado, touchpad\u00a0<br \/>\u00a0 Disposici\u00f3n del teclado: Espa\u00f1ol\u00a0<br \/>\u00a0 Teclado num\u00e9rico: S\u00ed\u00a0<br \/>\u00a0 Caracter\u00edsticas: Touchpad multit\u00e1ctil, funci\u00f3n de gestos, touchpad certificado PTP\u00a0<\/p>\n<p>&#8211; **CONECTIVIDAD &#038; EXPANSI\u00d3N**\u00a0<br \/>\u00a0 Lector de tarjetas de memoria: S\u00ed (Tarjeta SD, Tarjeta SDHC, Tarjeta SDXC)\u00a0<br \/>\u00a0 Detalles de las interfaces:\u00a0<br \/>\u00a0 &#8211; USB-C 3.2 Gen 2 (soporta DisplayPort 1.4 Alt Mode) (Power Delivery)\u00a0<br \/>\u00a0 &#8211; 2 x USB-C 3.2 Gen 1\u00a0<br \/>\u00a0 &#8211; HDMI\u00a0<br \/>\u00a0 &#8211; LAN (RJ-45)\u00a0<br \/>\u00a0 &#8211; Toma combinada de auriculares\/micr\u00f3fono\u00a0<br \/>\u00a0 &#8211; Transformador de CA\u00a0<\/p>\n<p>&#8211; **ENTRADA \/ SALIDA DE ENERG\u00cdA**\u00a0<br \/>\u00a0 Entrada: CA 100-240 V (50\/60 Hz)\u00a0<br \/>\u00a0 Salida: 45 vatios, 19.5 V, 8 A\u00a0<\/p>\n<p>&#8211; **INFORMACI\u00d3N DE SOSTENIBILIDAD**\u00a0<br \/>\u00a0 Log\u00edstica (kg CO2e): 4\u00a0<br \/>\u00a0 Certificaci\u00f3n ENERGY STAR: S\u00ed\u00a0<br \/>\u00a0 Uso (kg CO2e): 21\u00a0<br \/>\u00a0 Carbono total sin fase de uso (kg CO2e): 140\u00a0<br \/>\u00a0 Fabricaci\u00f3n (kg CO2e): 115\u00a0<br \/>\u00a0 EOL (kg CO2e): 0.9\u00a0<br \/>\u00a0 Contenido reciclado del producto: Pl\u00e1stico reciclado postconsumo<\/p>\n","protected":false},"excerpt":{"rendered":"<p>Portatil hp 250r g9 i5 &#8211; 1335u 16gb<\/p>\n","protected":false},"featured_media":232521,"comment_status":"closed","ping_status":"open","template":"","meta":{"_et_pb_use_builder":"","_et_pb_old_content":"","_et_gb_content_width":""},"product_brand":[2536],"product_cat":[2058,2520,2519],"product_tag":[2068,2537,2524,2565,2523],"class_list":{"0":"post-232586","1":"product","2":"type-product","3":"status-publish","4":"has-post-thumbnail","6":"product_brand-hp","7":"product_cat-dispositivos","8":"product_cat-pc-portatiles","9":"product_cat-portatiles","10":"product_tag-dispositivos","11":"product_tag-hp","12":"product_tag-pc-portatiles","13":"product_tag-portatil-hp-250r-g9-i5-1335u-16gb","14":"product_tag-portatiles","15":"product_shipping_class-2059","16":"pa_canon-digital-incluida-533-e-incluidos","18":"first","19":"instock","20":"taxable","21":"shipping-taxable","22":"purchasable","23":"product-type-simple"},"_links":{"self":[{"href":"https:\/\/linkxa.es\/linkshop\/wp-json\/wp\/v2\/product\/232586","targetHints":{"allow":["GET"]}}],"collection":[{"href":"https:\/\/linkxa.es\/linkshop\/wp-json\/wp\/v2\/product"}],"about":[{"href":"https:\/\/linkxa.es\/linkshop\/wp-json\/wp\/v2\/types\/product"}],"replies":[{"embeddable":true,"href":"https:\/\/linkxa.es\/linkshop\/wp-json\/wp\/v2\/comments?post=232586"}],"wp:featuredmedia":[{"embeddable":true,"href":"https:\/\/linkxa.es\/linkshop\/wp-json\/wp\/v2\/media\/232521"}],"wp:attachment":[{"href":"https:\/\/linkxa.es\/linkshop\/wp-json\/wp\/v2\/media?parent=232586"}],"wp:term":[{"taxonomy":"product_brand","embeddable":true,"href":"https:\/\/linkxa.es\/linkshop\/wp-json\/wp\/v2\/product_brand?post=232586"},{"taxonomy":"product_cat","embeddable":true,"href":"https:\/\/linkxa.es\/linkshop\/wp-json\/wp\/v2\/product_cat?post=232586"},{"taxonomy":"product_tag","embeddable":true,"href":"https:\/\/linkxa.es\/linkshop\/wp-json\/wp\/v2\/product_tag?post=232586"}],"curies":[{"name":"wp","href":"https:\/\/api.w.org\/{rel}","templated":true}]}}