{"id":232593,"date":"2024-12-03T17:20:35","date_gmt":"2024-12-03T17:20:35","guid":{"rendered":"https:\/\/linkxa.es\/contratacion\/producto\/portatil-asus-cz1104fm2a-ns0028-mediatek-kompanio-520\/"},"modified":"2025-08-01T23:54:16","modified_gmt":"2025-08-01T23:54:16","slug":"portatil-asus-cz1104fm2a-ns0028-mediatek-kompanio-520-11-6-pulgadas-4gb-emmc32gb-chromeos","status":"publish","type":"product","link":"https:\/\/linkxa.es\/linkshop\/producto\/portatil-asus-cz1104fm2a-ns0028-mediatek-kompanio-520-11-6-pulgadas-4gb-emmc32gb-chromeos\/","title":{"rendered":"Portatil asus cz1104fm2a &#8211; ns0028 mediatek kompanio 520 11.6 pulgadas 4gb emmc32gb chromeos"},"content":{"rendered":"<p><strong>Asuspro\u00a0 Portatiles<\/strong><\/p>\n<p>\u00ab`<br \/>-GENERAL<\/p>\n<p>Tipo de producto: Chromebook\u00a0<br \/>Sistema operativo: ChromeOS\u00a0<br \/>Factor de forma: Convertible (Carpeta)\u00a0<br \/>Color: Gris (Mineral Grey)\u00a0<br \/>Material de la carcasa: Pl\u00e1stico\u00a0<br \/>A\u00f1o de introducci\u00f3n: 2024\u00a0<\/p>\n<p>-PROCESADOR<\/p>\n<p>Fabricante de procesador: MediaTek\u00a0<br \/>Familia de procesador: MediaTek\u00a0<br \/>Modelo del procesador: Kompanio 520\u00a0<br \/>N\u00famero de n\u00facleos: 8\u00a0<br \/>Frecuencia turbo: 2 GHz\u00a0<br \/>Cach\u00e9 del procesador: 1 MB\u00a0<\/p>\n<p>-MEMORIA<\/p>\n<p>Memoria interna: 4 GB\u00a0<br \/>Tipo de memoria: LPDDR4x-SDRAM\u00a0<br \/>Formato de memoria: Incorporado\u00a0<br \/>Memoria interna m\u00e1xima: 8 GB\u00a0<\/p>\n<p>-ALMACENAMIENTO<\/p>\n<p>Capacidad total de almacenamiento: 32 GB\u00a0<br \/>Unidad de almacenamiento: eMMC\u00a0<br \/>Tipo de unidad \u00f3ptica: No\u00a0<\/p>\n<p>-PANTALLA<\/p>\n<p>Tama\u00f1o de pantalla: 11.6&#8243; (29,5 cm)\u00a0<br \/>Resoluci\u00f3n: 1366 x 768 p\u00edxeles\u00a0<br \/>Tipo HD: HD\u00a0<br \/>Pantalla t\u00e1ctil: S\u00ed\u00a0<br \/>Retroiluminaci\u00f3n LED: S\u00ed\u00a0<br \/>Relaci\u00f3n de aspecto nativa: 16:9\u00a0<br \/>Superficie de la pantalla: Brillo\u00a0<br \/>Tipo de cristal: Gorilla Glass\u00a0<br \/>Brillo: 250 cd\/m\u00b2\u00a0<br \/>Espacio de color RGB: NTSC\u00a0<br \/>Gama de colores: 50%\u00a0<\/p>\n<p>-GR\u00c1FICOS<\/p>\n<p>Adaptador gr\u00e1fico incorporado: S\u00ed\u00a0<br \/>Fabricante de GPU integrada: ARM\u00a0<br \/>Familia de adaptador gr\u00e1fico: ARM Mali\u00a0<br \/>Modelo de adaptador gr\u00e1fico: ARM Mali-G52 2EE MC2\u00a0<br \/>Adaptador gr\u00e1fico discreto: No disponible\u00a0<\/p>\n<p>-AUDIO<\/p>\n<p>Micr\u00f3fono incorporado: S\u00ed\u00a0<\/p>\n<p>-C\u00c1MARA FOTOGR\u00c1FICA<\/p>\n<p>C\u00e1mara frontal: S\u00ed &#8211; HD\u00a0<br \/>C\u00e1mara trasera: S\u00ed\u00a0<br \/>Resoluci\u00f3n c\u00e1mara trasera: 5 MP\u00a0<br \/>C\u00e1mara con configuraci\u00f3n de privacidad: S\u00ed\u00a0<br \/>Tipo de privacidad: Tapa de obturador\u00a0<\/p>\n<p>-CONECTIVIDAD<\/p>\n<p>Est\u00e1ndar Wi-Fi: Wi-Fi 6 (802.11ax)\u00a0<br \/>Tipo de antena: 2&#215;2\u00a0<br \/>Bluetooth: S\u00ed\u00a0<br \/>Versi\u00f3n de Bluetooth: 5.3\u00a0<br \/>Conexi\u00f3n a red m\u00f3vil: No\u00a0<\/p>\n<p>-PUERTOS E INTERFACES<\/p>\n<p>USB tipo A 3.2 Gen 1: 2\u00a0<br \/>USB tipo C 3.2 Gen 1: 1\u00a0<br \/>N\u00famero de puertos HDMI: 1\u00a0<br \/>Versi\u00f3n HDMI: 1.4\u00a0<br \/>Salida combinada de auriculares\/micr\u00f3fono: S\u00ed\u00a0<br \/>Tipo de puerto de carga: USB Tipo C\u00a0<br \/>USB Type-C DisplayPort Alt Mode: S\u00ed\u00a0<br \/>Suministro de potencia USB: S\u00ed\u00a0<\/p>\n<p>-TECLADO<\/p>\n<p>Dispositivo apuntador: Touchpad\u00a0<br \/>Idioma del teclado: Espa\u00f1ol\u00a0<br \/>Teclado num\u00e9rico: No\u00a0<\/p>\n<p>-BATER\u00cdA<\/p>\n<p>Tecnolog\u00eda de bater\u00eda: I\u00f3n de litio\u00a0<br \/>N\u00famero de celdas: 3\u00a0<br \/>Capacidad: 50 Wh\u00a0<\/p>\n<p>-CONTROL DE ENERG\u00cdA<\/p>\n<p>Potencia del adaptador: 45 W\u00a0<br \/>Frecuencia de entrada: 50 &#8211; 60 Hz\u00a0<br \/>Voltaje de entrada: 100 &#8211; 240 V\u00a0<br \/>Corriente de salida: 3 A\u00a0<br \/>Voltaje de salida: 15 V\u00a0<\/p>\n<p>-SEGURIDAD<\/p>\n<p>Ranura para cable de seguridad: S\u00ed\u00a0<br \/>Tipo de ranura: Kensington\u00a0<\/p>\n<p>-DIMENSIONES Y PESO<\/p>\n<p>Ancho: 296,9 mm\u00a0<br \/>Profundidad: 213 mm\u00a0<br \/>Altura (frente): 2,11 cm\u00a0<br \/>Altura (posterior): 2,12 cm\u00a0<br \/>Peso: 1,41 kg\u00a0<\/p>\n<p>-EMPAQUETADO<\/p>\n<p>Ancho del paquete: 409 mm\u00a0<br \/>Profundidad del paquete: 82 mm\u00a0<br \/>Altura del paquete: 243 mm\u00a0<br \/>Peso del paquete: 2,89 kg\u00a0<br \/>\u00ab`<\/p>\n","protected":false},"excerpt":{"rendered":"<p>Portatil asus cz1104fm2a &#8211; ns0028 mediatek kompanio 520<\/p>\n","protected":false},"featured_media":232594,"comment_status":"closed","ping_status":"open","template":"","meta":{"_et_pb_use_builder":"","_et_pb_old_content":"","_et_gb_content_width":""},"product_brand":[2532],"product_cat":[2058,2520,2519],"product_tag":[2533,2068,2524,2574,2523],"class_list":{"0":"post-232593","1":"product","2":"type-product","3":"status-publish","4":"has-post-thumbnail","6":"product_brand-asuspro","7":"product_cat-dispositivos","8":"product_cat-pc-portatiles","9":"product_cat-portatiles","10":"product_tag-asuspro","11":"product_tag-dispositivos","12":"product_tag-pc-portatiles","13":"product_tag-portatil-asus-cz1104fm2a-ns0028-mediatek-kompanio-520","14":"product_tag-portatiles","15":"product_shipping_class-2088","16":"pa_canon-digital-incluida-533-e-incluidos","18":"first","19":"instock","20":"taxable","21":"shipping-taxable","22":"purchasable","23":"product-type-simple"},"_links":{"self":[{"href":"https:\/\/linkxa.es\/linkshop\/wp-json\/wp\/v2\/product\/232593","targetHints":{"allow":["GET"]}}],"collection":[{"href":"https:\/\/linkxa.es\/linkshop\/wp-json\/wp\/v2\/product"}],"about":[{"href":"https:\/\/linkxa.es\/linkshop\/wp-json\/wp\/v2\/types\/product"}],"replies":[{"embeddable":true,"href":"https:\/\/linkxa.es\/linkshop\/wp-json\/wp\/v2\/comments?post=232593"}],"wp:featuredmedia":[{"embeddable":true,"href":"https:\/\/linkxa.es\/linkshop\/wp-json\/wp\/v2\/media\/232594"}],"wp:attachment":[{"href":"https:\/\/linkxa.es\/linkshop\/wp-json\/wp\/v2\/media?parent=232593"}],"wp:term":[{"taxonomy":"product_brand","embeddable":true,"href":"https:\/\/linkxa.es\/linkshop\/wp-json\/wp\/v2\/product_brand?post=232593"},{"taxonomy":"product_cat","embeddable":true,"href":"https:\/\/linkxa.es\/linkshop\/wp-json\/wp\/v2\/product_cat?post=232593"},{"taxonomy":"product_tag","embeddable":true,"href":"https:\/\/linkxa.es\/linkshop\/wp-json\/wp\/v2\/product_tag?post=232593"}],"curies":[{"name":"wp","href":"https:\/\/api.w.org\/{rel}","templated":true}]}}