{"id":232611,"date":"2025-07-10T13:29:08","date_gmt":"2025-07-10T13:29:08","guid":{"rendered":"https:\/\/linkxa.es\/contratacion\/producto\/portatil-hp-probook-440-g10-i7-1355u\/"},"modified":"2025-08-01T23:54:30","modified_gmt":"2025-08-01T23:54:30","slug":"portatil-hp-probook-440-g10-i7-1355u-16gb-ssd-512gb-14-pulgadas","status":"publish","type":"product","link":"https:\/\/linkxa.es\/linkshop\/producto\/portatil-hp-probook-440-g10-i7-1355u-16gb-ssd-512gb-14-pulgadas\/","title":{"rendered":"Portatil hp probook 440 g10 i7 &#8211; 1355u 16gb ssd 512gb 14 pulgadas"},"content":{"rendered":"<p><strong>Hp\u00a0 Portatiles<\/strong><\/p>\n<p>&#8211; SISTEMA OPERATIVO\u00a0<br \/>Windows 11 Pro (ingl\u00e9s\/espa\u00f1ol)\u00a0<\/p>\n<p>&#8211; DISE\u00d1O\u00a0<br \/>Tipo: Ordenador port\u00e1til con bisagra de 177 grados\u00a0<br \/>Color: Aluminio Pike Silver\u00a0<\/p>\n<p>&#8211; PROCESADOR \/ CHIPSET\u00a0<br \/>Modelo: Intel Core i7 13\u00aa Gen 1355U\u00a0<br \/>Velocidad base: 1.7 GHz\u00a0<br \/>Velocidad turbo m\u00e1x.: 5 GHz\u00a0<br \/>N\u00facleos: 10\u00a0<br \/>Cach\u00e9: 12 MB L3\u00a0<br \/>Tecnolog\u00edas: Intel Turbo Boost, Hyper-Threading, Intel Smart Cache\u00a0<\/p>\n<p>&#8211; MEMORIA\u00a0<br \/>Capacidad RAM: 16 GB (1 x 16 GB)\u00a0<br \/>Tecnolog\u00eda: DDR4 SDRAM\u00a0<br \/>Velocidad: 1600 MHz\u00a0<br \/>Factor de forma: SO-DIMM de 260 contactos\u00a0<br \/>Ranuras totales: 2\u00a0<br \/>Ranuras vac\u00edas: 1\u00a0<br \/>RAM m\u00e1xima soportada: 32 GB\u00a0<\/p>\n<p>&#8211; ALMACENAMIENTO\u00a0<br \/>Capacidad: 512 GB SSD\u00a0<br \/>Interfaz: PCIe &#8211; NVM Express (NVMe)\u00a0<\/p>\n<p>&#8211; PANTALLA\u00a0<br \/>Tama\u00f1o: 14&#8243;\u00a0<br \/>Resoluci\u00f3n: 1920 x 1080 (Full HD)\u00a0<br \/>Tipo: IPS\u00a0<br \/>Brillo: 250 cd\/m\u00b2\u00a0<br \/>Gama de colores: 45% NTSC\u00a0<br \/>Frecuencia de actualizaci\u00f3n: 60 Hz\u00a0<br \/>Caracter\u00edsticas: \u00c1ngulo de visi\u00f3n panor\u00e1mica (UWVA), antirreflejos, bisel estrecho, retroiluminaci\u00f3n WLED\u00a0<\/p>\n<p>&#8211; GR\u00c1FICOS\u00a0<br \/>Procesador gr\u00e1fico: Intel Iris Xe Graphics\u00a0<br \/>Sistema de v\u00eddeo: Intel UHD (para un \u00fanico canal de memoria)\u00a0<\/p>\n<p>&#8211; AUDIO Y V\u00cdDEO\u00a0<br \/>C\u00e1mara: HD (720p)\u00a0<br \/>Propiedades de la c\u00e1mara: Persiana de privacidad, Temporal Noise Reduction\u00a0<br \/>Sonido: Altavoces duales est\u00e9reo, micr\u00f3fono de matriz doble\u00a0<br \/>C\u00f3dec de audio: Realtek ALC3247\u00a0<\/p>\n<p>&#8211; TECLADO Y PANEL T\u00c1CTIL\u00a0<br \/>Disposici\u00f3n: Espa\u00f1ol\u00a0<br \/>Retroiluminaci\u00f3n: S\u00ed\u00a0<br \/>Tipo: Teclado HP Premium, ClickPad multit\u00e1ctil\u00a0<br \/>Caracter\u00edsticas: Funci\u00f3n de gestos, antimanchas\u00a0<\/p>\n<p>&#8211; CONECTIVIDAD\u00a0<br \/>Red cableada: Gigabit Ethernet (Realtek RTL8111HSH)\u00a0<br \/>Wi-Fi: 802.11a\/b\/g\/n\/ac\/ax (Wi-Fi 6E)\u00a0<br \/>Bluetooth: 5.3\u00a0<br \/>Controlador inal\u00e1mbrico: Realtek RTL8852CE &#8211; PCI Express Mini Card (M.2)\u00a0<br \/>Protocolo de gesti\u00f3n remota: SNMP 2\u00a0<br \/>Caracter\u00edsticas adicionales: Miracast, Wake-on-LAN (WOL), secuencia doble (2&#215;2), MU-MIMO\u00a0<\/p>\n<p>&#8211; PUERTOS E INTERFACES\u00a0<br \/>2 x USB-C 3.2 Gen 2 (DisplayPort 1.4 Alt Mode, Power Delivery)\u00a0<br \/>1 x USB 3.2 Gen 1 (carga)\u00a0<br \/>1 x USB 3.2 Gen 1 (alimentaci\u00f3n)\u00a0<br \/>1 x HDMI\u00a0<br \/>1 x LAN (Ethernet)\u00a0<br \/>1 x Toma combinada de auriculares\/micr\u00f3fono\u00a0<\/p>\n<p>&#8211; BATER\u00cdA\u00a0<br \/>Tipo: 3 celdas litio-pol\u00edmero\u00a0<br \/>Capacidad: 51 Wh\u00a0<br \/>Carga r\u00e1pida: HP Fast Charge\u00a0<\/p>\n<p>&#8211; ADAPTADOR DE CA\u00a0<br \/>Potencia: 65 W\u00a0<br \/>Entrada: CA 100-240 V (50\/60 Hz)\u00a0<br \/>Salida: 5 \/ 9 \/ 12 \/ 15 \/ 20 V, 8 A\u00a0<br \/>Incluye: Adaptador de CA inteligente de 65 W HP\u00a0<\/p>\n<p>&#8211; SEGURIDAD\u00a0<br \/>HP Wolf Pro Security Edition (3 a\u00f1os)\u00a0<br \/>Trusted Platform Module (TPM 2.0) Security Chip\u00a0<br \/>Lector de huellas dactilares\u00a0<br \/>Ranura de seguridad nano Kensington\u00a0<br \/>Protecci\u00f3n contra robos: Ranura de bloqueo de seguridad, sensor de intrusi\u00f3n de chasis\u00a0<br \/>Opciones integradas: HP Tamper Lock\u00a0<\/p>\n<p>&#8211; SOFTWARE INCLUIDO\u00a0<br \/>HP Support Assistant, HP Power Manager, HP Hotkey Support, HP Notifications, HP Connection Optimizer, HP Privacy Settings, HP QuickDrop, myHP, HP Smart Support, HP PC Hardware Diagnostics Windows, HP Services Scan\u00a0<\/p>\n<p>&#8211; CERTIFICACIONES Y CUMPLIMIENTO\u00a0<br \/>Certificaci\u00f3n ENERGY STAR: S\u00ed\u00a0<br \/>Normas: CSA, VCCI, BSMI, GS, CCC, FIPS 140-2 Nivel 2, FCC, RoHS, KCC, WEEE, CISPR, ICES, Common Criteria EAL4+, KC, CECP, SRRC, NCC, SEPA, UL 62368-1, TEC, KES, UEEA, Saudi Arabian Compliance\u00a0<br \/>Contenido reciclado: Pl\u00e1stico reciclado postconsumo, pl\u00e1sticos del oc\u00e9ano\u00a0<\/p>\n<p>&#8211; DIMENSIONES Y PESO\u00a0<br \/>Dimensiones: 32.19 cm x 21.39 cm x 1.99 cm\u00a0<br \/>Peso: 1.38 kg\u00a0<br \/>Dimensiones de embalaje: 6.9 cm x 44.9 cm x 30.5 cm<\/p>\n","protected":false},"excerpt":{"rendered":"<p>Portatil hp probook 440 g10 i7 &#8211; 1355u<\/p>\n","protected":false},"featured_media":232612,"comment_status":"closed","ping_status":"open","template":"","meta":{"_et_pb_use_builder":"","_et_pb_old_content":"","_et_gb_content_width":""},"product_brand":[2536],"product_cat":[2058,2520,2519],"product_tag":[2068,2537,2524,2576,2523],"class_list":{"0":"post-232611","1":"product","2":"type-product","3":"status-publish","4":"has-post-thumbnail","6":"product_brand-hp","7":"product_cat-dispositivos","8":"product_cat-pc-portatiles","9":"product_cat-portatiles","10":"product_tag-dispositivos","11":"product_tag-hp","12":"product_tag-pc-portatiles","13":"product_tag-portatil-hp-probook-440-g10-i7-1355u","14":"product_tag-portatiles","15":"product_shipping_class-2059","16":"pa_canon-digital-incluida-533-e-incluidos","18":"first","19":"instock","20":"taxable","21":"shipping-taxable","22":"purchasable","23":"product-type-simple"},"_links":{"self":[{"href":"https:\/\/linkxa.es\/linkshop\/wp-json\/wp\/v2\/product\/232611","targetHints":{"allow":["GET"]}}],"collection":[{"href":"https:\/\/linkxa.es\/linkshop\/wp-json\/wp\/v2\/product"}],"about":[{"href":"https:\/\/linkxa.es\/linkshop\/wp-json\/wp\/v2\/types\/product"}],"replies":[{"embeddable":true,"href":"https:\/\/linkxa.es\/linkshop\/wp-json\/wp\/v2\/comments?post=232611"}],"wp:featuredmedia":[{"embeddable":true,"href":"https:\/\/linkxa.es\/linkshop\/wp-json\/wp\/v2\/media\/232612"}],"wp:attachment":[{"href":"https:\/\/linkxa.es\/linkshop\/wp-json\/wp\/v2\/media?parent=232611"}],"wp:term":[{"taxonomy":"product_brand","embeddable":true,"href":"https:\/\/linkxa.es\/linkshop\/wp-json\/wp\/v2\/product_brand?post=232611"},{"taxonomy":"product_cat","embeddable":true,"href":"https:\/\/linkxa.es\/linkshop\/wp-json\/wp\/v2\/product_cat?post=232611"},{"taxonomy":"product_tag","embeddable":true,"href":"https:\/\/linkxa.es\/linkshop\/wp-json\/wp\/v2\/product_tag?post=232611"}],"curies":[{"name":"wp","href":"https:\/\/api.w.org\/{rel}","templated":true}]}}