{"id":232615,"date":"2025-03-26T12:50:56","date_gmt":"2025-03-26T12:50:56","guid":{"rendered":"https:\/\/linkxa.es\/contratacion\/producto\/portatil-lenovo-v15-g4-amn-r3-7320u\/"},"modified":"2025-08-01T23:54:52","modified_gmt":"2025-08-01T23:54:52","slug":"portatil-lenovo-v15-g4-amn-r3-7320u-8gb-512gb-ssd-15-7-pulgadas-fhd-win-11-home","status":"publish","type":"product","link":"https:\/\/linkxa.es\/linkshop\/producto\/portatil-lenovo-v15-g4-amn-r3-7320u-8gb-512gb-ssd-15-7-pulgadas-fhd-win-11-home\/","title":{"rendered":"Portatil lenovo v15 g4 amn r3 &#8211; 7320u 8gb 512gb ssd 15 -7 pulgadas fhd win 11 home"},"content":{"rendered":"<p><strong>Lenovo\u00a0 Portatiles<\/strong><\/p>\n<p>Mejora la productividad all\u00e1 donde vayas- Potente procesador m\u00f3vil AMD Ryzen 7000 Series con tarjeta gr\u00e1fica AMD integrada- Pantalla FHD grande de 39,62 cm (15,6?) con certificaci\u00f3n de luz azul baja<br \/>para reducir la fatiga ocular- Funciones de seguridad mejoradas para proteger los datos m\u00e1s importantes- Con teclado num\u00e9rico y tecla de acceso r\u00e1pido de servicio- Ideal para realizar m\u00faltiples tareas a<br \/>la vez durante los desplazamientos<\/p>\n","protected":false},"excerpt":{"rendered":"<p>Portatil lenovo v15 g4 amn r3 &#8211; 7320u<\/p>\n","protected":false},"featured_media":232616,"comment_status":"closed","ping_status":"open","template":"","meta":{"_et_pb_use_builder":"","_et_pb_old_content":"","_et_gb_content_width":""},"product_brand":[2554],"product_cat":[2058,2520,2519],"product_tag":[2068,2555,2524,2577,2523],"class_list":{"0":"post-232615","1":"product","2":"type-product","3":"status-publish","4":"has-post-thumbnail","6":"product_brand-lenovo","7":"product_cat-dispositivos","8":"product_cat-pc-portatiles","9":"product_cat-portatiles","10":"product_tag-dispositivos","11":"product_tag-lenovo","12":"product_tag-pc-portatiles","13":"product_tag-portatil-lenovo-v15-g4-amn-r3-7320u","14":"product_tag-portatiles","15":"product_shipping_class-2059","16":"pa_canon-digital-incluida-533-e-incluidos","18":"first","19":"instock","20":"taxable","21":"shipping-taxable","22":"purchasable","23":"product-type-simple"},"_links":{"self":[{"href":"https:\/\/linkxa.es\/linkshop\/wp-json\/wp\/v2\/product\/232615","targetHints":{"allow":["GET"]}}],"collection":[{"href":"https:\/\/linkxa.es\/linkshop\/wp-json\/wp\/v2\/product"}],"about":[{"href":"https:\/\/linkxa.es\/linkshop\/wp-json\/wp\/v2\/types\/product"}],"replies":[{"embeddable":true,"href":"https:\/\/linkxa.es\/linkshop\/wp-json\/wp\/v2\/comments?post=232615"}],"wp:featuredmedia":[{"embeddable":true,"href":"https:\/\/linkxa.es\/linkshop\/wp-json\/wp\/v2\/media\/232616"}],"wp:attachment":[{"href":"https:\/\/linkxa.es\/linkshop\/wp-json\/wp\/v2\/media?parent=232615"}],"wp:term":[{"taxonomy":"product_brand","embeddable":true,"href":"https:\/\/linkxa.es\/linkshop\/wp-json\/wp\/v2\/product_brand?post=232615"},{"taxonomy":"product_cat","embeddable":true,"href":"https:\/\/linkxa.es\/linkshop\/wp-json\/wp\/v2\/product_cat?post=232615"},{"taxonomy":"product_tag","embeddable":true,"href":"https:\/\/linkxa.es\/linkshop\/wp-json\/wp\/v2\/product_tag?post=232615"}],"curies":[{"name":"wp","href":"https:\/\/api.w.org\/{rel}","templated":true}]}}