{"id":232617,"date":"2025-05-31T00:00:19","date_gmt":"2025-05-31T00:00:19","guid":{"rendered":"https:\/\/linkxa.es\/contratacion\/producto\/portatil-msi-b12uc-1680xes-i5-12450h-16gb-ssd\/"},"modified":"2025-08-01T23:55:21","modified_gmt":"2025-08-01T23:55:21","slug":"portatil-msi-b12uc-1680xes-i5-12450h-16gb-ssd-512gb-15-6-pulgadas","status":"publish","type":"product","link":"https:\/\/linkxa.es\/linkshop\/producto\/portatil-msi-b12uc-1680xes-i5-12450h-16gb-ssd-512gb-15-6-pulgadas\/","title":{"rendered":"Portatil msi b12uc &#8211; 1680xes i5 &#8211; 12450h 16gb ssd 512gb 15.6 pulgadas"},"content":{"rendered":"<p><strong>Msi\u00a0 Portatiles<\/strong><\/p>\n<p>Sobre el producto<\/p>\n<p>Enormes rel\u00e1mpagos crujen en el cielo, dragones alt\u00edsimos emergen de las monta\u00f1as, la inmensidad y las maravillas del mundo de los videojuegos esperan ser descubiertas, \u00a1y el Thin 15 es el compa\u00f1ero perfecto para tu viaje! El ic\u00f3nico chasis delgado ahora viene en un nuevo color gris cosmos y hardware mejorado. \u00a1Aprovecha el poder y experimenta el mundo de los juegos de forma libre y r\u00e1pida con Thin 15!<br \/>Caracter\u00edsticas<\/p>\n<p>\u00a0\u00a0\u00a0 EL \u00daLTIMO JUEGO. Las GPU para port\u00e1tiles NVIDIA\u00ae GeForce RTX? serie 30 impulsan los port\u00e1tiles m\u00e1s r\u00e1pidos del mundo para jugadores y creadores. Est\u00e1n construidos con Ampere, la arquitectura RTX de segunda generaci\u00f3n de NVIDIA, para brindarte los gr\u00e1ficos con trazado de rayos m\u00e1s realistas y funciones de inteligencia artificial de vanguardia como NVIDIA DLSS. Adem\u00e1s, Max-Q Technologies libera el poder de la IA para crear port\u00e1tiles delgados y de alto rendimiento que son m\u00e1s r\u00e1pidos y mejores que nunca.<\/p>\n<p>\u00a0\u00a0\u00a0 MANT\u00c9NGASE FRESCO Y SILENCIO BAJO CARGA. Ajustado para ser notablemente m\u00e1s silencioso y fresco bajo carga, integr\u00e1ndose f\u00e1cilmente en cualquier entorno.<\/p>\n<p>\u00a0\u00a0\u00a0 PANTALLA R\u00c1PIDA Y SUAVE. Nuestras computadoras port\u00e1tiles para juegos est\u00e1n hechas a medida y altamente optimizadas para los jugadores. La pantalla viene con una alta frecuencia de actualizaci\u00f3n e im\u00e1genes fluidas, lo que le permite experimentar el siguiente nivel de juego.<\/p>\n<p>\u00a0\u00a0\u00a0 CONECTIVIDAD VERS\u00c1TIL. Thin 15 proporciona conectividad integral para permitirle conectar todos sus dispositivos f\u00e1cilmente.<\/p>\n<p>Especificaciones MSI Thin B12UC<\/p>\n<p>\u00a0\u00a0\u00a0 Procesador Intel Core i5-12450H<br \/>\u00a0\u00a0\u00a0 Memoria RAM 16 GB de RAM DDR4<br \/>\u00a0\u00a0\u00a0 Almacenamiento 512 GB SSD M.2 NVMe PCIe 3.0<br \/>\u00a0\u00a0\u00a0 Unidad \u00f3ptica No dispone<br \/>\u00a0\u00a0\u00a0 Display IPS de 15.6&#8243; 250 Nits NTSC 45% Resoluci\u00f3n FHD (1920 x 1080px) 144Hz<br \/>\u00a0\u00a0\u00a0 Controlador gr\u00e1fico NVIDIA GeForce RTX 3050 4GB GDDR6<br \/>\u00a0\u00a0\u00a0 Conectividad<\/p>\n<p>\u00a0\u00a0\u00a0\u00a0\u00a0\u00a0\u00a0 Intel Wi-Fi 6E AX211+ BT5.3<\/p>\n<p>\u00a0\u00a0\u00a0 Webcam Si<br \/>\u00a0\u00a0\u00a0 Micr\u00f3fono Si<br \/>\u00a0\u00a0\u00a0 Audio<\/p>\n<p>\u00a0\u00a0\u00a0\u00a0\u00a0\u00a0\u00a0 Altavoces (2x 2W)<br \/>\u00a0\u00a0\u00a0\u00a0\u00a0\u00a0\u00a0 Posibilidad de conexi\u00f3n por Bluetooth a dispositivos de reproducci\u00f3n de audio externos (altavoces, auriculares, etc.)<\/p>\n<p>\u00a0\u00a0\u00a0 Bater\u00eda<\/p>\n<p>\u00a0\u00a0\u00a0\u00a0\u00a0\u00a0\u00a0 Pol\u00edmero de Litio de 52 Wh 3 Celdas<\/p>\n<p>\u00a0\u00a0\u00a0 Conexiones<\/p>\n<p>\u00a0\u00a0\u00a0\u00a0\u00a0\u00a0\u00a0 1 x USB 3.2 Gen1 Type-C \/ DP<br \/>\u00a0\u00a0\u00a0\u00a0\u00a0\u00a0\u00a0 3 x USB 3.2 Gen1 Type-A<br \/>\u00a0\u00a0\u00a0\u00a0\u00a0\u00a0\u00a0 1 x HDMI (4K@30Hz)<br \/>\u00a0\u00a0\u00a0\u00a0\u00a0\u00a0\u00a0 1 x RJ45<br \/>\u00a0\u00a0\u00a0\u00a0\u00a0\u00a0\u00a0 1 x Jack combo (auriculares+micro)<\/p>\n<p>\u00a0\u00a0\u00a0 Sistema operativo<\/p>\n<p>\u00a0\u00a0\u00a0\u00a0\u00a0\u00a0\u00a0 FreeDOS<\/p>\n<p>\u00a0\u00a0\u00a0 Color Negro<\/p>\n","protected":false},"excerpt":{"rendered":"<p>Portatil msi b12uc &#8211; 1680xes i5 &#8211; 12450h 16gb ssd<\/p>\n","protected":false},"featured_media":232618,"comment_status":"closed","ping_status":"open","template":"","meta":{"_et_pb_use_builder":"","_et_pb_old_content":"","_et_gb_content_width":""},"product_brand":[2578],"product_cat":[2058,2520,2519],"product_tag":[2068,2579,2524,2580,2523],"class_list":{"0":"post-232617","1":"product","2":"type-product","3":"status-publish","4":"has-post-thumbnail","6":"product_brand-msi","7":"product_cat-dispositivos","8":"product_cat-pc-portatiles","9":"product_cat-portatiles","10":"product_tag-dispositivos","11":"product_tag-msi","12":"product_tag-pc-portatiles","13":"product_tag-portatil-msi-b12uc-1680xes-i5-12450h-16gb-ssd","14":"product_tag-portatiles","15":"product_shipping_class-2059","16":"pa_canon-digital-incluida-533-e-incluidos","18":"first","19":"instock","20":"taxable","21":"shipping-taxable","22":"purchasable","23":"product-type-simple"},"_links":{"self":[{"href":"https:\/\/linkxa.es\/linkshop\/wp-json\/wp\/v2\/product\/232617","targetHints":{"allow":["GET"]}}],"collection":[{"href":"https:\/\/linkxa.es\/linkshop\/wp-json\/wp\/v2\/product"}],"about":[{"href":"https:\/\/linkxa.es\/linkshop\/wp-json\/wp\/v2\/types\/product"}],"replies":[{"embeddable":true,"href":"https:\/\/linkxa.es\/linkshop\/wp-json\/wp\/v2\/comments?post=232617"}],"wp:featuredmedia":[{"embeddable":true,"href":"https:\/\/linkxa.es\/linkshop\/wp-json\/wp\/v2\/media\/232618"}],"wp:attachment":[{"href":"https:\/\/linkxa.es\/linkshop\/wp-json\/wp\/v2\/media?parent=232617"}],"wp:term":[{"taxonomy":"product_brand","embeddable":true,"href":"https:\/\/linkxa.es\/linkshop\/wp-json\/wp\/v2\/product_brand?post=232617"},{"taxonomy":"product_cat","embeddable":true,"href":"https:\/\/linkxa.es\/linkshop\/wp-json\/wp\/v2\/product_cat?post=232617"},{"taxonomy":"product_tag","embeddable":true,"href":"https:\/\/linkxa.es\/linkshop\/wp-json\/wp\/v2\/product_tag?post=232617"}],"curies":[{"name":"wp","href":"https:\/\/api.w.org\/{rel}","templated":true}]}}