{"id":232692,"date":"2025-06-26T20:03:40","date_gmt":"2025-06-26T20:03:40","guid":{"rendered":"https:\/\/linkxa.es\/contratacion\/producto\/tablet-lenovo-tabk-k11-tb330fup-11-pulgadas\/"},"modified":"2025-08-02T00:33:37","modified_gmt":"2025-08-02T00:33:37","slug":"tablet-lenovo-tabk-k11-tb330fup-11-pulgadas","status":"publish","type":"product","link":"https:\/\/linkxa.es\/linkshop\/producto\/tablet-lenovo-tabk-k11-tb330fup-11-pulgadas\/","title":{"rendered":"Tablet lenovo tabk k11 tb330fup 11 pulgadas"},"content":{"rendered":"<h3 style=\"text-align: center;\"><strong>Lenovo\u00a0 |\u00a0 Tablets<\/strong><\/h3>\n<p>\u00a0<\/p>\n<p>-PANTALLA<\/p>\n<p>Diagonal de la pantalla: 27,9 cm (11&#8243;)<br \/>Resoluci\u00f3n de la pantalla: 1920 x 1200 pixeles<br \/>Tipo de pantalla: IPS<br \/>Brillo de pantalla: 400 cd\/m\u00b2<br \/>Tipo HD: WUXGA<br \/>Relaci\u00f3n de aspecto nativa: 16:10<br \/>Anti-huellas: si<\/p>\n<p>-PROCESADOR<\/p>\n<p>Fabricante de procesador: MediaTek<br \/>Familia de procesador: Mediatek<br \/>Modelo del procesador: Helio G88<br \/>N\u00famero de n\u00facleos de procesador: 8<\/p>\n<p>-MEMORIA<\/p>\n<p>Memoria interna: 8 GB<br \/>Tipo de memoria interna: LPDDR4x-SDRAM<br \/>Memoria interna m\u00e1xima: 8 GB<\/p>\n<p>-ALMACENAMIENTO<\/p>\n<p>Capacidad de almacenamiento interno: 128 GB<br \/>Tarjeta de lectura integrada: si<br \/>Tarjetas de memoria compatibles: MicroSD (TransFlash)<br \/>Tama\u00f1o m\u00e1ximo de tarjeta de memoria: 1 TB<br \/>Unidad de almacenamiento: eMMC<\/p>\n<p>-GR\u00c1FICOS<\/p>\n<p>Graphics chipset: ARM<br \/>Adaptador gr\u00e1fico: Mali-G52 MC2<\/p>\n<p>-AUDIO<\/p>\n<p>N\u00famero de altavoces incorporados: 4<br \/>N\u00famero de micr\u00f3fonos: 1<br \/>Potencia de altavoz: 1 W<\/p>\n<p>-C\u00c1MARA<\/p>\n<p>Tipo de c\u00e1mara trasera: c\u00e1mara \u00fanica<br \/>Resoluci\u00f3n de la c\u00e1mara trasera (num\u00e9rica): 13 MP<br \/>\u00c1ngulo del campo de visi\u00f3n (FOV) de la c\u00e1mara trasera: 80\u00b0<br \/>C\u00e1mara trasera con flash: si<br \/>C\u00e1mara frontal: si<br \/>Resoluci\u00f3n de la c\u00e1mara frontal (num\u00e9rica): 8 MP<br \/>\u00c1ngulo del campo de visi\u00f3n (FOV) de la c\u00e1mara frontal: 78\u00b0<\/p>\n<p>-CONEXIONES<\/p>\n<p>Conexi\u00f3n a red m\u00f3vil: no<br \/>Bluetooth: si<br \/>Versi\u00f3n de Bluetooth: 5.1<br \/>Est\u00e1ndar Wi-Fi: Wi-Fi 5 (802.11ac)<br \/>Wi-Fi est\u00e1ndares: Wi-Fi 5 (802.11ac)<\/p>\n<p>-PUERTOS E INTERFACES<\/p>\n<p>N\u00famero de puertos USB 2.0 Tipo C: 1<br \/>Combo de salida de auriculares \/ micr\u00f3fono del puerto: si<br \/>Tipo de conector de acoplamiento: pogo pin<\/p>\n<p>-CARACTER\u00cdSTICAS DEL TEL\u00c9FONO<\/p>\n<p>Llamada de voz: no<\/p>\n<p>-DISE\u00d1O<\/p>\n<p>Factor de forma: pizarra<br \/>Color del producto: gris<br \/>Nombre del color: Luna Grey<br \/>Tipo de dispositivo: tableta m\u00f3vil<br \/>Material de la carcasa: metal<br \/>C\u00f3digo IP (International Protection): IP52<\/p>\n<p>-DESEMPE\u00d1O<\/p>\n<p>GPS: si<br \/>GLONASS: si<br \/>Galileo: si<br \/>Aceler\u00f3metro: si<br \/>Sensor de luz ambiental: si<br \/>Giroscopio: si<br \/>Sensor magnet\u00f3metro: si<\/p>\n<p>-SOFTWARE<\/p>\n<p>Plataforma: Android<br \/>Sistema operativo instalado: Android 13<\/p>\n<p>-BATER\u00cdA<\/p>\n<p>Bater\u00eda incluida: si<br \/>Tecnolog\u00eda de bater\u00eda: pol\u00edmero de litio<br \/>Capacidad de bater\u00eda: 7040 mAh<br \/>Tiempo continuo de reproducci\u00f3n de video: 10 h<br \/>Tiempo continuo de reproducci\u00f3n de audio: 50 h<br \/>Tiempo de navegaci\u00f3n (Wi-Fi): 10 h<\/p>\n<p>-CONTROL DE ENERG\u00cdA<\/p>\n<p>Potencia de adaptador AC: 10 W<br \/>Voltaje de entrada de adaptador AC: 100 &#8211; 240 V<br \/>Frecuencia de adaptador AC: 50\/60 Hz<br \/>Voltaje de salida de adaptador AC: 5 V<br \/>Corriente de salida de adaptador AC: 2 A<br \/>USB Type-C charging port: si<\/p>\n<p>-DIMENSIONES Y PESO<\/p>\n<p>Ancho: 255,3 mm<br \/>Profundidad: 166,3 mm<br \/>Altura: 7,15 mm<br \/>Peso: 465 g<\/p>\n<p>-CONTENIDO DEL EMBALAJE<\/p>\n<p>Incluye teclado: no<br \/>Pluma stylus: no<\/p>\n<p>-CONDICIONES AMBIENTALES<\/p>\n<p>Intervalo de temperatura operativa: 0 &#8211; 40 \u00b0C<\/p>\n<p>\u00a0<\/p>\n","protected":false},"excerpt":{"rendered":"<p>Tablet lenovo tabk k11 tb330fup 11 pulgadas 8gb 128gb wifi gris<\/p>\n","protected":false},"featured_media":232656,"comment_status":"closed","ping_status":"open","template":"","meta":{"_et_pb_use_builder":"","_et_pb_old_content":"","_et_gb_content_width":""},"product_brand":[2554],"product_cat":[2058,2519,2529],"product_tag":[2068,2555,2523,2586,2531],"class_list":{"0":"post-232692","1":"product","2":"type-product","3":"status-publish","4":"has-post-thumbnail","6":"product_brand-lenovo","7":"product_cat-dispositivos","8":"product_cat-portatiles","9":"product_cat-tablets","10":"product_tag-dispositivos","11":"product_tag-lenovo","12":"product_tag-portatiles","13":"product_tag-tablet-lenovo-tabk-k11-tb330fup-11-pulgadas","14":"product_tag-tablets","15":"product_shipping_class-2059","16":"pa_canon-digital-incluida-375-e-incluidos","18":"first","19":"instock","20":"taxable","21":"shipping-taxable","22":"purchasable","23":"product-type-simple"},"_links":{"self":[{"href":"https:\/\/linkxa.es\/linkshop\/wp-json\/wp\/v2\/product\/232692","targetHints":{"allow":["GET"]}}],"collection":[{"href":"https:\/\/linkxa.es\/linkshop\/wp-json\/wp\/v2\/product"}],"about":[{"href":"https:\/\/linkxa.es\/linkshop\/wp-json\/wp\/v2\/types\/product"}],"replies":[{"embeddable":true,"href":"https:\/\/linkxa.es\/linkshop\/wp-json\/wp\/v2\/comments?post=232692"}],"wp:featuredmedia":[{"embeddable":true,"href":"https:\/\/linkxa.es\/linkshop\/wp-json\/wp\/v2\/media\/232656"}],"wp:attachment":[{"href":"https:\/\/linkxa.es\/linkshop\/wp-json\/wp\/v2\/media?parent=232692"}],"wp:term":[{"taxonomy":"product_brand","embeddable":true,"href":"https:\/\/linkxa.es\/linkshop\/wp-json\/wp\/v2\/product_brand?post=232692"},{"taxonomy":"product_cat","embeddable":true,"href":"https:\/\/linkxa.es\/linkshop\/wp-json\/wp\/v2\/product_cat?post=232692"},{"taxonomy":"product_tag","embeddable":true,"href":"https:\/\/linkxa.es\/linkshop\/wp-json\/wp\/v2\/product_tag?post=232692"}],"curies":[{"name":"wp","href":"https:\/\/api.w.org\/{rel}","templated":true}]}}