{"id":232693,"date":"2025-06-28T02:37:01","date_gmt":"2025-06-28T02:37:01","guid":{"rendered":"https:\/\/linkxa.es\/contratacion\/producto\/tablet-lenovo-tab-m9-tb310fu-9-pulgadas\/"},"modified":"2025-08-02T00:33:53","modified_gmt":"2025-08-02T00:33:53","slug":"tablet-lenovo-tab-m9-tb310fu-9-pulgadas","status":"publish","type":"product","link":"https:\/\/linkxa.es\/linkshop\/producto\/tablet-lenovo-tab-m9-tb310fu-9-pulgadas\/","title":{"rendered":"Tablet lenovo tab m9 tb310fu 9 pulgadas"},"content":{"rendered":"<h3 style=\"text-align: center;\"><strong>Lenovo\u00a0 |\u00a0 Tablets<\/strong><\/h3>\n<p>\u00a0<\/p>\n<p>-BENEFICIOS<\/p>\n<p>Dise\u00f1o de metal de primera calidad en dos tonos<br \/>Mira y haz m\u00e1s durante m\u00e1s tiempo con una bater\u00eda de larga duraci\u00f3n<br \/>Inicio de sesi\u00f3n con reconocimiento facial r\u00e1pido y seguro<br \/>Preparada para el futuro con tres a\u00f1os de actualizaciones de seguridad<br \/>Altavoces est\u00e9reo duales con Dolby Atmos<\/p>\n<p>-PANTALLA<\/p>\n<p>Diagonal de la pantalla: 22,9 cm (9&#8243;)<br \/>Resoluci\u00f3n de la pantalla: 1340 x 800 pixeles<br \/>Tipo de pantalla: IPS<br \/>Brillo de pantalla: 400 cd\/m\u00b2<\/p>\n<p>-PROCESADOR<\/p>\n<p>Fabricante de procesador: MediaTek<br \/>Familia de procesador: Mediatek<br \/>Modelo del procesador: Helio G80<br \/>N\u00famero de n\u00facleos de procesador: 8<\/p>\n<p>-MEMORIA<\/p>\n<p>Memoria interna: 4 GB<br \/>Tipo de memoria interna: LPDDR4x-SDRAM<\/p>\n<p>-ALMACENAMIENTO<\/p>\n<p>Capacidad de almacenamiento interno: 64 GB<br \/>Tarjeta de lectura integrada: si<br \/>Unidad de almacenamiento: eMMC<br \/>Tarjetas de memoria compatibles: MicroSD (TransFlash)<\/p>\n<p>-GR\u00c1FICOS<\/p>\n<p>Graphics chipset: ARM<br \/>Adaptador gr\u00e1fico: Mali G52<\/p>\n<p>-AUDIO<\/p>\n<p>N\u00famero de altavoces incorporados: 2<br \/>Sistema de audio: Dolby Atmos<\/p>\n<p>-C\u00c1MARA<\/p>\n<p>Tipo de c\u00e1mara trasera: c\u00e1mara \u00fanica<br \/>Resoluci\u00f3n de la c\u00e1mara trasera (num\u00e9rica): 8 MP<br \/>C\u00e1mara frontal: si<br \/>Resoluci\u00f3n de la c\u00e1mara frontal (num\u00e9rica): 2 MP<\/p>\n<p>-CONEXIONES<\/p>\n<p>Conexi\u00f3n a red m\u00f3vil: no<br \/>Est\u00e1ndar Wi-Fi: Wi-Fi 5 (802.11ac)<br \/>Bluetooth: si<br \/>Versi\u00f3n de Bluetooth: 5.1<br \/>Wi-Fi est\u00e1ndares: Wi-Fi 5 (802.11ac)<br \/>WWAN: sin instalar<\/p>\n<p>-PUERTOS E INTERFACES<\/p>\n<p>N\u00famero de puertos USB 2.0 tipo C: 1<\/p>\n<p>-CARACTER\u00cdSTICAS F\u00cdSICAS<\/p>\n<p>Factor de forma: pizarra<br \/>Color del producto: gris<br \/>Nombre del color: Arctic Grey<br \/>Tipo de dispositivo: tableta m\u00f3vil<\/p>\n<p>-SENSORES<\/p>\n<p>GPS: si<br \/>GLONASS: si<br \/>GPS (sat\u00e9lite): si<br \/>Galileo: si<br \/>Aceler\u00f3metro: si<br \/>Sensor de luz ambiental: si<\/p>\n<p>-SOFTWARE<\/p>\n<p>Plataforma: Android<br \/>Sistema operativo instalado: Android 12<\/p>\n<p>-BATER\u00cdA<\/p>\n<p>Tecnolog\u00eda de bater\u00eda: pol\u00edmero de litio<br \/>Capacidad de bater\u00eda: 5100 mAh<br \/>Bater\u00eda incluida: si<\/p>\n<p>-ALIMENTACI\u00d3N<\/p>\n<p>Voltaje de entrada de adaptador AC: 100 &#8211; 240 V<br \/>Frecuencia de adaptador AC: 50 &#8211; 60 Hz<br \/>Voltaje de salida de adaptador AC: 5 V<br \/>Corriente de salida de adaptador AC: 2 A<\/p>\n<p>-SOSTENIBILIDAD<\/p>\n<p>Certificados de sostenibilidad: ENERGY STAR<br \/>Certificados de conformidad: RoHS<\/p>\n<p>-DIMENSIONES Y PESO<\/p>\n<p>Ancho: 215,4 mm<br \/>Profundidad: 136,8 mm<br \/>Altura: 7,99 mm<br \/>Peso: 344 g<\/p>\n<p>-OTRAS CARACTER\u00cdSTICAS<\/p>\n<p>Intervalo de temperatura operativa: 0 &#8211; 40 \u00b0C<br \/>Intervalo de humedad relativa para funcionamiento: 0 &#8211; 95 %<br \/>Altitud de funcionamiento: 0 &#8211; 3048 m<\/p>\n<p>\u00a0<\/p>\n","protected":false},"excerpt":{"rendered":"<p>Tablet lenovo tab m9 tb310fu 9 pulgadas 4gb 64gb wifi gris<\/p>\n","protected":false},"featured_media":232694,"comment_status":"closed","ping_status":"open","template":"","meta":{"_et_pb_use_builder":"","_et_pb_old_content":"","_et_gb_content_width":""},"product_brand":[2554],"product_cat":[2058,2519,2529],"product_tag":[2068,2555,2523,2592,2531],"class_list":{"0":"post-232693","1":"product","2":"type-product","3":"status-publish","4":"has-post-thumbnail","6":"product_brand-lenovo","7":"product_cat-dispositivos","8":"product_cat-portatiles","9":"product_cat-tablets","10":"product_tag-dispositivos","11":"product_tag-lenovo","12":"product_tag-portatiles","13":"product_tag-tablet-lenovo-tab-m9-tb310fu-9-pulgadas","14":"product_tag-tablets","15":"product_shipping_class-2059","16":"pa_canon-digital-incluida-375-e-incluidos","18":"first","19":"instock","20":"taxable","21":"shipping-taxable","22":"purchasable","23":"product-type-simple"},"_links":{"self":[{"href":"https:\/\/linkxa.es\/linkshop\/wp-json\/wp\/v2\/product\/232693","targetHints":{"allow":["GET"]}}],"collection":[{"href":"https:\/\/linkxa.es\/linkshop\/wp-json\/wp\/v2\/product"}],"about":[{"href":"https:\/\/linkxa.es\/linkshop\/wp-json\/wp\/v2\/types\/product"}],"replies":[{"embeddable":true,"href":"https:\/\/linkxa.es\/linkshop\/wp-json\/wp\/v2\/comments?post=232693"}],"wp:featuredmedia":[{"embeddable":true,"href":"https:\/\/linkxa.es\/linkshop\/wp-json\/wp\/v2\/media\/232694"}],"wp:attachment":[{"href":"https:\/\/linkxa.es\/linkshop\/wp-json\/wp\/v2\/media?parent=232693"}],"wp:term":[{"taxonomy":"product_brand","embeddable":true,"href":"https:\/\/linkxa.es\/linkshop\/wp-json\/wp\/v2\/product_brand?post=232693"},{"taxonomy":"product_cat","embeddable":true,"href":"https:\/\/linkxa.es\/linkshop\/wp-json\/wp\/v2\/product_cat?post=232693"},{"taxonomy":"product_tag","embeddable":true,"href":"https:\/\/linkxa.es\/linkshop\/wp-json\/wp\/v2\/product_tag?post=232693"}],"curies":[{"name":"wp","href":"https:\/\/api.w.org\/{rel}","templated":true}]}}