{"id":232715,"date":"2025-04-25T19:09:12","date_gmt":"2025-04-25T19:09:12","guid":{"rendered":"https:\/\/linkxa.es\/contratacion\/producto\/tablet-acer-iconia-m10-12-10-1-pulgadas-6gb\/"},"modified":"2025-08-02T00:34:28","modified_gmt":"2025-08-02T00:34:28","slug":"tablet-acer-iconia-m10-12-10-1-pulgadas-6gb","status":"publish","type":"product","link":"https:\/\/linkxa.es\/linkshop\/producto\/tablet-acer-iconia-m10-12-10-1-pulgadas-6gb\/","title":{"rendered":"Tablet acer iconia m10 &#8211; 12 10.1 pulgadas 6gb"},"content":{"rendered":"<h3 style=\"text-align: center;\"><strong>Acer\u00a0 |\u00a0 Tablets<\/strong><\/h3>\n<p>\u00a0<\/p>\n<p>La Acer Iconia Tab M10 ofrece el equilibrio perfecto entre ocio y educaci\u00f3n. Con una atractiva pantalla de 10,1&#8243;, bater\u00eda de larga duraci\u00f3n y un dise\u00f1o met\u00e1lico fino y ligero, es la tablet ideal para usar en casa o en el colegio.<br \/>Caracter\u00edsticas<\/p>\n<p>Grandiosa: D\u00e9jate cautivar mientras navegas por Internet, ves pel\u00edculas, juegas o haces deberes en la gran y atractiva pantalla t\u00e1ctil WUXGA (1920 x 1200) de 10,1&#8243; con una relaci\u00f3n de aspecto de 16:10 y un dise\u00f1o de<br \/>bisel estrecho.<\/p>\n<p>Fina y ligera: La Acer Iconia Tab M10 cuenta con un dise\u00f1o de aleaci\u00f3n de aluminio fino y ligero, con un grosor de solo 8,6 mm y un peso de 430 g. Adem\u00e1s, incluye la tecnolog\u00eda In-Cell Touch Panel, que garantiza un<br \/>rendimiento \u00f3ptimo de la pantalla en un formato m\u00e1s fino.<\/p>\n<p>Creada para rendir: Navega sin problemas entre v\u00eddeos, fotos, juegos y mucho m\u00e1s con nuestra tableta con Android 12. Dispone de un procesador de ocho n\u00facleos MediaTek MT8788, hasta 6 GB de RAM, 128 GB de<br \/>almacenamiento interno y una ranura microSD.<\/p>\n<p>Menos carga, m\u00e1s diversi\u00f3n: Equipada con Google Entertainment Space, la Acer Iconia Tab M10 ser\u00e1 tu \u00fanica fuente de ocio. Y, gracias su bater\u00eda, podr\u00e1s disfrutar de hasta 10,5 horas de reproducci\u00f3n de v\u00eddeo para que<br \/>veas tu contenido favorito est\u00e9s donde est\u00e9s.<\/p>\n<p>Videollamadas simplificadas: Gracias al Wi-Fi de doble banda de la Acer Iconia Tab M10, no perder\u00e1s nunca la conexi\u00f3n y, con sus c\u00e1maras frontal de 5 MP y trasera de 8 MP, podr\u00e1s hacer videollamadas n\u00edtidas y fotos<br \/>de alta resoluci\u00f3n.<\/p>\n<p>Aplicaciones infantiles: Google Kids Space os ofrece, tanto a ti como a tus hijos, un lugar seguro para explorar contenido de calidad dise\u00f1ado para entretener a los ni\u00f1os mientras aprenden. Y con la aplicaci\u00f3n Family<br \/>Link, los padres tambi\u00e9n pueden ayudarles a gestionar el contenido, controlar el tiempo de pantalla y mucho m\u00e1s.<\/p>\n<p>Especificaciones<\/p>\n<p>Sistema operativo Android 12<br \/>Procesador MediaTek MT8788 Octa-core (hasta 2GHz)<br \/>GPU ARM Mali-G72 MP3 800MHz<br \/>Pantalla 10.1&#8243; LED IPS WUXGA (1920 x 1200) 16:10<br \/>Memoria<br \/>RAM: 6 GB DDR4 LPDDR4X<br \/>Almacenamiento interno: 128 GB eMMC (Ampliable con tarjeta microSD)<br \/>C\u00e1maras<br \/>Trasera: 8 MP<br \/>Frontal: 5 MP<br \/>Audio<br \/>Altavoces est\u00e9reo<br \/>Conectividad<br \/>WiFi 802.11ac<br \/>Bluetooth 5.0<br \/>Conexiones<br \/>1 x USB Tipo C<br \/>1 x Conector de audio jack 3.5 mm<br \/>1 x Lector de tarjetas microSD<br \/>Dimensiones y peso<br \/>Dimensiones (ancho x fondo x alto): 241.2 x 160 x 8.6 mm<br \/>Peso: 430 g<br \/>Bater\u00eda<br \/>2 celdas, Ion litio (hasta 10,5 horas)<br \/>Cargador de pared AC de 10W<br \/>Accesorios incluidos<br \/>Funda tipo libro<\/p>\n<p>\u00a0<\/p>\n","protected":false},"excerpt":{"rendered":"<p>Tablet acer iconia m10 &#8211; 12 10.1 pulgadas 6gb 128gb wifi gris + funda libro<\/p>\n","protected":false},"featured_media":232716,"comment_status":"closed","ping_status":"open","template":"","meta":{"_et_pb_use_builder":"","_et_pb_old_content":"","_et_gb_content_width":""},"product_brand":[2518],"product_cat":[2058,2519,2529],"product_tag":[2521,2068,2523,2595,2531],"class_list":{"0":"post-232715","1":"product","2":"type-product","3":"status-publish","4":"has-post-thumbnail","6":"product_brand-acer","7":"product_cat-dispositivos","8":"product_cat-portatiles","9":"product_cat-tablets","10":"product_tag-acer","11":"product_tag-dispositivos","12":"product_tag-portatiles","13":"product_tag-tablet-acer-iconia-m10-12-10-1-pulgadas-6gb","14":"product_tag-tablets","15":"product_shipping_class-2059","16":"pa_canon-digital-incluida-375-e-incluidos","18":"first","19":"instock","20":"taxable","21":"shipping-taxable","22":"purchasable","23":"product-type-simple"},"_links":{"self":[{"href":"https:\/\/linkxa.es\/linkshop\/wp-json\/wp\/v2\/product\/232715","targetHints":{"allow":["GET"]}}],"collection":[{"href":"https:\/\/linkxa.es\/linkshop\/wp-json\/wp\/v2\/product"}],"about":[{"href":"https:\/\/linkxa.es\/linkshop\/wp-json\/wp\/v2\/types\/product"}],"replies":[{"embeddable":true,"href":"https:\/\/linkxa.es\/linkshop\/wp-json\/wp\/v2\/comments?post=232715"}],"wp:featuredmedia":[{"embeddable":true,"href":"https:\/\/linkxa.es\/linkshop\/wp-json\/wp\/v2\/media\/232716"}],"wp:attachment":[{"href":"https:\/\/linkxa.es\/linkshop\/wp-json\/wp\/v2\/media?parent=232715"}],"wp:term":[{"taxonomy":"product_brand","embeddable":true,"href":"https:\/\/linkxa.es\/linkshop\/wp-json\/wp\/v2\/product_brand?post=232715"},{"taxonomy":"product_cat","embeddable":true,"href":"https:\/\/linkxa.es\/linkshop\/wp-json\/wp\/v2\/product_cat?post=232715"},{"taxonomy":"product_tag","embeddable":true,"href":"https:\/\/linkxa.es\/linkshop\/wp-json\/wp\/v2\/product_tag?post=232715"}],"curies":[{"name":"wp","href":"https:\/\/api.w.org\/{rel}","templated":true}]}}