{"id":232725,"date":"2025-01-23T00:15:42","date_gmt":"2025-01-23T00:15:42","guid":{"rendered":"https:\/\/linkxa.es\/contratacion\/producto\/tablet-lenovo-tab-plus-tb351fu-11-5-pulgadas\/"},"modified":"2025-08-02T00:35:43","modified_gmt":"2025-08-02T00:35:43","slug":"tablet-lenovo-tab-plus-tb351fu-11-5-pulgadas","status":"publish","type":"product","link":"https:\/\/linkxa.es\/linkshop\/producto\/tablet-lenovo-tab-plus-tb351fu-11-5-pulgadas\/","title":{"rendered":"Tablet lenovo tab plus tb351fu 11.5 pulgadas"},"content":{"rendered":"<h3 style=\"text-align: center;\"><strong>Lenovo\u00a0 |\u00a0 Tablets<\/strong><\/h3>\n<p>\u00a0<\/p>\n<p>-PANTALLA<\/p>\n<p>Diagonal de la pantalla: 29,2 cm (11.5&#8243;)<br \/>Resoluci\u00f3n de la pantalla: 2000 x 1200 pixeles<br \/>Tipo de pantalla: IPS<br \/>Brillo de pantalla: 400 cd\/m\u00b2<br \/>Tipo HD: 2K<br \/>Relaci\u00f3n de aspecto nativa: 15:9<\/p>\n<p>-PROCESADOR<\/p>\n<p>Fabricante de procesador: MediaTek<br \/>Familia de procesador: Mediatek<br \/>Modelo del procesador: Helio G99<br \/>N\u00famero de n\u00facleos de procesador: 8<br \/>Frecuencia del procesador: 2 GHz<br \/>Frecuencia del procesador turbo: 2,2 GHz<br \/>N\u00facleos de rendimiento: 2<br \/>N\u00facleos de eficiencia de baja potencia: 6<\/p>\n<p>-MEMORIA<\/p>\n<p>Memoria interna: 8 GB<br \/>Tipo de memoria interna: LPDDR4x-SDRAM<br \/>Memoria interna m\u00e1xima: 8 GB<\/p>\n<p>-ALMACENAMIENTO<\/p>\n<p>Capacidad de almacenamiento interno: 128 GB<br \/>Tarjeta de lectura integrada: si<br \/>Tarjetas de memoria compatibles: MicroSD (TransFlash)<br \/>Tama\u00f1o m\u00e1ximo de tarjeta de memoria: 1 TB<br \/>Unidad de almacenamiento: Flash<\/p>\n<p>-GR\u00c1FICOS<\/p>\n<p>Graphics chipset: ARM<br \/>Adaptador gr\u00e1fico: Mali-G57 MC2<\/p>\n<p>-AUDIO<\/p>\n<p>N\u00famero de altavoces incorporados: 8<br \/>N\u00famero de micr\u00f3fonos: 2<br \/>Fabricante de altavoces: JBL<br \/>Sistema de audio: Dolby Atmos<\/p>\n<p>-C\u00c1MARA<\/p>\n<p>Tipo de c\u00e1mara trasera: c\u00e1mara \u00fanica<br \/>Resoluci\u00f3n de la c\u00e1mara trasera (num\u00e9rica): 8 MP<br \/>C\u00e1mara frontal: si<br \/>Resoluci\u00f3n de la c\u00e1mara frontal (num\u00e9rica): 8 MP<\/p>\n<p>-CONEXIONES<\/p>\n<p>Conexi\u00f3n a red m\u00f3vil: no<br \/>Generaci\u00f3n de red m\u00f3vil: no compatible<br \/>Bluetooth: si<br \/>Versi\u00f3n de Bluetooth: 5.2<br \/>Est\u00e1ndar Wi-Fi: Wi-Fi 5 (802.11ac)<br \/>Wi-Fi est\u00e1ndares: Wi-Fi 5 (802.11ac)<br \/>WWAN: sin instalar<br \/>Tipo de tarjeta SIM: no<\/p>\n<p>-PUERTOS E INTERFACES<\/p>\n<p>N\u00famero de puertos USB 2.0 Tipo C: 1<br \/>Combo de salida de auriculares \/ micr\u00f3fono del puerto: si<\/p>\n<p>-DISE\u00d1O<\/p>\n<p>Factor de forma: pizarra<br \/>Color del producto: gris<br \/>Nombre del color: Luna Grey<br \/>Tipo de dispositivo: tableta m\u00f3vil<br \/>Material de la carcasa: metal, pl\u00e1stico<br \/>C\u00f3digo IP (International Protection): IP52<\/p>\n<p>-DESEMPE\u00d1O<\/p>\n<p>GPS: si<br \/>GLONASS: si<br \/>Galileo: si<br \/>Aceler\u00f3metro: si<br \/>Sensor de luz ambiental: si<br \/>Giroscopio: si<br \/>Sensor magnet\u00f3metro: no<\/p>\n<p>-SOFTWARE<\/p>\n<p>Plataforma: Android<br \/>Sistema operativo instalado: Android 14<\/p>\n<p>-BATER\u00cdA<\/p>\n<p>Bater\u00eda incluida: si<br \/>Tecnolog\u00eda de bater\u00eda: pol\u00edmero de litio<br \/>Capacidad de bater\u00eda: 8600 mAh<\/p>\n<p>-SOSTENIBILIDAD<\/p>\n<p>Certificados de sostenibilidad: ENERGY STAR, ErP<\/p>\n<p>-DIMENSIONES Y PESO<\/p>\n<p>Ancho: 268,3 mm<br \/>Profundidad: 174,2 mm<br \/>Peso: 650 g<\/p>\n<p>-CONTENIDO DEL EMBALAJE<\/p>\n<p>Incluye teclado: no<br \/>Pluma stylus: no<\/p>\n<p>-CONDICIONES AMBIENTALES<\/p>\n<p>Intervalo de temperatura operativa: 0 &#8211; 40 \u00b0C<\/p>\n<p>-OTRAS CARACTER\u00cdSTICAS<\/p>\n<p>Periodo de garant\u00eda: 3 a\u00f1os<\/p>\n<p>\u00a0<\/p>\n","protected":false},"excerpt":{"rendered":"<p>Tablet lenovo tab plus tb351fu 11.5 pulgadas 8gb 128gb wifi gris<\/p>\n","protected":false},"featured_media":232726,"comment_status":"closed","ping_status":"open","template":"","meta":{"_et_pb_use_builder":"","_et_pb_old_content":"","_et_gb_content_width":""},"product_brand":[2554],"product_cat":[2058,2519,2529],"product_tag":[2068,2555,2523,2599,2531],"class_list":{"0":"post-232725","1":"product","2":"type-product","3":"status-publish","4":"has-post-thumbnail","6":"product_brand-lenovo","7":"product_cat-dispositivos","8":"product_cat-portatiles","9":"product_cat-tablets","10":"product_tag-dispositivos","11":"product_tag-lenovo","12":"product_tag-portatiles","13":"product_tag-tablet-lenovo-tab-plus-tb351fu-11-5-pulgadas","14":"product_tag-tablets","15":"product_shipping_class-2059","16":"pa_canon-digital-incluida-375-e-incluidos","18":"first","19":"instock","20":"taxable","21":"shipping-taxable","22":"purchasable","23":"product-type-simple"},"_links":{"self":[{"href":"https:\/\/linkxa.es\/linkshop\/wp-json\/wp\/v2\/product\/232725","targetHints":{"allow":["GET"]}}],"collection":[{"href":"https:\/\/linkxa.es\/linkshop\/wp-json\/wp\/v2\/product"}],"about":[{"href":"https:\/\/linkxa.es\/linkshop\/wp-json\/wp\/v2\/types\/product"}],"replies":[{"embeddable":true,"href":"https:\/\/linkxa.es\/linkshop\/wp-json\/wp\/v2\/comments?post=232725"}],"wp:featuredmedia":[{"embeddable":true,"href":"https:\/\/linkxa.es\/linkshop\/wp-json\/wp\/v2\/media\/232726"}],"wp:attachment":[{"href":"https:\/\/linkxa.es\/linkshop\/wp-json\/wp\/v2\/media?parent=232725"}],"wp:term":[{"taxonomy":"product_brand","embeddable":true,"href":"https:\/\/linkxa.es\/linkshop\/wp-json\/wp\/v2\/product_brand?post=232725"},{"taxonomy":"product_cat","embeddable":true,"href":"https:\/\/linkxa.es\/linkshop\/wp-json\/wp\/v2\/product_cat?post=232725"},{"taxonomy":"product_tag","embeddable":true,"href":"https:\/\/linkxa.es\/linkshop\/wp-json\/wp\/v2\/product_tag?post=232725"}],"curies":[{"name":"wp","href":"https:\/\/api.w.org\/{rel}","templated":true}]}}