{"id":232754,"date":"2025-03-19T14:52:10","date_gmt":"2025-03-19T14:52:10","guid":{"rendered":"https:\/\/linkxa.es\/contratacion\/producto\/tablet-acer-iconia-m10-11-mt8183v-10-1-pulgadas\/"},"modified":"2025-08-02T00:37:27","modified_gmt":"2025-08-02T00:37:27","slug":"tablet-acer-iconia-m10-11-mt8183v-10-1-pulgadas","status":"publish","type":"product","link":"https:\/\/linkxa.es\/linkshop\/producto\/tablet-acer-iconia-m10-11-mt8183v-10-1-pulgadas\/","title":{"rendered":"Tablet acer iconia m10 &#8211; 11 mt8183v 10.1 pulgadas"},"content":{"rendered":"<h3 style=\"text-align: center;\"><strong>Acer\u00a0 |\u00a0 Tablets<\/strong><\/h3>\n<p>\u00a0<\/p>\n<p>-TIPO DE PRODUCTO<br \/>Tableta<\/p>\n<p>-SISTEMAS OPERATIVOS \/ SOFTWARE<br \/>Sistema operativo: Android 12<\/p>\n<p>-PROCESADOR \/ CHIPSET<br \/>Procesador: MediaTek Kompanio 500 MT8183<br \/>N\u00famero de n\u00facleos: 8<br \/>Velocidad del reloj del procesador: 2 GHz<\/p>\n<p>-MEMORIA RAM<br \/>Capacidad: 4 GB<br \/>Tipo: LPDDR4 SDRAM<\/p>\n<p>-ALMACENAMIENTO<br \/>Capacidad interna: 128 GB<br \/>Tipo: eMMC<br \/>Expansi\u00f3n soportada: Hasta 512 GB<br \/>Tarjetas compatibles: microSD, microSDXC<\/p>\n<p>-PANTALLA<br \/>Tama\u00f1o: 10.1&#8243;<br \/>Tipo: IPS TFT &#8211; retroiluminaci\u00f3n LED<br \/>Resoluci\u00f3n: 1920 x 1200<br \/>Relaci\u00f3n de aspecto: 16:10<br \/>Pantalla t\u00e1ctil: Multit\u00e1ctil<br \/>Brillo: 360 cd\/m\u00b2<br \/>Gama de colores: 65% NTSC<br \/>Frecuencia de actualizaci\u00f3n: 60 Hz<br \/>Velocidad de respuesta: 35 ms<br \/>Funciones: Resplandor, tecnolog\u00eda In-cell Touch, Soda-lime glass<\/p>\n<p>-GR\u00c1FICOS<br \/>Procesador gr\u00e1fico: ARM Mali-G72 MP3<\/p>\n<p>-AUDIO<br \/>Altavoces: Dos altavoces est\u00e9reo<br \/>Micr\u00f3fono: Micr\u00f3fono digital<\/p>\n<p>-C\u00c1MARA FRONTAL<br \/>Resoluci\u00f3n del sensor: 5 megap\u00edxeles<br \/>Resoluci\u00f3n de v\u00eddeo: 1280 x 720 (720p)<\/p>\n<p>-C\u00c1MARA TRASERA<br \/>Resoluci\u00f3n del sensor: 8 megap\u00edxeles<br \/>Resoluci\u00f3n de v\u00eddeo: 1920 x 1080 (1080p)<\/p>\n<p>-CONECTIVIDAD<br \/>Conectividad inal\u00e1mbrica: 802.11a\/b\/g\/n\/ac, Bluetooth 5.0<\/p>\n<p>-EXPANSI\u00d3N Y CONECTIVIDAD<br \/>Host USB: S\u00ed<br \/>Ranuras de expansi\u00f3n: 1 x microSD<br \/>Interfaces:<br \/>1 x USB-C<br \/>1 x miniclavija de auriculares (3,5 mm)<\/p>\n<p>-SISTEMA DE NAVEGACI\u00d3N<br \/>Receptor: GPS\/GLONASS<\/p>\n<p>-BATER\u00cdA<br \/>Tecnolog\u00eda: Ion de litio<br \/>Capacidad: 23.1 Wh<br \/>Tiempo de funcionamiento: Hasta 10.5 horas<br \/>Datos de tiempo de ejecuci\u00f3n: Reproducci\u00f3n de v\u00eddeo hasta 10.5 horas<\/p>\n<p>-DIMENSIONES Y PESO<br \/>Altura: 24.12 cm<br \/>Anchura: 16 cm<br \/>Profundidad: 0.86 cm<br \/>Peso: 430 g<\/p>\n<p>-DIVERSO<br \/>Color: Gris champ\u00e1n<br \/>Material de carcasa: Pl\u00e1stico ABS, policarbonato<br \/>Accesorios incluidos: Adaptador de corriente, funda de parachoques<br \/>Caracter\u00edsticas adicionales: Control de volumen<br \/>Localizaci\u00f3n: Portugal<\/p>\n<p>-CONDICIONES AMBIENTALES<br \/>Temperatura m\u00ednima de funcionamiento: 0 \u00b0C<br \/>Temperatura m\u00e1xima de funcionamiento: 35 \u00b0C<br \/>Temperatura m\u00ednima de almacenamiento: -20 \u00b0C<br \/>Temperatura m\u00e1xima de almacenamiento: 60 \u00b0C<br \/>\u00c1mbito de humedad de funcionamiento: 20 &#8211; 80% (sin condensaci\u00f3n)<\/p>\n<p>\u00a0<\/p>\n","protected":false},"excerpt":{"rendered":"<p>Tablet acer iconia m10 &#8211; 11 mt8183v 10.1 pulgadas 4gb 128gb gris<\/p>\n","protected":false},"featured_media":232755,"comment_status":"closed","ping_status":"open","template":"","meta":{"_et_pb_use_builder":"","_et_pb_old_content":"","_et_gb_content_width":""},"product_brand":[2518],"product_cat":[2058,2519,2529],"product_tag":[2521,2068,2523,2603,2531],"class_list":{"0":"post-232754","1":"product","2":"type-product","3":"status-publish","4":"has-post-thumbnail","6":"product_brand-acer","7":"product_cat-dispositivos","8":"product_cat-portatiles","9":"product_cat-tablets","10":"product_tag-acer","11":"product_tag-dispositivos","12":"product_tag-portatiles","13":"product_tag-tablet-acer-iconia-m10-11-mt8183v-10-1-pulgadas","14":"product_tag-tablets","15":"product_shipping_class-2059","16":"pa_canon-digital-incluida-375-e-incluidos","18":"first","19":"instock","20":"taxable","21":"shipping-taxable","22":"purchasable","23":"product-type-simple"},"_links":{"self":[{"href":"https:\/\/linkxa.es\/linkshop\/wp-json\/wp\/v2\/product\/232754","targetHints":{"allow":["GET"]}}],"collection":[{"href":"https:\/\/linkxa.es\/linkshop\/wp-json\/wp\/v2\/product"}],"about":[{"href":"https:\/\/linkxa.es\/linkshop\/wp-json\/wp\/v2\/types\/product"}],"replies":[{"embeddable":true,"href":"https:\/\/linkxa.es\/linkshop\/wp-json\/wp\/v2\/comments?post=232754"}],"wp:featuredmedia":[{"embeddable":true,"href":"https:\/\/linkxa.es\/linkshop\/wp-json\/wp\/v2\/media\/232755"}],"wp:attachment":[{"href":"https:\/\/linkxa.es\/linkshop\/wp-json\/wp\/v2\/media?parent=232754"}],"wp:term":[{"taxonomy":"product_brand","embeddable":true,"href":"https:\/\/linkxa.es\/linkshop\/wp-json\/wp\/v2\/product_brand?post=232754"},{"taxonomy":"product_cat","embeddable":true,"href":"https:\/\/linkxa.es\/linkshop\/wp-json\/wp\/v2\/product_cat?post=232754"},{"taxonomy":"product_tag","embeddable":true,"href":"https:\/\/linkxa.es\/linkshop\/wp-json\/wp\/v2\/product_tag?post=232754"}],"curies":[{"name":"wp","href":"https:\/\/api.w.org\/{rel}","templated":true}]}}