{"id":232764,"date":"2025-03-19T23:25:19","date_gmt":"2025-03-19T23:25:19","guid":{"rendered":"https:\/\/linkxa.es\/contratacion\/producto\/apple-ipad-mini-8-3-pulgadas-128gb-wifi\/"},"modified":"2025-08-02T01:08:39","modified_gmt":"2025-08-02T01:08:39","slug":"apple-ipad-mini-8-3-pulgadas-128gb-wifi","status":"publish","type":"product","link":"https:\/\/linkxa.es\/linkshop\/producto\/apple-ipad-mini-8-3-pulgadas-128gb-wifi\/","title":{"rendered":"Apple ipad mini 8.3 pulgadas 128gb wifi"},"content":{"rendered":"<h3 style=\"text-align: center;\"><strong>Apple\u00a0 |\u00a0 Tablets<\/strong><\/h3>\n<p>\u00a0<\/p>\n<p>Capacidad1<\/p>\n<p>128 GB<\/p>\n<p>Dimensiones y peso2<br \/>19,54 cm<br \/>13,48 cm<br \/>0,63 cm<\/p>\n<p>Modelos Wi-Fi<\/p>\n<p>293 g<\/p>\n<p>Modelos Wi-Fi + Cellular<\/p>\n<p>297 g<br \/>Botones y conectores<br \/>Botones<br \/>de volumen<br \/>Altavoz est\u00e9reo<br \/>Altavoz est\u00e9reo<br \/>Bot\u00f3n superior\/<br \/>Sensor Touch ID<br \/>Conector USBC<br \/>Conector magn\u00e9tico<br \/>C\u00e1mara<br \/>C\u00e1mara<br \/>Doble micr\u00f3fono<br \/>Contenido de la caja<\/p>\n<p>iPad mini<br \/>Cable de carga USBC (1 metro)<\/p>\n<p>Pantalla<br \/>8,3<\/p>\n<p>Pantalla Liquid Retina<br \/>Retroiluminada por LED con MultiTouch y tecnolog\u00eda IPS<br \/>Resoluci\u00f3n de 2.266 x 1.488 a 326 p\/p<br \/>Gama crom\u00e1tica amplia (P3)<br \/>True Tone<br \/>Cubierta ole\u00f3fuga antihuellas<br \/>Laminaci\u00f3n integral<br \/>Pel\u00edcula antirreflectante<br \/>Brillo de 500 nits<br \/>Compatible con el Apple Pencil Pro<br \/>Compatible con el Apple Pencil (USBC)<br \/>Puntero flotante del Apple Pencil<\/p>\n<p>La pantalla del iPad mini tiene las esquinas redondeadas. Si se mide como un rect\u00e1ngulo en diagonal, la pantalla tiene 8,3 pulgadas. La superficie real de visi\u00f3n es inferior.<br \/>Chip<\/p>\n<p>Chip A17 Pro<br \/>CPU de 6 n\u00facleos (2 de rendimiento y 4 de eficiencia)<br \/>GPU de 5 n\u00facleos<br \/>Neural Engine de 16 n\u00facleos<\/p>\n<p>C\u00e1mara<\/p>\n<p>Gran angular de 12 Mpx y apertura de \/1,8<br \/>Zoom digital hasta x5<br \/>Lente de cinco elementos<br \/>Flash True Tone<br \/>Enfoque autom\u00e1tico con Focus Pixels<br \/>Fotos panor\u00e1micas (hasta 63 Mpx)<br \/>HDR Inteligente 4<br \/>Gama crom\u00e1tica amplia para fotos y Live Photos<br \/>Correcci\u00f3n avanzada de ojos rojos<br \/>Geoetiquetado de fotos<br \/>Estabilizaci\u00f3n autom\u00e1tica de imagen<br \/>Modo r\u00e1faga<br \/>Captura de imagen en formato HEIF y JPEG<\/p>\n<p>Grabaci\u00f3n de v\u00eddeo<\/p>\n<p>Grabaci\u00f3n de v\u00eddeo en 4K a 24, 25, 30 o 60 f\/s<br \/>Grabaci\u00f3n de v\u00eddeo en 1080p HD a 25, 30 o 60 f\/s<br \/>Grabaci\u00f3n de v\u00eddeo en 720p HD a 30 f\/s<br \/>Flash True Tone<br \/>V\u00eddeo a c\u00e1mara lenta en 1080p a 120 o 240 f\/s<br \/>V\u00eddeo en timelapse con estabilizaci\u00f3n<br \/>Rango din\u00e1mico ampliado para v\u00eddeo hasta 30 f\/s<br \/>Estabilizaci\u00f3n de v\u00eddeo con calidad de cine (4K, 1080p y 720p)<br \/>Enfoque autom\u00e1tico continuo<br \/>Reproducci\u00f3n con zoom<br \/>Grabaci\u00f3n de v\u00eddeo en formato HEVC y H.264<\/p>\n<p>C\u00e1mara frontal<\/p>\n<p>Ultra gran angular frontal de 12 Mpx<br \/>Apertura de \/2,4<br \/>HDR Inteligente 4<br \/>Grabaci\u00f3n de v\u00eddeo en 1080p HD a 25, 30 o 60 f\/s<br \/>V\u00eddeo en timelapse con estabilizaci\u00f3n<br \/>Rango din\u00e1mico ampliado para v\u00eddeo hasta 30 f\/s<br \/>Estabilizaci\u00f3n de v\u00eddeo con calidad de cine (1080p y 720p)<br \/>Gama crom\u00e1tica amplia para fotos y Live Photos<br \/>Correcci\u00f3n del objetivo<br \/>Retina Flash con True Tone<br \/>Estabilizaci\u00f3n autom\u00e1tica de imagen<br \/>Modo r\u00e1faga<\/p>\n<p>Videollamadas3<\/p>\n<p>Videollamadas con FaceTime<br \/>Encuadre Centrado<br \/>Del iPad a cualquier dispositivo con FaceTime v\u00eda wifi o red m\u00f3vil<\/p>\n<p>Llamadas de voz3<\/p>\n<p>Llamadas de voz con FaceTime<br \/>Del iPad a cualquier dispositivo con FaceTime v\u00eda wifi o red m\u00f3vil<\/p>\n<p>Altavoces<\/p>\n<p>Altavoces est\u00e9reo en horizontal<br \/>Micr\u00f3fonos<\/p>\n<p>Doble micr\u00f3fono para llamadas y grabaci\u00f3n de v\u00eddeo y audio<br \/>Redes m\u00f3viles e inal\u00e1mbricas<\/p>\n<p>Todos los modelos<\/p>\n<p>WiFi 6E (802.11ax) con MIMO 2&#215;24<br \/>Doble banda simult\u00e1nea<br \/>Bluetooth 5.3<\/p>\n<p>Modelos Wi-Fi + Cellular<\/p>\n<p>5G (sub6 GHz) con MIMO 4&#215;4<br \/>LTE Gigabit con MIMO 4&#215;4<\/p>\n<p>Modelo A2995:<\/p>\n<p>5G NR (bandas n1, n2, n3, n5, n7, n8, n12, n14, n20, n25, n26, n28, n29, n30, n38, n40, n41, n48, n66, n70, n71, n75, n76, n77, n78 y n79)4<br \/>FDD-LTE (bandas 1, 2, 3, 4, 5, 7, 8, 11, 12, 13, 14, 17, 18, 19, 20, 21, 25, 26, 28, 29, 30, 32, 66 y 71)<br \/>TD-LTE (bandas 34, 38, 39, 40, 41, 42 y 48)<br \/>UMTS\/HSPA\/HSPA+\/DCHSDPA (850, 900, 1.700\/2.100, 1.900 y 2.100 MHz)<br \/>Solo datos5<br \/>Llamadas v\u00eda wifi4<br \/>eSIM6<\/p>\n<p>M\u00e1s informaci\u00f3n sobre la conexi\u00f3n m\u00f3vil<br \/>Tarjeta SIM<\/p>\n<p>eSIM6<\/p>\n<p>Geolocalizaci\u00f3n<\/p>\n<p>Todos los modelos<\/p>\n<p>Br\u00fajula digital<br \/>Wifi<br \/>Microlocalizaci\u00f3n iBeacon<\/p>\n<p>Modelos WiFi + Cellular<\/p>\n<p>GPS\/GNSS<br \/>Redes m\u00f3viles<\/p>\n<p>Sensores<\/p>\n<p>Touch ID<br \/>Giroscopio de tres ejes<br \/>Aceler\u00f3metro<br \/>Bar\u00f3metro<br \/>Sensor de luz ambiental<\/p>\n<p>Touch ID<\/p>\n<p>Desbloqueo del iPad<br \/>Protecci\u00f3n de datos personales en las apps<br \/>Compras en el iTunes Store, App Store y Apple Books<\/p>\n<p>Apple Pay<\/p>\n<p>Usa Touch ID para pagar en apps y p\u00e1ginas web con tu iPad<br \/>Siri7<\/p>\n<p>Agiliza las cosas que m\u00e1s haces, como enviar mensajes, poner recordatorios y mucho m\u00e1s<br \/>Act\u00edvalo con solo decir Oye Siri o simplemente Siri<br \/>El asistente inteligente que mejor protege tu privacidad<\/p>\n<p>Carga y ampliaci\u00f3n<\/p>\n<p>Puerto USBC compatible con:<br \/>Carga<br \/>DisplayPort<br \/>USB 3 (hasta 10 Gb\/s)<\/p>\n<p>Compatibilidad con monitores<\/p>\n<p>Admite la resoluci\u00f3n nativa completa en la pantalla integrada compatible con millones de colores y:<\/p>\n<p>Un monitor externo con una resoluci\u00f3n de hasta 4K a 60 Hz<\/p>\n<p>Salida de v\u00eddeo digital<\/p>\n<p>Salida DisplayPort nativa a trav\u00e9s de USBC<br \/>Salidas VGA, HDMI y DVI mediante adaptadores (se venden por separado)<\/p>\n<p>V\u00eddeo en espejo<\/p>\n<p>AirPlay hasta 4K para duplicaci\u00f3n de pantalla y salida de fotos y v\u00eddeo a trav\u00e9s del Apple TV (2.\u00aa generaci\u00f3n o posterior) o de un televisor inteligente con AirPlay<br \/>Compatibilidad con v\u00eddeo en espejo y salida de v\u00eddeo a trav\u00e9s del adaptador multipuerto de USBC a AV digital y el adaptador multipuerto de USBC a VGA (se venden por separado)<\/p>\n<p>Bater\u00eda y alimentaci\u00f3n8<\/p>\n<p>Todos los modelos<\/p>\n<p>Bater\u00eda recargable integrada de pol\u00edmeros de litio de 19,3 vatios hora<br \/>Hasta 10 horas de navegaci\u00f3n por internet v\u00eda wifi o de reproducci\u00f3n de v\u00eddeo<br \/>Carga por adaptador de corriente o por conexi\u00f3n USB-C a un ordenador<\/p>\n<p>Modelos WiFi + Cellular<\/p>\n<p>Hasta 9 horas de navegaci\u00f3n por internet a trav\u00e9s de redes m\u00f3viles<\/p>\n<p>Sistema operativo<\/p>\n<p>iPadOS 18<\/p>\n<p>iPadOS est\u00e1 repleto de prestaciones y apps integradas que se han dise\u00f1ado para aprovechar toda la potencia del iPad.<br \/>Accesibilidad<\/p>\n<p>Prestaciones de accesibilidad integradas para que las personas con problemas de visi\u00f3n, audici\u00f3n, motricidad y cognici\u00f3n le saquen todo el partido al iPad.<br \/>Prestaciones incluidas:<\/p>\n<p>VoiceOver<br \/>Zoom<br \/>Lupa<br \/>Contenido Le\u00eddo<br \/>Control por Voz<br \/>Control por Bot\u00f3n<br \/>AssistiveTouch<br \/>Siri y Dictado<br \/>Escribir a Siri<br \/>Texto en Tiempo Real<br \/>Audiodescripciones<br \/>Subt\u00edtulos Opcionales<br \/>Subt\u00edtulos en Vivo<\/p>\n<p>Apps integradas<\/p>\n<p>App Store<br \/>Libros<br \/>Calculadora<br \/>Calendario<br \/>C\u00e1mara<br \/>Reloj<br \/>Contactos<br \/>FaceTime<br \/>Freeform<br \/>Salud<br \/>Archivos<br \/>Buscar<br \/>Casa<br \/>iTunes Store<br \/>Lupa<br \/>Mail<br \/>Mapas<br \/>Medidas<br \/>Mensajes<br \/>M\u00fasica<br \/>Notas<br \/>Contrase\u00f1as<br \/>Photo Booth<br \/>Fotos<br \/>Podcasts<br \/>Recordatorios<br \/>Safari<br \/>Ajustes<br \/>Atajos<br \/>Bolsa<br \/>Consejos<br \/>Traducir<br \/>TV<br \/>Notas de Voz<br \/>Tiempo<br \/>Apps gratuitas de Apple<\/p>\n<p>Pages, Numbers, Keynote, iMovie, GarageBand, Clips y la app Apple Store vienen preinstaladas en el iPad.<\/p>\n<p>Pages<br \/>Numbers<br \/>Keynote<br \/>iMovie<br \/>GarageBand<br \/>Apple Store<br \/>Clips<br \/>Swift Playgrounds<br \/>Soporte<br \/>Requisitos del sistema<\/p>\n<p>Cuenta de Apple (para algunas prestaciones)<br \/>Acceso a internet9<\/p>\n<p>La sincronizaci\u00f3n con un Mac o PC requiere:<\/p>\n<p>macOS Catalina 10.15 o posterior con el Finder<br \/>De macOS High Sierra 10.13 a macOS Mojave 10.14.6 con iTunes 12.9 o posterior<br \/>Windows 10 o posterior con iTunes 12.12.10 o posterior (descarga gratuita desde itunes.com\/es\/download)<\/p>\n<p>Idiomas<\/p>\n<p>Idiomas compatibles<\/p>\n<p>Alem\u00e1n, \u00e1rabe, b\u00falgaro, catal\u00e1n, checo, chino (simplificado, tradicional y tradicional de Hong Kong), coreano, croata, dan\u00e9s, eslovaco, esloveno, espa\u00f1ol (de Espa\u00f1a, Estados Unidos y Latinoam\u00e9rica), fin\u00e9s, franc\u00e9s (de<br \/>Canad\u00e1 y Francia), griego, hebreo, hindi, h\u00fangaro, indonesio, ingl\u00e9s (de Australia, Estados Unidos, India y Reino Unido), italiano, japon\u00e9s, kazajo, lituano, malayo, neerland\u00e9s, noruego, polaco, portugu\u00e9s (de Brasil y<br \/>Portugal), rumano, ruso, sueco, tailand\u00e9s, turco, ucraniano y vietnamita<\/p>\n<p>Idiomas compatibles con el teclado QuickType<\/p>\n<p>Ainu, akan, alban\u00e9s, alem\u00e1n (de Alemania, Austria y Suiza), am\u00e1rico, apache (occidental), \u00e1rabe, \u00e1rabe (najd\u00ed), armenio, asam\u00e9s, asirio, azer\u00ed, bengal\u00ed, bengal\u00ed (alfab\u00e9tico, InScript y transliteraci\u00f3n), bielorruso, birmano,<br \/>bodo, b\u00falgaro, cabilio, cachemir (\u00e1rabe y devanagari), canar\u00e9s (InScript, QWERTY y transliteraci\u00f3n), canton\u00e9s tradicional (cangjie, fon\u00e9tico, manual, sucheng y wubihua), catal\u00e1n, checo, cheroqui, chickasaw, chino<br \/>simplificado (manual, pinyin de 10 teclas, pinyin QWERTY, shuangpin y wubihua), chino tradicional (cangjie, manual, pinyin de 10 teclas, pinyin QWERTY, shuangpin, sucheng, wubihua y zhuyin), choctaw, chuvasio, cingal\u00e9s,<br \/>coreano (est\u00e1ndar y de 10 teclas), croata, dan\u00e9s, divehi, dogri, dzongkha, eslovaco, esloveno, emoji, espa\u00f1ol (de Espa\u00f1a, Latinoam\u00e9rica y M\u00e9xico), estonio, fero\u00e9s, filipino, fin\u00e9s, flamenco, franc\u00e9s (de B\u00e9lgica, Canad\u00e1,<br \/>Francia y Suiza), fula (adlam), ga\u00e9lico irland\u00e9s, gal\u00e9s, georgiano, griego, gujarati (alfab\u00e9tico, InScript y transliteraci\u00f3n), hausa, hawaiano, hebreo, hindi (alfab\u00e9tico, InScript y transliteraci\u00f3n), h\u00fangaro, igbo, indonesio, ingl\u00e9s<br \/>(de Australia, Canad\u00e1, Estados Unidos, India, Jap\u00f3n, Nueva Zelanda, Reino Unido, Singapur y Sud\u00e1frica), ingusetio, island\u00e9s, italiano, japon\u00e9s (kana y romaji), jemer, kazajo, kirgu\u00eds, konkan\u00ed (devanagari), kurdo (\u00e1rabe y<br \/>latino), laosiano, let\u00f3n, lituano, lushootseed, macedonio, maithili, malayalam (alfab\u00e9tico, InScript y transliteraci\u00f3n), malayo (\u00e1rabe y latino), malt\u00e9s, mandeo, manipur\u00ed (bengal\u00ed y alfabeto meetei), maor\u00ed, marat\u00ed, (InScript,<br \/>QWERTY y transliteraci\u00f3n), micmac, mongol, mvskoke, navajo, neerland\u00e9s (de B\u00e9lgica y Pa\u00edses Bajos), nepal\u00ed, nko, noruego (bokml y nynorsk), oriya (alfab\u00e9tico e InScript), osage, past\u00fan, pahawh hmong, persa, persa (de<br \/>Afganist\u00e1n), polaco, portugu\u00e9s (de Brasil y Portugal), punyab\u00ed (alfab\u00e9tico, InScript, QWERTY y transliteraci\u00f3n), rejang, rohiny\u00e1, rumano, ruso, sami inari, sami kildin, sami lule, sami meridional, sami pite, sami septentrional,<br \/>sami skolt, sami ume, samoano, s\u00e1nscrito, santali (alfabeto Ol Chiki y devanagari), serbio (cir\u00edlico y latino), sindi (\u00e1rabe y devanagari), suajili, sueco, tailand\u00e9s, tamazight (marroqu\u00ed est\u00e1ndar), tamil (anjal, tamil 99 y<br \/>transliteraci\u00f3n), tayiko, telugu (alfab\u00e9tico, InScript, QWERTY y transliteraci\u00f3n), tibetano, tongano, turco, turcomano, ucraniano, uigur, urdu (alfab\u00e9tico, QWERTY y transliteraci\u00f3n), uzbeko (\u00e1rabe, cir\u00edlico y latino), vietnamita<br \/>(t\u00e9lex, VIQR y VNI), wancho, wolastoqey, yi de Liangshan, yidis y yoruba<\/p>\n<p>Idiomas compatibles con el teclado QuickType y el autocorrector<\/p>\n<p>Alem\u00e1n (de Alemania, Austria y Suiza), \u00e1rabe, \u00e1rabe (najdi), bengal\u00ed (alfab\u00e9tico, InScript y transliteraci\u00f3n), b\u00falgaro, catal\u00e1n, checo, cheroqui, chino simplificado (pinyin QWERTY), chino tradicional (est\u00e1ndar, pinyin QWERTY y<br \/>zhuyin), coreano (est\u00e1ndar y de 10 teclas), croata, dan\u00e9s, eslovaco, esloveno, espa\u00f1ol (de Espa\u00f1a, Latinoam\u00e9rica y M\u00e9xico), estonio, filipino, fin\u00e9s, franc\u00e9s (de B\u00e9lgica, Canad\u00e1, Francia y Suiza), ga\u00e9lico irland\u00e9s, griego,<br \/>gujarati (alfab\u00e9tico, InScript y transliteraci\u00f3n), hawaiano, hebreo, hindi (alfab\u00e9tico, InScript y transliteraci\u00f3n), h\u00fangaro, indonesio, ingl\u00e9s (de Australia, Canad\u00e1, Estados Unidos, India, Jap\u00f3n, Nueva Zelanda, Reino Unido,<br \/>Singapur y Sud\u00e1frica), island\u00e9s, italiano, japon\u00e9s (kana y romaji), let\u00f3n, lituano, macedonio, malayo, marat\u00ed (alfab\u00e9tico, InScript y transliteraci\u00f3n), neerland\u00e9s (de B\u00e9lgica y Pa\u00edses Bajos), noruego (bokml y nynorsk), persa,<br \/>persa (de Afganist\u00e1n), polaco, portugu\u00e9s (de Brasil y Portugal), punyab\u00ed (alfab\u00e9tico, InScript, QWERTY y transliteraci\u00f3n), rumano, ruso, serbio (cir\u00edlico y latino), sueco, tailand\u00e9s, tamil (alfab\u00e9tico, anjal, tamil 99 y<br \/>transliteraci\u00f3n), telugu, turco, ucraniano, urdu (alfab\u00e9tico, QWERTY y transliteraci\u00f3n) y vietnamita (t\u00e9lex)<\/p>\n<p>Idiomas compatibles con el teclado QuickType y la escritura predictiva<\/p>\n<p>Alem\u00e1n (de Alemania, Austria y Suiza), \u00e1rabe, \u00e1rabe (najd\u00ed), bengal\u00ed, canton\u00e9s (tradicional), chino (simplificado y tradicional), checo, coreano, dan\u00e9s, esloveno, espa\u00f1ol (de Espa\u00f1a, Latinoam\u00e9rica y M\u00e9xico), franc\u00e9s (de<br \/>B\u00e9lgica, Canad\u00e1, Francia y Suiza), griego, gujarati, hebreo, hindi, ingl\u00e9s (de Australia, Canad\u00e1, Estados Unidos, India, Jap\u00f3n, Nueva Zelanda, Reino Unido, Singapur y Sud\u00e1frica), indonesio, island\u00e9s, italiano, japon\u00e9s,<br \/>lituano, marat\u00ed, neerland\u00e9s (de B\u00e9lgica y Pa\u00edses Bajos), noruego (bokml y nynorsk), polaco, portugu\u00e9s (de Brasil y Portugal), punyab\u00ed, rumano, ruso, sueco, tailand\u00e9s, tamil, telugu, turco y vietnamita<\/p>\n<p>Idiomas compatibles con el teclado QuickType y la escritura multilinge<\/p>\n<p>Alem\u00e1n (de Alemania, Austria y Suiza), chino simplificado (pinyin), chino tradicional (pinyin), espa\u00f1ol (de Espa\u00f1a, Latinoam\u00e9rica y M\u00e9xico), franc\u00e9s (de B\u00e9lgica, Canad\u00e1, Francia y Suiza), hebreo, hindi (latino), ingl\u00e9s (de<br \/>Australia, Canad\u00e1, Estados Unidos, India, Jap\u00f3n, Nueva Zelanda, Reino Unido, Singapur y Sud\u00e1frica), italiano, japon\u00e9s (romaji), neerland\u00e9s (de B\u00e9lgica y Pa\u00edses Bajos), polaco, portugu\u00e9s (de Brasil y Portugal), rumano,<br \/>turco y vietnamita<\/p>\n<p>Idiomas compatibles con el teclado QuickType y las sugerencias contextuales<\/p>\n<p>Alem\u00e1n (de Alemania, Austria y Suiza), \u00e1rabe, \u00e1rabe (najd\u00ed), chino simplificado, espa\u00f1ol (de Espa\u00f1a, Latinoam\u00e9rica y M\u00e9xico), franc\u00e9s (de B\u00e9lgica, Canad\u00e1, Francia y Suiza), hindi (devanagari y latino), ingl\u00e9s (de Australia,<br \/>Canad\u00e1, Estados Unidos, India, Jap\u00f3n, Nueva Zelanda, Reino Unido, Singapur y Sud\u00e1frica), italiano, neerland\u00e9s (de B\u00e9lgica y Pa\u00edses Bajos), portugu\u00e9s (de Brasil), ruso, sueco, turco y vietnamita<\/p>\n<p>Idiomas compatibles con el teclado QuickPath<\/p>\n<p>Alem\u00e1n (de Alemania, Austria y Suiza), \u00e1rabe, chino simplificado (pinyin QWERTY), chino tradicional (pinyin QWERTY), coreano, espa\u00f1ol (de Espa\u00f1a, Latinoam\u00e9rica y M\u00e9xico), franc\u00e9s (de B\u00e9lgica, Canad\u00e1, Francia y Suiza),<br \/>hebreo, ingl\u00e9s (de Australia, Canad\u00e1, Estados Unidos, India, Jap\u00f3n, Nueva Zelanda, Reino Unido, Singapur y Sud\u00e1frica), italiano, neerland\u00e9s (de B\u00e9lgica y Pa\u00edses Bajos), polaco, portugu\u00e9s (de Brasil y Portugal), rumano,<br \/>sueco y vietnamita<\/p>\n<p>Idiomas de Siri<\/p>\n<p>Alem\u00e1n (de Alemania, Austria y Suiza), \u00e1rabe (de Arabia Saud\u00ed y Emiratos \u00c1rabes Unidos), canton\u00e9s (de China continental y Hong Kong), chino mandar\u00edn (de China continental y Taiw\u00e1n), coreano (de Corea del Sur), dan\u00e9s<br \/>(de Dinamarca), espa\u00f1ol (de Chile, Espa\u00f1a, Estados Unidos y M\u00e9xico), fin\u00e9s (de Finlandia), franc\u00e9s (de B\u00e9lgica, Canad\u00e1, Francia y Suiza), hebreo (de Israel), ingl\u00e9s (de Australia, Canad\u00e1, Estados Unidos, India, Irlanda,<br \/>Nueva Zelanda, Singapur, Sud\u00e1frica y Reino Unido), italiano (de Italia y Suiza), japon\u00e9s (de Jap\u00f3n), malayo (de Malasia), neerland\u00e9s (de B\u00e9lgica y Pa\u00edses Bajos), noruego (de Noruega), portugu\u00e9s (de Brasil), ruso (de<br \/>Rusia), sueco (de Suecia), tailand\u00e9s (de Tailandia) y turco (de Turqu\u00eda).<\/p>\n<p>Idiomas de Dictado<\/p>\n<p>Alem\u00e1n (de Alemania, Austria y Suiza), \u00e1rabe (de Arabia Saud\u00ed, Catar, Emiratos \u00c1rabes Unidos y Kuwait), canton\u00e9s (de China continental y Hong Kong), catal\u00e1n, checo, chino mandar\u00edn (de China continental y Taiw\u00e1n),<br \/>coreano, croata, dan\u00e9s, eslovaco, espa\u00f1ol (de Espa\u00f1a, Estados Unidos, Latinoam\u00e9rica y M\u00e9xico), fin\u00e9s, franc\u00e9s (de B\u00e9lgica, Canad\u00e1, Francia, Luxemburgo y Suiza), griego, hebreo, hindi, h\u00fangaro, indonesio, ingl\u00e9s (de<br \/>Arabia Saud\u00ed, Australia, Canad\u00e1, Emiratos \u00c1rabes Unidos, Estados Unidos, Filipinas, India, Irlanda, Malasia, Nueva Zelanda, Reino Unido, Singapur y Sud\u00e1frica), italiano (de Italia y Suiza), japon\u00e9s, malayo, neerland\u00e9s (de<br \/>B\u00e9lgica y Pa\u00edses Bajos), noruego (bokml), polaco, portugu\u00e9s (de Brasil y Portugal), rumano, ruso, shanghain\u00e9s (de China continental), sueco, tailand\u00e9s, turco, ucraniano y vietnamita<\/p>\n<p>Idiomas con diccionario monolinge<\/p>\n<p>Alem\u00e1n, b\u00falgaro, catal\u00e1n, chino (simplificado, tradicional y tradicional de Hong Kong), coreano, dan\u00e9s, espa\u00f1ol, franc\u00e9s, griego, hebreo, hindi, ingl\u00e9s (de Estados Unidos y Reino Unido), italiano, japon\u00e9s, malayo,<br \/>neerland\u00e9s, noruego, polaco, portugu\u00e9s, punyab\u00ed, rumano, ruso, sueco, tailand\u00e9s y turco<\/p>\n<p>Idiomas con diccionario de frases hechas<\/p>\n<p>De canton\u00e9s a ingl\u00e9s, de chino simplificado a ingl\u00e9s y de chino tradicional a ingl\u00e9s<\/p>\n<p>Idiomas con diccionario bilinge<\/p>\n<p>De alem\u00e1n a ingl\u00e9s, de \u00e1rabe a ingl\u00e9s, de bengal\u00ed a ingl\u00e9s, de canar\u00e9s a ingl\u00e9s, de canton\u00e9s (tradicional) a ingl\u00e9s, de checo a ingl\u00e9s, de chino (simplificado) a ingl\u00e9s, de chino (simplificado) a japon\u00e9s, de coreano a ingl\u00e9s,<br \/>de croata a ingl\u00e9s, de dan\u00e9s a ingl\u00e9s, de eslovaco a ingl\u00e9s, de espa\u00f1ol a ingl\u00e9s, de finland\u00e9s a ingl\u00e9s, de franc\u00e9s a alem\u00e1n, de franc\u00e9s a ingl\u00e9s, de griego a ingl\u00e9s, de gujarati a ingl\u00e9s, de hindi a ingl\u00e9s, de h\u00fangaro a<br \/>ingl\u00e9s, de indonesio a ingl\u00e9s, de Italiano a ingl\u00e9s, de japon\u00e9s a ingl\u00e9s, de kazajo a ingl\u00e9s, de malayalam a ingl\u00e9s, de malayo a ingl\u00e9s, de neerland\u00e9s a ingl\u00e9s, de noruego a ingl\u00e9s, de polaco a ingl\u00e9s, de portugu\u00e9s a Ingl\u00e9s,<br \/>de punyab\u00ed a ingl\u00e9s, de ruso a ingl\u00e9s, de sueco a ingl\u00e9s, de tailand\u00e9s a ingl\u00e9s, de tamil a ingl\u00e9s, de telugu a ingl\u00e9s, de turco a ingl\u00e9s, de ucraniano a ingl\u00e9s, de urdu a ingl\u00e9s, de vietnamita a ingl\u00e9s<\/p>\n<p>Idiomas con diccionario de sin\u00f3nimos<\/p>\n<p>Chino simplificado e ingl\u00e9s (de Estados Unidos y Reino Unido)<\/p>\n<p>Revisi\u00f3n ortogr\u00e1fica<\/p>\n<p>Alem\u00e1n (de Alemania, Austria y Suiza), \u00e1rabe, \u00e1rabe (najd\u00ed), b\u00falgaro, checo, dan\u00e9s, espa\u00f1ol (de Espa\u00f1a, Latinoam\u00e9rica y M\u00e9xico), fin\u00e9s, franc\u00e9s (de B\u00e9lgica, Canad\u00e1, Francia y Suiza), ga\u00e9lico irland\u00e9s, griego, hindi<br \/>(devanagari), h\u00fangaro, ingl\u00e9s (de Australia, Canad\u00e1, Estados Unidos, India, Jap\u00f3n, Nueva Zelanda, Reino Unido, Singapur y Sud\u00e1frica), italiano, neerland\u00e9s (de B\u00e9lgica y Pa\u00edses Bajos), noruego (bokml y nynorsk), polaco,<br \/>portugu\u00e9s (de Brasil y Portugal), punyab\u00ed, rumano, ruso, sueco, telugu, turco y vietnamita<\/p>\n<p>Zonas geogr\u00e1ficas compatibles con Apple Pay<\/p>\n<p>Alemania, Arabia Saud\u00ed, Argentina, Armenia, Australia, Austria, Azerbaiy\u00e1n, Bar\u00e9in, Bielorrusia, B\u00e9lgica, Brasil, Bulgaria, Canad\u00e1, Catar, Chile, China continental,10 Chipre, Ciudad del Vaticano, Colombia, Corea del Sur,<br \/>Costa Rica, Croacia, Dinamarca, El Salvador, Emiratos \u00c1rabes Unidos, Eslovaquia, Eslovenia, Espa\u00f1a, Estados Unidos, Estonia, Finlandia, Francia, Georgia, Grecia, Groenlandia, Guatemala, Guernsey, Honduras, Hong<br \/>Kong, Hungr\u00eda, Irlanda, Isla de Man, Islandia, Islas Feroe, Israel, Italia, Jap\u00f3n, Jersey, Jordania, Kazajist\u00e1n, Kuwait, Letonia, Liechtenstein, Lituania, Luxemburgo, Macao, Malasia, Malta, Marruecos, M\u00e9xico, Moldavia, M\u00f3naco,<br \/>Montenegro, Noruega, Nueva Zelanda, Panam\u00e1, Pa\u00edses Bajos, Palestina, Per\u00fa, Polonia, Portugal, Reino Unido, Rep\u00fablica Checa, Ruman\u00eda, San Marino, Serbia, Singapur, Sud\u00e1frica, Suecia, Suiza, Taiw\u00e1n, Ucrania y<br \/>Vietnam Reproducci\u00f3n de v\u00eddeo<\/p>\n<p>Formatos compatibles: HEVC, H.264, AV1 y ProRes (entre otros)<br \/>HDR con Dolby Vision, HDR10+\/HDR10 y HLG<\/p>\n<p>Reproducci\u00f3n de audio<\/p>\n<p>Formatos compatibles: AAC, MP3, Apple Lossless, FLAC, Dolby Digital, Dolby Digital Plus y Dolby Atmos (entre otros)<br \/>Audio espacial<br \/>L\u00edmite de volumen configurable por el usuario<\/p>\n<p>Adjuntos de correo compatibles<\/p>\n<p>Tipos de documento visibles<\/p>\n<p>.jpg, .tiff y .gif (im\u00e1genes), .doc y .docx (Microsoft Word), .htm y .html (p\u00e1ginas web), .key (Keynote), .numbers (Numbers), .pages (Pages), .pdf (Vista Previa y Adobe Acrobat), .ppt y .pptx (Microsoft PowerPoint), .txt (texto), .rtf<br \/>(formato de texto enriquecido), .vcf (informaci\u00f3n de contacto), .xls y .xlsx (Microsoft Excel), .zip, .ics, .usdz y .pkpass (Cartera)<br \/>Requisitos ambientales<\/p>\n<p>Temperatura de funcionamiento:<\/p>\n<p>de 0 a 35 C<\/p>\n<p>Temperatura de almacenamiento:<\/p>\n<p>de -20 a 45 C<\/p>\n<p>Humedad relativa:<\/p>\n<p>del 5 al 95 % sin condensaci\u00f3n<\/p>\n<p>Altitud m\u00e1xima de funcionamiento:<\/p>\n<p>probado hasta 3.000 m<\/p>\n<p>\u00a0<\/p>\n","protected":false},"excerpt":{"rendered":"<p>Apple ipad mini 8.3 pulgadas 128gb wifi + cell blue<\/p>\n","protected":false},"featured_media":233011,"comment_status":"closed","ping_status":"open","template":"","meta":{"_et_pb_use_builder":"","_et_pb_old_content":"","_et_gb_content_width":""},"product_brand":[2061],"product_cat":[2058,2519,2529],"product_tag":[2064,2604,2068,2523,2531],"class_list":{"0":"post-232764","1":"product","2":"type-product","3":"status-publish","4":"has-post-thumbnail","6":"product_brand-apple","7":"product_cat-dispositivos","8":"product_cat-portatiles","9":"product_cat-tablets","10":"product_tag-apple","11":"product_tag-apple-ipad-mini-8-3-pulgadas-128gb-wifi","12":"product_tag-dispositivos","13":"product_tag-portatiles","14":"product_tag-tablets","15":"product_shipping_class-2059","16":"pa_canon-digital-incluida-375-e-incluidos","18":"first","19":"instock","20":"taxable","21":"shipping-taxable","22":"purchasable","23":"product-type-simple"},"_links":{"self":[{"href":"https:\/\/linkxa.es\/linkshop\/wp-json\/wp\/v2\/product\/232764","targetHints":{"allow":["GET"]}}],"collection":[{"href":"https:\/\/linkxa.es\/linkshop\/wp-json\/wp\/v2\/product"}],"about":[{"href":"https:\/\/linkxa.es\/linkshop\/wp-json\/wp\/v2\/types\/product"}],"replies":[{"embeddable":true,"href":"https:\/\/linkxa.es\/linkshop\/wp-json\/wp\/v2\/comments?post=232764"}],"wp:featuredmedia":[{"embeddable":true,"href":"https:\/\/linkxa.es\/linkshop\/wp-json\/wp\/v2\/media\/233011"}],"wp:attachment":[{"href":"https:\/\/linkxa.es\/linkshop\/wp-json\/wp\/v2\/media?parent=232764"}],"wp:term":[{"taxonomy":"product_brand","embeddable":true,"href":"https:\/\/linkxa.es\/linkshop\/wp-json\/wp\/v2\/product_brand?post=232764"},{"taxonomy":"product_cat","embeddable":true,"href":"https:\/\/linkxa.es\/linkshop\/wp-json\/wp\/v2\/product_cat?post=232764"},{"taxonomy":"product_tag","embeddable":true,"href":"https:\/\/linkxa.es\/linkshop\/wp-json\/wp\/v2\/product_tag?post=232764"}],"curies":[{"name":"wp","href":"https:\/\/api.w.org\/{rel}","templated":true}]}}