{"id":232768,"date":"2025-02-03T06:56:09","date_gmt":"2025-02-03T06:56:09","guid":{"rendered":"https:\/\/linkxa.es\/contratacion\/producto\/apple-ipad-air-8gb-128gb-wifi\/"},"modified":"2025-08-02T00:53:16","modified_gmt":"2025-08-02T00:53:16","slug":"apple-ipad-air-8gb-128gb-wifi","status":"publish","type":"product","link":"https:\/\/linkxa.es\/linkshop\/producto\/apple-ipad-air-8gb-128gb-wifi\/","title":{"rendered":"Apple ipad air 8gb 128gb wifi"},"content":{"rendered":"<h3 style=\"text-align: center;\"><strong>Apple\u00a0 |\u00a0 Tablets<\/strong><\/h3>\n<p>\u00a0<\/p>\n<p>-GENERAL<\/p>\n<p>Tipo de producto: Tableta\u00a0<br \/>Sistemas operativos: Apple iPadOS 18\u00a0<\/p>\n<p>-MEMORIA<\/p>\n<p>Memoria RAM: 8 GB\u00a0<br \/>Almacenamiento: 128 GB\u00a0<\/p>\n<p>-GARANT\u00cdA DEL FABRICANTE<\/p>\n<p>Servicio y mantenimiento: Garant\u00eda limitada &#8211; 1 a\u00f1o\u00a0<br \/>Soporte t\u00e9cnico: asesoramiento telef\u00f3nico &#8211; 90 d\u00edas\u00a0<\/p>\n<p>-DIVERSO<\/p>\n<p>Material de carcasa: Aluminio\u00a0<br \/>Cables incluidos: Cable de carga USB-C &#8211; 1 m\u00a0<br \/>Sensores: Aceler\u00f3metro, sensor de luz ambiental, sensor girosc\u00f3pico de 3 ejes, br\u00fajula digital, bar\u00f3metro, sensor t\u00e1ctil con ID\u00a0<br \/>Color: Estrellado\u00a0<br \/>Caracter\u00edsticas: Ancho de banda de memoria de 100 GB\/s, trazado de rayos acelerado por hardware, HEVC 8K acelerado por hardware, 4K H.264, ProRes y ProRes RAW, motor de decodificaci\u00f3n de v\u00eddeo, motor de codificaci\u00f3n de v\u00eddeo, motor de decodificaci\u00f3n y codificaci\u00f3n de v\u00eddeo ProRes, decodificaci\u00f3n AV1, Spatial Audio, microubicaci\u00f3n iBeacon, lector de pantalla VoiceOver, Magnifier, Spoken Content, Voice Control, Switch Control, AssistiveTouch, Dictado, Texto en tiempo real (RTT), descripci\u00f3n de audio, subt\u00edtulos, Closed Captions, Subt\u00edtulos en directo, esquinas redondas, AirPlay\u00a0<br \/>Tasa de absorci\u00f3n espec\u00edfica (SAR): 1.21 W\/kg (body), 1.21 W\/kg (extremidad)\u00a0<\/p>\n<p>-PROCESADOR<\/p>\n<p>N\u00famero de n\u00facleos: 8 n\u00facleos\u00a0<br \/>Procesador: Apple M3\u00a0<\/p>\n<p>-PAR\u00c1METROS DE ENTORNO<\/p>\n<p>Temperatura m\u00ednima de funcionamiento: 0 \u00b0C\u00a0<br \/>Temperatura m\u00e1xima de funcionamiento: 35 \u00b0C\u00a0<br \/>Temperatura m\u00ednima de almacenamiento: -20 \u00b0C\u00a0<br \/>Temperatura m\u00e1xima de almacenamiento: 45 \u00b0C\u00a0<br \/>Altitud m\u00e1xima de funcionamiento: 3 km\u00a0<br \/>\u00c1mbito de humedad de funcionamiento: 5 &#8211; 95% (sin condensaci\u00f3n)\u00a0<\/p>\n<p>-SOFTWARE<\/p>\n<p>Software precargado: Clock, Mail, Calculator, Notes, Calendar, Contacts, Messages, Camera, Files, FaceTime, Photo Booth, Safari, Photos, App Store, Maps, News, Bolsa, Weather, Siri, Books, Recordatorios, Music, Settings, Voice Memos, iTunes Store, Podcasts, Health, Apple Pay, Apple TV App, Home, Measure, Tips, Find My, Shortcuts, Translate, Magnifier, Freeform, Passwords\u00a0<\/p>\n<p>-DISPLAY<\/p>\n<p>Pantalla t\u00e1ctil: Multit\u00e1ctil\u00a0<br \/>Brillo de imagen: 600 cd\/m\u00b2\u00a0<br \/>Resoluci\u00f3n: 2732 x 2048 (264 ppi)\u00a0<br \/>Tipo: 13&#8243; IPS &#8211; retroiluminaci\u00f3n LED\u00a0<br \/>Funciones: Antirreflejante, sin BFR\/PVC, Sin mercurio, Zoom, cristal sin ars\u00e9nico, pantalla completamente laminada, pantalla True Tone, compatible con HGR10, revestimiento oleof\u00f3bico resistente a marcas dactilares, gamma HLG, pantalla de retina l\u00edquida, P3 Wide Color Gamut, Dolby Vision, HDR10+, cumplimiento HDR, compatible con Apple Pencil Pro, compatible con Apple Pencil (USB?C), Apple Pencil en modo hover\u00a0<\/p>\n<p>-BATER\u00cdA<\/p>\n<p>Tecnolog\u00eda: Litio-pol\u00edmero\u00a0<br \/>Tiempo de funcionamiento: Hasta 10 horas\u00a0<br \/>Datos de tiempo de ejecuci\u00f3n: Navegaci\u00f3n Web en Wi-Fi: hasta 10 horas, Reproducci\u00f3n de v\u00eddeo: hasta 10 horas\u00a0<br \/>Capacidad: 36.59 Wh\u00a0<\/p>\n<p>-DISPOSITIVO DE ENTRADA<\/p>\n<p>Dispositivos de seguridad: Lector de huellas dactilares\u00a0<\/p>\n<p>-COMUNICACIONES<\/p>\n<p>Conectividad inal\u00e1mbrica: 802.11a\/b\/g\/n\/ac\/ax (Wi-Fi 6E), Bluetooth 5.3\u00a0<br \/>Protocolos de seguridad y funciones: Tecnolog\u00eda 2&#215;2 MIMO\u00a0<\/p>\n<p>-REQUISITOS DEL SISTEMA PARA CONEXI\u00d3N A PC<\/p>\n<p>Sistema operativo requerido: Windows 10 o posterior, Apple macOS Catalina 10.15 o superior, Apple macOS High Sierra 10.13 &#8211; Apple macOS Mojave 10.14.6\u00a0<\/p>\n<p>-DIMENSIONES Y PESO<\/p>\n<p>Peso: 616 g\u00a0<br \/>Profundidad: 0.61 cm\u00a0<br \/>Anchura: 21.49 cm\u00a0<br \/>Altura: 28.06 cm\u00a0<\/p>\n<p>-MULTIMEDIA<\/p>\n<p>Resoluci\u00f3n externa m\u00e1xima: 6K\u00a0<br \/>Est\u00e1ndares de audio digital compatibles: AAC, MP3, FLAC, Apple Lossless, Dolby Atmos, Dolby Digital, Dolby Digital Plus\u00a0<br \/>Audio: Dos micr\u00f3fonos, altavoces est\u00e9reo apaisados\u00a0<br \/>Est\u00e1ndares de v\u00eddeo digital compatibles: H.264, HEVC, ProRes, AV1\u00a0<br \/>Gr\u00e1ficos: Apple M3 de 9 n\u00facleos\u00a0<\/p>\n<p>-EXPANSI\u00d3N Y CONECTIVIDAD<\/p>\n<p>Interfaces: 1 x USB-C\/DisplayPort, 1 x Smart Connector, 1 x conector magn\u00e9tico\u00a0<\/p>\n<p>-C\u00c1MARA FRONTAL<\/p>\n<p>Apertura del objetivo: F\/2.4\u00a0<br \/>Modo HDR: Smart HDR 4\u00a0<br \/>Caracter\u00edsticas: C\u00e1mara FaceTime HD, Estabilizaci\u00f3n de imagen autom\u00e1tica, estabilizaci\u00f3n de v\u00eddeo Cinematic, rango din\u00e1mico ampliado para v\u00eddeos a 30 fps, v\u00eddeo a c\u00e1mara r\u00e1pida con estabilizaci\u00f3n, correcci\u00f3n de lente\u00a0<br \/>Resoluci\u00f3n del sensor: 12 Megap\u00edxeles\u00a0<br \/>Resoluciones de v\u00eddeo: 1920 x 1080 (1080p) at 30 fps, 1920 x 1080 (1080p) a 60 fps, 1920 x 1080 (1080p) a 25 fps\u00a0<br \/>Fuente de luz: Retina Flash with True Tone\u00a0<br \/>Modos de c\u00e1mara: Modo R\u00e1faga, Modo de lapso de tiempo, modo retrato, captura a todo color y fotos en directo, paisaje, ancho, Center Stage\u00a0<\/p>\n<p>-C\u00c1MARA TRASERA<\/p>\n<p>Ajuste de enfoque: Autom\u00e1tico\u00a0<br \/>Apertura de la lente: F\/1.8\u00a0<br \/>Resoluci\u00f3n del sensor: 12 megap\u00edxeles\u00a0<br \/>N.\u00ba de elementos de lente: 5 elementos\u00a0<br \/>Zoom de c\u00e1mara: 5x zoom digital\u00a0<br \/>Modos de c\u00e1mara: Modo R\u00e1faga, Panor\u00e1mica, Modo de lapso de tiempo, modo C\u00e1mara lenta, captura a todo color y fotos en directo, ancho\u00a0<br \/>Modo HDR: Smart HDR 4\u00a0<br \/>Resoluciones de v\u00eddeo: 1920 x 1080 (1080p) at 30 fps, 1920 x 1080 (1080p) a 60 fps, 1280 x 720 (720p) a 30 fps, v\u00eddeo a c\u00e1mara lenta 1920 x 1080 (1080p) a 120 fps, 3840 x 2160 (4K) at 30 fps, 3840 x 2160 (4K) a 60 fps, 3840 x 2160 (4K) a 24 fps, 1920 x 1080 (1080p) a 25 fps, v\u00eddeo a c\u00e1mara lenta 1920 x 1080 (1080p) a 240 fps, 3840 x 2160 (4K) a 25 fps\u00a0<br \/>Caracter\u00edsticas: Tapa de objetivo de cristal de zafiro, estabilizaci\u00f3n de v\u00eddeo Cinematic, Focus Pixels, Estabilizaci\u00f3n de imagen autom\u00e1tica, Zoom de reproducci\u00f3n, geoetiquetado, V\u00eddeo con enfoque autom\u00e1tico continuo, v\u00eddeo de tiempo transcurrido con estabilizaci\u00f3n, Panorama (hasta 63 MP), captura de imagen en formato HEIF, rango din\u00e1mico extendido para v\u00eddeo a 30 fps, captura de imagen JPEG\u00a0<\/p>\n<p>-INFORMACI\u00d3N DE SOSTENIBILIDAD<\/p>\n<p>Certificaci\u00f3n ENERGY STAR: S\u00ed\u00a0<br \/>Conforme con EPEAT: EPEAT Gold\u00a0<br \/>Materiales de tierras raras: 99 % elementos reciclados de tierras raras\u00a0<br \/>Huella de carbono: 89 kg de emisiones de carbono\u00a0<\/p>\n<p><\/p>\n<p>\u00a0<\/p>\n","protected":false},"excerpt":{"rendered":"<p>Apple ipad air 8gb 128gb wifi starlight 13 pulgadas<\/p>\n","protected":false},"featured_media":232850,"comment_status":"closed","ping_status":"open","template":"","meta":{"_et_pb_use_builder":"","_et_pb_old_content":"","_et_gb_content_width":""},"product_brand":[2061],"product_cat":[2058,2519,2529],"product_tag":[2064,2605,2068,2523,2531],"class_list":{"0":"post-232768","1":"product","2":"type-product","3":"status-publish","4":"has-post-thumbnail","6":"product_brand-apple","7":"product_cat-dispositivos","8":"product_cat-portatiles","9":"product_cat-tablets","10":"product_tag-apple","11":"product_tag-apple-ipad-air-8gb-128gb-wifi","12":"product_tag-dispositivos","13":"product_tag-portatiles","14":"product_tag-tablets","15":"product_shipping_class-2059","16":"pa_canon-digital-incluida-375-e-incluidos","18":"first","19":"instock","20":"taxable","21":"shipping-taxable","22":"purchasable","23":"product-type-simple"},"_links":{"self":[{"href":"https:\/\/linkxa.es\/linkshop\/wp-json\/wp\/v2\/product\/232768","targetHints":{"allow":["GET"]}}],"collection":[{"href":"https:\/\/linkxa.es\/linkshop\/wp-json\/wp\/v2\/product"}],"about":[{"href":"https:\/\/linkxa.es\/linkshop\/wp-json\/wp\/v2\/types\/product"}],"replies":[{"embeddable":true,"href":"https:\/\/linkxa.es\/linkshop\/wp-json\/wp\/v2\/comments?post=232768"}],"wp:featuredmedia":[{"embeddable":true,"href":"https:\/\/linkxa.es\/linkshop\/wp-json\/wp\/v2\/media\/232850"}],"wp:attachment":[{"href":"https:\/\/linkxa.es\/linkshop\/wp-json\/wp\/v2\/media?parent=232768"}],"wp:term":[{"taxonomy":"product_brand","embeddable":true,"href":"https:\/\/linkxa.es\/linkshop\/wp-json\/wp\/v2\/product_brand?post=232768"},{"taxonomy":"product_cat","embeddable":true,"href":"https:\/\/linkxa.es\/linkshop\/wp-json\/wp\/v2\/product_cat?post=232768"},{"taxonomy":"product_tag","embeddable":true,"href":"https:\/\/linkxa.es\/linkshop\/wp-json\/wp\/v2\/product_tag?post=232768"}],"curies":[{"name":"wp","href":"https:\/\/api.w.org\/{rel}","templated":true}]}}