{"id":232793,"date":"2025-07-11T23:07:06","date_gmt":"2025-07-11T23:07:06","guid":{"rendered":"https:\/\/linkxa.es\/contratacion\/producto\/tablet-aiwa-tab-1100-10-1-pulgadas-4gb-64gb\/"},"modified":"2025-08-02T00:49:04","modified_gmt":"2025-08-02T00:49:04","slug":"tablet-aiwa-tab-1100-10-1-pulgadas-4gb-64gb","status":"publish","type":"product","link":"https:\/\/linkxa.es\/linkshop\/producto\/tablet-aiwa-tab-1100-10-1-pulgadas-4gb-64gb\/","title":{"rendered":"Tablet aiwa tab &#8211; 1100 10.1 pulgadas 4gb 64gb"},"content":{"rendered":"<h3 style=\"text-align: center;\"><strong>Aiwa\u00a0 |\u00a0 Tablets<\/strong><\/h3>\n<p>\u00a0<\/p>\n<p>Sobre el producto<\/p>\n<p>Tablet aiwa TAB-1100 LTE en color gris con pantalla de 10.1&#8243; HD+, 1280 x 800 p\u00edxeles, 4GB RAM + 64GB y CPU Octa-core hasta 2.0GHz, Android, 4G, GPS, SIM + SIM o microSD, WiFi 5, bluetooth 5.0 y audio jack, c\u00e1mara<br \/>trasera simple de 5MP y frontal de 2MP, bater\u00eda de 6.000 mAh y conector USB-C<br \/>Especificaciones:<\/p>\n<p>10.1&#8243; Octa-Core 4 G Tablet 64 GB RAM, 64 GB Memoria Flash, y Aislamiento Ac\u00fastico: Con acceso completo a GOOGLE PLAY y toda GOOGLE APP.<br \/>PANEL HD IPS \/ 1280X800 (Resoluci\u00f3n) DE 10,1.<br \/>Panel t\u00e1ctil capacitivo Glass + Glass con capacidad multit\u00e1ctil (capacidad t\u00e1ctil simult\u00e1nea de 5 puntos).<br \/>CPU de 8 n\u00facleos (2,0 GHz) con RAM LP-DDR4 de 4 GB y memoria Flash de 64 GB incorporada.<br \/>Sensor de imagen CMOS 5 Megap\u00edxeles C\u00e1mara principal con Flash LED + C\u00e1mara Selfie CMOS de 2 Megap\u00edxeles.<br \/>Bandas 4 G LTE B1, B3, B7, B8 y B20.<br \/>WiFi 802.11 a\/b\/g\/n\/ac 2.4 GHz\/5 GHz bandas duales para conectividad a internet de alta velocidad.<br \/>Bluetooth 5.0 Compatibilidad integrada con perif\u00e9ricos inal\u00e1mbricos. (Auriculares \/ Auriculares \/ Altavoces \/ Teclado \/ Rat\u00f3n, etc)<br \/>Ranura Micro-SD incluida para la Expansibilidad de Memoria (acepta hasta tarjetas de tipo Micro-SDHC \/ SDXC \/ TF de 256 GB) o Dual Sim.<br \/>Altavoces dobles de rango completo 0.8Wx2 con 3.5 mm Stereo Jack + Micr\u00f3fono incorporado.<br \/>Bater\u00eda recargable de litio de 6000 mAH y 3,7 V<br \/>Con puerto USB tipo C para carga y transferencia de datos<br \/>Radio FM.<br \/>Cargador de CA (5 V\/2 A) incluido.<br \/>Cable Nylon Braided USB Type-C Charging+Data incluido.<br \/>Protector de pantalla gratuito y estuche de protecci\u00f3n de carcasa blanda TPU incluidos.<br \/>Otros Accesorios incluyeron: Cable OTG, Pin de metal Eyector, Auriculares de metal est\u00e9reo<\/p>\n<p>\u00a0<\/p>\n","protected":false},"excerpt":{"rendered":"<p>Tablet aiwa tab &#8211; 1100 10.1 pulgadas 4gb 64gb wifi gris<\/p>\n","protected":false},"featured_media":232794,"comment_status":"closed","ping_status":"open","template":"","meta":{"_et_pb_use_builder":"","_et_pb_old_content":"","_et_gb_content_width":""},"product_brand":[2610],"product_cat":[2058,2519,2529],"product_tag":[2611,2068,2523,2612,2531],"class_list":{"0":"post-232793","1":"product","2":"type-product","3":"status-publish","4":"has-post-thumbnail","6":"product_brand-aiwa","7":"product_cat-dispositivos","8":"product_cat-portatiles","9":"product_cat-tablets","10":"product_tag-aiwa","11":"product_tag-dispositivos","12":"product_tag-portatiles","13":"product_tag-tablet-aiwa-tab-1100-10-1-pulgadas-4gb-64gb","14":"product_tag-tablets","15":"product_shipping_class-2059","16":"pa_canon-digital-incluida-375-e-incluidos","18":"first","19":"instock","20":"taxable","21":"shipping-taxable","22":"purchasable","23":"product-type-simple"},"_links":{"self":[{"href":"https:\/\/linkxa.es\/linkshop\/wp-json\/wp\/v2\/product\/232793","targetHints":{"allow":["GET"]}}],"collection":[{"href":"https:\/\/linkxa.es\/linkshop\/wp-json\/wp\/v2\/product"}],"about":[{"href":"https:\/\/linkxa.es\/linkshop\/wp-json\/wp\/v2\/types\/product"}],"replies":[{"embeddable":true,"href":"https:\/\/linkxa.es\/linkshop\/wp-json\/wp\/v2\/comments?post=232793"}],"wp:featuredmedia":[{"embeddable":true,"href":"https:\/\/linkxa.es\/linkshop\/wp-json\/wp\/v2\/media\/232794"}],"wp:attachment":[{"href":"https:\/\/linkxa.es\/linkshop\/wp-json\/wp\/v2\/media?parent=232793"}],"wp:term":[{"taxonomy":"product_brand","embeddable":true,"href":"https:\/\/linkxa.es\/linkshop\/wp-json\/wp\/v2\/product_brand?post=232793"},{"taxonomy":"product_cat","embeddable":true,"href":"https:\/\/linkxa.es\/linkshop\/wp-json\/wp\/v2\/product_cat?post=232793"},{"taxonomy":"product_tag","embeddable":true,"href":"https:\/\/linkxa.es\/linkshop\/wp-json\/wp\/v2\/product_tag?post=232793"}],"curies":[{"name":"wp","href":"https:\/\/api.w.org\/{rel}","templated":true}]}}