{"id":232810,"date":"2025-04-24T11:48:39","date_gmt":"2025-04-24T11:48:39","guid":{"rendered":"https:\/\/linkxa.es\/contratacion\/producto\/tablet-spc-gravity-3-pro-10-35\/"},"modified":"2025-08-02T00:50:41","modified_gmt":"2025-08-02T00:50:41","slug":"tablet-spc-gravity-3-pro-10-35","status":"publish","type":"product","link":"https:\/\/linkxa.es\/linkshop\/producto\/tablet-spc-gravity-3-pro-10-35\/","title":{"rendered":"Tablet spc gravity 3 pro 10.35&#8242;"},"content":{"rendered":"<h3 style=\"text-align: center;\"><strong>Spc\u00a0 |\u00a0 Tablets<\/strong><\/h3>\n<p>\u00a0<\/p>\n<p>PROCESADOR MediaTek, MT8168 Quad Core,2.0Ghz<br \/>GPU ARM Mali-G52<br \/>SISTEMA OPERATIVO Android 11<br \/>CONEXI\u00d3N<br \/>WIFI WiFi 5 (b\/g\/n\/ac) hasta 300Mbps<br \/>BLUETOOTH 5.0<br \/>SALIDA DE AUDIO 3.5mm jack<br \/>PANTALLA<br \/>TAMA\u00d1O 10.35&#8242;<br \/>RELACI\u00d3N DE ASPECTO 16:10<br \/>TIPO Tecnolog\u00eda IPS<br \/>RESOLUCI\u00d3N 1332&#215;800<br \/>MULTIT\u00c1CTIL<br \/>C\u00c1MARAS<br \/>C\u00c1MARA TRASERA 5Mpx<br \/>C\u00c1MARA FRONTAL 720p<br \/>FLASH<br \/>GRABACI\u00d3N DE V\u00cdDEO 1080p<br \/>ALMACENAMIENTO<br \/>MEMORIA RAM 4GB<br \/>MEMORIA ROM 64GB<br \/>MEMORIA AMPLIABLE Micro SD de hasta 512GB<br \/>BATER\u00cdA Y CARGA<br \/>BATER\u00cdA 6.000 mAh (22,2 Wh)<br \/>CONEXI\u00d3N USB Conexi\u00f3n USB-C con funci\u00f3n OTG<br \/>CARACTER\u00cdSTICAS GENERALES<br \/>IDIOMAS M\u00faltiples<br \/>PERFILES DE AUDIO Altavoces est\u00e9reos dobles<br \/>MEDIDAS<br \/>ALTO 160 mm<br \/>ANCHO 245 mm<br \/>FONDO 9 mm<br \/>PESO 500 g<br \/>CONTENIDO DE LA CAJA<br \/>SPC GRAVITY 3 PRO, cable USB, enchufe europeo, l\u00e1piz y gu\u00eda r\u00e1pida.<\/p>\n<p>\u00a0<\/p>\n","protected":false},"excerpt":{"rendered":"<p>Tablet spc gravity 3 pro 10.35&#8242; 4gb 64gb negra<\/p>\n","protected":false},"featured_media":232811,"comment_status":"closed","ping_status":"open","template":"","meta":{"_et_pb_use_builder":"","_et_pb_old_content":"","_et_gb_content_width":""},"product_brand":[2127],"product_cat":[2058,2519,2529],"product_tag":[2068,2523,2128,2614,2531],"class_list":{"0":"post-232810","1":"product","2":"type-product","3":"status-publish","4":"has-post-thumbnail","6":"product_brand-spc","7":"product_cat-dispositivos","8":"product_cat-portatiles","9":"product_cat-tablets","10":"product_tag-dispositivos","11":"product_tag-portatiles","12":"product_tag-spc","13":"product_tag-tablet-spc-gravity-3-pro-10-35","14":"product_tag-tablets","15":"product_shipping_class-2059","16":"pa_canon-digital-incluida-375-e-incluidos","18":"first","19":"instock","20":"taxable","21":"shipping-taxable","22":"purchasable","23":"product-type-simple"},"_links":{"self":[{"href":"https:\/\/linkxa.es\/linkshop\/wp-json\/wp\/v2\/product\/232810","targetHints":{"allow":["GET"]}}],"collection":[{"href":"https:\/\/linkxa.es\/linkshop\/wp-json\/wp\/v2\/product"}],"about":[{"href":"https:\/\/linkxa.es\/linkshop\/wp-json\/wp\/v2\/types\/product"}],"replies":[{"embeddable":true,"href":"https:\/\/linkxa.es\/linkshop\/wp-json\/wp\/v2\/comments?post=232810"}],"wp:featuredmedia":[{"embeddable":true,"href":"https:\/\/linkxa.es\/linkshop\/wp-json\/wp\/v2\/media\/232811"}],"wp:attachment":[{"href":"https:\/\/linkxa.es\/linkshop\/wp-json\/wp\/v2\/media?parent=232810"}],"wp:term":[{"taxonomy":"product_brand","embeddable":true,"href":"https:\/\/linkxa.es\/linkshop\/wp-json\/wp\/v2\/product_brand?post=232810"},{"taxonomy":"product_cat","embeddable":true,"href":"https:\/\/linkxa.es\/linkshop\/wp-json\/wp\/v2\/product_cat?post=232810"},{"taxonomy":"product_tag","embeddable":true,"href":"https:\/\/linkxa.es\/linkshop\/wp-json\/wp\/v2\/product_tag?post=232810"}],"curies":[{"name":"wp","href":"https:\/\/api.w.org\/{rel}","templated":true}]}}