{"id":232858,"date":"2024-12-16T15:30:03","date_gmt":"2024-12-16T15:30:03","guid":{"rendered":"https:\/\/linkxa.es\/contratacion\/producto\/tablet-samsung-galaxy-tab-a9-11-pulgadas\/"},"modified":"2025-08-02T00:54:05","modified_gmt":"2025-08-02T00:54:05","slug":"tablet-samsung-galaxy-tab-a9-11-pulgadas","status":"publish","type":"product","link":"https:\/\/linkxa.es\/linkshop\/producto\/tablet-samsung-galaxy-tab-a9-11-pulgadas\/","title":{"rendered":"Tablet samsung galaxy tab a9+ 11 pulgadas"},"content":{"rendered":"<h3 style=\"text-align: center;\"><strong>Samsung\u00a0 |\u00a0 Tablets<\/strong><\/h3>\n<p>\u00a0<\/p>\n<p>Con el dise\u00f1o por bandera. Cada elemento del aspecto de Galaxy Tab A9+ ha sido cuidado hasta el mil\u00edmetro para dar lugar a una tablet elegante que mantiene el equilibrio entre las est\u00e9ticas cl\u00e1sica y<br \/>moderna. Puedes conseguirla en uno de los colores caracter\u00edsticos de Samsung: Graphite o Silver.<\/p>\n<p>Caracter\u00edsticas<br \/>Pensada para sumergirte en el mundo audiovisual: Galaxy Tab A9+ ha sido pensada para llevarte en un viaje sensorial. Su pantalla LCD de 11&#8243; muestra colores vivos incluso en condiciones de mucha luz<br \/>e im\u00e1genes completamente fluidas gracias a los 90 Hz de tasa de refresco. A esto se a\u00f1ade un potente sistema de cuatro altavoces (o altavoces Quad) que consiguen crear una sensaci\u00f3n de audio<br \/>envolvente. Ahora ya puedes disfrutar tus juegos, programas y pel\u00edculas en una experiencia plenamente inmersiva.<br \/>El espacio ya no volver\u00e1 a preocuparte: La nueva Galaxy Tab A9+ est\u00e1 a la venta en dos combinaciones de memoria diferentes para que elijas la que m\u00e1s se ajusta a tus necesidades: 4 GB de RAM + 64<br \/>GB de almacenamiento u 8 GB de RAM + 128 GB de almacenamiento. Escojas la que escojas, tendr\u00e1s rendimiento y espacio de sobra para guardar apps, fotos, v\u00eddeos, m\u00fasica y documentos, aunque<br \/>siempre puedes optar por aumentar la memoria mediante una tarjeta MicroSD de hasta 1 TB.<br \/>Tu privacidad est\u00e1 a salvo: Samsung pone una vez m\u00e1s toda su innovaci\u00f3n al servicio de la seguridad del usuario para crear dispositivos que, como Galaxy Tab A9+, mantengan su informaci\u00f3n a salvo.<br \/>Esta tablet cuenta con una Carpeta Segura con la que puedes asegurarte de que tus archivos e informaci\u00f3n sensible est\u00e1n protegidos y con un Panel de Privacidad que te permite comprobar y controlar el<br \/>estado general de seguridad del dispositivo.<br \/>Juega y divi\u00e9rtete a m\u00e1xima velocidad: Tienes una presentaci\u00f3n importante que subir? Est\u00e1s a punto de pasarte ese juego que te tiene en jaque hace d\u00edas? Se estrena el \u00faltimo episodio de tu serie<br \/>favorita? Si necesitas potencia y velocidad, Galaxy Tab A9+ no te decepcionar\u00e1, pues su conectividad 5G te permite disfrutar de todos los servicios de red a m\u00e1xima velocidad.<\/p>\n<p>Especificaciones Samsung Galaxy Tab A9+ WiFi<br \/>Sistema operativo Android 13<br \/>Procesador Qualcomm Snapdragon 695 (SM6375)<br \/>Octa-Core (2X Kryo 660 Gold Cortex-A78 a 2.2 GHz + 6X Kryo 560 Silver Cortex-A55 a 1.8 GHz)<br \/>Pantalla 11&#8243; TFT LCD WQXGA (1920 x 1200 p\u00edxeles) | 90 Hz<br \/>Memoria<br \/>RAM: 8GB<br \/>ROM: 128GB (Ampliable con tarjeta microSD hasta 1TB)<br \/>C\u00e1maras<br \/>Principal: 8 MP<br \/>Frontal: 5 MP<br \/>Conectividad WiFi 5 + Bluetooth v5.1<br \/>Biometr\u00eda Reconocimiento facial<br \/>Bater\u00eda<br \/>7040 mAh<br \/>Carga r\u00e1pida 15 W<br \/>Otros Jack 3.5mm, One UI 5.1.1, Knox &#038; Dex on device<br \/>Dimensiones 168.7 x 257.1 x 6.9 mm<br \/>Peso 491 g<br \/>Contenido de la caja<br \/>Samsung Galaxy Tab A9+ WiFi<br \/>Cable de carga<br \/>NO INCLUYE CARGADOR<\/p>\n<p>\u00a0<\/p>\n","protected":false},"excerpt":{"rendered":"<p>Tablet samsung galaxy tab a9+ 11 pulgadas 8gb 128gb plata<\/p>\n","protected":false},"featured_media":232859,"comment_status":"closed","ping_status":"open","template":"","meta":{"_et_pb_use_builder":"","_et_pb_old_content":"","_et_gb_content_width":""},"product_brand":[2072],"product_cat":[2058,2519,2529],"product_tag":[2068,2523,2073,2621,2531],"class_list":{"0":"post-232858","1":"product","2":"type-product","3":"status-publish","4":"has-post-thumbnail","6":"product_brand-samsung","7":"product_cat-dispositivos","8":"product_cat-portatiles","9":"product_cat-tablets","10":"product_tag-dispositivos","11":"product_tag-portatiles","12":"product_tag-samsung","13":"product_tag-tablet-samsung-galaxy-tab-a9-11-pulgadas","14":"product_tag-tablets","15":"product_shipping_class-2059","16":"pa_canon-digital-incluida-375-e-incluidos","18":"first","19":"instock","20":"taxable","21":"shipping-taxable","22":"purchasable","23":"product-type-simple"},"_links":{"self":[{"href":"https:\/\/linkxa.es\/linkshop\/wp-json\/wp\/v2\/product\/232858","targetHints":{"allow":["GET"]}}],"collection":[{"href":"https:\/\/linkxa.es\/linkshop\/wp-json\/wp\/v2\/product"}],"about":[{"href":"https:\/\/linkxa.es\/linkshop\/wp-json\/wp\/v2\/types\/product"}],"replies":[{"embeddable":true,"href":"https:\/\/linkxa.es\/linkshop\/wp-json\/wp\/v2\/comments?post=232858"}],"wp:featuredmedia":[{"embeddable":true,"href":"https:\/\/linkxa.es\/linkshop\/wp-json\/wp\/v2\/media\/232859"}],"wp:attachment":[{"href":"https:\/\/linkxa.es\/linkshop\/wp-json\/wp\/v2\/media?parent=232858"}],"wp:term":[{"taxonomy":"product_brand","embeddable":true,"href":"https:\/\/linkxa.es\/linkshop\/wp-json\/wp\/v2\/product_brand?post=232858"},{"taxonomy":"product_cat","embeddable":true,"href":"https:\/\/linkxa.es\/linkshop\/wp-json\/wp\/v2\/product_cat?post=232858"},{"taxonomy":"product_tag","embeddable":true,"href":"https:\/\/linkxa.es\/linkshop\/wp-json\/wp\/v2\/product_tag?post=232858"}],"curies":[{"name":"wp","href":"https:\/\/api.w.org\/{rel}","templated":true}]}}