{"id":232868,"date":"2025-02-19T09:06:34","date_gmt":"2025-02-19T09:06:34","guid":{"rendered":"https:\/\/linkxa.es\/contratacion\/producto\/tablet-samsung-galaxy-tab-a9-11-pulgadas-2\/"},"modified":"2025-08-02T01:07:44","modified_gmt":"2025-08-02T01:07:44","slug":"tablet-samsung-galaxy-tab-a9-11-pulgadas-2","status":"publish","type":"product","link":"https:\/\/linkxa.es\/linkshop\/producto\/tablet-samsung-galaxy-tab-a9-11-pulgadas-2\/","title":{"rendered":"Tablet samsung galaxy tab a9+ 11 pulgadas"},"content":{"rendered":"<h3 style=\"text-align: center;\"><strong>Samsung\u00a0 |\u00a0 Tablets<\/strong><\/h3>\n<p>\u00a0<\/p>\n<p>Destacado<\/p>\n<p>Pizarra Tableta m\u00f3vil Plata<br \/>27,9 cm (11&#8243;) 1920 x 1200 Pixeles LCD TFT<br \/>2,2 GHz<br \/>64 GB<br \/>C\u00e1mara \u00fanica 8 MP C\u00e1mara frontal 5 MP<br \/>Wi-Fi 5 (802.11ac) Bluetooth 5.1<br \/>I\u00f3n de litio 27,1 Wh 7040 mAh<br \/>Android 13<\/p>\n<p>Samsung Galaxy Tab SM-X210NZSAEUB. Diagonal de la pantalla: 27,9 cm (11&#8243;), Resoluci\u00f3n de la pantalla: 1920 x 1200 Pixeles, Tecnolog\u00eda de visualizaci\u00f3n: LCD. Capacidad de almacenamiento interno: 64 GB.<br \/>Frecuencia del procesador: 2,2 GHz. Memoria interna: 4 GB. Resoluci\u00f3n de la c\u00e1mara trasera (num\u00e9rica): 8 MP, Tipo de c\u00e1mara trasera: C\u00e1mara \u00fanica, Resoluci\u00f3n de la c\u00e1mara frontal (num\u00e9rica): 5 MP, C\u00e1mara<br \/>frontal. Est\u00e1ndar Wi-Fi: Wi-Fi 5 (802.11ac). Peso: 480 g. Sistema operativo instalado: Android 13. Color del producto: Plata<\/p>\n<p>Procesador<br \/>Fabricante de procesador<br \/>Qualcomm<br \/>Frecuencia del procesador<br \/>2,2 GHz<br \/>Frecuencia del procesador turbo<br \/>1,8 GHz<br \/>N\u00famero de n\u00facleos de procesador<br \/>8<br \/>Memoria<br \/>Memoria interna<br \/>4 GB<br \/>Exhibici\u00f3n<br \/>Brillo de pantalla<br \/>570 cd \/ m<br \/>Densidad del pixel<br \/>207 ppp<br \/>Diagonal de la pantalla<br \/>27,9 cm (11&#8243;)<br \/>N\u00famero de colores de la pantalla<br \/>16 millones de colores<br \/>Resoluci\u00f3n de la pantalla<br \/>1920 x 1200 Pixeles<br \/>Tecnolog\u00eda de visualizaci\u00f3n<br \/>LCD<br \/>Tipo de pantalla<br \/>TFT<br \/>Tipo de pantalla t\u00e1ctil<br \/>Capacitiva<br \/>Audio<br \/>N\u00famero de altavoces incorporados<br \/>4<br \/>Puertos e Interfaces<br \/>N\u00famero de puertos USB 2.0 Tipo C<br \/>1<br \/>Auriculares<br \/>3,5mm \/ Bluetooth<br \/>Peso y dimensiones<br \/>Altura<br \/>168,7 mm<br \/>Altura del paquete<br \/>178 mm<br \/>Ancho<br \/>257,1 mm<br \/>Ancho del paquete<br \/>264 mm<br \/>Peso<br \/>480 g<br \/>Peso del paquete<br \/>641 g<br \/>Profundidad<br \/>6,9 mm<br \/>Profundidad del paquete<br \/>28 mm<br \/>Conexi\u00f3n<br \/>Bluetooth<br \/>Si<br \/>Versi\u00f3n de Bluetooth<br \/>5.1<br \/>Comunicaci\u00f3n de Campo Cercano (NFC)<br \/>No<br \/>Conexi\u00f3n a red m\u00f3vil<br \/>No<br \/>Est\u00e1ndar Wi-Fi<br \/>Wi-Fi 5 (802.11ac)<br \/>Wi-Fi est\u00e1ndares<br \/>802.11a, 802.11b, 802.11g, Wi-Fi 4 (802.11n), Wi-Fi 5 (802.11ac)<br \/>Tipo de tarjeta SIM<br \/>NanoSIM<br \/>Medios de almacenaje<br \/>Capacidad de almacenamiento interno<br \/>64 GB<br \/>Tama\u00f1o m\u00e1ximo de tarjeta de memoria<br \/>1 TB<br \/>Tarjetas de memoria compatibles<br \/>MicroSD (TransFlash)<br \/>C\u00e1mara fotogr\u00e1fica<br \/>Autoenfoque<br \/>Si<br \/>C\u00e1mara frontal<br \/>Si<br \/>C\u00e1mara trasera con flash<br \/>No<br \/>M\u00e1xima resoluci\u00f3n de video<br \/>1920 x 1080 Pixeles<br \/>Resoluci\u00f3n de la c\u00e1mara trasera (num\u00e9rica)<br \/>8 MP<br \/>Resoluci\u00f3n de la c\u00e1mara frontal (num\u00e9rica)<br \/>5 MP<br \/>Tipo de c\u00e1mara trasera<br \/>C\u00e1mara \u00fanica<br \/>Zoom digital<br \/>10x<\/p>\n<p>Contenido del embalaje<br \/>Adaptador AC incluido<br \/>No<br \/>Cables incluidos<br \/>USB Tipo C<br \/>Incluye teclado<br \/>No<br \/>Pluma stylus<br \/>No<br \/>Bater\u00eda<br \/>Bater\u00eda incluida<br \/>Si<br \/>Capacidad de bater\u00eda<br \/>7040 mAh<br \/>Capacidad de bater\u00eda<br \/>27,1 Wh<br \/>Cargador inal\u00e1mbrico<br \/>No<br \/>Tecnolog\u00eda de bater\u00eda<br \/>I\u00f3n de litio<br \/>Tiempo de recarga de la bater\u00eda<br \/>3 h<br \/>Voltaje de la pila<br \/>3,85 V<br \/>Gr\u00e1ficos<br \/>Adaptador gr\u00e1fico<br \/>Adreno 619<br \/>Dise\u00f1o<br \/>Color del producto<br \/>Plata<br \/>Dise\u00f1o robusto<br \/>No<br \/>Factor de forma<br \/>Pizarra<br \/>Nombre del color<br \/>Silver<br \/>Pa\u00eds de origen<br \/>Vietnam<br \/>Tipo de dispositivo<br \/>Tableta m\u00f3vil<br \/>Desempe\u00f1o<br \/>Aceler\u00f3metro<br \/>Si<br \/>GPS<br \/>Si<br \/>Giroscopio<br \/>Si<br \/>Renovado<br \/>No<br \/>Sensor de luz ambiental<br \/>Si<br \/>Sensor de proximidad<br \/>Si<br \/>Sensor magnet\u00f3metro<br \/>Si<br \/>Detalles t\u00e9cnicos<br \/>Altura neta del pal\u00e9<br \/>120 cm<br \/>Anchura neta del pal\u00e9<br \/>99,9 cm<br \/>Cajas (exteriores) maestras por capa de pal\u00e9 (UE)<br \/>9 pieza(s)<br \/>Cantidad de europal\u00e9<br \/>360 pieza(s)<br \/>N\u00famero de cajas de cart\u00f3n por pal\u00e9<br \/>36 pieza(s)<br \/>Profundidad neta del pal\u00e9<br \/>80 cm<br \/>Volumen de caja<br \/>17158 cm<br \/>Software<br \/>Plataforma<br \/>Android<br \/>Sistema operativo instalado<br \/>Android 13<br \/>Datos log\u00edsticos<br \/>C\u00f3digo arancelario del producto (TARIC)<br \/>8471300000<br \/>Seguridad<br \/>Lector de huella digital<br \/>No<br \/>Protecci\u00f3n mediante contrase\u00f1a<br \/>Si<br \/>Reconocimiento de cara<br \/>Si<\/p>\n<p>\u00a0<\/p>\n","protected":false},"excerpt":{"rendered":"<p>Tablet samsung galaxy tab a9+ 11 pulgadas 4gb 64gb plata<\/p>\n","protected":false},"featured_media":233006,"comment_status":"closed","ping_status":"open","template":"","meta":{"_et_pb_use_builder":"","_et_pb_old_content":"","_et_gb_content_width":""},"product_brand":[2072],"product_cat":[2058,2519,2529],"product_tag":[2068,2523,2073,2621,2531],"class_list":{"0":"post-232868","1":"product","2":"type-product","3":"status-publish","4":"has-post-thumbnail","6":"product_brand-samsung","7":"product_cat-dispositivos","8":"product_cat-portatiles","9":"product_cat-tablets","10":"product_tag-dispositivos","11":"product_tag-portatiles","12":"product_tag-samsung","13":"product_tag-tablet-samsung-galaxy-tab-a9-11-pulgadas","14":"product_tag-tablets","15":"product_shipping_class-2088","16":"pa_canon-digital-incluida-375-e-incluidos","18":"first","19":"instock","20":"taxable","21":"shipping-taxable","22":"purchasable","23":"product-type-simple"},"_links":{"self":[{"href":"https:\/\/linkxa.es\/linkshop\/wp-json\/wp\/v2\/product\/232868","targetHints":{"allow":["GET"]}}],"collection":[{"href":"https:\/\/linkxa.es\/linkshop\/wp-json\/wp\/v2\/product"}],"about":[{"href":"https:\/\/linkxa.es\/linkshop\/wp-json\/wp\/v2\/types\/product"}],"replies":[{"embeddable":true,"href":"https:\/\/linkxa.es\/linkshop\/wp-json\/wp\/v2\/comments?post=232868"}],"wp:featuredmedia":[{"embeddable":true,"href":"https:\/\/linkxa.es\/linkshop\/wp-json\/wp\/v2\/media\/233006"}],"wp:attachment":[{"href":"https:\/\/linkxa.es\/linkshop\/wp-json\/wp\/v2\/media?parent=232868"}],"wp:term":[{"taxonomy":"product_brand","embeddable":true,"href":"https:\/\/linkxa.es\/linkshop\/wp-json\/wp\/v2\/product_brand?post=232868"},{"taxonomy":"product_cat","embeddable":true,"href":"https:\/\/linkxa.es\/linkshop\/wp-json\/wp\/v2\/product_cat?post=232868"},{"taxonomy":"product_tag","embeddable":true,"href":"https:\/\/linkxa.es\/linkshop\/wp-json\/wp\/v2\/product_tag?post=232868"}],"curies":[{"name":"wp","href":"https:\/\/api.w.org\/{rel}","templated":true}]}}