{"id":232870,"date":"2025-06-06T15:20:25","date_gmt":"2025-06-06T15:20:25","guid":{"rendered":"https:\/\/linkxa.es\/contratacion\/producto\/apple-ipad-air-8gb-256gb-wifi\/"},"modified":"2025-08-02T00:57:49","modified_gmt":"2025-08-02T00:57:49","slug":"apple-ipad-air-8gb-256gb-wifi","status":"publish","type":"product","link":"https:\/\/linkxa.es\/linkshop\/producto\/apple-ipad-air-8gb-256gb-wifi\/","title":{"rendered":"Apple ipad air 8gb 256gb wifi"},"content":{"rendered":"<h3 style=\"text-align: center;\"><strong>Apple\u00a0 |\u00a0 Tablets<\/strong><\/h3>\n<p>\u00a0<\/p>\n<p>-GENERAL\u00a0<br \/>Tipo de producto: Tableta\u00a0<br \/>Sistemas operativos: Apple iPadOS 18\u00a0<\/p>\n<p>-MEMORIA\u00a0<br \/>Memoria RAM: 8 GB\u00a0<br \/>Almacenamiento interno: 256 GB\u00a0<\/p>\n<p>-GARANT\u00cdA DEL FABRICANTE\u00a0<br \/>Servicio y mantenimiento: Garant\u00eda limitada &#8211; 1 a\u00f1o\u00a0<br \/>Soporte t\u00e9cnico: Asesoramiento telef\u00f3nico &#8211; 90 d\u00edas\u00a0<\/p>\n<p>-DIVERSO\u00a0<br \/>Material de carcasa: Aluminio\u00a0<br \/>Color: Estrellado\u00a0<br \/>Cables incluidos: Cable de carga USB-C &#8211; 1 m\u00a0<br \/>Sensores: Aceler\u00f3metro, sensor de luz ambiental, sensor girosc\u00f3pico de 3 ejes, br\u00fajula digital, bar\u00f3metro, sensor t\u00e1ctil con ID\u00a0<br \/>Caracter\u00edsticas: Ancho de banda de memoria de 100 GB\/s, trazado de rayos acelerado por hardware, HEVC 8K, 4K H.264, ProRes y ProRes RAW, decodificaci\u00f3n y codificaci\u00f3n ProRes, decodificaci\u00f3n AV1, Spatial Audio, iBeacon, VoiceOver, Magnifier, Spoken Content, Voice Control, Switch Control, AssistiveTouch, Dictado, Texto en tiempo real (RTT), descripci\u00f3n de audio, subt\u00edtulos, Closed Captions, Subt\u00edtulos en directo, esquinas redondas, AirPlay\u00a0<br \/>Tasa de absorci\u00f3n espec\u00edfica (SAR): 0.88 W\/kg (cuerpo y extremidad)\u00a0<\/p>\n<p>-PROCESADOR\u00a0<br \/>Procesador: Apple M3\u00a0<br \/>N\u00famero de n\u00facleos: 8 n\u00facleos\u00a0<\/p>\n<p>-PAR\u00c1METROS DE ENTORNO\u00a0<br \/>Temperatura m\u00ednima de funcionamiento: 0 \u00b0C\u00a0<br \/>Temperatura m\u00e1xima de funcionamiento: 35 \u00b0C\u00a0<br \/>Temperatura m\u00ednima de almacenamiento: -20 \u00b0C\u00a0<br \/>Temperatura m\u00e1xima de almacenamiento: 45 \u00b0C\u00a0<br \/>Altitud m\u00e1xima de funcionamiento: 3 km\u00a0<br \/>\u00c1mbito de humedad de funcionamiento: 5 &#8211; 95% (sin condensaci\u00f3n)\u00a0<\/p>\n<p>-SOFTWARE\u00a0<br \/>Software precargado: Clock, Mail, Calculator, Notes, Calendar, Contacts, Messages, Camera, Files, FaceTime, Photo Booth, Safari, Photos, App Store, Maps, News, Bolsa, Weather, Siri, Books, Recordatorios, Music, Settings, Voice Memos, iTunes Store, Podcasts, Health, Apple Pay, Apple TV App, Home, Measure, Tips, Find My, Shortcuts, Translate, Magnifier, Freeform, Passwords\u00a0<\/p>\n<p>-DISPLAY\u00a0<br \/>Pantalla t\u00e1ctil: Multit\u00e1ctil\u00a0<br \/>Tipo de pantalla: 11&#8243; IPS &#8211; retroiluminaci\u00f3n LED\u00a0<br \/>Resoluci\u00f3n: 2360 x 1640 (264 ppi)\u00a0<br \/>Brillo: 500 cd\/m\u00b2\u00a0<br \/>Funciones de pantalla: Antirreflejante, sin BFR\/PVC, sin mercurio, pantalla completamente laminada, pantalla True Tone, compatible HDR10, Dolby Vision, gamma HLG, pantalla retina l\u00edquida, P3 Wide Color Gamut, revestimiento oleof\u00f3bico resistente a huellas, compatible con Apple Pencil Pro y Apple Pencil (USB?C), modo hover\u00a0<\/p>\n<p>-BATER\u00cdA\u00a0<br \/>Tecnolog\u00eda: Litio-pol\u00edmero\u00a0<br \/>Capacidad: 28.93 Wh\u00a0<br \/>Tiempo de funcionamiento: Hasta 10 horas navegaci\u00f3n web o reproducci\u00f3n de v\u00eddeo\u00a0<\/p>\n<p>-DISPOSITIVO DE ENTRADA\u00a0<br \/>Dispositivo de seguridad: Lector de huellas dactilares\u00a0<\/p>\n<p>-COMUNICACIONES\u00a0<br \/>Conectividad inal\u00e1mbrica: Wi-Fi 6E (802.11a\/b\/g\/n\/ac\/ax), Bluetooth 5.3\u00a0<br \/>Protocolos de seguridad: Tecnolog\u00eda 2&#215;2 MIMO\u00a0<\/p>\n<p>-REQUISITOS DEL SISTEMA PARA CONEXI\u00d3N A PC\u00a0<br \/>Sistema operativo requerido: Windows 10 o posterior, macOS High Sierra 10.13 a macOS Catalina 10.15 o superior\u00a0<\/p>\n<p>-DIMENSIONES Y PESO\u00a0<br \/>Altura: 24.76 cm\u00a0<br \/>Anchura: 17.85 cm\u00a0<br \/>Profundidad: 0.61 cm\u00a0<br \/>Peso: 460 g\u00a0<\/p>\n<p>-MULTIMEDIA\u00a0<br \/>Resoluci\u00f3n externa m\u00e1xima: 6K\u00a0<br \/>Audio: Dos micr\u00f3fonos, altavoces est\u00e9reo apaisados\u00a0<br \/>Est\u00e1ndares de audio compatibles: AAC, MP3, FLAC, Apple Lossless, Dolby Atmos, Dolby Digital, Dolby Digital Plus\u00a0<br \/>Est\u00e1ndares de v\u00eddeo compatibles: H.264, HEVC, ProRes, AV1\u00a0<\/p>\n<p>-GR\u00c1FICOS\u00a0<br \/>Procesador gr\u00e1fico: Apple M3 de 9 n\u00facleos\u00a0<\/p>\n<p>-EXPANSI\u00d3N Y CONECTIVIDAD\u00a0<br \/>Interfaces:\u00a0<br \/>1 x USB-C\/DisplayPort\u00a0<br \/>1 x Smart Connector\u00a0<br \/>1 x conector magn\u00e9tico\u00a0<\/p>\n<p>-C\u00c1MARA FRONTAL\u00a0<br \/>Resoluci\u00f3n del sensor: 12 Megap\u00edxeles\u00a0<br \/>Apertura del objetivo: F\/2.4\u00a0<br \/>Modo HDR: Smart HDR 4\u00a0<br \/>Fuente de luz: Retina Flash with True Tone\u00a0<br \/>Caracter\u00edsticas: C\u00e1mara FaceTime HD, estabilizaci\u00f3n de imagen autom\u00e1tica, estabilizaci\u00f3n de v\u00eddeo Cinematic, rango din\u00e1mico ampliado, correcci\u00f3n de lente\u00a0<br \/>Modos de c\u00e1mara: R\u00e1faga, lapso de tiempo, retrato, paisaje, ancho, Center Stage\u00a0<br \/>Resoluciones de v\u00eddeo: Hasta 1080p a 60 fps\u00a0<\/p>\n<p>-C\u00c1MARA TRASERA\u00a0<br \/>Resoluci\u00f3n del sensor: 12 Megap\u00edxeles\u00a0<br \/>Apertura de la lente: F\/1.8\u00a0<br \/>N\u00famero de elementos de lente: 5 elementos\u00a0<br \/>Zoom de c\u00e1mara: 5x zoom digital\u00a0<br \/>Modo HDR: Smart HDR 4\u00a0<br \/>Modos de c\u00e1mara: R\u00e1faga, panor\u00e1mica, lapso de tiempo, c\u00e1mara lenta, captura a todo color y fotos en directo, ancho\u00a0<br \/>Caracter\u00edsticas: Estabilizaci\u00f3n de v\u00eddeo Cinematic, Focus Pixels, estabilizaci\u00f3n de imagen autom\u00e1tica, Zoom de reproducci\u00f3n, geoetiquetado, v\u00eddeo con enfoque autom\u00e1tico continuo, panorama hasta 63 MP, captura HEIF y JPEG\u00a0<br \/>Resoluciones de v\u00eddeo: Hasta 4K a 60 fps, c\u00e1mara lenta hasta 240 fps\u00a0<\/p>\n<p>-INFORMACI\u00d3N DE SOSTENIBILIDAD\u00a0<br \/>Certificaci\u00f3n ENERGY STAR: S\u00ed\u00a0<br \/>Conforme con EPEAT: EPEAT Gold\u00a0<br \/>Huella de carbono: 83 kg de emisiones de carbono\u00a0<br \/>Materiales de tierras raras: 99 % elementos reciclados de tierras raras\u00a0<\/p>\n<p>\u00a0<\/p>\n","protected":false},"excerpt":{"rendered":"<p>Apple ipad air 8gb 256gb wifi starlight 11 pulgadas<\/p>\n","protected":false},"featured_media":232894,"comment_status":"closed","ping_status":"open","template":"","meta":{"_et_pb_use_builder":"","_et_pb_old_content":"","_et_gb_content_width":""},"product_brand":[2061],"product_cat":[2058,2519,2529],"product_tag":[2064,2623,2068,2523,2531],"class_list":{"0":"post-232870","1":"product","2":"type-product","3":"status-publish","4":"has-post-thumbnail","6":"product_brand-apple","7":"product_cat-dispositivos","8":"product_cat-portatiles","9":"product_cat-tablets","10":"product_tag-apple","11":"product_tag-apple-ipad-air-8gb-256gb-wifi","12":"product_tag-dispositivos","13":"product_tag-portatiles","14":"product_tag-tablets","15":"product_shipping_class-2059","16":"pa_canon-digital-incluida-375-e-incluidos","18":"first","19":"instock","20":"taxable","21":"shipping-taxable","22":"purchasable","23":"product-type-simple"},"_links":{"self":[{"href":"https:\/\/linkxa.es\/linkshop\/wp-json\/wp\/v2\/product\/232870","targetHints":{"allow":["GET"]}}],"collection":[{"href":"https:\/\/linkxa.es\/linkshop\/wp-json\/wp\/v2\/product"}],"about":[{"href":"https:\/\/linkxa.es\/linkshop\/wp-json\/wp\/v2\/types\/product"}],"replies":[{"embeddable":true,"href":"https:\/\/linkxa.es\/linkshop\/wp-json\/wp\/v2\/comments?post=232870"}],"wp:featuredmedia":[{"embeddable":true,"href":"https:\/\/linkxa.es\/linkshop\/wp-json\/wp\/v2\/media\/232894"}],"wp:attachment":[{"href":"https:\/\/linkxa.es\/linkshop\/wp-json\/wp\/v2\/media?parent=232870"}],"wp:term":[{"taxonomy":"product_brand","embeddable":true,"href":"https:\/\/linkxa.es\/linkshop\/wp-json\/wp\/v2\/product_brand?post=232870"},{"taxonomy":"product_cat","embeddable":true,"href":"https:\/\/linkxa.es\/linkshop\/wp-json\/wp\/v2\/product_cat?post=232870"},{"taxonomy":"product_tag","embeddable":true,"href":"https:\/\/linkxa.es\/linkshop\/wp-json\/wp\/v2\/product_tag?post=232870"}],"curies":[{"name":"wp","href":"https:\/\/api.w.org\/{rel}","templated":true}]}}