{"id":232912,"date":"2025-06-04T12:36:05","date_gmt":"2025-06-04T12:36:05","guid":{"rendered":"https:\/\/linkxa.es\/contratacion\/producto\/tablet-samsung-galaxy-tab-s10-ultra\/"},"modified":"2025-08-02T01:12:25","modified_gmt":"2025-08-02T01:12:25","slug":"tablet-samsung-galaxy-tab-s10-ultra","status":"publish","type":"product","link":"https:\/\/linkxa.es\/linkshop\/producto\/tablet-samsung-galaxy-tab-s10-ultra\/","title":{"rendered":"Tablet samsung galaxy tab s10 ultra"},"content":{"rendered":"<h3 style=\"text-align: center;\"><strong>Samsung\u00a0 |\u00a0 Tablets<\/strong><\/h3>\n<p>\u00a0<\/p>\n<p>&#8211; PROCESADOR\u00a0<br \/>Velocidad CPU: 3.4GHz, 2.8GHz, 2GHz\u00a0<br \/>Tipo CPU: Octa-Core\u00a0<\/p>\n<p>&#8211; PANTALLA\u00a0<br \/>Tama\u00f1o (Pantalla principal): 14.6&#8243; (369.9mm)\u00a0<br \/>Resoluci\u00f3n (Pantalla principal): 2960 x 1848 (WQXGA+)\u00a0<br \/>Tecnolog\u00eda (Pantalla principal): Dynamic AMOLED 2X\u00a0<br \/>N\u00famero de colores (Pantalla principal): 16M\u00a0<\/p>\n<p>&#8211; C\u00c1MARA\u00a0<br \/>C\u00e1mara principal &#8211; Resoluci\u00f3n: 13.0 MP + 8.0 MP\u00a0<br \/>C\u00e1mara principal &#8211; Autofocus: S\u00ed\u00a0<br \/>C\u00e1mara principal &#8211; Flash: S\u00ed\u00a0<\/p>\n<p>C\u00e1mara frontal &#8211; Resoluci\u00f3n: 12.0 MP + 12.0 MP\u00a0<\/p>\n<p>Resoluci\u00f3n de grabaci\u00f3n de v\u00eddeo: UHD 4K (3840 x 2160) @30fps\u00a0<\/p>\n<p>&#8211; ALMACENAMIENTO\/MEMORIA\u00a0<br \/>Memoria (GB): 12\u00a0<br \/>Almacenamiento (GB): 256\u00a0<br \/>Almacenamiento disponible (GB): 225.1\u00a0<br \/>Soporte de almacenamiento externo: MicroSD (hasta 1.5TB)\u00a0<\/p>\n<p>&#8211; RED\/PORTADOR\u00a0<br \/>3G UMTS: B1(2100), B2(1900), B4(AWS), B5(850), B8(900)\u00a0<br \/>4G FDD LTE: B1(2100), B2(1900), B3(1800), B4(AWS), B5(850), B7(2600), B8(900), B12(700), B13(700), B17(700), B20(800), B25(1900), B26(850), B28(700), B32(1500), B66(AWS-3)\u00a0<br \/>4G TDD LTE: B38(2600), B39(1900), B40(2300), B41(2500)\u00a0<br \/>5G FDD Sub6: N1(2100), N2(1900), N3(1800), N5(850), N7(2600), N8(900), N12(700), N20(800), N25(1900), N26(850), N28(700), N66(AWS-3)\u00a0<br \/>5G TDD Sub6: N38(2600), N40(2300), N41(2500), N77(3700), N78(3500)\u00a0<\/p>\n<p>&#8211; CONECTIVIDAD\u00a0<br \/>Versi\u00f3n USB: USB 3.2 Gen 1\u00a0<br \/>Localizaci\u00f3n: GPS, Glonass, Beidou, Galileo, QZSS\u00a0<br \/>Auriculares: USB Type-C\u00a0<br \/>MHL: No\u00a0<br \/>Wi-Fi: 802.11a\/b\/g\/n\/ac\/ax\/be 2.4GHz+5GHz+6GHz, EHT320, MIMO, 4096-QAM\u00a0<br \/>Wi-Fi Direct: S\u00ed\u00a0<br \/>Versi\u00f3n Bluetooth: Bluetooth v5.3\u00a0<br \/>NFC: No\u00a0<br \/>Perfiles Bluetooth: A2DP, AVRCP, DI, HFP, HID, HOGP, HSP, MAP, OPP, PAN, PBAP, PBP, TMAP\u00a0<br \/>PC Sync.: Smart Switch (PC version)\u00a0<\/p>\n<p>&#8211; SISTEMA OPERATIVO\u00a0<br \/>Android\u00a0<\/p>\n<p>&#8211; INFORMACI\u00d3N GENERAL\u00a0<br \/>Color: Gray\u00a0<br \/>Formato: Tablet\u00a0<\/p>\n<p>&#8211; SENSORES\u00a0<br \/>Aceler\u00f3metro, Sensor de huella dactilar, Giroscopio, Geomagn\u00e9tico, Hall, Luminosidad\u00a0<\/p>\n<p>&#8211; ESPECIFICACIONES F\u00cdSICAS\u00a0<br \/>Dimensiones (AlxAnxProf, mm): 208.6 x 326.4 x 5.4\u00a0<br \/>Peso (g): 723\u00a0<\/p>\n<p>&#8211; BATER\u00cdA\u00a0<br \/>Tiempo de uso de Internet (4G) (Horas): Hasta 10\u00a0<br \/>Tiempo de uso de Internet (Wi-Fi) (Horas): Hasta 10\u00a0<br \/>Tiempo de reproducci\u00f3n de V\u00eddeo (Horas, Wireless): Hasta 16\u00a0<br \/>Capacidad de bater\u00eda (mAh, t\u00edpico): 11200\u00a0<br \/>Extra\u00edble: No\u00a0<\/p>\n<p>&#8211; AUDIO Y VIDEO\u00a0<br \/>Formatos de reproducci\u00f3n de V\u00eddeo: MP4, M4V, 3GP, 3G2, AVI, FLV, MKV, WEBM\u00a0<br \/>Resoluci\u00f3n de reproducci\u00f3n de V\u00eddeo: UHD 8K (7680 x 4320) @60fps\u00a0<br \/>Formatos de reproducci\u00f3n de Audio: MP3, M4A, 3GA, AAC, OGG, OGA, WAV, AMR, AWB, FLAC, MID, MIDI, XMF, MXMF, IMY, RTTTL, RTX, OTA\u00a0<\/p>\n<p>&#8211; SERVICIOS Y APLICACIONES\u00a0<br \/>Compatibilidad Gear: Galaxy Buds3 Pro, Galaxy Buds2 Pro, Galaxy Buds Pro, Galaxy Buds Live, Galaxy Buds+, Galaxy Buds3, Galaxy Buds2, Galaxy Buds, Galaxy Buds FE\u00a0<br \/>SmartThings Support: S\u00ed\u00a0<br \/>Mobile TV: No\u00a0<\/p>\n<p>\u00a0<\/p>\n","protected":false},"excerpt":{"rendered":"<p>Tablet samsung galaxy tab s10 ultra 5g 14.6 pulgadas 12 &#8211; 256gb gris<\/p>\n","protected":false},"featured_media":233043,"comment_status":"closed","ping_status":"open","template":"","meta":{"_et_pb_use_builder":"","_et_pb_old_content":"","_et_gb_content_width":""},"product_brand":[2072],"product_cat":[2058,2519,2529],"product_tag":[2068,2523,2073,2627,2531],"class_list":{"0":"post-232912","1":"product","2":"type-product","3":"status-publish","4":"has-post-thumbnail","6":"product_brand-samsung","7":"product_cat-dispositivos","8":"product_cat-portatiles","9":"product_cat-tablets","10":"product_tag-dispositivos","11":"product_tag-portatiles","12":"product_tag-samsung","13":"product_tag-tablet-samsung-galaxy-tab-s10-ultra","14":"product_tag-tablets","15":"product_shipping_class-2059","16":"pa_canon-digital-incluida-375-e-incluidos","18":"first","19":"instock","20":"taxable","21":"shipping-taxable","22":"purchasable","23":"product-type-simple"},"_links":{"self":[{"href":"https:\/\/linkxa.es\/linkshop\/wp-json\/wp\/v2\/product\/232912","targetHints":{"allow":["GET"]}}],"collection":[{"href":"https:\/\/linkxa.es\/linkshop\/wp-json\/wp\/v2\/product"}],"about":[{"href":"https:\/\/linkxa.es\/linkshop\/wp-json\/wp\/v2\/types\/product"}],"replies":[{"embeddable":true,"href":"https:\/\/linkxa.es\/linkshop\/wp-json\/wp\/v2\/comments?post=232912"}],"wp:featuredmedia":[{"embeddable":true,"href":"https:\/\/linkxa.es\/linkshop\/wp-json\/wp\/v2\/media\/233043"}],"wp:attachment":[{"href":"https:\/\/linkxa.es\/linkshop\/wp-json\/wp\/v2\/media?parent=232912"}],"wp:term":[{"taxonomy":"product_brand","embeddable":true,"href":"https:\/\/linkxa.es\/linkshop\/wp-json\/wp\/v2\/product_brand?post=232912"},{"taxonomy":"product_cat","embeddable":true,"href":"https:\/\/linkxa.es\/linkshop\/wp-json\/wp\/v2\/product_cat?post=232912"},{"taxonomy":"product_tag","embeddable":true,"href":"https:\/\/linkxa.es\/linkshop\/wp-json\/wp\/v2\/product_tag?post=232912"}],"curies":[{"name":"wp","href":"https:\/\/api.w.org\/{rel}","templated":true}]}}