{"id":232960,"date":"2025-02-18T11:51:57","date_gmt":"2025-02-18T11:51:57","guid":{"rendered":"https:\/\/linkxa.es\/contratacion\/producto\/tablet-samsung-galaxy-tab-s6-lite\/"},"modified":"2025-08-02T01:02:33","modified_gmt":"2025-08-02T01:02:33","slug":"tablet-samsung-galaxy-tab-s6-lite","status":"publish","type":"product","link":"https:\/\/linkxa.es\/linkshop\/producto\/tablet-samsung-galaxy-tab-s6-lite\/","title":{"rendered":"Tablet samsung galaxy tab s6 lite"},"content":{"rendered":"<h3 style=\"text-align: center;\"><strong>Samsung\u00a0 |\u00a0 Tablets<\/strong><\/h3>\n<p>\u00a0<\/p>\n<p>Galaxy Tab S6 Lite<br \/>Menos marcos, m\u00e1s espacio para lo que importa<br \/>Su amplia pantalla de 10,4 es todo lo que necesitas para dejarte llevar por tus contenidos favoritos. Tanto si la usas para las partidas m\u00e1s \u00e9picas, para estar al d\u00eda de tu serie favorita o para navegar por<br \/>internet y tus apps favoritas, \u00a1esta tablet es todo lo que buscas!<\/p>\n<p>S Pen para el toque creativo<br \/>Tu nueva Galaxy Tab S6 Lite incluye el S Pen, la herramienta que los dise\u00f1adores, estudiantes, profesionales o, siendo sinceros, cualquier usuario, adoran para utilizar la tablet de manera m\u00e1s sencilla y<br \/>precisa. \u00a1Desata tu creatividad!<\/p>\n<p>Galaxy Tab S6 Lite<br \/>Caracter\u00edsticas<br \/>Te apetece ver una serie? Galaxy Tab S6 Lite incorpora una pantalla m\u00e1s amplia que en sus versiones anteriores, envuelta en un dise\u00f1o minimalista, elegante y compacto. Adem\u00e1s, con sus altavoces<br \/>duales en posici\u00f3n horizontal podr\u00e1s disfrutar de las obras maestras del cine o los videojuegos m\u00e1s trepidantes con una experiencia de sonido 3D realmente envolvente.<br \/>Una tablet que te sigue el ritmo. El procesador Exynos 1280 te asegura una multitarea fluida y sin interrupciones y potencia de sobra para llevar a cabo todos tus proyectos. Trabaja, navega o disfruta de tu<br \/>contenido favorito durante horas gracias a su bater\u00eda de larga duraci\u00f3n de 7040 mAh y 4GB de RAM para una potencia de otro mundo.<br \/>Tu compa\u00f1ero port\u00e1til para tomar notas. El S Pen te permite tomar notas fluidas y editarlas luego, cambiando colores y organizando tus ideas con etiquetas. Incluso puedes escribir en archivos PDF. Su<br \/>baja latencia y sensibilidad a la presi\u00f3n te dan precisi\u00f3n para dibujar y editar documentos. Sab\u00e9s qu\u00e9 significa esto? Que el S Pen se convertir\u00e1 en tu aliado para la productividad y la creatividad, ya sea<br \/>en el trabajo, el estudio o el ocio.<br \/>Personaliza y protege. Convierte tu nueva Galaxy Tab S6 Lite en una extensi\u00f3n de ti mismo con las opciones de personalizaci\u00f3n de One UI 6.1. Cambia los temas, las tipograf\u00eda y el fondo de pantalla<br \/>seg\u00fan tu mood. No es genial? Y, adem\u00e1s, podr\u00e1s disfrutar de una protecci\u00f3n extra (adem\u00e1s del reconocimiento facial) gracias a Samsung Knox. \u00a1Tus datos m\u00e1s importantes siempre a salvo!<br \/>Ll\u00e9vala contigo a todas partes. Galaxy Tab S6 Lite es ligera y compacta, y est\u00e1 fabricada con materiales pensados para que aguante contigo durante mucho tiempo. As\u00ed que&#8230; \u00a1C\u00f3gele cari\u00f1o! Porque te<br \/>acompa\u00f1ar\u00e1 en todas tus aventuras.<br \/>M\u00e1s info para ti. Galaxy Tab S6 Lite cuenta con carga r\u00e1pida de 15W, 8MP de c\u00e1mara principal y 5MP de c\u00e1mara selfie e incluye el cable y el S Pen. La tienes disponible en Gris. \u00a1Hazte ya con tu Galaxy S6<br \/>Lite y da rienda suelta a tu creatividad!<\/p>\n<p>Especificaciones Samsung Galaxy Tab S6 Lite 2024<br \/>Pantalla: 10.4&#8243; (263.1mm), 2000 x 1200 (WUXGA+), TFT, N\u00famero de colores 16M<br \/>Sistema Operativo: Android<br \/>Procesador: 2.4GHz, 2GHz, Octa-Core<br \/>Memoria:<br \/>RAM: 4GB<br \/>Almacenamiento: 128<br \/>MicroSD hasta 1TB<br \/>Dimensiones: 244.5 x 154.3 x 7.0 mm, 465g<br \/>Conectividad:<br \/>Versi\u00f3n USB USB 2.0<br \/>Localizaci\u00f3n GPS, Glonass, Beidou, Galileo, QZSS<br \/>Auriculares 3.5mm Stereo<br \/>MHL No<br \/>Wi-Fi 802.11a\/b\/g\/n\/ac 2.4GHz+5GHz, VHT80 MIMO<br \/>Wi-Fi Direct S\u00ed<br \/>Versi\u00f3n Bluetooth Bluetooth v5.3<br \/>NFC No<br \/>Perfiles Bluetooth A2DP, AVRCP, DI, HID, HOGP, OPP, PAN<br \/>PC Sync. Smart Switch (PC version)<br \/>C\u00e1mara:<br \/>C\u00e1mara principal &#8211; Resoluci\u00f3n8.0 MP<br \/>C\u00e1mara principal &#8211; AutofocusS\u00ed<br \/>C\u00e1mara frontal &#8211; Resoluci\u00f3n5.0 MP<br \/>C\u00e1mara principal &#8211; FlashNo<br \/>Resoluci\u00f3n de grabaci\u00f3n de v\u00eddeoFHD (1920 x 1080)@30fps<br \/>Bater\u00eda:<br \/>7040 mAh<br \/>Tiempo de uso de Internet (Wi-Fi) (Horas) Hasta 13<br \/>Tiempo de reproducci\u00f3n de V\u00eddeo (Horas) Hasta 14<br \/>Otros: Aceler\u00f3metro, Giroscopio, Hall, Sensor Luz RGB<br \/>Caja: Contiene Pen<\/p>\n<p>\u00a0<\/p>\n","protected":false},"excerpt":{"rendered":"<p>Tablet samsung galaxy tab s6 lite 2024 10.4 pulgadas 4 &#8211; 128gb wifi gris<\/p>\n","protected":false},"featured_media":232961,"comment_status":"closed","ping_status":"open","template":"","meta":{"_et_pb_use_builder":"","_et_pb_old_content":"","_et_gb_content_width":""},"product_brand":[2072],"product_cat":[2058,2519,2529],"product_tag":[2068,2523,2073,2630,2531],"class_list":{"0":"post-232960","1":"product","2":"type-product","3":"status-publish","4":"has-post-thumbnail","6":"product_brand-samsung","7":"product_cat-dispositivos","8":"product_cat-portatiles","9":"product_cat-tablets","10":"product_tag-dispositivos","11":"product_tag-portatiles","12":"product_tag-samsung","13":"product_tag-tablet-samsung-galaxy-tab-s6-lite","14":"product_tag-tablets","15":"product_shipping_class-2059","16":"pa_canon-digital-incluida-375-e-incluidos","18":"first","19":"instock","20":"taxable","21":"shipping-taxable","22":"purchasable","23":"product-type-simple"},"_links":{"self":[{"href":"https:\/\/linkxa.es\/linkshop\/wp-json\/wp\/v2\/product\/232960","targetHints":{"allow":["GET"]}}],"collection":[{"href":"https:\/\/linkxa.es\/linkshop\/wp-json\/wp\/v2\/product"}],"about":[{"href":"https:\/\/linkxa.es\/linkshop\/wp-json\/wp\/v2\/types\/product"}],"replies":[{"embeddable":true,"href":"https:\/\/linkxa.es\/linkshop\/wp-json\/wp\/v2\/comments?post=232960"}],"wp:featuredmedia":[{"embeddable":true,"href":"https:\/\/linkxa.es\/linkshop\/wp-json\/wp\/v2\/media\/232961"}],"wp:attachment":[{"href":"https:\/\/linkxa.es\/linkshop\/wp-json\/wp\/v2\/media?parent=232960"}],"wp:term":[{"taxonomy":"product_brand","embeddable":true,"href":"https:\/\/linkxa.es\/linkshop\/wp-json\/wp\/v2\/product_brand?post=232960"},{"taxonomy":"product_cat","embeddable":true,"href":"https:\/\/linkxa.es\/linkshop\/wp-json\/wp\/v2\/product_cat?post=232960"},{"taxonomy":"product_tag","embeddable":true,"href":"https:\/\/linkxa.es\/linkshop\/wp-json\/wp\/v2\/product_tag?post=232960"}],"curies":[{"name":"wp","href":"https:\/\/api.w.org\/{rel}","templated":true}]}}