{"id":232964,"date":"2025-05-18T05:12:54","date_gmt":"2025-05-18T05:12:54","guid":{"rendered":"https:\/\/linkxa.es\/contratacion\/producto\/tablet-xiaomi-redmi-pad-se-8-7-pulgadas\/"},"modified":"2025-08-02T01:02:59","modified_gmt":"2025-08-02T01:02:59","slug":"tablet-xiaomi-redmi-pad-se-8-7-pulgadas","status":"publish","type":"product","link":"https:\/\/linkxa.es\/linkshop\/producto\/tablet-xiaomi-redmi-pad-se-8-7-pulgadas\/","title":{"rendered":"Tablet xiaomi redmi pad se 8.7 pulgadas"},"content":{"rendered":"<h3 style=\"text-align: center;\"><strong>Xiaomi\u00a0 |\u00a0 Tablets<\/strong><\/h3>\n<p>\u00a0<\/p>\n<p>Tablet Xiaomi Redmi Pad SE gris de 64 GB con chipset octa-core Helio G85 de 12 nm, pantalla HD+ de 8.7 pulgadas y sistema operativo Xiaomi HyperOS<\/p>\n<p>Pantalla LCD &#8211; 8.7 pulgadas &#8211; Resoluci\u00f3n HD+ 1340 x 800 p &#8211; Procesador MediaTek Helio G85 de 12 nm &#8211; Octa-core &#8211; 4 GB RAM LPDDR4X &#8211; 64 GB ROM eMMC 5.1 &#8211; C\u00e1mara trasera de 8 MP &#8211; C\u00e1mara frontal de 5 MP &#8211; Bater\u00eda de 6650 mAh &#8211; Carga r\u00e1pida de 10 W &#8211; Wi-Fi 5 2.4 GHz \/ 5 GHz &#8211; Bluetooth 5.3 &#8211; Android 14 &#8211; gris<\/p>\n<p>Xiaomi nos presenta una versi\u00f3n de la Redmi Pad SE, reducida ahora a las 8.7 pulgadas. Esta mantiene un dise\u00f1o compacto de color azul f\u00e1cil de sujetar y transportar, y cuenta con certificaci\u00f3n IP54 de resistencia al agua y al polvo. Su pantalla LCD admite resoluci\u00f3n HD+ y frecuencia de actualizaci\u00f3n de hasta 90 Hz, mientras que sus dos altavoces compatibles con Dolby Atmos ofrecen un n\u00edtido sonido en est\u00e9reo. Los encargados de proporcionar el m\u00e1ximo rendimiento y eficiencia ser\u00e1n el SoC MediaTek Helio G85 de 12 nm, la RAM de 4 GB y la bater\u00eda de 6650 mAh. Adem\u00e1s de esto, tambi\u00e9n equipa memoria interna de 64 GB, c\u00e1mara trasera de 8 MP y c\u00e1mara frontal de 5 MP,\u00a0 con Wi-Fi 5.<\/p>\n<p>Dise\u00f1o compacto y ligero de 8.8mm y 370g de color gris<br \/>Con una pantalla un 38% m\u00e1s amplia que un smartphone de 6.3 pulgadas y un dise\u00f1o compacto que encaja perfectamente en la palma de tu mano, la tablet Redmi Pad SE 4G une lo mejor de ambos dispositivos. Esta mantiene un escaso grosor de 8.8 mil\u00edmetros y un ligero peso de 370 gramos, y cuenta con la certificaci\u00f3n IP54 de resistencia al agua y al polvo, brindando un extra de protecci\u00f3n. Adem\u00e1s, est\u00e1 disponible en tres sofisticados colores: gris, azul y verde.<\/p>\n<p>Pantalla LCD HD+ de 8.7 pulgadas y dos altavoces est\u00e9reo<br \/>Para ser exactos, la tablet Xiaomi ultra-port\u00e1til SE 4G equipa una inmersiva pantalla LCD de 8.7 pulgadas con relaci\u00f3n de aspecto 15:9. Esta ofrece resoluci\u00f3n HD+ de 1340 x 800 p\u00edxeles, la cobertura de 1 bill\u00f3n de colores, un alto brillo de hasta 600 nits para la correcta legibilidad tanto en exteriores como interiores y un amplio contraste de 1500:1 con niveles de detalle excepcionales tanto de los tonos oscuros como de los iluminados.<br \/>Tambi\u00e9n muestra una frecuencia de actualizaci\u00f3n de 90 Hz para una transici\u00f3n suave de fotogramas, as\u00ed como una tasa de muestreo t\u00e1ctil de 180 Hz para responder de forma r\u00e1pida y sensible a cada uno de tus toques. Adem\u00e1s, equipa dos altavoces compatibles con Dolby Atmos capaces de reproducir un sonido envolvente, completando as\u00ed una magn\u00edfica experiencia audiovisual.<\/p>\n<p>SoC octa-core de 12 nm, memoria de 64 GB y bater\u00eda de 6650 mAh<br \/>En cuanto a funcionamiento, la tablet Xiaomi Redmi Pad SE de 8.7? no defrauda y ofrece un alto rendimiento junto al SoC MediaTek Helio G85, que incluye tecnolog\u00eda de proceso de 12 nm, CPU de 8 n\u00facleos con 2 GHz de frecuencia m\u00e1xima y GPU Arm Mali-G52 MC2.<br \/>Este se apoya, a su vez, en una memoria RAM LPDDR4X de 4 GB, as\u00ed como en una memoria ROM eMMC 5.1 de 64 GB (ampliable mediante tarjeta de memoria de hasta 2 TB). Todo ello movido por el sistema operativo Xiaomi HyperOs, basado en Android 14.<br \/>Por otra parte, la amplia bater\u00eda de 6650 mAh ser\u00e1 la encargada de proporcionar una extensa autonom\u00eda, siendo compatible adem\u00e1s con la tecnolog\u00eda de carga r\u00e1pida de 10 W.<\/p>\n<p>Conectividad, Wi-Fi 5 de doble banda y Bluetooth 5.3<br \/>Por culminar, la tablet Xiaomi Redmi Pad SE combina una c\u00e1mara trasera de 8 MP y una c\u00e1mara frontal de 5 MP, perfectas para videollamadas o para la realizaci\u00f3n de fotograf\u00edas y v\u00eddeo.<br \/>Y, adem\u00e1s de Wi-Fi 5 de doble banda para un uso de Internet fluido y estable. Tambi\u00e9n admite Bluetooth 5.3 para transmitir datos con facilidad e incluso emparejarle otros dispositivos electr\u00f3nicos, como unos auriculares inal\u00e1mbricos o un teclado, e incorpora conector de auriculares de 3.5 mm por si prefieres unos auriculares con cable.<\/p>\n<p><\/p>\n<p>\u00a0<\/p>\n","protected":false},"excerpt":{"rendered":"<p>Tablet xiaomi redmi pad se 8.7 pulgadas 4gb &#8211;  64gb &#8211;  gris<\/p>\n","protected":false},"featured_media":232965,"comment_status":"closed","ping_status":"open","template":"","meta":{"_et_pb_use_builder":"","_et_pb_old_content":"","_et_gb_content_width":""},"product_brand":[2092],"product_cat":[2058,2519,2529],"product_tag":[2068,2523,2631,2531,2093],"class_list":{"0":"post-232964","1":"product","2":"type-product","3":"status-publish","4":"has-post-thumbnail","6":"product_brand-xiaomi","7":"product_cat-dispositivos","8":"product_cat-portatiles","9":"product_cat-tablets","10":"product_tag-dispositivos","11":"product_tag-portatiles","12":"product_tag-tablet-xiaomi-redmi-pad-se-8-7-pulgadas","13":"product_tag-tablets","14":"product_tag-xiaomi","15":"product_shipping_class-2059","16":"pa_canon-digital-incluida-375-e-incluidos","18":"first","19":"instock","20":"taxable","21":"shipping-taxable","22":"purchasable","23":"product-type-simple"},"_links":{"self":[{"href":"https:\/\/linkxa.es\/linkshop\/wp-json\/wp\/v2\/product\/232964","targetHints":{"allow":["GET"]}}],"collection":[{"href":"https:\/\/linkxa.es\/linkshop\/wp-json\/wp\/v2\/product"}],"about":[{"href":"https:\/\/linkxa.es\/linkshop\/wp-json\/wp\/v2\/types\/product"}],"replies":[{"embeddable":true,"href":"https:\/\/linkxa.es\/linkshop\/wp-json\/wp\/v2\/comments?post=232964"}],"wp:featuredmedia":[{"embeddable":true,"href":"https:\/\/linkxa.es\/linkshop\/wp-json\/wp\/v2\/media\/232965"}],"wp:attachment":[{"href":"https:\/\/linkxa.es\/linkshop\/wp-json\/wp\/v2\/media?parent=232964"}],"wp:term":[{"taxonomy":"product_brand","embeddable":true,"href":"https:\/\/linkxa.es\/linkshop\/wp-json\/wp\/v2\/product_brand?post=232964"},{"taxonomy":"product_cat","embeddable":true,"href":"https:\/\/linkxa.es\/linkshop\/wp-json\/wp\/v2\/product_cat?post=232964"},{"taxonomy":"product_tag","embeddable":true,"href":"https:\/\/linkxa.es\/linkshop\/wp-json\/wp\/v2\/product_tag?post=232964"}],"curies":[{"name":"wp","href":"https:\/\/api.w.org\/{rel}","templated":true}]}}